{"id":7164,"date":"2023-02-16T15:23:49","date_gmt":"2023-02-16T12:23:49","guid":{"rendered":"https:\/\/kocaelisaglik.edu.tr\/yabanci-diller\/?page_id=7164"},"modified":"2023-10-18T12:10:50","modified_gmt":"2023-10-18T09:10:50","slug":"course-program","status":"publish","type":"page","link":"https:\/\/kocaelisaglik.edu.tr\/yabanci-diller\/en\/course-program\/","title":{"rendered":"Course program"},"content":{"rendered":"<div class=\"wpb-content-wrapper\"><p>[vc_row][vc_column][vc_column_text]<\/p>\n<table style=\"border-color: black; table-layout: fixed; width: 100%;\">\n<tbody style=\"border-color: black;\">\n<tr style=\"border-color: black;\">\n<td style=\"border-color: black; text-align: center;\" colspan=\"9\"><strong><span style=\"font-size: small;\">1.CLASS 1.SEMESTER<\/span><\/strong><\/td>\n<\/tr>\n<tr style=\"border-color: black;\">\n<td style=\"border-color: black;\"><span style=\"font-size: small;\"><span style=\"color: white;\">Pazartesi<\/span><\/span><\/td>\n<td style=\"border-color: black; text-align: center;\"><strong><span style=\"font-size: small;\">09.00 &#8211; 10.00<\/span><\/strong><\/td>\n<td style=\"border-color: black; text-align: center;\"><strong><span style=\"font-size: small;\">10.00 &#8211; 11.00<\/span><\/strong><\/td>\n<td style=\"border-color: black; text-align: center;\"><strong><span style=\"font-size: small;\">11.00 &#8211; 12.00<\/span><\/strong><\/td>\n<td style=\"border-color: black; text-align: center;\"><strong><span style=\"font-size: small;\">12.00 &#8211; 13.00<\/span><\/strong><\/td>\n<td style=\"border-color: black; text-align: center;\"><strong><span style=\"font-size: small;\">13.00 &#8211; 14.00<\/span><\/strong><\/td>\n<td style=\"border-color: black; text-align: center;\"><strong><span style=\"font-size: small;\">14.00 -15.00<\/span><\/strong><\/td>\n<td style=\"border-color: black; text-align: center;\"><strong><span style=\"font-size: small;\">15.00 &#8211; 16.00<\/span><\/strong><\/td>\n<td style=\"border-color: black; text-align: center;\"><strong><span style=\"font-size: small;\">16.00 &#8211; 17.00<\/span><\/strong><\/td>\n<\/tr>\n<\/tbody>\n<tbody style=\"border-color: black;\">\n<tr style=\"border-color: black;\">\n<td style=\"border-color: black;\"><strong><span style=\"font-size: small;\">Monday<\/span><\/strong><\/td>\n<td style=\"border-color: black; text-align: center;\" colspan=\"3\"><span style=\"font-size: small;\">Main Course<br \/>\nLecturer K\u00fcbra Nur AYAZ \u00d6ZT\u00dcRK<br \/>\nD303<\/span><\/td>\n<td style=\"border-color: black; text-align: center;\"><\/td>\n<td style=\"border-color: black; text-align: center;\" colspan=\"3\"><span style=\"font-size: small;\">Main Course<br \/>\nProf. Dr. Firdevs KARAHAN<br \/>\nD303<\/span><\/td>\n<td style=\"border-color: black; text-align: center;\"><\/td>\n<\/tr>\n<\/tbody>\n<tbody style=\"border-color: black;\">\n<tr style=\"border-color: black;\">\n<td style=\"border-color: black;\"><span style=\"font-size: small;\"><strong>Tuesday<\/strong><\/span><\/td>\n<td style=\"border-color: black; text-align: center;\" colspan=\"3\"><span style=\"font-size: small;\">Skills<br \/>\nProf. Dr. Firdevs KARAHAN<br \/>\nD303<\/span><\/td>\n<td style=\"border-color: black; text-align: center;\"><\/td>\n<td style=\"border-color: black; text-align: center;\"><\/td>\n<td style=\"border-color: black; text-align: center;\"><\/td>\n<td style=\"border-color: black; text-align: center;\"><\/td>\n<td style=\"border-color: black; text-align: center;\"><\/td>\n<\/tr>\n<\/tbody>\n<tbody style=\"border-color: black;\">\n<tr style=\"border-color: black;\">\n<td style=\"border-color: black;\"><strong><span style=\"font-size: small;\">Wednesday<\/span><\/strong><\/td>\n<td style=\"border-color: black; text-align: center;\" colspan=\"3\"><span style=\"font-size: small;\">Skills<br \/>\nLecturer Orkun \u00d6ZT\u00dcRK<br \/>\nD303<\/span><\/td>\n<td style=\"border-color: black; text-align: center;\"><\/td>\n<td style=\"border-color: black; text-align: center;\" colspan=\"4\"><span style=\"font-size: small;\">Main Course<br \/>\nLecturer K\u00fcbra Nur AYAZ \u00d6ZT\u00dcRK<br \/>\nD303<\/span><\/td>\n<\/tr>\n<\/tbody>\n<tbody style=\"border-color: black;\">\n<tr style=\"border-color: black;\">\n<td style=\"border-color: black;\"><span style=\"font-size: small;\"><b>Thursday<\/b>\u00a0 \u00a0 \u00a0 \u00a0 \u00a0\u00a0<\/span><\/td>\n<td style=\"border-color: black; text-align: center;\"><\/td>\n<td style=\"border-color: black; text-align: center;\"><\/td>\n<td style=\"border-color: black; text-align: center;\"><\/td>\n<td style=\"border-color: black; text-align: center;\"><\/td>\n<td style=\"border-color: black; text-align: center;\"><\/td>\n<td style=\"border-color: black; text-align: center;\"><\/td>\n<td style=\"border-color: black; text-align: center;\"><\/td>\n<td style=\"border-color: black; text-align: center;\"><\/td>\n<\/tr>\n<tr style=\"border-color: black;\">\n<td style=\"border-color: black;\"><span style=\"font-size: small;\"><b>Friday<\/b><\/span><\/td>\n<td style=\"border-color: black; text-align: center;\" colspan=\"4\"><span style=\"font-size: small;\">Skills<br \/>\nLecturer Orkun \u00d6ZT\u00dcRK<br \/>\nD303<\/span><\/td>\n<td style=\"border-color: black; text-align: center;\"><\/td>\n<td style=\"border-color: black; text-align: center;\"><\/td>\n<td style=\"border-color: black; text-align: center;\"><\/td>\n<td style=\"border-color: black; text-align: center;\"><\/td>\n<\/tr>\n<\/tbody>\n<\/table>\n<p>[\/vc_column_text][\/vc_column][\/vc_row]<\/p>\n<\/div>","protected":false},"excerpt":{"rendered":"<p>[vc_row][vc_column][vc_column_text] 1.CLASS 1.SEMESTER Pazartesi 09.00 &#8211; 10.00 10.00 &#8211; 11.00 11.00 &#8211; 12.00 12.00 &#8211; 13.00 13.00 &#8211; 14.00 14.00 -15.00 15.00 &#8211; 16.00 16.00 &#8211; 17.00 Monday Main Course Lecturer K\u00fcbra Nur AYAZ \u00d6ZT\u00dcRK D303 Main Course Prof. Dr. &hellip; <\/p>\n","protected":false},"author":12,"featured_media":0,"parent":0,"menu_order":0,"comment_status":"closed","ping_status":"closed","template":"","meta":{"footnotes":""},"_links":{"self":[{"href":"https:\/\/kocaelisaglik.edu.tr\/yabanci-diller\/wp-json\/wp\/v2\/pages\/7164"}],"collection":[{"href":"https:\/\/kocaelisaglik.edu.tr\/yabanci-diller\/wp-json\/wp\/v2\/pages"}],"about":[{"href":"https:\/\/kocaelisaglik.edu.tr\/yabanci-diller\/wp-json\/wp\/v2\/types\/page"}],"author":[{"embeddable":true,"href":"https:\/\/kocaelisaglik.edu.tr\/yabanci-diller\/wp-json\/wp\/v2\/users\/12"}],"replies":[{"embeddable":true,"href":"https:\/\/kocaelisaglik.edu.tr\/yabanci-diller\/wp-json\/wp\/v2\/comments?post=7164"}],"version-history":[{"count":6,"href":"https:\/\/kocaelisaglik.edu.tr\/yabanci-diller\/wp-json\/wp\/v2\/pages\/7164\/revisions"}],"predecessor-version":[{"id":7276,"href":"https:\/\/kocaelisaglik.edu.tr\/yabanci-diller\/wp-json\/wp\/v2\/pages\/7164\/revisions\/7276"}],"wp:attachment":[{"href":"https:\/\/kocaelisaglik.edu.tr\/yabanci-diller\/wp-json\/wp\/v2\/media?parent=7164"}],"curies":[{"name":"wp","href":"https:\/\/api.w.org\/{rel}","templated":true}]}}