{"id":7798,"date":"2025-11-07T16:51:58","date_gmt":"2025-11-07T13:51:58","guid":{"rendered":"https:\/\/kocaelisaglik.edu.tr\/sosyal-ve-beseri\/?page_id=7798"},"modified":"2025-11-07T16:51:58","modified_gmt":"2025-11-07T13:51:58","slug":"yonetim-semasi","status":"publish","type":"page","link":"https:\/\/kocaelisaglik.edu.tr\/sosyal-ve-beseri\/yonetim-semasi\/","title":{"rendered":"Y\u00f6netim \u015eemas\u0131"},"content":{"rendered":"<div class=\"wpb-content-wrapper\"><p>[vc_row][vc_column][vc_column_text]<span style=\"color: #000000;\">Kocaeli Sa\u011fl\u0131k ve Teknoloji \u00dcniversitesi Sosyal ve Be\u015feri Bilimler Fak\u00fcltesi Y\u00f6netim \u015eemas\u0131na ula\u015fmak i\u00e7in\u00a0 <a href=\"https:\/\/kocaelisaglik.edu.tr\/sosyal-ve-beseri\/wp-content\/uploads\/sites\/6\/2025\/11\/sosyal_ve_beseri_bilimler_fakultesi_yonetim_semasi_07_11.pdf\">t\u0131klay\u0131n\u0131z.<\/a><\/span>[\/vc_column_text][\/vc_column][\/vc_row]<\/p>\n<\/div>","protected":false},"excerpt":{"rendered":"<p>[vc_row][vc_column][vc_column_text]Kocaeli Sa\u011fl\u0131k ve Teknoloji \u00dcniversitesi Sosyal ve Be\u015feri Bilimler Fak\u00fcltesi Y\u00f6netim \u015eemas\u0131na ula\u015fmak i\u00e7in\u00a0 t\u0131klay\u0131n\u0131z.[\/vc_column_text][\/vc_column][\/vc_row]<\/p>\n","protected":false},"author":12,"featured_media":0,"parent":0,"menu_order":0,"comment_status":"closed","ping_status":"closed","template":"","meta":{"footnotes":""},"_links":{"self":[{"href":"https:\/\/kocaelisaglik.edu.tr\/sosyal-ve-beseri\/wp-json\/wp\/v2\/pages\/7798"}],"collection":[{"href":"https:\/\/kocaelisaglik.edu.tr\/sosyal-ve-beseri\/wp-json\/wp\/v2\/pages"}],"about":[{"href":"https:\/\/kocaelisaglik.edu.tr\/sosyal-ve-beseri\/wp-json\/wp\/v2\/types\/page"}],"author":[{"embeddable":true,"href":"https:\/\/kocaelisaglik.edu.tr\/sosyal-ve-beseri\/wp-json\/wp\/v2\/users\/12"}],"replies":[{"embeddable":true,"href":"https:\/\/kocaelisaglik.edu.tr\/sosyal-ve-beseri\/wp-json\/wp\/v2\/comments?post=7798"}],"version-history":[{"count":1,"href":"https:\/\/kocaelisaglik.edu.tr\/sosyal-ve-beseri\/wp-json\/wp\/v2\/pages\/7798\/revisions"}],"predecessor-version":[{"id":7800,"href":"https:\/\/kocaelisaglik.edu.tr\/sosyal-ve-beseri\/wp-json\/wp\/v2\/pages\/7798\/revisions\/7800"}],"wp:attachment":[{"href":"https:\/\/kocaelisaglik.edu.tr\/sosyal-ve-beseri\/wp-json\/wp\/v2\/media?parent=7798"}],"curies":[{"name":"wp","href":"https:\/\/api.w.org\/{rel}","templated":true}]}}