{"id":7790,"date":"2025-11-05T13:32:11","date_gmt":"2025-11-05T10:32:11","guid":{"rendered":"https:\/\/kocaelisaglik.edu.tr\/sosyal-ve-beseri\/?page_id=7790"},"modified":"2025-12-09T10:16:22","modified_gmt":"2025-12-09T07:16:22","slug":"murat-atik","status":"publish","type":"page","link":"https:\/\/kocaelisaglik.edu.tr\/sosyal-ve-beseri\/murat-atik\/","title":{"rendered":"Murat AT\u0130K"},"content":{"rendered":"<div class=\"wpb-content-wrapper\"><p>[vc_row][vc_column width=&#8221;1\/3&#8243;][vc_single_image image=&#8221;7732&#8243; img_size=&#8221;large&#8221; alignment=&#8221;center&#8221; style=&#8221;vc_box_outline&#8221;][\/vc_column][vc_column width=&#8221;1\/3&#8243;][vc_column_text]<\/p>\n<h4 style=\"text-align: center;\"><strong>Do\u00e7. Dr.<\/strong><\/h4>\n<h4 style=\"text-align: center;\">Murat AT\u0130K<\/h4>\n<p>&nbsp;<\/p>\n<h5 style=\"text-align: center;\">Sosyal ve Be\u015feri Bilimler Fak\u00fcltesi<\/h5>\n<p>&nbsp;<\/p>\n<h5 style=\"text-align: center;\"><a href=\"https:\/\/kocaelisaglik.edu.tr\/sosyal-ve-beseri\/wp-content\/uploads\/sites\/6\/2025\/12\/murat_atik_ozgecmis.pdf\">\u00d6zge\u00e7mi\u015f<\/a><\/h5>\n<h6 style=\"text-align: center;\"><\/h6>\n<p><a href=\"https:\/\/akademik.yok.gov.tr\/AkademikArama\/AkademisyenGorevOgrenimBilgileri?islem=direct&amp;authorId=F6DCD356C0A9F2DA\" target=\"_blank\" rel=\"noopener noreferrer\"><img loading=\"lazy\" decoding=\"async\" class=\"aligncenter wp-image-12331 size-medium\" src=\"https:\/\/kocaelisaglik.edu.tr\/wp-content\/uploads\/2020\/12\/akademik-300x108.png\" alt=\"\" width=\"300\" height=\"108\" \/><\/a>[\/vc_column_text][\/vc_column][vc_column width=&#8221;1\/3&#8243;][vc_message message_box_color=&#8221;success&#8221; icon_fontawesome=&#8221;far fa-address-book&#8221;]<\/p>\n<p style=\"text-align: center;\"><strong>\u0130leti\u015fim Bilgileri<\/strong><\/p>\n<p>[\/vc_message][vc_column_text]<\/p>\n<p style=\"text-align: center;\"><a href=\"mailto:murat.atik@kocaelisaglik.edu.tr\"><strong>murat.atik@kocaelisaglik.edu.tr<\/strong><\/a><\/p>\n<h6 style=\"text-align: center;\"><a href=\"#\">0(262) 999 80 85<\/a><\/h6>\n<p>[\/vc_column_text][\/vc_column][\/vc_row]<\/p>\n<\/div>","protected":false},"excerpt":{"rendered":"<p>[vc_row][vc_column width=&#8221;1\/3&#8243;][vc_single_image image=&#8221;7732&#8243; img_size=&#8221;large&#8221; alignment=&#8221;center&#8221; style=&#8221;vc_box_outline&#8221;][\/vc_column][vc_column width=&#8221;1\/3&#8243;][vc_column_text] Do\u00e7. Dr. Murat AT\u0130K &nbsp; Sosyal ve Be\u015feri Bilimler Fak\u00fcltesi &nbsp; \u00d6zge\u00e7mi\u015f [\/vc_column_text][\/vc_column][vc_column width=&#8221;1\/3&#8243;][vc_message message_box_color=&#8221;success&#8221; icon_fontawesome=&#8221;far fa-address-book&#8221;] \u0130leti\u015fim Bilgileri [\/vc_message][vc_column_text] murat.atik@kocaelisaglik.edu.tr 0(262) 999 80 85 [\/vc_column_text][\/vc_column][\/vc_row]<\/p>\n","protected":false},"author":12,"featured_media":0,"parent":0,"menu_order":0,"comment_status":"closed","ping_status":"closed","template":"","meta":{"footnotes":""},"_links":{"self":[{"href":"https:\/\/kocaelisaglik.edu.tr\/sosyal-ve-beseri\/wp-json\/wp\/v2\/pages\/7790"}],"collection":[{"href":"https:\/\/kocaelisaglik.edu.tr\/sosyal-ve-beseri\/wp-json\/wp\/v2\/pages"}],"about":[{"href":"https:\/\/kocaelisaglik.edu.tr\/sosyal-ve-beseri\/wp-json\/wp\/v2\/types\/page"}],"author":[{"embeddable":true,"href":"https:\/\/kocaelisaglik.edu.tr\/sosyal-ve-beseri\/wp-json\/wp\/v2\/users\/12"}],"replies":[{"embeddable":true,"href":"https:\/\/kocaelisaglik.edu.tr\/sosyal-ve-beseri\/wp-json\/wp\/v2\/comments?post=7790"}],"version-history":[{"count":3,"href":"https:\/\/kocaelisaglik.edu.tr\/sosyal-ve-beseri\/wp-json\/wp\/v2\/pages\/7790\/revisions"}],"predecessor-version":[{"id":7901,"href":"https:\/\/kocaelisaglik.edu.tr\/sosyal-ve-beseri\/wp-json\/wp\/v2\/pages\/7790\/revisions\/7901"}],"wp:attachment":[{"href":"https:\/\/kocaelisaglik.edu.tr\/sosyal-ve-beseri\/wp-json\/wp\/v2\/media?parent=7790"}],"curies":[{"name":"wp","href":"https:\/\/api.w.org\/{rel}","templated":true}]}}