{"id":7781,"date":"2025-10-23T15:32:22","date_gmt":"2025-10-23T12:32:22","guid":{"rendered":"https:\/\/kocaelisaglik.edu.tr\/sosyal-ve-beseri\/?page_id=7781"},"modified":"2026-02-06T14:47:54","modified_gmt":"2026-02-06T11:47:54","slug":"danisma-kurulu","status":"publish","type":"page","link":"https:\/\/kocaelisaglik.edu.tr\/sosyal-ve-beseri\/danisma-kurulu\/","title":{"rendered":"Dan\u0131\u015fma Kurulu"},"content":{"rendered":"<div class=\"wpb-content-wrapper\"><p>[vc_row][vc_column][vc_column_text]<\/p>\n<table class=\"item\" style=\"table-layout: fixed; width: 100%; border: 2px solid black; border-collapse: collapse;\">\n<tbody><!-- Ba\u015fl\u0131k --><\/p>\n<tr>\n<td style=\"border: 1px solid black; text-align: center;\" colspan=\"9\"><strong><span style=\"font-size: small;\">KOCAEL\u0130 SA\u011eLIK VE TEKNOLOJ\u0130 \u00dcN\u0130VERS\u0130TES\u0130<br \/>\nSOSYAL VE BE\u015eER\u0130 B\u0130L\u0130MLER FAK\u00dcLTES\u0130\u00a0 DANI\u015eMA KURULU<\/span><\/strong><\/td>\n<\/tr>\n<tr>\n<td style=\"border: 1px solid black; text-align: center;\" colspan=\"3\"><strong><span style=\"font-size: small;\">Ad\u0131 &#8211; Soyad\u0131\u00a0<\/span><\/strong><\/td>\n<td style=\"border: 1px solid black; text-align: center;\" colspan=\"3\"><span style=\"font-size: small;\"><strong>G\u00f6revi<\/strong><br \/>\n<\/span><\/td>\n<td style=\"border: 1px solid black; text-align: center;\" colspan=\"3\"><span style=\"font-size: small;\"><strong>Kurumu<\/strong><\/span><\/td>\n<\/tr>\n<tr>\n<td style=\"border: 1px solid black; text-align: left;\" colspan=\"3\"><span style=\"font-size: small;\">Prof. Dr. Firdevs KARAHAN<\/span><\/td>\n<td style=\"border: 1px solid black; text-align: left;\" colspan=\"3\"><span style=\"font-size: small;\">Dekan V. \/ Ba\u015fkan<\/span><\/td>\n<td style=\"border: 1px solid black; text-align: left;\" colspan=\"3\"><span style=\"font-size: small;\">Kocaeli Sa\u011fl\u0131k ve Teknoloji \u00dcniversitesi Sosyal ve Be\u015feri Bilimler Fak\u00fcltesi<\/span><\/td>\n<\/tr>\n<tr>\n<td style=\"border: 1px solid black; text-align: left;\" colspan=\"3\"><span style=\"font-size: small;\">Dr. \u00d6\u011fr. \u00dcyesi G\u00fcl \u00c7i\u00e7ek ZENG\u0130N B\u0130NTA\u015e<br \/>\n<\/span><\/td>\n<td style=\"border: 1px solid black; text-align: left;\" colspan=\"3\"><span style=\"font-size: small;\">Dekan Yard\u0131mc\u0131s\u0131\/ Ba\u015fkan Yard\u0131mc\u0131s\u0131<\/span><\/td>\n<td style=\"border: 1px solid black; text-align: left;\" colspan=\"3\"><span style=\"font-size: small;\">Kocaeli Sa\u011fl\u0131k ve Teknoloji \u00dcniversitesi Sosyal ve Be\u015feri Bilimler Fak\u00fcltesi<\/span><\/td>\n<\/tr>\n<tr>\n<td style=\"border: 1px solid black; text-align: left;\" colspan=\"3\"><span style=\"font-size: small;\">Dr. \u00d6\u011fr. \u00dcyesi K\u00fcbra \u0130P\u00c7\u0130 \u00c7EL\u0130K<\/span><\/td>\n<td style=\"border: 1px solid black; text-align: left;\" colspan=\"3\"><span style=\"font-size: small;\">Psikoloji B\u00f6l\u00fcm\u00fc \u00d6\u011fretim \u00dcyesi<\/span><\/td>\n<td style=\"border: 1px solid black; text-align: left;\" colspan=\"3\"><span style=\"font-size: small;\">Kocaeli Sa\u011fl\u0131k ve Teknoloji \u00dcniversitesi Sosyal ve Be\u015feri Bilimler Fak\u00fcltesi<\/span><\/td>\n<\/tr>\n<tr>\n<td style=\"border: 1px solid black; text-align: left;\" colspan=\"3\"><span style=\"font-size: small;\">Uzm. Psikolog Bet\u00fcl \u00c7EL\u0130K<\/span><\/td>\n<td style=\"border: 1px solid black; text-align: left;\" colspan=\"3\"><span style=\"font-size: small;\">Psikolog<\/span><\/td>\n<td style=\"border: 1px solid black; text-align: left;\" colspan=\"3\"><span style=\"font-size: small;\">Saha \u00c7al\u0131\u015fan\u0131<\/span><\/td>\n<\/tr>\n<tr>\n<td style=\"border: 1px solid black; text-align: left;\" colspan=\"3\"><span style=\"font-size: small;\">Klinik Psikolog Merve ERTEN<\/span><\/td>\n<td style=\"border: 1px solid black; text-align: left;\" colspan=\"3\"><span style=\"font-size: small;\">Psikolog<\/span><\/td>\n<td style=\"border: 1px solid black; text-align: left;\" colspan=\"3\"><span style=\"font-size: small;\">Saha \u00c7al\u0131\u015fan\u0131<\/span><\/td>\n<\/tr>\n<tr>\n<td style=\"border: 1px solid black; text-align: left;\" colspan=\"3\"><span style=\"font-size: small;\">Dr. \u00d6\u011fr. \u00dcyesi Muhammed ARIKAN<\/span><\/td>\n<td style=\"border: 1px solid black; text-align: left;\" colspan=\"3\"><span style=\"font-size: small;\">Psikoloji B\u00f6l\u00fcm\u00fc \u00d6\u011fretim \u00dcyesi<\/span><\/td>\n<td style=\"border: 1px solid black; text-align: left;\" colspan=\"3\"><span style=\"font-size: small;\">KTO Karatay \u00dcniversitesi \u0130ktisadi, \u0130dari ve Sosyal Bilimler Fak\u00fcltesi<\/span><\/td>\n<\/tr>\n<tr>\n<td style=\"border: 1px solid black; text-align: left;\" colspan=\"3\"><span style=\"font-size: small;\">Dr. Muratcan \u00c7EL\u0130K<\/span><\/td>\n<td style=\"border: 1px solid black; text-align: left;\" colspan=\"3\"><span style=\"font-size: small;\">Asistan Doktor<\/span><\/td>\n<td style=\"border: 1px solid black; text-align: left;\" colspan=\"3\"><span style=\"font-size: small;\">Cerrahpa\u015fa Hastanesi<\/span><\/td>\n<\/tr>\n<tr>\n<td style=\"border: 1px solid black; text-align: left;\" colspan=\"3\"><span style=\"font-size: small;\">Feyzanur KARAMAN<\/span><\/td>\n<td style=\"border: 1px solid black; text-align: left;\" colspan=\"3\"><span style=\"font-size: small;\">\u00d6\u011frenci &#8211; B\u00f6l\u00fcm \u00d6\u011frenci Temsilcisi<\/span><\/td>\n<td style=\"border: 1px solid black; text-align: left;\" colspan=\"3\"><span style=\"font-size: small;\">Kocaeli Sa\u011fl\u0131k ve Teknoloji \u00dcniversitesi Psikoloji B\u00f6l\u00fcm\u00fc \u00d6\u011frencisi<\/span><\/td>\n<\/tr>\n<\/tbody>\n<\/table>\n<p>[\/vc_column_text][\/vc_column][\/vc_row]<\/p>\n<\/div>","protected":false},"excerpt":{"rendered":"<p>[vc_row][vc_column][vc_column_text] KOCAEL\u0130 SA\u011eLIK VE TEKNOLOJ\u0130 \u00dcN\u0130VERS\u0130TES\u0130 SOSYAL VE BE\u015eER\u0130 B\u0130L\u0130MLER FAK\u00dcLTES\u0130\u00a0 DANI\u015eMA KURULU Ad\u0131 &#8211; Soyad\u0131\u00a0 G\u00f6revi Kurumu Prof. Dr. Firdevs KARAHAN Dekan V. \/ Ba\u015fkan Kocaeli Sa\u011fl\u0131k ve Teknoloji \u00dcniversitesi Sosyal ve Be\u015feri Bilimler Fak\u00fcltesi Dr. \u00d6\u011fr. \u00dcyesi G\u00fcl &hellip; <\/p>\n","protected":false},"author":12,"featured_media":0,"parent":0,"menu_order":0,"comment_status":"closed","ping_status":"closed","template":"","meta":{"footnotes":""},"_links":{"self":[{"href":"https:\/\/kocaelisaglik.edu.tr\/sosyal-ve-beseri\/wp-json\/wp\/v2\/pages\/7781"}],"collection":[{"href":"https:\/\/kocaelisaglik.edu.tr\/sosyal-ve-beseri\/wp-json\/wp\/v2\/pages"}],"about":[{"href":"https:\/\/kocaelisaglik.edu.tr\/sosyal-ve-beseri\/wp-json\/wp\/v2\/types\/page"}],"author":[{"embeddable":true,"href":"https:\/\/kocaelisaglik.edu.tr\/sosyal-ve-beseri\/wp-json\/wp\/v2\/users\/12"}],"replies":[{"embeddable":true,"href":"https:\/\/kocaelisaglik.edu.tr\/sosyal-ve-beseri\/wp-json\/wp\/v2\/comments?post=7781"}],"version-history":[{"count":3,"href":"https:\/\/kocaelisaglik.edu.tr\/sosyal-ve-beseri\/wp-json\/wp\/v2\/pages\/7781\/revisions"}],"predecessor-version":[{"id":7948,"href":"https:\/\/kocaelisaglik.edu.tr\/sosyal-ve-beseri\/wp-json\/wp\/v2\/pages\/7781\/revisions\/7948"}],"wp:attachment":[{"href":"https:\/\/kocaelisaglik.edu.tr\/sosyal-ve-beseri\/wp-json\/wp\/v2\/media?parent=7781"}],"curies":[{"name":"wp","href":"https:\/\/api.w.org\/{rel}","templated":true}]}}