{"id":7747,"date":"2025-10-17T10:29:32","date_gmt":"2025-10-17T07:29:32","guid":{"rendered":"https:\/\/kocaelisaglik.edu.tr\/sosyal-ve-beseri\/?page_id=7747"},"modified":"2026-01-14T13:54:27","modified_gmt":"2026-01-14T10:54:27","slug":"psikoloji-bolumu-mesleki-uygulama-formlari","status":"publish","type":"page","link":"https:\/\/kocaelisaglik.edu.tr\/sosyal-ve-beseri\/psikoloji-bolumu-mesleki-uygulama-formlari\/","title":{"rendered":"Psikoloji B\u00f6l\u00fcm\u00fc Mesleki Uygulama Formlar\u0131"},"content":{"rendered":"<div class=\"wpb-content-wrapper\"><p>[vc_row][vc_column width=&#8221;1\/2&#8243;][vc_message message_box_color=&#8221;success&#8221;]<a href=\"https:\/\/kocaelisaglik.edu.tr\/wp-content\/uploads\/2025\/09\/psikoloji_bolumu_mesleki_uygulama_yonergesi_19_09.pdf\">Psikoloji B\u00f6l\u00fcm\u00fc Mesleki Uygulama Y\u00f6nergesi<\/a>[\/vc_message][\/vc_column][vc_column width=&#8221;1\/2&#8243;][vc_message message_box_color=&#8221;success&#8221;]<a href=\"https:\/\/kocaelisaglik.edu.tr\/sosyal-ve-beseri\/wp-content\/uploads\/sites\/6\/2026\/01\/psikoloji_bolumu_mesleki_uygulama_formlari_14_01.pdf\">Mesleki Uygulama Formlar\u0131<\/a>[\/vc_message][\/vc_column][\/vc_row]<\/p>\n<\/div>","protected":false},"excerpt":{"rendered":"<p>[vc_row][vc_column width=&#8221;1\/2&#8243;][vc_message message_box_color=&#8221;success&#8221;]Psikoloji B\u00f6l\u00fcm\u00fc Mesleki Uygulama Y\u00f6nergesi[\/vc_message][\/vc_column][vc_column width=&#8221;1\/2&#8243;][vc_message message_box_color=&#8221;success&#8221;]Mesleki Uygulama Formlar\u0131[\/vc_message][\/vc_column][\/vc_row]<\/p>\n","protected":false},"author":12,"featured_media":0,"parent":0,"menu_order":0,"comment_status":"closed","ping_status":"closed","template":"","meta":{"footnotes":""},"_links":{"self":[{"href":"https:\/\/kocaelisaglik.edu.tr\/sosyal-ve-beseri\/wp-json\/wp\/v2\/pages\/7747"}],"collection":[{"href":"https:\/\/kocaelisaglik.edu.tr\/sosyal-ve-beseri\/wp-json\/wp\/v2\/pages"}],"about":[{"href":"https:\/\/kocaelisaglik.edu.tr\/sosyal-ve-beseri\/wp-json\/wp\/v2\/types\/page"}],"author":[{"embeddable":true,"href":"https:\/\/kocaelisaglik.edu.tr\/sosyal-ve-beseri\/wp-json\/wp\/v2\/users\/12"}],"replies":[{"embeddable":true,"href":"https:\/\/kocaelisaglik.edu.tr\/sosyal-ve-beseri\/wp-json\/wp\/v2\/comments?post=7747"}],"version-history":[{"count":6,"href":"https:\/\/kocaelisaglik.edu.tr\/sosyal-ve-beseri\/wp-json\/wp\/v2\/pages\/7747\/revisions"}],"predecessor-version":[{"id":7924,"href":"https:\/\/kocaelisaglik.edu.tr\/sosyal-ve-beseri\/wp-json\/wp\/v2\/pages\/7747\/revisions\/7924"}],"wp:attachment":[{"href":"https:\/\/kocaelisaglik.edu.tr\/sosyal-ve-beseri\/wp-json\/wp\/v2\/media?parent=7747"}],"curies":[{"name":"wp","href":"https:\/\/api.w.org\/{rel}","templated":true}]}}