{"id":7744,"date":"2025-10-17T10:25:36","date_gmt":"2025-10-17T07:25:36","guid":{"rendered":"https:\/\/kocaelisaglik.edu.tr\/sosyal-ve-beseri\/?page_id=7744"},"modified":"2026-02-10T15:19:43","modified_gmt":"2026-02-10T12:19:43","slug":"danismanlik","status":"publish","type":"page","link":"https:\/\/kocaelisaglik.edu.tr\/sosyal-ve-beseri\/danismanlik\/","title":{"rendered":"Dan\u0131\u015fmanl\u0131k"},"content":{"rendered":"<div class=\"wpb-content-wrapper\"><p>[vc_row][vc_column][vc_column_text]<\/p>\n<table class=\"item\" style=\"table-layout: fixed; width: 100%; border: 2px solid black; border-collapse: collapse;\">\n<tbody>\n<tr>\n<td style=\"border: 1px solid black; text-align: center;\" colspan=\"3\"><strong>\u0130\u015eLETME<\/strong><\/td>\n<\/tr>\n<tr>\n<td style=\"border: 1px solid black; text-align: center;\"><strong>Dan\u0131\u015fman<\/strong><\/td>\n<td style=\"border: 1px solid black; text-align: center;\"><strong>G\u00fcn<\/strong><\/td>\n<td style=\"border: 1px solid black; text-align: center;\"><strong>Saat<\/strong><\/td>\n<\/tr>\n<tr>\n<td style=\"border: 1px solid black;\"><span style=\"font-size: small;\">Do\u00e7. Dr. Murat AT\u0130K ( 1. S\u0131n\u0131f )<br \/>\n<a href=\"mailto:murat.atik@kocaelisaglik.edu.tr\">murat.atik@kocaelisaglik.edu.tr<\/a><\/span><\/td>\n<td style=\"border: 1px solid black;\"><span style=\"font-size: small;\">Pazartesi<\/span><\/td>\n<td style=\"border: 1px solid black;\"><span style=\"font-size: small;\">15.00 &#8211; 16.30<\/span><\/td>\n<\/tr>\n<tr>\n<td style=\"border: 1px solid black;\"><span style=\"font-size: small;\">Dr. \u00d6\u011fr. \u00dcyesi Ekrem BULUT ( 2. S\u0131n\u0131f )<br \/>\n<a href=\"mailto:ekrem.bulut@kocaelisaglik.edu.tr\">ekrem.bulut@kocaelisaglik.edu.tr<\/a><\/span><\/td>\n<td style=\"border: 1px solid black;\"><span style=\"font-size: small;\">Pazartesi\u00a0<\/span><\/p>\n<p><span style=\"font-size: small;\">\u00c7ar\u015famba<\/span><\/td>\n<td style=\"border: 1px solid black;\"><span style=\"font-size: small;\">11.00 &#8211; 12.00<\/span><\/p>\n<p><span style=\"font-size: small;\">15.00 &#8211; 16.00<\/span><\/td>\n<\/tr>\n<tr>\n<td style=\"border: 1px solid black;\"><span style=\"font-size: small;\">Dr. \u00d6\u011fr. \u00dcyesi G\u00fcl \u00c7i\u00e7ek ZENG\u0130N B\u0130NTA\u015e ( 3. S\u0131n\u0131f )<br \/>\n<a href=\"mailto:gul.zengin@kocaelisaglik.edu.tr\">gul.zengin@kocaelisaglik.edu.tr<\/a><\/span><\/td>\n<td style=\"border: 1px solid black;\"><span style=\"font-size: small;\">Pazartesi<\/span><\/p>\n<p><span style=\"font-size: small;\">Per\u015fembe<\/span><\/td>\n<td style=\"border: 1px solid black;\"><span style=\"font-size: small;\">15.00 &#8211; 16.00<\/span><\/p>\n<p><span style=\"font-size: small;\">15.00 &#8211; 16.00<\/span><\/td>\n<\/tr>\n<\/tbody>\n<\/table>\n<p>[\/vc_column_text][vc_empty_space][vc_column_text]<\/p>\n<table class=\"item\" style=\"table-layout: fixed; width: 100%; border: 2px solid black; border-collapse: collapse;\">\n<tbody>\n<tr>\n<td style=\"border: 1px solid black; text-align: center;\" colspan=\"3\"><strong>PS\u0130KOLOJ\u0130<\/strong><\/td>\n<\/tr>\n<tr>\n<td style=\"border: 1px solid black; text-align: center;\"><strong>Dan\u0131\u015fman<\/strong><\/td>\n<td style=\"border: 1px solid black; text-align: center;\"><strong>G\u00fcn<\/strong><\/td>\n<td style=\"border: 1px solid black; text-align: center;\"><strong>Saat<\/strong><\/td>\n<\/tr>\n<tr>\n<td style=\"border: 1px solid black;\"><span style=\"font-size: small;\">Dr. \u00d6\u011fr. \u00dcyesi Ali Ruhan \u00c7EL\u0130K ( 1. S\u0131n\u0131f )<br \/>\n<a href=\"mailto:aliruhan.celik@kocaelisaglik.edu.tr\">aliruhan.celik@kocaelisaglik.edu.tr<\/a><\/span><\/td>\n<td style=\"border: 1px solid black;\"><span style=\"font-size: small;\">Pazartesi<\/span><\/td>\n<td style=\"border: 1px solid black;\"><span style=\"font-size: small;\">09.30<\/span><\/td>\n<\/tr>\n<tr>\n<td style=\"border: 1px solid black;\"><span style=\"font-size: small;\">Dr. \u00d6\u011fr. \u00dcyesi K\u00fcbra \u0130P\u00c7\u0130 \u00c7EL\u0130K ( 2. S\u0131n\u0131f )<br \/>\n<a href=\"mailto:kubraipci.celik@kocaelisaglik.edu.tr\">kubraipci.celik@kocaelisaglik.edu.tr<\/a><\/span><\/td>\n<td style=\"border: 1px solid black;\"><span style=\"font-size: small;\">Per\u015fembe<\/span><\/td>\n<td style=\"border: 1px solid black;\"><span style=\"font-size: small;\">11.00<\/span><\/td>\n<\/tr>\n<tr>\n<td style=\"border: 1px solid black;\"><span style=\"font-size: small;\">Dr. \u00d6\u011fr. \u00dcyesi K\u00fcbra \u0130P\u00c7\u0130 \u00c7EL\u0130K ( 3. S\u0131n\u0131f )<br \/>\n<a href=\"mailto:kubraipci.celik@kocaelisaglik.edu.tr\">kubraipci.celik@kocaelisaglik.edu.tr<\/a><\/span><\/td>\n<td style=\"border: 1px solid black;\"><span style=\"font-size: small;\">\u00c7ar\u015famba<\/span><\/td>\n<td style=\"border: 1px solid black;\"><span style=\"font-size: small;\">15.00<\/span><\/td>\n<\/tr>\n<tr>\n<td style=\"border: 1px solid black;\"><span style=\"font-size: small;\">Dr. \u00d6\u011fr. \u00dcyesi Ali Ruhan \u00c7EL\u0130K ( 4. S\u0131n\u0131f )<br \/>\n<a href=\"mailto:aliruhan.celik@kocaelisaglik.edu.tr\">aliruhan.celik@kocaelisaglik.edu.tr<\/a><\/span><\/td>\n<td style=\"border: 1px solid black;\"><span style=\"font-size: small;\">Pazartesi<\/span><\/td>\n<td style=\"border: 1px solid black;\"><span style=\"font-size: small;\">10.30<\/span><\/td>\n<\/tr>\n<\/tbody>\n<\/table>\n<p>[\/vc_column_text][vc_empty_space][vc_column_text]<\/p>\n<table class=\"item\" style=\"table-layout: fixed; width: 100%; border: 2px solid black; border-collapse: collapse;\">\n<tbody>\n<tr>\n<td style=\"border: 1px solid black; text-align: center;\" colspan=\"3\"><strong>ULUSLARARASI T\u0130CARET VE F\u0130NANSMAN<\/strong><\/td>\n<\/tr>\n<tr>\n<td style=\"border: 1px solid black; text-align: center;\"><strong>Dan\u0131\u015fman<\/strong><\/td>\n<td style=\"border: 1px solid black; text-align: center;\"><strong>G\u00fcn<\/strong><\/td>\n<td style=\"border: 1px solid black; text-align: center;\"><strong>Saat<\/strong><\/td>\n<\/tr>\n<tr>\n<td style=\"border: 1px solid black;\"><span style=\"font-size: small;\">Do\u00e7. Dr. Murat AT\u0130K ( 1. S\u0131n\u0131f )<br \/>\n<a href=\"mailto:murat.atik@kocaelisaglik.edu.tr\">murat.atik@kocaelisaglik.edu.tr<\/a><\/span><\/td>\n<td style=\"border: 1px solid black;\"><span style=\"font-size: small;\">Pazartesi<\/span><\/td>\n<td style=\"border: 1px solid black;\"><span style=\"font-size: small;\">15.00 &#8211; 16.30<\/span><\/td>\n<\/tr>\n<\/tbody>\n<\/table>\n<p>[\/vc_column_text][\/vc_column][\/vc_row]<\/p>\n<\/div>","protected":false},"excerpt":{"rendered":"<p>[vc_row][vc_column][vc_column_text] \u0130\u015eLETME Dan\u0131\u015fman G\u00fcn Saat Do\u00e7. Dr. Murat AT\u0130K ( 1. S\u0131n\u0131f ) murat.atik@kocaelisaglik.edu.tr Pazartesi 15.00 &#8211; 16.30 Dr. \u00d6\u011fr. \u00dcyesi Ekrem BULUT ( 2. S\u0131n\u0131f ) ekrem.bulut@kocaelisaglik.edu.tr Pazartesi\u00a0 \u00c7ar\u015famba 11.00 &#8211; 12.00 15.00 &#8211; 16.00 Dr. \u00d6\u011fr. \u00dcyesi G\u00fcl &hellip; <\/p>\n","protected":false},"author":12,"featured_media":0,"parent":0,"menu_order":0,"comment_status":"closed","ping_status":"closed","template":"","meta":{"footnotes":""},"_links":{"self":[{"href":"https:\/\/kocaelisaglik.edu.tr\/sosyal-ve-beseri\/wp-json\/wp\/v2\/pages\/7744"}],"collection":[{"href":"https:\/\/kocaelisaglik.edu.tr\/sosyal-ve-beseri\/wp-json\/wp\/v2\/pages"}],"about":[{"href":"https:\/\/kocaelisaglik.edu.tr\/sosyal-ve-beseri\/wp-json\/wp\/v2\/types\/page"}],"author":[{"embeddable":true,"href":"https:\/\/kocaelisaglik.edu.tr\/sosyal-ve-beseri\/wp-json\/wp\/v2\/users\/12"}],"replies":[{"embeddable":true,"href":"https:\/\/kocaelisaglik.edu.tr\/sosyal-ve-beseri\/wp-json\/wp\/v2\/comments?post=7744"}],"version-history":[{"count":4,"href":"https:\/\/kocaelisaglik.edu.tr\/sosyal-ve-beseri\/wp-json\/wp\/v2\/pages\/7744\/revisions"}],"predecessor-version":[{"id":7958,"href":"https:\/\/kocaelisaglik.edu.tr\/sosyal-ve-beseri\/wp-json\/wp\/v2\/pages\/7744\/revisions\/7958"}],"wp:attachment":[{"href":"https:\/\/kocaelisaglik.edu.tr\/sosyal-ve-beseri\/wp-json\/wp\/v2\/media?parent=7744"}],"curies":[{"name":"wp","href":"https:\/\/api.w.org\/{rel}","templated":true}]}}