{"id":7697,"date":"2025-06-23T15:49:04","date_gmt":"2025-06-23T12:49:04","guid":{"rendered":"https:\/\/kocaelisaglik.edu.tr\/sosyal-ve-beseri\/?page_id=7697"},"modified":"2026-03-16T16:18:16","modified_gmt":"2026-03-16T13:18:16","slug":"isletme","status":"publish","type":"page","link":"https:\/\/kocaelisaglik.edu.tr\/sosyal-ve-beseri\/isletme\/","title":{"rendered":"\u0130\u015fletme"},"content":{"rendered":"<div class=\"wpb-content-wrapper\"><p>[vc_row][vc_column][vc_tta_tabs][vc_tta_section title=&#8221;B\u00f6l\u00fcm Hakk\u0131nda&#8221; tab_id=&#8221;1753450029672-cd17b157-9247&#8243;][vc_column_text]<strong>B\u00f6l\u00fcm Ad\u0131<\/strong>:\u00a0 \u0130\u015fletme<\/p>\n<p><strong>B\u00f6l\u00fcm D\u00fczeyi<\/strong>: Lisans<\/p>\n<p><strong>E\u011fitim Dili<\/strong>:\u00a0T\u00fcrk\u00e7e<\/p>\n<p><strong>B\u00f6l\u00fcm Kazan\u0131mlar\u0131<\/strong>:<\/p>\n<ul>\n<li>Disiplinindeki temel kavramlar\u0131 ve kuramlar\u0131 bilir<\/li>\n<li>Disiplinindeki sorunlar\u0131 analiz edip bu sorunlara \u00e7\u00f6z\u00fcm \u00f6nerileri sunacak analitik d\u00fc\u015f\u00fcnme becerilerine sahiptir<\/li>\n<li>Giri\u015fimci ki\u015filik \u00f6zelliklerini tan\u0131r ve giri\u015fimci ki\u015filik \u00f6zelliklerini geli\u015ftirme f\u0131rsatlar\u0131n\u0131 izler<\/li>\n<li>Giri\u015fimci ve i\u00e7 giri\u015fimci davran\u0131\u015flar\u0131 tan\u0131r, bu davran\u0131\u015flar\u0131 i\u015f f\u0131rsatlar\u0131n\u0131 de\u011ferlendirmede ve g\u00f6rev yapt\u0131\u011f\u0131 kurumlarda yenili\u011fi te\u015fvik etmede sergileyebilir<\/li>\n<li>Bilgi teknolojisinin kavramsal bilgisine ve pratik uygulamalar\u0131na h\u00e2kimdir<\/li>\n<li>Alan\u0131na y\u00f6nelik bilgi teknolojilerini kullanabilir<\/li>\n<li>Meslek ya\u015fam\u0131nda insanlar\u0131n ve ekonomilerin geli\u015fimini ve \u00e7evrenin iyile\u015ftirilmesini sa\u011flayan faaliyetleri tasarlayabili<\/li>\n<li>\u0130\u015f ya\u015fam\u0131nda etik sorunlar\u0131n ve bu sorunlar\u0131n toplumsal ve kurumsal etkilerinin fark\u0131nda olur<\/li>\n<li>Sorun \u00e7\u00f6zme s\u00fcre\u00e7lerinde etik sorumluluklar\u0131n\u0131 bilir ve bu s\u00fcre\u00e7lerde etik ilkelere riayet eder<\/li>\n<\/ul>\n<p>&nbsp;<\/p>\n<p><strong>\u00c7al\u0131\u015fma Alanlar\u0131<\/strong>:<\/p>\n<p>Finans sekt\u00f6r\u00fcnde bankalar, sigorta \u015firketleri, yat\u0131r\u0131m firmalar\u0131 ve finansal analiz pozisyonlar\u0131nda, Pazarlama ve sat\u0131\u015f alan\u0131nda pazarlama uzman\u0131, sat\u0131\u015f temsilcisi, marka y\u00f6neticisi ve pazar ara\u015ft\u0131rma analisti olarak, Pazarlama ve sat\u0131\u015f alan\u0131nda pazarlama uzman\u0131, sat\u0131\u015f temsilcisi, marka y\u00f6neticisi ve pazar ara\u015ft\u0131rma analisti olarak,\u00a0Y\u00f6netim ve dan\u0131\u015fmanl\u0131k alan\u0131nda y\u00f6netim dan\u0131\u015fman\u0131, proje y\u00f6neticisi, operasyon y\u00f6neticisi, Y\u00f6netim ve dan\u0131\u015fmanl\u0131k alan\u0131nda y\u00f6netim dan\u0131\u015fman\u0131, proje y\u00f6neticisi, operasyon y\u00f6neticisi, Giri\u015fimcilik alan\u0131nda kendi i\u015finizi kurabilir veya start-up \u015firketlerinde, Kamu sekt\u00f6r\u00fcnde ise Merkez Bankas\u0131, Hazine veya Maliye Bakanl\u0131\u011f\u0131 gibi kamu kurumlar\u0131nda \u00e7al\u0131\u015fma \u015fans\u0131 elde edebilir.[\/vc_column_text][\/vc_tta_section][vc_tta_section title=&#8221;Haftal\u0131k Ders Program\u0131&#8221; tab_id=&#8221;1753450029677-c994b006-95b8&#8243;][vc_column_text]<\/p>\n<table class=\"item\" style=\"table-layout: fixed; width: 100%; border: 2px solid black; border-collapse: collapse;\">\n<tbody>\n<tr>\n<td style=\"border: 1px solid black; text-align: center;\" colspan=\"12\"><strong><span style=\"font-size: small;\">2025 \/ 2026 G\u00dcZ YARIYILI 1.SINIF<\/span><\/strong><\/td>\n<\/tr>\n<tr>\n<td style=\"border: 1px solid black;\"><span style=\"font-size: small;\"><span style=\"color: white;\">Pazartesi<\/span><\/span><\/td>\n<td style=\"border: 1px solid black; text-align: center;\"><strong><span style=\"font-size: small;\">09.00 &#8211; 10.00<\/span><\/strong><\/td>\n<td style=\"border: 1px solid black; text-align: center;\"><strong><span style=\"font-size: small;\">10.00 &#8211; 11.00<\/span><\/strong><\/td>\n<td style=\"border: 1px solid black; text-align: center;\"><strong><span style=\"font-size: small;\">11.00 &#8211; 12.00<\/span><\/strong><\/td>\n<td style=\"border: 1px solid black; text-align: center;\"><strong><span style=\"font-size: small;\">12.00 &#8211; 13.00<\/span><\/strong><\/td>\n<td style=\"border: 1px solid black; text-align: center;\"><strong><span style=\"font-size: small;\">13.00 &#8211; 14.00<\/span><\/strong><\/td>\n<td style=\"border: 1px solid black; text-align: center;\"><strong><span style=\"font-size: small;\">14.00 &#8211; 15.00<\/span><\/strong><\/td>\n<td style=\"border: 1px solid black; text-align: center;\"><strong><span style=\"font-size: small;\">15.00 &#8211; 16.00<\/span><\/strong><\/td>\n<td style=\"border: 1px solid black; text-align: center;\"><strong><span style=\"font-size: small;\">16.00 &#8211; 17.00<\/span><\/strong><\/td>\n<td style=\"border: 1px solid black; text-align: center;\"><strong><span style=\"font-size: small;\">17.00 &#8211; 18.00<\/span><\/strong><\/td>\n<td style=\"border: 1px solid black; text-align: center;\"><strong><span style=\"font-size: small;\">20.00 &#8211; 21.00<\/span><\/strong><\/td>\n<td style=\"border: 1px solid black; text-align: center;\"><strong><span style=\"font-size: small;\">21.00 &#8211; 22.00<\/span><\/strong><\/td>\n<\/tr>\n<\/tbody>\n<tbody>\n<tr>\n<td style=\"border: 1px solid black;\"><strong><span style=\"font-size: small;\">Pazartesi<\/span><\/strong><\/td>\n<td style=\"border: 1px solid black; text-align: center;\"><\/td>\n<td style=\"border: 1px solid black; text-align: center;\"><\/td>\n<td style=\"border: 1px solid black; text-align: center;\"><\/td>\n<td style=\"border: 1px solid black; text-align: center;\"><\/td>\n<td style=\"border: 1px solid black; text-align: center;\" colspan=\"2\"><\/td>\n<td style=\"border: 1px solid black; text-align: center;\" colspan=\"3\"><\/td>\n<td style=\"border: 1px solid black; text-align: center;\"><\/td>\n<td style=\"border: 1px solid black; text-align: center;\"><\/td>\n<\/tr>\n<\/tbody>\n<tbody>\n<tr>\n<td style=\"border: 1px solid black;\"><span style=\"font-size: small;\"><strong>Sal\u0131<\/strong><\/span><\/td>\n<td style=\"border: 1px solid black; text-align: center;\"><\/td>\n<td style=\"border: 1px solid black; text-align: center;\"><\/td>\n<td style=\"border: 1px solid black; text-align: center;\"><\/td>\n<td style=\"border: 1px solid black; text-align: center;\"><\/td>\n<td style=\"border: 1px solid black; text-align: center;\" colspan=\"2\"><span style=\"font-size: small;\">Introduction to Business<br \/>\nDr. \u00d6\u011fr. \u00dcyesi<br \/>\nEkrem BULUT<br \/>\nDHF Toplant\u0131 Salonu<\/span><\/td>\n<td style=\"border: 1px solid black; text-align: center;\" colspan=\"3\"><span style=\"font-size: small;\">Genel Muhasebe II<br \/>\nDo\u00e7. Dr.<br \/>\nMurat AT\u0130K<br \/>\nK002<\/span><\/td>\n<td style=\"border: 1px solid black; text-align: center;\"><\/td>\n<td style=\"border: 1px solid black; text-align: center;\"><\/td>\n<\/tr>\n<\/tbody>\n<tbody>\n<tr>\n<td style=\"border: 1px solid black;\"><strong><span style=\"font-size: small;\">\u00c7ar\u015famba<\/span><\/strong><\/td>\n<td style=\"border: 1px solid black; text-align: center;\" colspan=\"3\"><span style=\"font-size: small;\">\u0130\u015fletme Matemati\u011fi<br \/>\nDo\u00e7. Dr.<br \/>\nMurat AT\u0130K<br \/>\nS201<\/span><\/td>\n<td style=\"border: 1px solid black; text-align: center;\"><\/td>\n<td style=\"border: 1px solid black; text-align: center;\"><\/td>\n<td style=\"border: 1px solid black; text-align: center;\"><\/td>\n<td style=\"border: 1px solid black; text-align: center;\"><\/td>\n<td style=\"border: 1px solid black; text-align: center;\"><\/td>\n<td style=\"border: 1px solid black; text-align: center;\"><\/td>\n<td style=\"border: 1px solid black; text-align: center;\" colspan=\"2\"><span style=\"font-size: small;\">Hukuka Giri\u015f<br \/>\nProf. Dr.<br \/>\nFuat BAYRAM<br \/>\nOnline<\/span><\/td>\n<\/tr>\n<\/tbody>\n<tbody>\n<tr>\n<td style=\"border: 1px solid black;\"><span style=\"font-size: small;\"><strong>Per\u015fembe<\/strong><\/span><\/td>\n<td style=\"border: 1px solid black; text-align: center;\" colspan=\"2\"><span style=\"font-size: small;\">Principles of<br \/>\nMicroeconomics<br \/>\nDr. \u00d6\u011fr. \u00dcyesi<br \/>\nEkrem BULUT<br \/>\nK001<\/span><\/td>\n<td style=\"border: 1px solid black; text-align: center;\"><\/td>\n<td style=\"border: 1px solid black; text-align: center;\"><\/td>\n<td style=\"border: 1px solid black; text-align: center;\" colspan=\"2\"><span style=\"font-size: small;\">Temel Bilgi Teknolojisi Kullan\u0131m\u0131<br \/>\nDr. \u00d6\u011fr. \u00dcyesi<br \/>\nAhmet \u015eEN<br \/>\nD403<\/span><\/td>\n<td style=\"border: 1px solid black; text-align: center;\"><\/td>\n<td style=\"border: 1px solid black; text-align: center;\"><\/td>\n<td style=\"border: 1px solid black; text-align: center;\"><\/td>\n<td style=\"border: 1px solid black; text-align: center;\"><\/td>\n<td style=\"border: 1px solid black; text-align: center;\"><\/td>\n<\/tr>\n<\/tbody>\n<tbody>\n<tr>\n<td style=\"border: 1px solid black;\"><strong><span style=\"font-size: small;\">Cuma<\/span><\/strong><\/td>\n<td style=\"border: 1px solid black; text-align: center;\"><\/td>\n<td style=\"border: 1px solid black; text-align: center;\" colspan=\"2\"><\/td>\n<td style=\"border: 1px solid black;\"><\/td>\n<td style=\"border: 1px solid black;\"><\/td>\n<td style=\"border: 1px solid black; text-align: center;\" colspan=\"2\"><\/td>\n<td style=\"border: 1px solid black; text-align: center;\"><\/td>\n<td style=\"border: 1px solid black; text-align: center;\"><\/td>\n<td style=\"border: 1px solid black; text-align: center;\"><\/td>\n<td style=\"border: 1px solid black; text-align: center;\"><\/td>\n<\/tr>\n<\/tbody>\n<\/table>\n<p>[\/vc_column_text][vc_empty_space][vc_column_text]<\/p>\n<table class=\"item\" style=\"table-layout: fixed; width: 100%; border: 2px solid black; border-collapse: collapse;\">\n<tbody>\n<tr>\n<td style=\"border: 1px solid black; text-align: center;\" colspan=\"12\"><strong><span style=\"font-size: small;\">2.SINIF<\/span><\/strong><\/td>\n<\/tr>\n<tr>\n<td style=\"border: 1px solid black;\"><span style=\"font-size: small;\"><span style=\"color: white;\">Pazartesi<\/span><\/span><\/td>\n<td style=\"border: 1px solid black; text-align: center;\"><strong><span style=\"font-size: small;\">09.00 &#8211; 10.00<\/span><\/strong><\/td>\n<td style=\"border: 1px solid black; text-align: center;\"><strong><span style=\"font-size: small;\">10.00 &#8211; 11.00<\/span><\/strong><\/td>\n<td style=\"border: 1px solid black; text-align: center;\"><strong><span style=\"font-size: small;\">11.00 &#8211; 12.00<\/span><\/strong><\/td>\n<td style=\"border: 1px solid black; text-align: center;\"><strong><span style=\"font-size: small;\">12.00 &#8211; 13.00<\/span><\/strong><\/td>\n<td style=\"border: 1px solid black; text-align: center;\"><strong><span style=\"font-size: small;\">13.00 &#8211; 14.00<\/span><\/strong><\/td>\n<td style=\"border: 1px solid black; text-align: center;\"><strong><span style=\"font-size: small;\">14.00 &#8211; 15.00<\/span><\/strong><\/td>\n<td style=\"border: 1px solid black; text-align: center;\"><strong><span style=\"font-size: small;\">15.00 &#8211; 16.00<\/span><\/strong><\/td>\n<td style=\"border: 1px solid black; text-align: center;\"><strong><span style=\"font-size: small;\">17.00 &#8211; 18.00<\/span><\/strong><\/td>\n<td style=\"border: 1px solid black; text-align: center;\"><strong><span style=\"font-size: small;\">18.00 &#8211; 19.00<\/span><\/strong><\/td>\n<td style=\"border: 1px solid black; text-align: center;\"><strong><span style=\"font-size: small;\">19.00 &#8211; 20.00<\/span><\/strong><\/td>\n<td style=\"border: 1px solid black; text-align: center;\"><strong><span style=\"font-size: small;\">20.00 &#8211; 21.00<\/span><\/strong><\/td>\n<\/tr>\n<\/tbody>\n<tbody>\n<tr>\n<td style=\"border: 1px solid black;\"><strong><span style=\"font-size: small;\">Pazartesi<\/span><\/strong><\/td>\n<td style=\"border: 1px solid black; text-align: center;\" colspan=\"2\"><span style=\"font-size: small;\">Organizational Behaviour<br \/>\nDr. \u00d6\u011fr. \u00dcyesi<br \/>\nEkrem BULUT<br \/>\nD202<\/span><\/td>\n<td style=\"border: 1px solid black; text-align: center;\"><\/td>\n<td style=\"border: 1px solid black; text-align: center;\"><\/td>\n<td style=\"border: 1px solid black; text-align: center;\" colspan=\"2\"><span style=\"font-size: small;\">Kariyer Planlama<br \/>\nDr. \u00d6\u011fr. \u00dcyesi<br \/>\nG\u00fcl \u00c7i\u00e7ek ZENG\u0130N B\u0130NTA\u015e<br \/>\nK001<\/span><\/td>\n<td style=\"border: 1px solid black; text-align: center;\" colspan=\"3\"><\/td>\n<td style=\"border: 1px solid black; text-align: center;\"><\/td>\n<td style=\"border: 1px solid black; text-align: center;\"><\/td>\n<\/tr>\n<\/tbody>\n<tbody>\n<tr>\n<td style=\"border: 1px solid black;\"><span style=\"font-size: small;\"><strong>Sal\u0131<\/strong><\/span><\/td>\n<td style=\"border: 1px solid black; text-align: center;\"><\/td>\n<td style=\"border: 1px solid black; text-align: center;\"><\/td>\n<td style=\"border: 1px solid black; text-align: center;\"><\/td>\n<td style=\"border: 1px solid black; text-align: center;\"><\/td>\n<td style=\"border: 1px solid black; text-align: center;\" colspan=\"2\"><\/td>\n<td style=\"border: 1px solid black; text-align: center;\"><\/td>\n<td style=\"border: 1px solid black; text-align: center;\" colspan=\"2\"><span style=\"font-size: small;\">Ara\u015ft\u0131rma Y\u00f6ntemleri<br \/>\nDo\u00e7. Dr.<br \/>\nMurat AT\u0130K<br \/>\nK002<\/span><\/td>\n<td style=\"border: 1px solid black; text-align: center;\" colspan=\"2\"><span style=\"font-size: small;\">Bor\u00e7lar Hukuku<br \/>\nDo\u00e7. Dr.<br \/>\nMurat AT\u0130K<br \/>\nOnline<\/span><\/td>\n<\/tr>\n<\/tbody>\n<tbody>\n<tr>\n<td style=\"border: 1px solid black;\"><strong><span style=\"font-size: small;\">\u00c7ar\u015famba<\/span><\/strong><\/td>\n<td style=\"border: 1px solid black; text-align: center;\" colspan=\"3\"><\/td>\n<td style=\"border: 1px solid black; text-align: center;\"><\/td>\n<td style=\"border: 1px solid black; text-align: center;\"><\/td>\n<td style=\"border: 1px solid black; text-align: center;\"><\/td>\n<td style=\"border: 1px solid black; text-align: center;\"><\/td>\n<td style=\"border: 1px solid black; text-align: center;\" colspan=\"2\"><span style=\"font-size: small;\">Marketing<br \/>\nManagement<br \/>\nDr. \u00d6\u011fr. \u00dcyesi<br \/>\nEkrem BULUT<br \/>\nD104<\/span><\/td>\n<td style=\"border: 1px solid black; text-align: center;\" colspan=\"2\"><\/td>\n<\/tr>\n<\/tbody>\n<tbody>\n<tr>\n<td style=\"border: 1px solid black;\"><span style=\"font-size: small;\"><strong>Per\u015fembe<\/strong><\/span><\/td>\n<td style=\"border: 1px solid black; text-align: center;\" colspan=\"3\"><span style=\"font-size: small;\">Finansal Piyasalar ve Kurumlar<br \/>\nDo\u00e7. Dr.<br \/>\nMurat AT\u0130K<br \/>\nD202<\/span><\/td>\n<td style=\"border: 1px solid black; text-align: center;\"><\/td>\n<td style=\"border: 1px solid black; text-align: center;\" colspan=\"2\"><\/td>\n<td style=\"border: 1px solid black; text-align: center;\"><\/td>\n<td style=\"border: 1px solid black; text-align: center;\"><\/td>\n<td style=\"border: 1px solid black; text-align: center;\"><\/td>\n<td style=\"border: 1px solid black; text-align: center;\"><\/td>\n<td style=\"border: 1px solid black; text-align: center;\"><\/td>\n<\/tr>\n<\/tbody>\n<tbody>\n<tr>\n<td style=\"border: 1px solid black;\"><strong><span style=\"font-size: small;\">Cuma<\/span><\/strong><\/td>\n<td style=\"border: 1px solid black; text-align: center;\"><\/td>\n<td style=\"border: 1px solid black; text-align: center;\" colspan=\"2\"><\/td>\n<td style=\"border: 1px solid black;\"><\/td>\n<td style=\"border: 1px solid black;\"><\/td>\n<td style=\"border: 1px solid black; text-align: center;\" colspan=\"2\"><\/td>\n<td style=\"border: 1px solid black; text-align: center;\"><\/td>\n<td style=\"border: 1px solid black; text-align: center;\"><\/td>\n<td style=\"border: 1px solid black; text-align: center;\"><\/td>\n<td style=\"border: 1px solid black; text-align: center;\"><\/td>\n<\/tr>\n<\/tbody>\n<\/table>\n<p>[\/vc_column_text][vc_empty_space][vc_column_text]<\/p>\n<table class=\"item\" style=\"table-layout: fixed; width: 100%; border: 2px solid black; border-collapse: collapse;\">\n<tbody>\n<tr>\n<td style=\"border: 1px solid black; text-align: center;\" colspan=\"12\"><strong><span style=\"font-size: small;\">3.SINIF<\/span><\/strong><\/td>\n<\/tr>\n<tr>\n<td style=\"border: 1px solid black;\"><span style=\"font-size: small;\"><span style=\"color: white;\">Pazartesi<\/span><\/span><\/td>\n<td style=\"border: 1px solid black; text-align: center;\"><strong><span style=\"font-size: small;\">09.00 &#8211; 10.00<\/span><\/strong><\/td>\n<td style=\"border: 1px solid black; text-align: center;\"><strong><span style=\"font-size: small;\">10.00 &#8211; 11.00<\/span><\/strong><\/td>\n<td style=\"border: 1px solid black; text-align: center;\"><strong><span style=\"font-size: small;\">11.00 &#8211; 12.00<\/span><\/strong><\/td>\n<td style=\"border: 1px solid black; text-align: center;\"><strong><span style=\"font-size: small;\">12.00 &#8211; 13.00<\/span><\/strong><\/td>\n<td style=\"border: 1px solid black; text-align: center;\"><strong><span style=\"font-size: small;\">13.00 &#8211; 14.00<\/span><\/strong><\/td>\n<td style=\"border: 1px solid black; text-align: center;\"><strong><span style=\"font-size: small;\">14.00 &#8211; 15.00<\/span><\/strong><\/td>\n<td style=\"border: 1px solid black; text-align: center;\"><strong><span style=\"font-size: small;\">15.00 &#8211; 16.00<\/span><\/strong><\/td>\n<td style=\"border: 1px solid black; text-align: center;\"><strong><span style=\"font-size: small;\">16.00 &#8211; 17.00<\/span><\/strong><\/td>\n<td style=\"border: 1px solid black; text-align: center;\"><strong><span style=\"font-size: small;\">17.00 &#8211; 18.00<\/span><\/strong><\/td>\n<td style=\"border: 1px solid black; text-align: center;\"><strong><span style=\"font-size: small;\">18.00 &#8211; 19.00<\/span><\/strong><\/td>\n<td style=\"border: 1px solid black; text-align: center;\"><strong><span style=\"font-size: small;\">20.00 &#8211; 21.00<\/span><\/strong><\/td>\n<\/tr>\n<\/tbody>\n<tbody>\n<tr>\n<td style=\"border: 1px solid black;\"><strong><span style=\"font-size: small;\">Pazartesi<\/span><\/strong><\/td>\n<td style=\"border: 1px solid black; text-align: center;\" colspan=\"2\"><\/td>\n<td style=\"border: 1px solid black; text-align: center;\"><\/td>\n<td style=\"border: 1px solid black; text-align: center;\"><\/td>\n<td style=\"border: 1px solid black; text-align: center;\" colspan=\"2\"><span style=\"font-size: small;\">Corporate<br \/>\nSocial Responsibility<br \/>\nDr. \u00d6\u011fr. \u00dcyesi<br \/>\nEkrem BULUT<br \/>\nK002<\/span><\/td>\n<td style=\"border: 1px solid black; text-align: center;\"><\/td>\n<td style=\"border: 1px solid black; text-align: center;\" colspan=\"2\"><\/td>\n<td style=\"border: 1px solid black; text-align: center;\"><\/td>\n<td style=\"border: 1px solid black; text-align: center;\"><\/td>\n<\/tr>\n<\/tbody>\n<tbody>\n<tr>\n<td style=\"border: 1px solid black;\"><span style=\"font-size: small;\"><strong>Sal\u0131<\/strong><\/span><\/td>\n<td style=\"border: 1px solid black; text-align: center;\" colspan=\"2\"><span style=\"font-size: small;\">\u0130\u015f Hukuku<br \/>\nDr. \u00d6\u011fr. \u00dcyesi<br \/>\nG\u00fcl \u00c7i\u00e7ek ZENG\u0130N B\u0130NTA\u015e<br \/>\nOnline<\/span><\/td>\n<td style=\"border: 1px solid black; text-align: center;\"><\/td>\n<td style=\"border: 1px solid black; text-align: center;\"><\/td>\n<td style=\"border: 1px solid black; text-align: center;\" colspan=\"2\"><\/td>\n<td style=\"border: 1px solid black; text-align: center;\"><\/td>\n<td style=\"border: 1px solid black; text-align: center;\"><span style=\"font-size: small;\">\u00a0<\/span><\/td>\n<td style=\"border: 1px solid black; text-align: center;\" colspan=\"2\"><span style=\"font-size: small;\">Principles of Finance<br \/>\nDr. \u00d6\u011fr. \u00dcyesi<br \/>\nEkrem BULUT<br \/>\nDHF Toplant\u0131 Salonu<\/span><\/td>\n<td style=\"border: 1px solid black; text-align: center;\"><\/td>\n<\/tr>\n<\/tbody>\n<tbody>\n<tr>\n<td style=\"border: 1px solid black;\"><strong><span style=\"font-size: small;\">\u00c7ar\u015famba<\/span><\/strong><\/td>\n<td style=\"border: 1px solid black; text-align: center;\" colspan=\"3\"><\/td>\n<td style=\"border: 1px solid black; text-align: center;\"><\/td>\n<td style=\"border: 1px solid black; text-align: center;\"><\/td>\n<td style=\"border: 1px solid black; text-align: center;\"><\/td>\n<td style=\"border: 1px solid black; text-align: center;\"><\/td>\n<td style=\"border: 1px solid black; text-align: center;\" colspan=\"2\"><\/td>\n<td style=\"border: 1px solid black; text-align: center;\" colspan=\"2\"><\/td>\n<\/tr>\n<\/tbody>\n<tbody>\n<tr>\n<td style=\"border: 1px solid black;\"><span style=\"font-size: small;\"><strong>Per\u015fembe<\/strong><\/span><\/td>\n<td style=\"border: 1px solid black; text-align: center;\" colspan=\"3\"><\/td>\n<td style=\"border: 1px solid black; text-align: center;\"><\/td>\n<td style=\"border: 1px solid black; text-align: center;\" colspan=\"2\"><\/td>\n<td style=\"border: 1px solid black; text-align: center;\" colspan=\"2\"><span style=\"font-size: small;\">T\u00fcketici Davran\u0131\u015f\u0131<br \/>\nDr. \u00d6\u011fr. \u00dcyesi<br \/>\nG\u00fcl \u00c7i\u00e7ek ZENG\u0130N B\u0130NTA\u015e<br \/>\nD202<\/span><\/td>\n<td style=\"border: 1px solid black; text-align: center;\"><\/td>\n<td style=\"border: 1px solid black; text-align: center;\"><\/td>\n<td style=\"border: 1px solid black; text-align: center;\"><\/td>\n<\/tr>\n<\/tbody>\n<tbody>\n<tr>\n<td style=\"border: 1px solid black;\"><strong><span style=\"font-size: small;\">Cuma<\/span><\/strong><\/td>\n<td style=\"border: 1px solid black; text-align: center;\" colspan=\"3\"><span style=\"font-size: small;\">Toplam Kalite Y\u00f6netimi<br \/>\nDr. \u00d6\u011fr. \u00dcyesi<br \/>\nG\u00fcl \u00c7i\u00e7ek ZENG\u0130N B\u0130NTA\u015e<br \/>\nD202<\/span><\/td>\n<td style=\"border: 1px solid black;\"><\/td>\n<td style=\"border: 1px solid black;\"><\/td>\n<td style=\"border: 1px solid black; text-align: center;\" colspan=\"3\"><span style=\"font-size: small;\">Dijital Pazarlama Ve Sosyal Medya<br \/>\nStratejileri<br \/>\nDr. \u00d6\u011fr. \u00dcyesi<br \/>\nG\u00fcl \u00c7i\u00e7ek ZENG\u0130N B\u0130NTA\u015e<br \/>\nD402<\/span><\/td>\n<td style=\"border: 1px solid black; text-align: center;\"><\/td>\n<td style=\"border: 1px solid black; text-align: center;\"><\/td>\n<td style=\"border: 1px solid black; text-align: center;\"><\/td>\n<\/tr>\n<\/tbody>\n<\/table>\n<p>[\/vc_column_text][\/vc_tta_section][vc_tta_section title=&#8221;Ders Plan\u0131&#8221; tab_id=&#8221;1753450486804-2bf85b10-ca9f&#8221;][vc_column_text]\n<!-- iframe plugin v.4.9 wordpress.org\/plugins\/iframe\/ -->\n<iframe loading=\"lazy\" src=\"https:\/\/ebs.kocaelisaglik.edu.tr\/Pages\/CoursePlan.aspx?lang=tr-TR&#038;academicYear=2025&#038;facultyId=7&#038;programId=2&#038;menuType=unit&#038;catalogId=2339\" width=\"1600\" height=\"900\" allow=\"fullscreen\" scrolling=\"yes\" class=\"iframe-class\" frameborder=\"0\"><\/iframe>\n[\/vc_column_text][\/vc_tta_section][\/vc_tta_tabs][\/vc_column][\/vc_row]<\/p>\n<\/div>","protected":false},"excerpt":{"rendered":"<p>[vc_row][vc_column][vc_tta_tabs][vc_tta_section title=&#8221;B\u00f6l\u00fcm Hakk\u0131nda&#8221; tab_id=&#8221;1753450029672-cd17b157-9247&#8243;][vc_column_text]B\u00f6l\u00fcm Ad\u0131:\u00a0 \u0130\u015fletme B\u00f6l\u00fcm D\u00fczeyi: Lisans E\u011fitim Dili:\u00a0T\u00fcrk\u00e7e B\u00f6l\u00fcm Kazan\u0131mlar\u0131: Disiplinindeki temel kavramlar\u0131 ve kuramlar\u0131 bilir Disiplinindeki sorunlar\u0131 analiz edip bu sorunlara \u00e7\u00f6z\u00fcm \u00f6nerileri sunacak analitik d\u00fc\u015f\u00fcnme becerilerine sahiptir Giri\u015fimci ki\u015filik \u00f6zelliklerini tan\u0131r ve giri\u015fimci ki\u015filik \u00f6zelliklerini &hellip; <\/p>\n","protected":false},"author":12,"featured_media":0,"parent":0,"menu_order":0,"comment_status":"closed","ping_status":"closed","template":"","meta":{"footnotes":""},"_links":{"self":[{"href":"https:\/\/kocaelisaglik.edu.tr\/sosyal-ve-beseri\/wp-json\/wp\/v2\/pages\/7697"}],"collection":[{"href":"https:\/\/kocaelisaglik.edu.tr\/sosyal-ve-beseri\/wp-json\/wp\/v2\/pages"}],"about":[{"href":"https:\/\/kocaelisaglik.edu.tr\/sosyal-ve-beseri\/wp-json\/wp\/v2\/types\/page"}],"author":[{"embeddable":true,"href":"https:\/\/kocaelisaglik.edu.tr\/sosyal-ve-beseri\/wp-json\/wp\/v2\/users\/12"}],"replies":[{"embeddable":true,"href":"https:\/\/kocaelisaglik.edu.tr\/sosyal-ve-beseri\/wp-json\/wp\/v2\/comments?post=7697"}],"version-history":[{"count":10,"href":"https:\/\/kocaelisaglik.edu.tr\/sosyal-ve-beseri\/wp-json\/wp\/v2\/pages\/7697\/revisions"}],"predecessor-version":[{"id":7965,"href":"https:\/\/kocaelisaglik.edu.tr\/sosyal-ve-beseri\/wp-json\/wp\/v2\/pages\/7697\/revisions\/7965"}],"wp:attachment":[{"href":"https:\/\/kocaelisaglik.edu.tr\/sosyal-ve-beseri\/wp-json\/wp\/v2\/media?parent=7697"}],"curies":[{"name":"wp","href":"https:\/\/api.w.org\/{rel}","templated":true}]}}