{"id":7502,"date":"2023-03-30T16:40:43","date_gmt":"2023-03-30T13:40:43","guid":{"rendered":"https:\/\/kocaelisaglik.edu.tr\/sosyal-ve-beseri\/?page_id=7502"},"modified":"2026-02-06T15:54:25","modified_gmt":"2026-02-06T12:54:25","slug":"deanery","status":"publish","type":"page","link":"https:\/\/kocaelisaglik.edu.tr\/sosyal-ve-beseri\/en\/deanery\/","title":{"rendered":"Deanery"},"content":{"rendered":"<div class=\"wpb-content-wrapper\"><p>[vc_row][vc_column width=&#8221;1\/3&#8243;][vc_single_image image=&#8221;7769&#8243; img_size=&#8221;large&#8221; alignment=&#8221;center&#8221; style=&#8221;vc_box_outline&#8221;][\/vc_column][vc_column width=&#8221;2\/3&#8243;][vc_column_text]<strong>Prof. Dr. Firdevs KARAHAN<\/strong><\/p>\n<p>Deputy Dean<\/p>\n<p><a href=\"mailto:firdevs.karahan@kocaelisaglik.edu.tr\">firdevs.karahan@kocaelisaglik.edu.tr<\/a>[\/vc_column_text][\/vc_column][\/vc_row][vc_row][vc_column width=&#8221;1\/3&#8243;][vc_single_image image=&#8221;7588&#8243; img_size=&#8221;large&#8221; alignment=&#8221;center&#8221; style=&#8221;vc_box_outline&#8221;][\/vc_column][vc_column width=&#8221;2\/3&#8243;][vc_column_text]<strong>Asst. Prof. Ali Ruhan \u00c7EL\u0130K<\/strong><\/p>\n<p>Vice Dean<\/p>\n<p><a href=\"mailto:aliruhan.celik@kocaelisaglik.edu.tr\">aliruhan.celik@kocaelisaglik.edu.tr<\/a>[\/vc_column_text][\/vc_column][\/vc_row][vc_row][vc_column width=&#8221;1\/3&#8243;][vc_single_image image=&#8221;7766&#8243; img_size=&#8221;large&#8221; alignment=&#8221;center&#8221; style=&#8221;vc_box_outline&#8221;][\/vc_column][vc_column width=&#8221;2\/3&#8243;][vc_column_text]<strong>Asst. Prof. G\u00fcl \u00c7i\u00e7ek ZENG\u0130N B\u0130NTA\u015e<\/strong><\/p>\n<p>Vice Dean<\/p>\n<p><a href=\"mailto:gul.zengin@kocaelisaglik.edu.tr\">gul.zengin@kocaelisaglik.edu.tr<\/a>[\/vc_column_text][\/vc_column][\/vc_row][vc_row][vc_column width=&#8221;1\/3&#8243;][vc_single_image image=&#8221;7498&#8243; img_size=&#8221;large&#8221; alignment=&#8221;center&#8221; style=&#8221;vc_box_outline&#8221;][\/vc_column][vc_column width=&#8221;2\/3&#8243;][vc_column_text]<strong>P\u0131nar KENEK<\/strong><\/p>\n<p>D. Faculty Secretary<\/p>\n<p><a href=\"mailto:pinar.kenek@kocaelisaglik.edu.tr\">pinar.kenek@kocaelisaglik.edu.tr<\/a>[\/vc_column_text][\/vc_column][\/vc_row]<\/p>\n<\/div>","protected":false},"excerpt":{"rendered":"<p>[vc_row][vc_column width=&#8221;1\/3&#8243;][vc_single_image image=&#8221;7769&#8243; img_size=&#8221;large&#8221; alignment=&#8221;center&#8221; style=&#8221;vc_box_outline&#8221;][\/vc_column][vc_column width=&#8221;2\/3&#8243;][vc_column_text]Prof. Dr. Firdevs KARAHAN Deputy Dean firdevs.karahan@kocaelisaglik.edu.tr[\/vc_column_text][\/vc_column][\/vc_row][vc_row][vc_column width=&#8221;1\/3&#8243;][vc_single_image image=&#8221;7588&#8243; img_size=&#8221;large&#8221; alignment=&#8221;center&#8221; style=&#8221;vc_box_outline&#8221;][\/vc_column][vc_column width=&#8221;2\/3&#8243;][vc_column_text]Asst. Prof. Ali Ruhan \u00c7EL\u0130K Vice Dean aliruhan.celik@kocaelisaglik.edu.tr[\/vc_column_text][\/vc_column][\/vc_row][vc_row][vc_column width=&#8221;1\/3&#8243;][vc_single_image image=&#8221;7766&#8243; img_size=&#8221;large&#8221; alignment=&#8221;center&#8221; style=&#8221;vc_box_outline&#8221;][\/vc_column][vc_column width=&#8221;2\/3&#8243;][vc_column_text]Asst. Prof. G\u00fcl \u00c7i\u00e7ek ZENG\u0130N B\u0130NTA\u015e Vice Dean gul.zengin@kocaelisaglik.edu.tr[\/vc_column_text][\/vc_column][\/vc_row][vc_row][vc_column &hellip; <\/p>\n","protected":false},"author":12,"featured_media":0,"parent":0,"menu_order":0,"comment_status":"closed","ping_status":"closed","template":"","meta":{"footnotes":""},"_links":{"self":[{"href":"https:\/\/kocaelisaglik.edu.tr\/sosyal-ve-beseri\/wp-json\/wp\/v2\/pages\/7502"}],"collection":[{"href":"https:\/\/kocaelisaglik.edu.tr\/sosyal-ve-beseri\/wp-json\/wp\/v2\/pages"}],"about":[{"href":"https:\/\/kocaelisaglik.edu.tr\/sosyal-ve-beseri\/wp-json\/wp\/v2\/types\/page"}],"author":[{"embeddable":true,"href":"https:\/\/kocaelisaglik.edu.tr\/sosyal-ve-beseri\/wp-json\/wp\/v2\/users\/12"}],"replies":[{"embeddable":true,"href":"https:\/\/kocaelisaglik.edu.tr\/sosyal-ve-beseri\/wp-json\/wp\/v2\/comments?post=7502"}],"version-history":[{"count":7,"href":"https:\/\/kocaelisaglik.edu.tr\/sosyal-ve-beseri\/wp-json\/wp\/v2\/pages\/7502\/revisions"}],"predecessor-version":[{"id":7952,"href":"https:\/\/kocaelisaglik.edu.tr\/sosyal-ve-beseri\/wp-json\/wp\/v2\/pages\/7502\/revisions\/7952"}],"wp:attachment":[{"href":"https:\/\/kocaelisaglik.edu.tr\/sosyal-ve-beseri\/wp-json\/wp\/v2\/media?parent=7502"}],"curies":[{"name":"wp","href":"https:\/\/api.w.org\/{rel}","templated":true}]}}