{"id":7480,"date":"2023-03-13T15:54:22","date_gmt":"2023-03-13T12:54:22","guid":{"rendered":"https:\/\/kocaelisaglik.edu.tr\/sosyal-ve-beseri\/?page_id=7480"},"modified":"2023-03-13T15:54:22","modified_gmt":"2023-03-13T12:54:22","slug":"commissions","status":"publish","type":"page","link":"https:\/\/kocaelisaglik.edu.tr\/sosyal-ve-beseri\/en\/commissions\/","title":{"rendered":"Commissions"},"content":{"rendered":"<div class=\"wpb-content-wrapper\"><p>[vc_row][vc_column][\/vc_column][\/vc_row][vc_row][vc_column][vc_tta_tour gap=&#8221;1&#8243; controls_size=&#8221;md&#8221; active_section=&#8221;1&#8243;][vc_tta_section title=&#8221;Commissions&#8221; tab_id=&#8221;1678711356956-122cf88c-dde8&#8243;][\/vc_tta_section][vc_tta_section title=&#8221;Accreditation and Quality Assessment Evaluation Commission&#8221; tab_id=&#8221;1678711250167-8e306847-0b47&#8243;][vc_column_text]<\/p>\n<table style=\"height: 148px;\" width=\"665\">\n<tbody>\n<tr>\n<td width=\"78\">Head<\/td>\n<td width=\"222\">Prof. Dr. Firdevs KARAHAN<\/td>\n<\/tr>\n<tr>\n<td width=\"78\">Member<\/td>\n<td width=\"222\">Asst. Prof.\u00a0 Ayla AKBA\u015e<\/td>\n<\/tr>\n<tr>\n<td width=\"78\">Member<\/td>\n<td width=\"222\">Research Assistant Lerzan YILMAZ<\/td>\n<\/tr>\n<\/tbody>\n<\/table>\n<p>[\/vc_column_text][\/vc_tta_section][vc_tta_section title=&#8221;Exemption Commission&#8221; tab_id=&#8221;1678711250173-888dcff2-c446&#8243;][vc_column_text]<\/p>\n<table style=\"height: 148px;\" width=\"665\">\n<tbody>\n<tr>\n<td width=\"78\">Head<\/td>\n<td width=\"222\">Asst. Prof.\u00a0 Ayla AKBA\u015e<\/td>\n<\/tr>\n<tr>\n<td width=\"78\">Member<\/td>\n<td width=\"222\">Research Assistant Lerzan YILMAZ<\/td>\n<\/tr>\n<tr>\n<td width=\"78\">Member<\/td>\n<td width=\"222\">Assoc. Dr. \u015e\u00fckriye BO\u015eGELMEZ HACIHAN\u0130F\u0130O\u011eLU<\/td>\n<\/tr>\n<\/tbody>\n<\/table>\n<p>[\/vc_column_text][\/vc_tta_section][vc_tta_section title=&#8221;European Union Commission&#8221; tab_id=&#8221;1678711436250-80999dad-30dd&#8221;][vc_column_text]<\/p>\n<table style=\"height: 148px;\" width=\"665\">\n<tbody>\n<tr>\n<td width=\"78\">Head<\/td>\n<td width=\"222\">Asst. Prof.\u00a0 Ayla AKBA\u015e<\/td>\n<\/tr>\n<tr>\n<td width=\"78\">Member<\/td>\n<td width=\"222\">Assoc. Dr. \u015e\u00fckriye BO\u015eGELMEZ HACIHAN\u0130F\u0130O\u011eLU<\/td>\n<\/tr>\n<tr>\n<td width=\"78\">Member<\/td>\n<td width=\"222\">Research Assistant Lerzan YILMAZ<\/td>\n<\/tr>\n<\/tbody>\n<\/table>\n<p>[\/vc_column_text][\/vc_tta_section][vc_tta_section title=&#8221;Social Media, Promotional Activities and Organization Commission&#8221; tab_id=&#8221;1678711526864-581850ed-da14&#8243;][vc_column_text]<\/p>\n<table style=\"height: 148px;\" width=\"665\">\n<tbody>\n<tr>\n<td width=\"78\">Head<\/td>\n<td width=\"222\">Asst. Prof.\u00a0 Ayla AKBA\u015e<\/td>\n<\/tr>\n<tr>\n<td width=\"78\">Member<\/td>\n<td width=\"222\">Research Assistant Lerzan YILMAZ<\/td>\n<\/tr>\n<tr>\n<td width=\"78\">Member<\/td>\n<td width=\"222\">Assoc. Dr. \u015e\u00fckriye BO\u015eGELMEZ HACIHAN\u0130F\u0130O\u011eLU<\/td>\n<\/tr>\n<\/tbody>\n<\/table>\n<p>[\/vc_column_text][\/vc_tta_section][vc_tta_section title=&#8221;Scholarship Commission&#8221; tab_id=&#8221;1678711573075-bdad288f-95b8&#8243;][vc_column_text]<\/p>\n<table style=\"height: 148px;\" width=\"665\">\n<tbody>\n<tr>\n<td width=\"78\">Head<\/td>\n<td width=\"222\">Prof. Dr. Firdevs KARAHAN<\/td>\n<\/tr>\n<tr>\n<td width=\"78\">Member<\/td>\n<td width=\"222\">Asst. Prof.\u00a0 Ayla AKBA\u015e<\/td>\n<\/tr>\n<tr>\n<td width=\"78\">Member<\/td>\n<td width=\"222\">Assoc. Dr. \u015e\u00fckriye BO\u015eGELMEZ HACIHAN\u0130F\u0130O\u011eLU<\/td>\n<\/tr>\n<\/tbody>\n<\/table>\n<p>[\/vc_column_text][\/vc_tta_section][vc_tta_section title=&#8221;Education Commission&#8221; tab_id=&#8221;1678711637241-2b4a687f-778f&#8221;][vc_column_text]<\/p>\n<table style=\"height: 148px;\" width=\"665\">\n<tbody>\n<tr>\n<td width=\"78\">Head<\/td>\n<td width=\"222\">Asst. Prof.\u00a0 Ayla AKBA\u015e<\/td>\n<\/tr>\n<tr>\n<td width=\"78\">Member<\/td>\n<td width=\"222\">Research Assistant Lerzan YILMAZ<\/td>\n<\/tr>\n<tr>\n<td width=\"78\">Member<\/td>\n<td width=\"222\">Assoc. Dr. \u015e\u00fckriye BO\u015eGELMEZ HACIHAN\u0130F\u0130O\u011eLU<\/td>\n<\/tr>\n<\/tbody>\n<\/table>\n<p>[\/vc_column_text][\/vc_tta_section][vc_tta_section title=&#8221;Professional Practice Commission&#8221; tab_id=&#8221;1678711677022-6e4052f9-9ffd&#8221;][vc_column_text]<\/p>\n<table style=\"height: 148px;\" width=\"665\">\n<tbody>\n<tr>\n<td width=\"78\">Head<\/td>\n<td width=\"222\">Asst. Prof.\u00a0 Ayla AKBA\u015e<\/td>\n<\/tr>\n<tr>\n<td width=\"78\">Member<\/td>\n<td width=\"222\">Research Assistant Lerzan YILMAZ<\/td>\n<\/tr>\n<tr>\n<td width=\"78\">Member<\/td>\n<td width=\"222\">Assoc. Dr. \u015e\u00fckriye BO\u015eGELMEZ HACIHAN\u0130F\u0130O\u011eLU<\/td>\n<\/tr>\n<\/tbody>\n<\/table>\n<p>[\/vc_column_text][\/vc_tta_section][vc_tta_section title=&#8221;Student Communities Commission&#8221; tab_id=&#8221;1678711728537-a6ba5432-9ac9&#8243;][vc_column_text]<\/p>\n<table style=\"height: 148px;\" width=\"665\">\n<tbody>\n<tr>\n<td width=\"78\">Head<\/td>\n<td width=\"222\">Research Assistant Lerzan YILMAZ<\/td>\n<\/tr>\n<tr>\n<td width=\"78\">Member<\/td>\n<td width=\"222\">Asst. Prof.\u00a0 Ayla AKBA\u015e<\/td>\n<\/tr>\n<tr>\n<td width=\"78\">Member<\/td>\n<td width=\"222\">Assoc. Dr. \u015e\u00fckriye BO\u015eGELMEZ HACIHAN\u0130F\u0130O\u011eLU<\/td>\n<\/tr>\n<\/tbody>\n<\/table>\n<p>[\/vc_column_text][\/vc_tta_section][\/vc_tta_tour][\/vc_column][\/vc_row]<\/p>\n<\/div>","protected":false},"excerpt":{"rendered":"<p>[vc_row][vc_column][\/vc_column][\/vc_row][vc_row][vc_column][vc_tta_tour gap=&#8221;1&#8243; controls_size=&#8221;md&#8221; active_section=&#8221;1&#8243;][vc_tta_section title=&#8221;Commissions&#8221; tab_id=&#8221;1678711356956-122cf88c-dde8&#8243;][\/vc_tta_section][vc_tta_section title=&#8221;Accreditation and Quality Assessment Evaluation Commission&#8221; tab_id=&#8221;1678711250167-8e306847-0b47&#8243;][vc_column_text] Head Prof. Dr. Firdevs KARAHAN Member Asst. Prof.\u00a0 Ayla AKBA\u015e Member Research Assistant Lerzan YILMAZ [\/vc_column_text][\/vc_tta_section][vc_tta_section title=&#8221;Exemption Commission&#8221; tab_id=&#8221;1678711250173-888dcff2-c446&#8243;][vc_column_text] Head Asst. Prof.\u00a0 Ayla AKBA\u015e Member Research Assistant &hellip; <\/p>\n","protected":false},"author":12,"featured_media":0,"parent":0,"menu_order":0,"comment_status":"closed","ping_status":"closed","template":"","meta":{"footnotes":""},"_links":{"self":[{"href":"https:\/\/kocaelisaglik.edu.tr\/sosyal-ve-beseri\/wp-json\/wp\/v2\/pages\/7480"}],"collection":[{"href":"https:\/\/kocaelisaglik.edu.tr\/sosyal-ve-beseri\/wp-json\/wp\/v2\/pages"}],"about":[{"href":"https:\/\/kocaelisaglik.edu.tr\/sosyal-ve-beseri\/wp-json\/wp\/v2\/types\/page"}],"author":[{"embeddable":true,"href":"https:\/\/kocaelisaglik.edu.tr\/sosyal-ve-beseri\/wp-json\/wp\/v2\/users\/12"}],"replies":[{"embeddable":true,"href":"https:\/\/kocaelisaglik.edu.tr\/sosyal-ve-beseri\/wp-json\/wp\/v2\/comments?post=7480"}],"version-history":[{"count":1,"href":"https:\/\/kocaelisaglik.edu.tr\/sosyal-ve-beseri\/wp-json\/wp\/v2\/pages\/7480\/revisions"}],"predecessor-version":[{"id":7481,"href":"https:\/\/kocaelisaglik.edu.tr\/sosyal-ve-beseri\/wp-json\/wp\/v2\/pages\/7480\/revisions\/7481"}],"wp:attachment":[{"href":"https:\/\/kocaelisaglik.edu.tr\/sosyal-ve-beseri\/wp-json\/wp\/v2\/media?parent=7480"}],"curies":[{"name":"wp","href":"https:\/\/api.w.org\/{rel}","templated":true}]}}