{"id":7474,"date":"2023-03-13T15:34:08","date_gmt":"2023-03-13T12:34:08","guid":{"rendered":"https:\/\/kocaelisaglik.edu.tr\/sosyal-ve-beseri\/?page_id=7474"},"modified":"2025-08-14T15:08:55","modified_gmt":"2025-08-14T12:08:55","slug":"komisyonlar","status":"publish","type":"page","link":"https:\/\/kocaelisaglik.edu.tr\/sosyal-ve-beseri\/komisyonlar\/","title":{"rendered":"Komisyonlar"},"content":{"rendered":"<div class=\"wpb-content-wrapper\"><p>[vc_row][vc_column][\/vc_column][\/vc_row][vc_row][vc_column][vc_tta_tour gap=&#8221;1&#8243; controls_size=&#8221;md&#8221; active_section=&#8221;1&#8243;][vc_tta_section title=&#8221;Komisyonlar&#8221; tab_id=&#8221;1678711886599-f0ed3fcd-bb49&#8243;][\/vc_tta_section][vc_tta_section title=&#8221;Ar &#8211; Ge ve Sekt\u00f6rel \u0130\u015fbirli\u011fi Komisyonu&#8221; tab_id=&#8221;1678709832740-85bf0a80-52c7&#8243;][vc_column_text]<\/p>\n<table style=\"height: 127px;\" width=\"517\">\n<tbody>\n<tr>\n<td width=\"78\">Ba\u015fkan<\/td>\n<td width=\"222\">Prof. Dr. Firdevs KARAHAN<\/td>\n<\/tr>\n<tr>\n<td width=\"78\">\u00dcye<\/td>\n<td width=\"222\">Dr. \u00d6\u011fr. \u00dcyesi Ali Ruhan \u00c7EL\u0130K<\/td>\n<\/tr>\n<tr>\n<td width=\"78\">\u00dcye<\/td>\n<td width=\"222\">Dr. \u00d6\u011fr. \u00dcyesi K\u00fcbra \u0130P\u00c7\u0130 \u00c7EL\u0130K<\/td>\n<\/tr>\n<\/tbody>\n<\/table>\n<p>[\/vc_column_text][\/vc_tta_section][vc_tta_section title=&#8221;E\u011fitim Komisyonu&#8221; tab_id=&#8221;1678710433873-936226d9-5fa4&#8243;][vc_column_text]<\/p>\n<table style=\"height: 127px;\" width=\"517\">\n<tbody>\n<tr>\n<td width=\"78\">Ba\u015fkan<\/td>\n<td width=\"222\">Prof. Dr. Firdevs KARAHAN<\/td>\n<\/tr>\n<tr>\n<td width=\"78\">\u00dcye<\/td>\n<td width=\"222\">Dr. \u00d6\u011fr. \u00dcyesi Ali Ruhan \u00c7EL\u0130K<\/td>\n<\/tr>\n<tr>\n<td width=\"78\">\u00dcye<\/td>\n<td width=\"222\">Dr. \u00d6\u011fr. \u00dcyesi K\u00fcbra \u0130P\u00c7\u0130 \u00c7EL\u0130K<\/td>\n<\/tr>\n<\/tbody>\n<\/table>\n<p>[\/vc_column_text][\/vc_tta_section][vc_tta_section title=&#8221;Mesleki Uygulama Komisyonu&#8221; tab_id=&#8221;1678710518683-5b8a0712-da2a&#8221;][vc_column_text]<\/p>\n<table style=\"height: 127px;\" width=\"517\">\n<tbody>\n<tr>\n<td width=\"78\">Ba\u015fkan<\/td>\n<td width=\"222\">Prof. Dr. Firdevs KARAHAN<\/td>\n<\/tr>\n<tr>\n<td width=\"78\">\u00dcye<\/td>\n<td width=\"222\">Dr. \u00d6\u011fr. \u00dcyesi Ali Ruhan \u00c7EL\u0130K<\/td>\n<\/tr>\n<tr>\n<td width=\"78\">\u00dcye<\/td>\n<td width=\"222\">Dr. \u00d6\u011fr. \u00dcyesi K\u00fcbra \u0130P\u00c7\u0130 \u00c7EL\u0130K<\/td>\n<\/tr>\n<\/tbody>\n<\/table>\n<p>[\/vc_column_text][\/vc_tta_section][vc_tta_section title=&#8221;Uluslararas\u0131 \u0130li\u015fkiler Komisyonu&#8221; tab_id=&#8221;1678709832748-e9e2ba3a-950e&#8221;][vc_column_text]<\/p>\n<table style=\"height: 127px;\" width=\"517\">\n<tbody>\n<tr>\n<td width=\"78\">Ba\u015fkan<\/td>\n<td width=\"222\">Prof. Dr. Firdevs KARAHAN<\/td>\n<\/tr>\n<tr>\n<td width=\"78\">\u00dcye<\/td>\n<td width=\"222\">Dr. \u00d6\u011fr. \u00dcyesi Ali Ruhan \u00c7EL\u0130K<\/td>\n<\/tr>\n<tr>\n<td width=\"78\">\u00dcye<\/td>\n<td width=\"222\">Dr. \u00d6\u011fr. \u00dcyesi K\u00fcbra \u0130P\u00c7\u0130 \u00c7EL\u0130K<\/td>\n<\/tr>\n<\/tbody>\n<\/table>\n<p>[\/vc_column_text][\/vc_tta_section][vc_tta_section title=&#8221;Yatay Ge\u00e7i\u015f \/ \u0130ntibak Komisyonu&#8221; tab_id=&#8221;1678710242763-3cf39150-2ff0&#8243;][vc_column_text]<\/p>\n<table style=\"height: 127px;\" width=\"517\">\n<tbody>\n<tr>\n<td width=\"78\">Ba\u015fkan<\/td>\n<td width=\"222\">Prof. Dr. Firdevs KARAHAN<\/td>\n<\/tr>\n<tr>\n<td width=\"78\">\u00dcye<\/td>\n<td width=\"222\">Dr. \u00d6\u011fr. \u00dcyesi Ali Ruhan \u00c7EL\u0130K<\/td>\n<\/tr>\n<tr>\n<td width=\"78\">\u00dcye<\/td>\n<td width=\"222\">Dr. \u00d6\u011fr. \u00dcyesi K\u00fcbra \u0130P\u00c7\u0130 \u00c7EL\u0130K<\/td>\n<\/tr>\n<\/tbody>\n<\/table>\n<p>[\/vc_column_text][\/vc_tta_section][\/vc_tta_tour][\/vc_column][\/vc_row]<\/p>\n<\/div>","protected":false},"excerpt":{"rendered":"<p>[vc_row][vc_column][\/vc_column][\/vc_row][vc_row][vc_column][vc_tta_tour gap=&#8221;1&#8243; controls_size=&#8221;md&#8221; active_section=&#8221;1&#8243;][vc_tta_section title=&#8221;Komisyonlar&#8221; tab_id=&#8221;1678711886599-f0ed3fcd-bb49&#8243;][\/vc_tta_section][vc_tta_section title=&#8221;Ar &#8211; Ge ve Sekt\u00f6rel \u0130\u015fbirli\u011fi Komisyonu&#8221; tab_id=&#8221;1678709832740-85bf0a80-52c7&#8243;][vc_column_text] Ba\u015fkan Prof. Dr. Firdevs KARAHAN \u00dcye Dr. \u00d6\u011fr. \u00dcyesi Ali Ruhan \u00c7EL\u0130K \u00dcye Dr. \u00d6\u011fr. \u00dcyesi K\u00fcbra \u0130P\u00c7\u0130 \u00c7EL\u0130K [\/vc_column_text][\/vc_tta_section][vc_tta_section title=&#8221;E\u011fitim Komisyonu&#8221; tab_id=&#8221;1678710433873-936226d9-5fa4&#8243;][vc_column_text] Ba\u015fkan Prof. Dr. &hellip; <\/p>\n","protected":false},"author":12,"featured_media":0,"parent":0,"menu_order":0,"comment_status":"closed","ping_status":"closed","template":"","meta":{"footnotes":""},"_links":{"self":[{"href":"https:\/\/kocaelisaglik.edu.tr\/sosyal-ve-beseri\/wp-json\/wp\/v2\/pages\/7474"}],"collection":[{"href":"https:\/\/kocaelisaglik.edu.tr\/sosyal-ve-beseri\/wp-json\/wp\/v2\/pages"}],"about":[{"href":"https:\/\/kocaelisaglik.edu.tr\/sosyal-ve-beseri\/wp-json\/wp\/v2\/types\/page"}],"author":[{"embeddable":true,"href":"https:\/\/kocaelisaglik.edu.tr\/sosyal-ve-beseri\/wp-json\/wp\/v2\/users\/12"}],"replies":[{"embeddable":true,"href":"https:\/\/kocaelisaglik.edu.tr\/sosyal-ve-beseri\/wp-json\/wp\/v2\/comments?post=7474"}],"version-history":[{"count":10,"href":"https:\/\/kocaelisaglik.edu.tr\/sosyal-ve-beseri\/wp-json\/wp\/v2\/pages\/7474\/revisions"}],"predecessor-version":[{"id":7723,"href":"https:\/\/kocaelisaglik.edu.tr\/sosyal-ve-beseri\/wp-json\/wp\/v2\/pages\/7474\/revisions\/7723"}],"wp:attachment":[{"href":"https:\/\/kocaelisaglik.edu.tr\/sosyal-ve-beseri\/wp-json\/wp\/v2\/media?parent=7474"}],"curies":[{"name":"wp","href":"https:\/\/api.w.org\/{rel}","templated":true}]}}