{"id":7431,"date":"2023-02-03T14:24:15","date_gmt":"2023-02-03T11:24:15","guid":{"rendered":"https:\/\/kocaelisaglik.edu.tr\/sosyal-ve-beseri\/?page_id=7431"},"modified":"2026-02-06T14:45:03","modified_gmt":"2026-02-06T11:45:03","slug":"fakulte-kurulu","status":"publish","type":"page","link":"https:\/\/kocaelisaglik.edu.tr\/sosyal-ve-beseri\/fakulte-kurulu\/","title":{"rendered":"Fak\u00fclte Kurulu"},"content":{"rendered":"<div class=\"wpb-content-wrapper\"><p>[vc_row][vc_column][vc_row_inner][vc_column_inner width=&#8221;1\/3&#8243;][vc_single_image image=&#8221;7769&#8243; alignment=&#8221;center&#8221; style=&#8221;vc_box_outline&#8221;][\/vc_column_inner][vc_column_inner width=&#8221;2\/3&#8243;][vc_column_text]<strong>Prof. Dr. Firdevs KARAHAN<\/strong><\/p>\n<p><strong>Sosyal ve Be\u015feri Bilimler Fak\u00fcltesi Dekan V.<\/strong><\/p>\n<p><a href=\"mailto:firdevs.karahan@kocaelisaglik.edu.tr\">firdevs.karahan@kocaelisaglik.edu.tr<\/a>[\/vc_column_text][\/vc_column_inner][\/vc_row_inner][vc_separator][\/vc_column][\/vc_row][vc_row][vc_column][vc_row_inner][vc_column_inner width=&#8221;1\/3&#8243;][vc_single_image image=&#8221;7588&#8243; alignment=&#8221;center&#8221; style=&#8221;vc_box_outline&#8221;][\/vc_column_inner][vc_column_inner width=&#8221;2\/3&#8243;][vc_column_text]<strong>Dr. \u00d6\u011fr. \u00dcyesi Ali Ruhan \u00c7EL\u0130K<\/strong><\/p>\n<p><strong>Psikoloji B\u00f6l\u00fcm Ba\u015fkan\u0131<\/strong><\/p>\n<p><a href=\"mailto:aliruhan.celik@kocaelisaglik.edu.tr\">aliruhan.celik@kocaelisaglik.edu.tr<\/a>[\/vc_column_text][\/vc_column_inner][\/vc_row_inner][vc_separator][\/vc_column][\/vc_row][vc_row][vc_column][vc_row_inner][vc_column_inner width=&#8221;1\/3&#8243;][vc_single_image image=&#8221;7918&#8243; alignment=&#8221;center&#8221; style=&#8221;vc_box_outline&#8221;][\/vc_column_inner][vc_column_inner width=&#8221;2\/3&#8243;][vc_column_text]<strong>Dr. \u00d6\u011fr. \u00dcyesi Ekrem BULUT<\/strong><\/p>\n<p><strong>\u0130\u015fletme B\u00f6l\u00fcm Ba\u015fkan\u0131<\/strong><\/p>\n<p><a href=\"mailto:ekrem.bulut@kocaelisaglik.edu.tr\">ekrem.bulut@kocaelisaglik.edu.tr<\/a>[\/vc_column_text][\/vc_column_inner][\/vc_row_inner][vc_separator][\/vc_column][\/vc_row][vc_row][vc_column][vc_row_inner][vc_column_inner width=&#8221;1\/3&#8243;][vc_single_image image=&#8221;7732&#8243; alignment=&#8221;center&#8221; style=&#8221;vc_box_outline&#8221;][\/vc_column_inner][vc_column_inner width=&#8221;2\/3&#8243;][vc_column_text]<strong>Do\u00e7. Dr. Murat AT\u0130K<\/strong><\/p>\n<p><strong>Uluslararas\u0131 Ticaret ve Finansman B\u00f6l\u00fcm Ba\u015fkan\u0131<\/strong><\/p>\n<p><a href=\"mailto:murat.atik@kocaelisaglik.edu.tr\">murat.atik@kocaelisaglik.edu.tr<\/a>[\/vc_column_text][\/vc_column_inner][\/vc_row_inner][vc_separator][\/vc_column][\/vc_row][vc_row][vc_column][vc_row_inner][vc_column_inner width=&#8221;1\/3&#8243;][vc_single_image image=&#8221;7644&#8243; alignment=&#8221;center&#8221; style=&#8221;vc_box_outline&#8221;][\/vc_column_inner][vc_column_inner width=&#8221;2\/3&#8243;][vc_column_text]<strong>Prof. Dr. Yurdanur D\u0130KMEN<\/strong><\/p>\n<p><strong>Profes\u00f6r Temsilci \u00dcye<\/strong><\/p>\n<p><a href=\"mailto:yurdanur.dikmen@kocaelisaglik.edu.tr\">yurdanur.dikmen@kocaelisaglik.edu.tr<\/a>[\/vc_column_text][\/vc_column_inner][\/vc_row_inner][vc_separator][\/vc_column][\/vc_row][vc_row][vc_column][vc_row_inner][vc_column_inner width=&#8221;1\/3&#8243;][vc_single_image image=&#8221;7890&#8243; alignment=&#8221;center&#8221; style=&#8221;vc_box_outline&#8221;][\/vc_column_inner][vc_column_inner width=&#8221;2\/3&#8243;][vc_column_text]<strong>Prof. Dr. Fuat AHMETO\u011eLU<\/strong><\/p>\n<p><strong>Profes\u00f6r Temsilci \u00dcye<\/strong><\/p>\n<p><a href=\"mailto:fuat.ahmetoglu@kocaelisaglik.edu.tr\">fuat.ahmetoglu@kocaelisaglik.edu.tr<\/a>[\/vc_column_text][\/vc_column_inner][\/vc_row_inner][vc_separator][\/vc_column][\/vc_row][vc_row][vc_column][vc_row_inner][vc_column_inner width=&#8221;1\/3&#8243;][vc_single_image image=&#8221;7887&#8243; alignment=&#8221;center&#8221; style=&#8221;vc_box_outline&#8221;][\/vc_column_inner][vc_column_inner width=&#8221;2\/3&#8243;][vc_column_text]<strong>Prof. Dr. Hamit CO\u015eKUN<\/strong><\/p>\n<p><strong>Profes\u00f6r Temsilci \u00dcye<\/strong><\/p>\n<p><a href=\"mailto:hamit.coskun@kocaelisaglik.edu.tr\">hamit.coskun@kocaelisaglik.edu.tr<\/a>[\/vc_column_text][\/vc_column_inner][\/vc_row_inner][vc_separator][\/vc_column][\/vc_row][vc_row][vc_column][vc_row_inner][vc_column_inner width=&#8221;1\/3&#8243;][vc_single_image image=&#8221;7646&#8243; alignment=&#8221;center&#8221; style=&#8221;vc_box_outline&#8221;][\/vc_column_inner][vc_column_inner width=&#8221;2\/3&#8243;][vc_column_text]<strong>Do\u00e7. Dr. Ghassan \u0130SSA<\/strong><\/p>\n<p><strong>Do\u00e7ent Temsilci \u00dcye<\/strong><\/p>\n<p><a href=\"mailto:ghassan.issa@kocaelisaglik.edu.tr\">ghassan.issa@kocaelisaglik.edu.tr<\/a>[\/vc_column_text][\/vc_column_inner][\/vc_row_inner][vc_separator][\/vc_column][\/vc_row][vc_row][vc_column][vc_row_inner][vc_column_inner width=&#8221;1\/3&#8243;][vc_single_image image=&#8221;7732&#8243; alignment=&#8221;center&#8221; style=&#8221;vc_box_outline&#8221;][\/vc_column_inner][vc_column_inner width=&#8221;2\/3&#8243;][vc_column_text]<strong>Do\u00e7. Dr. Murat AT\u0130K<\/strong><\/p>\n<p><strong>Do\u00e7ent Temsilci \u00dcye<\/strong><\/p>\n<p><a href=\"mailto:murat.atik@kocaelisaglik.edu.tr\">murat.atik@kocaelisaglik.edu.tr<\/a>[\/vc_column_text][\/vc_column_inner][\/vc_row_inner][vc_separator][\/vc_column][\/vc_row][vc_row][vc_column][vc_row_inner][vc_column_inner width=&#8221;1\/3&#8243;][vc_single_image image=&#8221;7588&#8243; alignment=&#8221;center&#8221; style=&#8221;vc_box_outline&#8221;][\/vc_column_inner][vc_column_inner width=&#8221;2\/3&#8243;][vc_column_text]<strong>Dr. \u00d6\u011fr. \u00dcyesi Ali Ruhan \u00c7EL\u0130K<\/strong><\/p>\n<p><strong>Dr. \u00d6\u011fr. \u00dcyesi Temsilci \u00dcye<\/strong><\/p>\n<p><a href=\"mailto:aliruhan.celik@kocaelisaglik.edu.tr\">aliruhan.celik@kocaelisaglik.edu.tr<\/a>[\/vc_column_text][\/vc_column_inner][\/vc_row_inner][\/vc_column][\/vc_row]<\/p>\n<\/div>","protected":false},"excerpt":{"rendered":"<p>[vc_row][vc_column][vc_row_inner][vc_column_inner width=&#8221;1\/3&#8243;][vc_single_image image=&#8221;7769&#8243; alignment=&#8221;center&#8221; style=&#8221;vc_box_outline&#8221;][\/vc_column_inner][vc_column_inner width=&#8221;2\/3&#8243;][vc_column_text]Prof. Dr. Firdevs KARAHAN Sosyal ve Be\u015feri Bilimler Fak\u00fcltesi Dekan V. firdevs.karahan@kocaelisaglik.edu.tr[\/vc_column_text][\/vc_column_inner][\/vc_row_inner][vc_separator][\/vc_column][\/vc_row][vc_row][vc_column][vc_row_inner][vc_column_inner width=&#8221;1\/3&#8243;][vc_single_image image=&#8221;7588&#8243; alignment=&#8221;center&#8221; style=&#8221;vc_box_outline&#8221;][\/vc_column_inner][vc_column_inner width=&#8221;2\/3&#8243;][vc_column_text]Dr. \u00d6\u011fr. \u00dcyesi Ali Ruhan \u00c7EL\u0130K Psikoloji B\u00f6l\u00fcm Ba\u015fkan\u0131 aliruhan.celik@kocaelisaglik.edu.tr[\/vc_column_text][\/vc_column_inner][\/vc_row_inner][vc_separator][\/vc_column][\/vc_row][vc_row][vc_column][vc_row_inner][vc_column_inner width=&#8221;1\/3&#8243;][vc_single_image image=&#8221;7918&#8243; alignment=&#8221;center&#8221; style=&#8221;vc_box_outline&#8221;][\/vc_column_inner][vc_column_inner width=&#8221;2\/3&#8243;][vc_column_text]Dr. \u00d6\u011fr. \u00dcyesi Ekrem BULUT &hellip; <\/p>\n","protected":false},"author":12,"featured_media":0,"parent":0,"menu_order":0,"comment_status":"closed","ping_status":"closed","template":"","meta":{"footnotes":""},"_links":{"self":[{"href":"https:\/\/kocaelisaglik.edu.tr\/sosyal-ve-beseri\/wp-json\/wp\/v2\/pages\/7431"}],"collection":[{"href":"https:\/\/kocaelisaglik.edu.tr\/sosyal-ve-beseri\/wp-json\/wp\/v2\/pages"}],"about":[{"href":"https:\/\/kocaelisaglik.edu.tr\/sosyal-ve-beseri\/wp-json\/wp\/v2\/types\/page"}],"author":[{"embeddable":true,"href":"https:\/\/kocaelisaglik.edu.tr\/sosyal-ve-beseri\/wp-json\/wp\/v2\/users\/12"}],"replies":[{"embeddable":true,"href":"https:\/\/kocaelisaglik.edu.tr\/sosyal-ve-beseri\/wp-json\/wp\/v2\/comments?post=7431"}],"version-history":[{"count":12,"href":"https:\/\/kocaelisaglik.edu.tr\/sosyal-ve-beseri\/wp-json\/wp\/v2\/pages\/7431\/revisions"}],"predecessor-version":[{"id":7945,"href":"https:\/\/kocaelisaglik.edu.tr\/sosyal-ve-beseri\/wp-json\/wp\/v2\/pages\/7431\/revisions\/7945"}],"wp:attachment":[{"href":"https:\/\/kocaelisaglik.edu.tr\/sosyal-ve-beseri\/wp-json\/wp\/v2\/media?parent=7431"}],"curies":[{"name":"wp","href":"https:\/\/api.w.org\/{rel}","templated":true}]}}