{"id":6908,"date":"2020-12-06T23:41:58","date_gmt":"2020-12-06T20:41:58","guid":{"rendered":"https:\/\/kocaelisaglik.edu.tr\/dishekimligi\/?page_id=6908"},"modified":"2022-11-24T15:41:43","modified_gmt":"2022-11-24T12:41:43","slug":"misyon-vizyon","status":"publish","type":"page","link":"https:\/\/kocaelisaglik.edu.tr\/sosyal-ve-beseri\/misyon-vizyon\/","title":{"rendered":"Misyon ve Vizyon"},"content":{"rendered":"<div class=\"wpb-content-wrapper\"><p>[vc_row][vc_column][vc_column_text]<strong>Misyonumuz<\/strong><\/p>\n<p>Ulusal ve uluslararas\u0131 boyutta geli\u015fmeleri takip eden, etik de\u011ferler \u00e7er\u00e7evesinde \u00e7a\u011fda\u015f bilimsel y\u00f6ntemlerle \u00f6zg\u00fcn uygulamalarda bulunan, mesleki, ki\u015fisel ve sosyal a\u00e7\u0131dan y\u00fcksek niteliklerle donanm\u0131\u015f mezunlar vermek.<\/p>\n<p>&nbsp;<\/p>\n<p><strong>Vizyonumuz<\/strong><\/p>\n<p>Alan\u0131nda gerekli bilgi, beceri ve yetenekleri edinmi\u015f, geli\u015fime a\u00e7\u0131k, giri\u015fimci ve lider \u00f6zelliklere sahip kendini ger\u00e7ekle\u015ftiren bireyler yeti\u015ftiren bir fak\u00fclte olmak.<\/p>\n<p>[\/vc_column_text][\/vc_column][\/vc_row]<\/p>\n<\/div>","protected":false},"excerpt":{"rendered":"<p>[vc_row][vc_column][vc_column_text]Misyonumuz Ulusal ve uluslararas\u0131 boyutta geli\u015fmeleri takip eden, etik de\u011ferler \u00e7er\u00e7evesinde \u00e7a\u011fda\u015f bilimsel y\u00f6ntemlerle \u00f6zg\u00fcn uygulamalarda bulunan, mesleki, ki\u015fisel ve sosyal a\u00e7\u0131dan y\u00fcksek niteliklerle donanm\u0131\u015f mezunlar vermek. &nbsp; Vizyonumuz Alan\u0131nda gerekli bilgi, beceri ve yetenekleri edinmi\u015f, geli\u015fime a\u00e7\u0131k, giri\u015fimci ve &hellip; <\/p>\n","protected":false},"author":11,"featured_media":0,"parent":0,"menu_order":0,"comment_status":"closed","ping_status":"closed","template":"","meta":{"footnotes":""},"_links":{"self":[{"href":"https:\/\/kocaelisaglik.edu.tr\/sosyal-ve-beseri\/wp-json\/wp\/v2\/pages\/6908"}],"collection":[{"href":"https:\/\/kocaelisaglik.edu.tr\/sosyal-ve-beseri\/wp-json\/wp\/v2\/pages"}],"about":[{"href":"https:\/\/kocaelisaglik.edu.tr\/sosyal-ve-beseri\/wp-json\/wp\/v2\/types\/page"}],"author":[{"embeddable":true,"href":"https:\/\/kocaelisaglik.edu.tr\/sosyal-ve-beseri\/wp-json\/wp\/v2\/users\/11"}],"replies":[{"embeddable":true,"href":"https:\/\/kocaelisaglik.edu.tr\/sosyal-ve-beseri\/wp-json\/wp\/v2\/comments?post=6908"}],"version-history":[{"count":3,"href":"https:\/\/kocaelisaglik.edu.tr\/sosyal-ve-beseri\/wp-json\/wp\/v2\/pages\/6908\/revisions"}],"predecessor-version":[{"id":7347,"href":"https:\/\/kocaelisaglik.edu.tr\/sosyal-ve-beseri\/wp-json\/wp\/v2\/pages\/6908\/revisions\/7347"}],"wp:attachment":[{"href":"https:\/\/kocaelisaglik.edu.tr\/sosyal-ve-beseri\/wp-json\/wp\/v2\/media?parent=6908"}],"curies":[{"name":"wp","href":"https:\/\/api.w.org\/{rel}","templated":true}]}}