{"id":6898,"date":"2020-12-06T23:38:23","date_gmt":"2020-12-06T20:38:23","guid":{"rendered":"https:\/\/kocaelisaglik.edu.tr\/dishekimligi\/?page_id=6898"},"modified":"2026-02-06T14:42:44","modified_gmt":"2026-02-06T11:42:44","slug":"dekanin-mesaji","status":"publish","type":"page","link":"https:\/\/kocaelisaglik.edu.tr\/sosyal-ve-beseri\/dekanin-mesaji\/","title":{"rendered":"Dekan\u0131n Mesaj\u0131"},"content":{"rendered":"<div class=\"wpb-content-wrapper\"><p>[vc_row][vc_column width=&#8221;1\/2&#8243;][vc_single_image image=&#8221;7769&#8243; img_size=&#8221;large&#8221; alignment=&#8221;center&#8221; style=&#8221;vc_box_outline&#8221;][\/vc_column][vc_column width=&#8221;1\/2&#8243;][vc_column_text]<\/p>\n<p style=\"font-weight: 400;\">Sevgili Arkada\u015flar,<\/p>\n<p style=\"font-weight: 400;\">Gen\u00e7 ve dinamik \u00dcniversitemize \u00f6ncelikle \u2018ho\u015f geldiniz\u2019. 2022-2023 akademik y\u0131l\u0131 itibariyle Psikoloji B\u00f6l\u00fcm\u00fc ile ba\u015flad\u0131\u011f\u0131m\u0131z e\u011fitim-\u00f6\u011fretim faaliyetlerimizin ilk kat\u0131l\u0131mc\u0131lar\u0131 olarak sizleri g\u00f6n\u00fclden tebrik ediyorum. Yo\u011fun bir s\u0131nav maratonunun ard\u0131ndan, alan\u0131n\u0131zda g\u00fcncel bilgi ve uygulamalar\u0131 yetkin ve donan\u0131ml\u0131 \u00f6\u011fretim elemanlar\u0131m\u0131zdan \u00f6\u011frenece\u011finiz bir ortamdas\u0131n\u0131z. Burada sadece mesleki bilgi de\u011fil, bireysel ve sosyal yetkinliklerinizi de art\u0131rmaya y\u00f6nelik s\u0131n\u0131f-i\u00e7i ve d\u0131\u015f\u0131 etkinliklerle, i\u00e7inde bulundu\u011fumuz \u00e7a\u011f\u0131n getirdi\u011fi\/gerektirdi\u011fi yabanc\u0131 dil ve teknolojik olanaklarla ulusal ve uluslararas\u0131 d\u00fczeyde donan\u0131ml\u0131 bireyler olarak yeti\u015fmenizi \u00e7ok \u00f6nemsemekteyiz. \u00dcniversitemizin benimsedi\u011fi \u201cyeterliliklere dayal\u0131 esnek \u00f6\u011frenme modeli\u201d ile \u2018kal\u0131c\u0131 ve derin \u00f6\u011frenmenin\u2019, kurum i\u00e7inden ba\u015flay\u0131p kurum d\u0131\u015f\u0131 i\u015f birliklerimizle destekledi\u011fimiz, sizlerin \u2018aktif\u2019 olarak kat\u0131l\u0131m\u0131n\u0131zla ger\u00e7ekle\u015fecek bir \u00f6\u011frenme ser\u00fcvenini sizlerle payla\u015fman\u0131n heyecan\u0131n\u0131 ya\u015f\u0131yoruz.<\/p>\n<p style=\"font-weight: 400;\">\u00dcniversite e\u011fitiminiz boyunca akademik \u00e7al\u0131\u015fma becerilerini edinmekten evrensel etik de\u011ferler \u00e7er\u00e7evesinde mesleki uygulamalar yapmaya; \u201cya\u015fam\u201d a dair her konuda geli\u015ftirece\u011finiz duyarl\u0131l\u0131kla \u00e7\u00f6z\u00fcm\u00fcn bir par\u00e7as\u0131 olmay\u0131 \u00f6\u011frenmeye; ba\u015fka k\u00fclt\u00fcrlerden \u00f6\u011freneceklerinizi kendi de\u011ferlerimizle sentezleyerek evrensel \u2018de\u011fer\u2019 \u00fcretmeye ve birey olarak \u201ckendinizi ger\u00e7ekle\u015ftirme\u201d ye kadar geni\u015f bir yelpazede \u00e7al\u0131\u015fmalar yapacaks\u0131n\u0131z. Bu \u00e7al\u0131\u015fmalar sizin g\u00f6sterece\u011finiz giri\u015fkenlik, istek, motivasyon ve merak duygusuyla zenginle\u015fecek ve daha anlaml\u0131 hale gelecek.<\/p>\n<p style=\"font-weight: 400;\">4 y\u0131ll\u0131k bilgi miras\u0131yla t\u00fcm hayat\u0131m\u0131z\u0131 ge\u00e7iremeyece\u011fimiz bir \u00e7a\u011fda ya\u015f\u0131yoruz. Post-modern d\u00f6nemin gerektirdi\u011fi disiplinler aras\u0131 \u00e7al\u0131\u015fmalarla kendini ya\u015fam boyu ve ya\u015fam\u0131n her alan\u0131nda s\u00fcrekli g\u00fcncellerken temel \u2018iyi insan\u2019 olma \u00f6zelliklerini \u00f6z\u00fcmsemi\u015f; bunu \u00e7evresi ile uyumlu bir \u015fekilde ya\u015farken de\u011fi\u015ftiren, d\u00f6n\u00fc\u015ft\u00fcren ve geli\u015ftiren bireyler olma yolunda yan\u0131n\u0131zda oldu\u011fumuzu bilmenizi isterim. Nice g\u00fczel ba\u015far\u0131lara ekip olarak sizlerle birlikte imza atmak dile\u011fiyle\u2026<\/p>\n<p style=\"font-weight: 400;\"><strong>Prof. Dr. Firdevs KARAHAN<\/strong><\/p>\n<p style=\"font-weight: 400;\">Sosyal ve Be\u015feri Bilimler Fak\u00fcltesi Dekan V.<\/p>\n<p>[\/vc_column_text][\/vc_column][\/vc_row]<\/p>\n<\/div>","protected":false},"excerpt":{"rendered":"<p>[vc_row][vc_column width=&#8221;1\/2&#8243;][vc_single_image image=&#8221;7769&#8243; img_size=&#8221;large&#8221; alignment=&#8221;center&#8221; style=&#8221;vc_box_outline&#8221;][\/vc_column][vc_column width=&#8221;1\/2&#8243;][vc_column_text] Sevgili Arkada\u015flar, Gen\u00e7 ve dinamik \u00dcniversitemize \u00f6ncelikle \u2018ho\u015f geldiniz\u2019. 2022-2023 akademik y\u0131l\u0131 itibariyle Psikoloji B\u00f6l\u00fcm\u00fc ile ba\u015flad\u0131\u011f\u0131m\u0131z e\u011fitim-\u00f6\u011fretim faaliyetlerimizin ilk kat\u0131l\u0131mc\u0131lar\u0131 olarak sizleri g\u00f6n\u00fclden tebrik ediyorum. Yo\u011fun bir s\u0131nav maratonunun ard\u0131ndan, alan\u0131n\u0131zda g\u00fcncel &hellip; <\/p>\n","protected":false},"author":11,"featured_media":0,"parent":0,"menu_order":0,"comment_status":"closed","ping_status":"closed","template":"","meta":{"footnotes":""},"_links":{"self":[{"href":"https:\/\/kocaelisaglik.edu.tr\/sosyal-ve-beseri\/wp-json\/wp\/v2\/pages\/6898"}],"collection":[{"href":"https:\/\/kocaelisaglik.edu.tr\/sosyal-ve-beseri\/wp-json\/wp\/v2\/pages"}],"about":[{"href":"https:\/\/kocaelisaglik.edu.tr\/sosyal-ve-beseri\/wp-json\/wp\/v2\/types\/page"}],"author":[{"embeddable":true,"href":"https:\/\/kocaelisaglik.edu.tr\/sosyal-ve-beseri\/wp-json\/wp\/v2\/users\/11"}],"replies":[{"embeddable":true,"href":"https:\/\/kocaelisaglik.edu.tr\/sosyal-ve-beseri\/wp-json\/wp\/v2\/comments?post=6898"}],"version-history":[{"count":8,"href":"https:\/\/kocaelisaglik.edu.tr\/sosyal-ve-beseri\/wp-json\/wp\/v2\/pages\/6898\/revisions"}],"predecessor-version":[{"id":7943,"href":"https:\/\/kocaelisaglik.edu.tr\/sosyal-ve-beseri\/wp-json\/wp\/v2\/pages\/6898\/revisions\/7943"}],"wp:attachment":[{"href":"https:\/\/kocaelisaglik.edu.tr\/sosyal-ve-beseri\/wp-json\/wp\/v2\/media?parent=6898"}],"curies":[{"name":"wp","href":"https:\/\/api.w.org\/{rel}","templated":true}]}}