{"id":6896,"date":"2020-12-06T23:13:07","date_gmt":"2020-12-06T20:13:07","guid":{"rendered":"https:\/\/kocaelisaglik.edu.tr\/dishekimligi\/?page_id=6893"},"modified":"2026-04-16T16:16:30","modified_gmt":"2026-04-16T13:16:30","slug":"akademik-kadro","status":"publish","type":"page","link":"https:\/\/kocaelisaglik.edu.tr\/sosyal-ve-beseri\/akademik-kadro\/","title":{"rendered":"Akademik Kadro"},"content":{"rendered":"<div class=\"wpb-content-wrapper\"><p>[vc_row][vc_column width=&#8221;1\/3&#8243;][\/vc_column][vc_column width=&#8221;1\/3&#8243;][vc_single_image image=&#8221;7769&#8243; alignment=&#8221;center&#8221; style=&#8221;vc_box_outline&#8221;][vc_column_text]<\/p>\n<p style=\"text-align: center;\"><a href=\"https:\/\/kocaelisaglik.edu.tr\/firdevs-karahan\/\"><strong>Prof. Dr.<\/strong><\/a><\/p>\n<p style=\"text-align: center;\"><a href=\"https:\/\/kocaelisaglik.edu.tr\/firdevs-karahan\/\"><strong>Firdevs KARAHAN<\/strong><\/a><\/p>\n<h5 style=\"text-align: center;\"><strong>Sosyal ve Be\u015feri Bilimler Fak\u00fcltesi Dekan V.<\/strong><\/h5>\n<p>[\/vc_column_text][\/vc_column][vc_column width=&#8221;1\/3&#8243;][\/vc_column][\/vc_row][vc_row][vc_column][vc_separator][\/vc_column][\/vc_row][vc_row][vc_column width=&#8221;1\/4&#8243;][vc_single_image image=&#8221;7588&#8243; alignment=&#8221;center&#8221; style=&#8221;vc_box_outline&#8221;][vc_column_text]<\/p>\n<p style=\"text-align: center;\"><a href=\"https:\/\/kocaelisaglik.edu.tr\/sosyal-ve-beseri\/ali-ruhan-celik\/\"><strong>Dr. \u00d6\u011fr. \u00dcyesi<\/strong><\/a><\/p>\n<h4 style=\"text-align: center;\"><a href=\"https:\/\/kocaelisaglik.edu.tr\/sosyal-ve-beseri\/ali-ruhan-celik\/\"><strong>Ali Ruhan \u00c7EL\u0130K<\/strong><\/a><\/h4>\n<h5 style=\"text-align: center;\"><strong>Sosyal ve Be\u015feri Bilimler Fak\u00fcltesi Dekan Yard\u0131mc\u0131s\u0131<\/strong><\/h5>\n<p>[\/vc_column_text][\/vc_column][vc_column width=&#8221;1\/4&#8243;][vc_single_image image=&#8221;7766&#8243; alignment=&#8221;center&#8221; style=&#8221;vc_box_outline&#8221;][vc_column_text]<\/p>\n<p style=\"text-align: center;\"><a href=\"https:\/\/kocaelisaglik.edu.tr\/gul-cicek-zengin-bintas\/\"><b>Dr. \u00d6\u011fr. \u00dcyesi<\/b><\/a><\/p>\n<h4 style=\"text-align: center;\"><a href=\"https:\/\/kocaelisaglik.edu.tr\/gul-cicek-zengin-bintas\/\"><strong>G\u00fcl \u00c7i\u00e7ek ZENG\u0130N B\u0130NTA\u015e<\/strong><\/a><\/h4>\n<h5 style=\"text-align: center;\"><strong>Sosyal ve Be\u015feri Bilimler Fak\u00fcltesi Dekan Yard\u0131mc\u0131s\u0131<\/strong><\/h5>\n<p>[\/vc_column_text][\/vc_column][vc_column width=&#8221;1\/4&#8243;][vc_single_image image=&#8221;7887&#8243; alignment=&#8221;center&#8221; style=&#8221;vc_box_outline&#8221;][vc_column_text]<\/p>\n<p style=\"text-align: center;\"><a href=\"#\"><b>Prof. Dr.<\/b><\/a><\/p>\n<h4 style=\"text-align: center;\"><a href=\"#\"><strong>Hamit CO\u015eKUN<\/strong><\/a><\/h4>\n<h5 style=\"text-align: center;\"><strong>Sosyal ve Be\u015feri Bilimler Fak\u00fcltesi<\/strong><\/h5>\n<p>[\/vc_column_text][\/vc_column][vc_column width=&#8221;1\/4&#8243;][vc_single_image image=&#8221;7732&#8243; alignment=&#8221;center&#8221; style=&#8221;vc_box_outline&#8221;][vc_column_text]<\/p>\n<p style=\"text-align: center;\"><a href=\"https:\/\/kocaelisaglik.edu.tr\/sosyal-ve-beseri\/murat-atik\/\"><b>Do\u00e7. Dr.<\/b><\/a><\/p>\n<h4 style=\"text-align: center;\"><a href=\"https:\/\/kocaelisaglik.edu.tr\/sosyal-ve-beseri\/murat-atik\/\"><strong>Murat AT\u0130K<\/strong><\/a><\/h4>\n<h5 style=\"text-align: center;\"><strong>Sosyal ve Be\u015feri Bilimler Fak\u00fcltesi<\/strong><\/h5>\n<p>[\/vc_column_text][\/vc_column][\/vc_row][vc_row][vc_column][vc_separator][\/vc_column][\/vc_row][vc_row][vc_column width=&#8221;1\/4&#8243;][vc_single_image image=&#8221;7918&#8243; alignment=&#8221;center&#8221; style=&#8221;vc_box_outline&#8221;][vc_column_text]<\/p>\n<p style=\"text-align: center;\"><a href=\"https:\/\/kocaelisaglik.edu.tr\/sosyal-ve-beseri\/ekrem-bulut\/\"><b>Dr. \u00d6\u011fr. \u00dcyesi<\/b><\/a><\/p>\n<h4 style=\"text-align: center;\"><a href=\"https:\/\/kocaelisaglik.edu.tr\/sosyal-ve-beseri\/ekrem-bulut\/\"><strong>Ekrem <\/strong><strong>BULUT<\/strong><\/a><\/h4>\n<h5 style=\"text-align: center;\"><strong>Sosyal ve Be\u015feri Bilimler Fak\u00fcltesi<\/strong><\/h5>\n<p>[\/vc_column_text][\/vc_column][vc_column width=&#8221;1\/4&#8243;][vc_single_image image=&#8221;7734&#8243; alignment=&#8221;center&#8221; style=&#8221;vc_box_outline&#8221;][vc_column_text]<\/p>\n<p style=\"text-align: center;\"><a href=\"https:\/\/kocaelisaglik.edu.tr\/sosyal-ve-beseri\/kubra-ipci-celik\/\"><b>Dr. \u00d6\u011fr. \u00dcyesi<\/b><\/a><\/p>\n<h4 style=\"text-align: center;\"><a href=\"https:\/\/kocaelisaglik.edu.tr\/sosyal-ve-beseri\/kubra-ipci-celik\/\"><strong>K\u00fcbra \u0130P\u00c7\u0130 \u00c7EL\u0130K<\/strong><\/a><\/h4>\n<h5 style=\"text-align: center;\"><strong>Sosyal ve Be\u015feri Bilimler Fak\u00fcltesi<\/strong><\/h5>\n<p>[\/vc_column_text][\/vc_column][vc_column width=&#8221;1\/4&#8243;][vc_single_image image=&#8221;7447&#8243; alignment=&#8221;center&#8221; style=&#8221;vc_box_outline&#8221;][vc_column_text]<\/p>\n<p style=\"text-align: center;\"><a href=\"#\"><b>Ar\u015f. G\u00f6r.<\/b><\/a><\/p>\n<h4 style=\"text-align: center;\"><a href=\"#\">Fat\u0131ma BALCI<\/a><\/h4>\n<h5 style=\"text-align: center;\"><strong>Sosyal ve Be\u015feri Bilimler Fak\u00fcltesi<\/strong><\/h5>\n<p>[\/vc_column_text][\/vc_column][vc_column width=&#8221;1\/4&#8243;][vc_single_image image=&#8221;7447&#8243; alignment=&#8221;center&#8221; style=&#8221;vc_box_outline&#8221;][vc_column_text]<\/p>\n<p style=\"text-align: center;\"><a href=\"#\"><b>\u00d6\u011fr. G\u00f6r. Dr.<br \/>\n(K\u0131smi Zamanl\u0131)<\/b><\/a><\/p>\n<h4 style=\"text-align: center;\"><a href=\"#\">Burak KAPLAN<\/a><\/h4>\n<h5 style=\"text-align: center;\"><strong>Sosyal ve Be\u015feri Bilimler Fak\u00fcltesi<\/strong><\/h5>\n<p>[\/vc_column_text][\/vc_column][\/vc_row]<\/p>\n<\/div>","protected":false},"excerpt":{"rendered":"<p>[vc_row][vc_column width=&#8221;1\/3&#8243;][\/vc_column][vc_column width=&#8221;1\/3&#8243;][vc_single_image image=&#8221;7769&#8243; alignment=&#8221;center&#8221; style=&#8221;vc_box_outline&#8221;][vc_column_text] Prof. Dr. Firdevs KARAHAN Sosyal ve Be\u015feri Bilimler Fak\u00fcltesi Dekan V. [\/vc_column_text][\/vc_column][vc_column width=&#8221;1\/3&#8243;][\/vc_column][\/vc_row][vc_row][vc_column][vc_separator][\/vc_column][\/vc_row][vc_row][vc_column width=&#8221;1\/4&#8243;][vc_single_image image=&#8221;7588&#8243; alignment=&#8221;center&#8221; style=&#8221;vc_box_outline&#8221;][vc_column_text] Dr. \u00d6\u011fr. \u00dcyesi Ali Ruhan \u00c7EL\u0130K Sosyal ve Be\u015feri Bilimler Fak\u00fcltesi Dekan Yard\u0131mc\u0131s\u0131 [\/vc_column_text][\/vc_column][vc_column width=&#8221;1\/4&#8243;][vc_single_image image=&#8221;7766&#8243; alignment=&#8221;center&#8221; &hellip; <\/p>\n","protected":false},"author":11,"featured_media":0,"parent":0,"menu_order":0,"comment_status":"closed","ping_status":"closed","template":"","meta":{"footnotes":""},"_links":{"self":[{"href":"https:\/\/kocaelisaglik.edu.tr\/sosyal-ve-beseri\/wp-json\/wp\/v2\/pages\/6896"}],"collection":[{"href":"https:\/\/kocaelisaglik.edu.tr\/sosyal-ve-beseri\/wp-json\/wp\/v2\/pages"}],"about":[{"href":"https:\/\/kocaelisaglik.edu.tr\/sosyal-ve-beseri\/wp-json\/wp\/v2\/types\/page"}],"author":[{"embeddable":true,"href":"https:\/\/kocaelisaglik.edu.tr\/sosyal-ve-beseri\/wp-json\/wp\/v2\/users\/11"}],"replies":[{"embeddable":true,"href":"https:\/\/kocaelisaglik.edu.tr\/sosyal-ve-beseri\/wp-json\/wp\/v2\/comments?post=6896"}],"version-history":[{"count":36,"href":"https:\/\/kocaelisaglik.edu.tr\/sosyal-ve-beseri\/wp-json\/wp\/v2\/pages\/6896\/revisions"}],"predecessor-version":[{"id":7967,"href":"https:\/\/kocaelisaglik.edu.tr\/sosyal-ve-beseri\/wp-json\/wp\/v2\/pages\/6896\/revisions\/7967"}],"wp:attachment":[{"href":"https:\/\/kocaelisaglik.edu.tr\/sosyal-ve-beseri\/wp-json\/wp\/v2\/media?parent=6896"}],"curies":[{"name":"wp","href":"https:\/\/api.w.org\/{rel}","templated":true}]}}