{"id":9505,"date":"2025-12-15T15:18:34","date_gmt":"2025-12-15T12:18:34","guid":{"rendered":"https:\/\/kocaelisaglik.edu.tr\/saglik\/?page_id=9505"},"modified":"2025-12-15T15:18:34","modified_gmt":"2025-12-15T12:18:34","slug":"ogrenci-kulupleri-2","status":"publish","type":"page","link":"https:\/\/kocaelisaglik.edu.tr\/saglik\/ogrenci-kulupleri-2\/","title":{"rendered":"\u00d6\u011frenci Kul\u00fcpleri"},"content":{"rendered":"<ul>\n<li><strong>Kul\u00fcp Dan\u0131\u015fman Hocas\u0131<\/strong>:\u00a0 Dr. \u00d6\u011fr \u00dcyesi Ebru \u00c7ALI\u015eKAN<\/li>\n<li><strong>Kul\u00fcp Ba\u015fkan\u0131<\/strong>:\u00a0 Zeynep G\u00d6\u00c7ER EK\u0130Z<\/li>\n<li><strong>Kul\u00fcp Kurucu \u00dcyeleri<\/strong>: Zeynep G\u00d6\u00c7ER EK\u0130Z, Nurg\u00fcl A\u00c7IKG\u00d6Z, Eyl\u00fcl \u00a0OR, Ay\u015fenur EREL, Melek B\u0130N\u0130C\u0130, \u0130lke SERT, Ay\u015fenur EREN, S\u0131la G\u00dcNAL,\u00a0 \u00a0 \u00a0Hasibe Berranur DEL\u0130G\u00d6Z, Ebrar Naz BA\u015eE\u011eEN<\/li>\n<\/ul>\n","protected":false},"excerpt":{"rendered":"<p>Kul\u00fcp Dan\u0131\u015fman Hocas\u0131:\u00a0 Dr. \u00d6\u011fr \u00dcyesi Ebru \u00c7ALI\u015eKAN Kul\u00fcp Ba\u015fkan\u0131:\u00a0 Zeynep G\u00d6\u00c7ER EK\u0130Z Kul\u00fcp Kurucu \u00dcyeleri: Zeynep G\u00d6\u00c7ER EK\u0130Z, Nurg\u00fcl A\u00c7IKG\u00d6Z, Eyl\u00fcl \u00a0OR, Ay\u015fenur EREL, Melek B\u0130N\u0130C\u0130, \u0130lke SERT, Ay\u015fenur EREN, S\u0131la G\u00dcNAL,\u00a0 \u00a0 \u00a0Hasibe Berranur DEL\u0130G\u00d6Z, Ebrar Naz BA\u015eE\u011eEN<\/p>\n","protected":false},"author":12,"featured_media":0,"parent":0,"menu_order":0,"comment_status":"closed","ping_status":"closed","template":"","meta":{"footnotes":""},"_links":{"self":[{"href":"https:\/\/kocaelisaglik.edu.tr\/saglik\/wp-json\/wp\/v2\/pages\/9505"}],"collection":[{"href":"https:\/\/kocaelisaglik.edu.tr\/saglik\/wp-json\/wp\/v2\/pages"}],"about":[{"href":"https:\/\/kocaelisaglik.edu.tr\/saglik\/wp-json\/wp\/v2\/types\/page"}],"author":[{"embeddable":true,"href":"https:\/\/kocaelisaglik.edu.tr\/saglik\/wp-json\/wp\/v2\/users\/12"}],"replies":[{"embeddable":true,"href":"https:\/\/kocaelisaglik.edu.tr\/saglik\/wp-json\/wp\/v2\/comments?post=9505"}],"version-history":[{"count":1,"href":"https:\/\/kocaelisaglik.edu.tr\/saglik\/wp-json\/wp\/v2\/pages\/9505\/revisions"}],"predecessor-version":[{"id":9506,"href":"https:\/\/kocaelisaglik.edu.tr\/saglik\/wp-json\/wp\/v2\/pages\/9505\/revisions\/9506"}],"wp:attachment":[{"href":"https:\/\/kocaelisaglik.edu.tr\/saglik\/wp-json\/wp\/v2\/media?parent=9505"}],"curies":[{"name":"wp","href":"https:\/\/api.w.org\/{rel}","templated":true}]}}