{"id":9499,"date":"2025-12-15T14:59:50","date_gmt":"2025-12-15T11:59:50","guid":{"rendered":"https:\/\/kocaelisaglik.edu.tr\/saglik\/?page_id=9499"},"modified":"2026-03-23T15:46:45","modified_gmt":"2026-03-23T12:46:45","slug":"ebelik-ders-programi","status":"publish","type":"page","link":"https:\/\/kocaelisaglik.edu.tr\/saglik\/ebelik-ders-programi\/","title":{"rendered":"Ebelik Ders Program\u0131"},"content":{"rendered":"<div class=\"wpb-content-wrapper\"><p>[vc_row][vc_column][vc_column_text]<\/p>\n<table class=\"item\" style=\"table-layout: fixed; width: 100%; border: 2px solid black; border-collapse: collapse;\">\n<tbody>\n<tr>\n<td style=\"border: 1px solid black; text-align: center;\" colspan=\"9\"><strong><span style=\"font-size: small;\">2025 \/ 2026 BAHAR YARIYILI 1.SINIF<\/span><\/strong><\/td>\n<\/tr>\n<tr>\n<td style=\"border: 1px solid black;\"><span style=\"font-size: small;\"><span style=\"color: white;\">Pazartesi<\/span><\/span><\/td>\n<td style=\"border: 1px solid black; text-align: center;\"><strong><span style=\"font-size: small;\">09.00 &#8211; 10.00<\/span><\/strong><\/td>\n<td style=\"border: 1px solid black; text-align: center;\"><strong><span style=\"font-size: small;\">10.00 &#8211; 11.00<\/span><\/strong><\/td>\n<td style=\"border: 1px solid black; text-align: center;\"><strong><span style=\"font-size: small;\">11.00 &#8211; 12.00<\/span><\/strong><\/td>\n<td style=\"border: 1px solid black; text-align: center;\"><strong><span style=\"font-size: small;\">12.00 &#8211; 13.00<\/span><\/strong><\/td>\n<td style=\"border: 1px solid black; text-align: center;\"><strong><span style=\"font-size: small;\">13.00 &#8211; 14.00<\/span><\/strong><\/td>\n<td style=\"border: 1px solid black; text-align: center;\"><strong><span style=\"font-size: small;\">14.00 &#8211; 15.00<\/span><\/strong><\/td>\n<td style=\"border: 1px solid black; text-align: center;\"><strong><span style=\"font-size: small;\">15.00 &#8211; 16.00<\/span><\/strong><\/td>\n<td style=\"border: 1px solid black; text-align: center;\"><strong><span style=\"font-size: small;\">16.00 &#8211; 17.00<\/span><\/strong><\/td>\n<\/tr>\n<\/tbody>\n<tbody>\n<tr>\n<td style=\"border: 1px solid black;\"><strong><span style=\"font-size: small;\">Pazartesi<\/span><\/strong><\/td>\n<td style=\"border: 1px solid black; text-align: center;\" colspan=\"2\"><span style=\"font-size: small;\">K\u00fclt\u00fcrleraras\u0131 Ebelik<br \/>\nDr. \u00d6\u011fr. \u00dcyesi<br \/>\nBilge Nur YILDIRIM BAYRAKTAR<br \/>\nD302<\/span><\/td>\n<td style=\"border: 1px solid black; text-align: center;\" colspan=\"2\"><span style=\"font-size: small;\">Ebelikte Etik<br \/>\nDr. \u00d6\u011fr. \u00dcyesi<br \/>\nEbru \u00c7ALI\u015eKAN<br \/>\nD302<\/span><\/td>\n<td style=\"border: 1px solid black; text-align: center;\"><\/td>\n<td style=\"border: 1px solid black;\"><\/td>\n<td style=\"border: 1px solid black;\"><\/td>\n<td style=\"border: 1px solid black;\"><\/td>\n<\/tr>\n<\/tbody>\n<tbody>\n<tr>\n<td style=\"border: 1px solid black;\"><span style=\"font-size: small;\"><strong>Sal\u0131<\/strong><\/span><\/td>\n<td style=\"border: 1px solid black; text-align: center;\" colspan=\"2\"><span style=\"font-size: small;\">Biyokimya<br \/>\nDr. \u00d6\u011fr. \u00dcyesi Esra ACAR<br \/>\nD104<\/span><\/td>\n<td style=\"border: 1px solid black; text-align: center;\" colspan=\"2\"><span style=\"font-size: small;\">Embriyoloji &#8211; Genetik<br \/>\nDr. \u00d6\u011fr. \u00dcyesi<br \/>\nB\u00fc\u015fra \u00d6NCEL DUMAN<br \/>\nD104<\/span><\/td>\n<td style=\"border: 1px solid black; text-align: center;\" colspan=\"2\"><span style=\"font-size: small;\">Temel Psikoloji<br \/>\nDo\u00e7. Dr.<br \/>\nSuna UYSAL YAL\u00c7IN<br \/>\nS202<\/span><\/td>\n<td style=\"border: 1px solid black; text-align: center;\" colspan=\"2\"><\/td>\n<\/tr>\n<\/tbody>\n<tbody>\n<tr>\n<td style=\"border: 1px solid black;\"><strong><span style=\"font-size: small;\">\u00c7ar\u015famba<\/span><\/strong><\/td>\n<td style=\"border: 1px solid black; text-align: center;\" colspan=\"4\"><span style=\"font-size: small;\">Ebelikte Temel Klinik Beceriler ( Teorik )<br \/>\nDr. \u00d6\u011fr. \u00dcyesi Ebru \u00c7ALI\u015eKAN \/<\/span><br \/>\n<span style=\"font-size: small;\"> Dr. \u00d6\u011fr. \u00dcyesi Bilge Nur YILDIRIM BAYRAKTAR<br \/>\nD402<\/span><\/td>\n<td style=\"border: 1px solid black; text-align: center;\" colspan=\"2\"><span style=\"font-size: small;\">Ebelikte Temel Klinik Beceriler ( Lab. )<br \/>\nDr. \u00d6\u011fr. \u00dcyesi Ebru \u00c7ALI\u015eKAN \/<br \/>\nDr. \u00d6\u011fr. \u00dcyesi<br \/>\nBilge Nur YILDIRIM BAYRAKTAR<br \/>\nLaboratuvar<\/span><\/td>\n<td style=\"border: 1px solid black; text-align: center;\"><\/td>\n<td style=\"border: 1px solid black; text-align: center;\"><\/td>\n<\/tr>\n<\/tbody>\n<tbody>\n<tr>\n<td style=\"border: 1px solid black;\"><span style=\"font-size: small;\"><strong>Per\u015fembe<\/strong><\/span><\/td>\n<td style=\"border: 1px solid black; text-align: center;\" colspan=\"3\"><span style=\"font-size: small;\">Patoloji &#8211; Histoloji<br \/>\nDr. \u00d6\u011fr. \u00dcyesi<br \/>\nK\u00fcbra KAVRAAM SARIHAN<br \/>\nD302<\/span><\/td>\n<td style=\"border: 1px solid black; text-align: center;\"><\/td>\n<td style=\"border: 1px solid black; text-align: center;\" colspan=\"2\"><\/td>\n<td style=\"border: 1px solid black; text-align: center;\" colspan=\"2\"><span style=\"font-size: small;\">Mikrobiyoloji &#8211; Parazitoloji<br \/>\nDr. \u00d6\u011fr. \u00dcyesi Ahmet CO\u015eKAN<br \/>\nS202<\/span><\/td>\n<\/tr>\n<tr>\n<td style=\"border: 1px solid black;\"><span style=\"font-size: small;\"><strong>Cuma<\/strong><\/span><\/td>\n<td style=\"border: 1px solid black; text-align: center;\" colspan=\"8\"><span style=\"font-size: small;\">Ebelikte Temel Klinik Beceriler ( Uygulama )<br \/>\nDr. \u00d6\u011fr. \u00dcyesi Ebru \u00c7ALI\u015eKAN \/<br \/>\nDr. \u00d6\u011fr. \u00dcyesi Bilge Nur YILDIRIM BAYRAKTAR<\/span><\/td>\n<\/tr>\n<\/tbody>\n<\/table>\n<p>[\/vc_column_text][\/vc_column][\/vc_row]<\/p>\n<\/div>","protected":false},"excerpt":{"rendered":"<p>[vc_row][vc_column][vc_column_text] 2025 \/ 2026 BAHAR YARIYILI 1.SINIF Pazartesi 09.00 &#8211; 10.00 10.00 &#8211; 11.00 11.00 &#8211; 12.00 12.00 &#8211; 13.00 13.00 &#8211; 14.00 14.00 &#8211; 15.00 15.00 &#8211; 16.00 16.00 &#8211; 17.00 Pazartesi K\u00fclt\u00fcrleraras\u0131 Ebelik Dr. \u00d6\u011fr. \u00dcyesi Bilge Nur &hellip; <\/p>\n","protected":false},"author":12,"featured_media":0,"parent":0,"menu_order":0,"comment_status":"closed","ping_status":"closed","template":"","meta":{"footnotes":""},"_links":{"self":[{"href":"https:\/\/kocaelisaglik.edu.tr\/saglik\/wp-json\/wp\/v2\/pages\/9499"}],"collection":[{"href":"https:\/\/kocaelisaglik.edu.tr\/saglik\/wp-json\/wp\/v2\/pages"}],"about":[{"href":"https:\/\/kocaelisaglik.edu.tr\/saglik\/wp-json\/wp\/v2\/types\/page"}],"author":[{"embeddable":true,"href":"https:\/\/kocaelisaglik.edu.tr\/saglik\/wp-json\/wp\/v2\/users\/12"}],"replies":[{"embeddable":true,"href":"https:\/\/kocaelisaglik.edu.tr\/saglik\/wp-json\/wp\/v2\/comments?post=9499"}],"version-history":[{"count":8,"href":"https:\/\/kocaelisaglik.edu.tr\/saglik\/wp-json\/wp\/v2\/pages\/9499\/revisions"}],"predecessor-version":[{"id":9676,"href":"https:\/\/kocaelisaglik.edu.tr\/saglik\/wp-json\/wp\/v2\/pages\/9499\/revisions\/9676"}],"wp:attachment":[{"href":"https:\/\/kocaelisaglik.edu.tr\/saglik\/wp-json\/wp\/v2\/media?parent=9499"}],"curies":[{"name":"wp","href":"https:\/\/api.w.org\/{rel}","templated":true}]}}