
{"id":9339,"date":"2025-11-20T12:50:03","date_gmt":"2025-11-20T09:50:03","guid":{"rendered":"https:\/\/kocaelisaglik.edu.tr\/saglik\/?page_id=9339"},"modified":"2025-12-05T19:28:49","modified_gmt":"2025-12-05T16:28:49","slug":"departmental-commissions","status":"publish","type":"page","link":"https:\/\/kocaelisaglik.edu.tr\/saglik\/en\/departmental-commissions\/","title":{"rendered":"Departmental Commissions"},"content":{"rendered":"<div class=\"wpb-content-wrapper\"><p>[vc_row][vc_column][vc_toggle title=&#8221;Scientific Research Projects Commission&#8221;]<\/p>\n<table style=\"height: 83px;\" width=\"381\">\n<tbody>\n<tr>\n<td>Head<\/td>\n<td>Asst. Prof. G\u00f6n\u00fcl ERTUN\u00c7 G\u00dcL\u00c7EL\u0130K<\/td>\n<\/tr>\n<tr>\n<td>Member<\/td>\n<td>Asst. Prof. Hatice Sena \u00c7INARLI<\/td>\n<\/tr>\n<tr>\n<td>Member<\/td>\n<td>Lecturer Gamze AYDO\u011eAN<\/td>\n<\/tr>\n<tr>\n<td>Member<\/td>\n<td>Lecturer Ebru SEVER<\/td>\n<\/tr>\n<tr>\n<td>Member<\/td>\n<td>Student \u0130rem \u00c7OKGEZER<\/td>\n<\/tr>\n<\/tbody>\n<\/table>\n<p>[\/vc_toggle][vc_toggle title=&#8221;ERASMUS Commission&#8221;]<\/p>\n<table style=\"height: 83px;\" width=\"381\">\n<tbody>\n<tr>\n<td>Head<\/td>\n<td>Asst. Prof. G\u00f6n\u00fcl ERTUN\u00c7 G\u00dcL\u00c7EL\u0130K<\/td>\n<\/tr>\n<tr>\n<td>Member<\/td>\n<td>Asst. Prof. Hatice Sena \u00c7INARLI<\/td>\n<\/tr>\n<tr>\n<td>Member<\/td>\n<td>Lecturer Ebru SEVER<\/td>\n<\/tr>\n<tr>\n<td>Member<\/td>\n<td>Research Assistant Gizem \u015eEKERCAN<\/td>\n<\/tr>\n<tr>\n<td>Member<\/td>\n<td>Student Zeynep KANPARA<\/td>\n<\/tr>\n<\/tbody>\n<\/table>\n<p>[\/vc_toggle][vc_toggle title=&#8221;Education Commission&#8221;]<\/p>\n<table style=\"height: 83px;\" width=\"381\">\n<tbody>\n<tr>\n<td>Head<\/td>\n<td>Asst. Prof. G\u00f6n\u00fcl ERTUN\u00c7 G\u00dcL\u00c7EL\u0130K<\/td>\n<\/tr>\n<tr>\n<td>Member<\/td>\n<td>Asst. Prof. Hatice Sena \u00c7INARLI<\/td>\n<\/tr>\n<tr>\n<td>Member<\/td>\n<td>Lecturer Gamze AYDO\u011eAN<\/td>\n<\/tr>\n<tr>\n<td>Member<\/td>\n<td>Lecturer Ebru SEVER<\/td>\n<\/tr>\n<tr>\n<td>Member<\/td>\n<td>Student Yusuf Emir ERDO\u011eAN<\/td>\n<\/tr>\n<\/tbody>\n<\/table>\n<p>[\/vc_toggle][vc_toggle title=&#8221;Vocational Education Commission&#8221;]<\/p>\n<table style=\"height: 83px;\" width=\"381\">\n<tbody>\n<tr>\n<td>Head<\/td>\n<td>Asst. Prof. G\u00f6n\u00fcl ERTUN\u00c7 G\u00dcL\u00c7EL\u0130K<\/td>\n<\/tr>\n<tr>\n<td>Member<\/td>\n<td>Asst. Prof. Hatice Sena \u00c7INARLI<\/td>\n<\/tr>\n<tr>\n<td>Member<\/td>\n<td>Lecturer Ebru SEVER<\/td>\n<\/tr>\n<tr>\n<td>Member<\/td>\n<td>Lecturer Gamze AYDO\u011eAN<\/td>\n<\/tr>\n<tr>\n<td>Member<\/td>\n<td>Student \u0130rem \u00c7OKGEZER<\/td>\n<\/tr>\n<\/tbody>\n<\/table>\n<p>[\/vc_toggle][vc_toggle title=&#8221;Student Communities Commission&#8221;]<\/p>\n<table style=\"height: 83px;\" width=\"381\">\n<tbody>\n<tr>\n<td>Head<\/td>\n<td>Asst. Prof. Alim NURAYDIN<\/td>\n<\/tr>\n<tr>\n<td>Member<\/td>\n<td>Lecturer Ebru SEVER<\/td>\n<\/tr>\n<tr>\n<td>Member<\/td>\n<td>Research Assistant Gizem \u015eEKERCAN<\/td>\n<\/tr>\n<tr>\n<td>Member<\/td>\n<td>Student \u0130rem \u00c7OKGEZER<\/td>\n<\/tr>\n<\/tbody>\n<\/table>\n<p>[\/vc_toggle][vc_toggle title=&#8221;The Commission for the Admission of Students from Abroad&#8221;]<\/p>\n<table style=\"height: 83px;\" width=\"381\">\n<tbody>\n<tr>\n<td>Head<\/td>\n<td>Asst. Prof. Hatice Sena \u00c7INARLI<\/td>\n<\/tr>\n<tr>\n<td>Member<\/td>\n<td>Asst. Prof. G\u00f6n\u00fcl ERTUN\u00c7 G\u00dcL\u00c7EL\u0130K<\/td>\n<\/tr>\n<tr>\n<td>Member<\/td>\n<td>Asst. Prof. Alim NURAYDIN<\/td>\n<\/tr>\n<tr>\n<td>Member<\/td>\n<td>Lecturer Gamze AYDO\u011eAN<\/td>\n<\/tr>\n<tr>\n<td>Member<\/td>\n<td>Studnet Zeynep KANPARA<\/td>\n<\/tr>\n<\/tbody>\n<\/table>\n<p>[\/vc_toggle][vc_toggle title=&#8221;Quality and Strategy Development Commission&#8221;]<\/p>\n<table style=\"height: 83px;\" width=\"381\">\n<tbody>\n<tr>\n<td>Head<\/td>\n<td>Asst. Prof. G\u00f6n\u00fcl ERTUN\u00c7 G\u00dcL\u00c7EL\u0130K<\/td>\n<\/tr>\n<tr>\n<td>Member<\/td>\n<td>Asst. Prof. Hatice Sena \u00c7INARLI<\/td>\n<\/tr>\n<tr>\n<td>Member<\/td>\n<td>Lecturer Ebru SEVER<\/td>\n<\/tr>\n<tr>\n<td>Member<\/td>\n<td>Research Assistant Gizem \u015eEKERCAN<\/td>\n<\/tr>\n<tr>\n<td>Member<\/td>\n<td>Student Yusuf Emir ERDO\u011eAN<\/td>\n<\/tr>\n<\/tbody>\n<\/table>\n<p>[\/vc_toggle][vc_toggle title=&#8221;R&amp;D and Dectoral Cooperation Commission&#8221;]<\/p>\n<table style=\"height: 83px;\" width=\"381\">\n<tbody>\n<tr>\n<td>Head<\/td>\n<td>Asst. Prof. G\u00f6n\u00fcl ERTUN\u00c7 G\u00dcL\u00c7EL\u0130K<\/td>\n<\/tr>\n<tr>\n<td>Member<\/td>\n<td>Asst. Prof. Hatice Sena \u00c7INARLI<\/td>\n<\/tr>\n<tr>\n<td>Member<\/td>\n<td>Lecturer Ebru SEVER<\/td>\n<\/tr>\n<tr>\n<td>Member<\/td>\n<td>Lecturer Gamze AYDO\u011eAN<\/td>\n<\/tr>\n<tr>\n<td>Member<\/td>\n<td>Student Celal Mert HAZNEDARO\u011eLU<\/td>\n<\/tr>\n<\/tbody>\n<\/table>\n<p>[\/vc_toggle][vc_toggle title=&#8221;Anti-Addiction Commission&#8221;]<\/p>\n<table style=\"height: 83px;\" width=\"381\">\n<tbody>\n<tr>\n<td>Head<\/td>\n<td>Asst. Prof. Hatice Sena \u00c7INARLI<\/td>\n<\/tr>\n<tr>\n<td>Member<\/td>\n<td>Asst. Prof. G\u00f6n\u00fcl ERTUN\u00c7 G\u00dcL\u00c7EL\u0130K<\/td>\n<\/tr>\n<tr>\n<td>Member<\/td>\n<td>Lecturer Ebru SEVER<\/td>\n<\/tr>\n<tr>\n<td>Member<\/td>\n<td>Lecturer Gamze AYDO\u011eAN<\/td>\n<\/tr>\n<tr>\n<td>Member<\/td>\n<td>Student Celal Mert HAZNEDARO\u011eLU<\/td>\n<\/tr>\n<\/tbody>\n<\/table>\n<p>[\/vc_toggle][vc_toggle title=&#8221;Transfer \/ Adaptation Commission&#8221;]<\/p>\n<table style=\"height: 83px;\" width=\"381\">\n<tbody>\n<tr>\n<td>Head<\/td>\n<td>Asst. Prof. G\u00f6n\u00fcl ERTUN\u00c7 G\u00dcL\u00c7EL\u0130K<\/td>\n<\/tr>\n<tr>\n<td>Member<\/td>\n<td>Asst. Prof. Hatice Sena \u00c7INARLI<\/td>\n<\/tr>\n<tr>\n<td>Member<\/td>\n<td>Lecturer Gamze AYDO\u011eAN<\/td>\n<\/tr>\n<tr>\n<td>Member<\/td>\n<td>Research Assistant Gizem \u015eEKERCAN<\/td>\n<\/tr>\n<tr>\n<td>Member<\/td>\n<td>Student Yusuf Emir ERDO\u011eAN<\/td>\n<\/tr>\n<\/tbody>\n<\/table>\n<p>[\/vc_toggle][vc_toggle title=&#8221;Social Media, Press, Promotion Activities and Organization Commission&#8221;]<\/p>\n<table style=\"height: 83px;\" width=\"381\">\n<tbody>\n<tr>\n<td>Head<\/td>\n<td>Asst. Prof. Hatice Sena \u00c7INARLI<\/td>\n<\/tr>\n<tr>\n<td>Member<\/td>\n<td>Lecturer Ebru SEVER<\/td>\n<\/tr>\n<tr>\n<td>Member<\/td>\n<td>Asst. Prof. G\u00f6n\u00fcl ERTUN\u00c7 G\u00dcL\u00c7EL\u0130K<\/td>\n<\/tr>\n<tr>\n<td>Member<\/td>\n<td>Research Assistant Gizem \u015eEKERCAN<\/td>\n<\/tr>\n<tr>\n<td>Member<\/td>\n<td>Student \u0130rem \u00c7OKGEZER<\/td>\n<\/tr>\n<\/tbody>\n<\/table>\n<p>[\/vc_toggle][vc_toggle title=&#8221;Contribution to Society and Sustainability Commission&#8221;]<\/p>\n<table style=\"height: 83px;\" width=\"381\">\n<tbody>\n<tr>\n<td>Head<\/td>\n<td>Asst. Prof. G\u00f6n\u00fcl ERTUN\u00c7 G\u00dcL\u00c7EL\u0130K<\/td>\n<\/tr>\n<tr>\n<td>Member<\/td>\n<td>Asst. Prof. Hatice Sena \u00c7INARLI<\/td>\n<\/tr>\n<tr>\n<td>Member<\/td>\n<td>Lecturer Gamze AYDO\u011eAN<\/td>\n<\/tr>\n<tr>\n<td>Member<\/td>\n<td>Research Assistant Gizem \u015eEKERCAN<\/td>\n<\/tr>\n<tr>\n<td>Member<\/td>\n<td>Student Celal Mert HAZNEDARO\u011eLU<\/td>\n<\/tr>\n<\/tbody>\n<\/table>\n<p>[\/vc_toggle][\/vc_column][\/vc_row]<\/p>\n<\/div>","protected":false},"excerpt":{"rendered":"<p>[vc_row][vc_column][vc_toggle title=&#8221;Scientific Research Projects Commission&#8221;] Head Asst. Prof. G\u00f6n\u00fcl ERTUN\u00c7 G\u00dcL\u00c7EL\u0130K Member Asst. Prof. Hatice Sena \u00c7INARLI Member Lecturer Gamze AYDO\u011eAN Member Lecturer Ebru SEVER Member Student \u0130rem \u00c7OKGEZER [\/vc_toggle][vc_toggle title=&#8221;ERASMUS Commission&#8221;] Head Asst. Prof. G\u00f6n\u00fcl ERTUN\u00c7 G\u00dcL\u00c7EL\u0130K Member Asst. &hellip; <\/p>\n","protected":false},"author":12,"featured_media":0,"parent":0,"menu_order":0,"comment_status":"closed","ping_status":"closed","template":"","meta":{"footnotes":""},"_links":{"self":[{"href":"https:\/\/kocaelisaglik.edu.tr\/saglik\/wp-json\/wp\/v2\/pages\/9339"}],"collection":[{"href":"https:\/\/kocaelisaglik.edu.tr\/saglik\/wp-json\/wp\/v2\/pages"}],"about":[{"href":"https:\/\/kocaelisaglik.edu.tr\/saglik\/wp-json\/wp\/v2\/types\/page"}],"author":[{"embeddable":true,"href":"https:\/\/kocaelisaglik.edu.tr\/saglik\/wp-json\/wp\/v2\/users\/12"}],"replies":[{"embeddable":true,"href":"https:\/\/kocaelisaglik.edu.tr\/saglik\/wp-json\/wp\/v2\/comments?post=9339"}],"version-history":[{"count":4,"href":"https:\/\/kocaelisaglik.edu.tr\/saglik\/wp-json\/wp\/v2\/pages\/9339\/revisions"}],"predecessor-version":[{"id":9465,"href":"https:\/\/kocaelisaglik.edu.tr\/saglik\/wp-json\/wp\/v2\/pages\/9339\/revisions\/9465"}],"wp:attachment":[{"href":"https:\/\/kocaelisaglik.edu.tr\/saglik\/wp-json\/wp\/v2\/media?parent=9339"}],"curies":[{"name":"wp","href":"https:\/\/api.w.org\/{rel}","templated":true}]}}