
{"id":9212,"date":"2025-11-11T14:57:22","date_gmt":"2025-11-11T11:57:22","guid":{"rendered":"https:\/\/kocaelisaglik.edu.tr\/saglik\/?page_id=9212"},"modified":"2025-11-11T15:34:54","modified_gmt":"2025-11-11T12:34:54","slug":"student-clubs","status":"publish","type":"page","link":"https:\/\/kocaelisaglik.edu.tr\/saglik\/en\/student-clubs\/","title":{"rendered":"Student Clubs"},"content":{"rendered":"<div class=\"wpb-content-wrapper\"><p>[vc_row][vc_column][vc_toggle title=&#8221;KOSTU PTR Student Club&#8221;]<\/p>\n<ul>\n<li><strong>Club Advisor:<\/strong> Lecturer Ebru SEVER<\/li>\n<li><strong>Club President:<\/strong> \u0130rem \u00c7OKGEZER<\/li>\n<li><strong>Founding Members:<\/strong> Tamer KAHVEC\u0130, Duygu CAN, B\u00fc\u015fra NAMLI, Tolgahan DO\u011eANAY, \u0130rem \u00c7OKGEZER, Buse SA\u011e, Furkan TURAN, Ecrin G\u00d6KMEN, Rukiye ARSLAN, Umut KO\u00c7, Ece ALTINSOY<\/li>\n<li><a href=\"https:\/\/kocaelisaglik.edu.tr\/saglik\/wp-content\/uploads\/sites\/8\/2023\/10\/kulup_kurulus_tuzugu.pdf\"><strong>Club Constitution<\/strong><\/a><\/li>\n<li><strong>Follow Us on Instagram \ud83d\udcf8: kostuftr <\/strong><\/li>\n<\/ul>\n<p>[\/vc_toggle][\/vc_column][\/vc_row]<\/p>\n<\/div>","protected":false},"excerpt":{"rendered":"<p>[vc_row][vc_column][vc_toggle title=&#8221;KOSTU PTR Student Club&#8221;] Club Advisor: Lecturer Ebru SEVER Club President: \u0130rem \u00c7OKGEZER Founding Members: Tamer KAHVEC\u0130, Duygu CAN, B\u00fc\u015fra NAMLI, Tolgahan DO\u011eANAY, \u0130rem \u00c7OKGEZER, Buse SA\u011e, Furkan TURAN, Ecrin G\u00d6KMEN, Rukiye ARSLAN, Umut KO\u00c7, Ece ALTINSOY Club Constitution &hellip; <\/p>\n","protected":false},"author":12,"featured_media":0,"parent":0,"menu_order":0,"comment_status":"closed","ping_status":"closed","template":"","meta":{"footnotes":""},"_links":{"self":[{"href":"https:\/\/kocaelisaglik.edu.tr\/saglik\/wp-json\/wp\/v2\/pages\/9212"}],"collection":[{"href":"https:\/\/kocaelisaglik.edu.tr\/saglik\/wp-json\/wp\/v2\/pages"}],"about":[{"href":"https:\/\/kocaelisaglik.edu.tr\/saglik\/wp-json\/wp\/v2\/types\/page"}],"author":[{"embeddable":true,"href":"https:\/\/kocaelisaglik.edu.tr\/saglik\/wp-json\/wp\/v2\/users\/12"}],"replies":[{"embeddable":true,"href":"https:\/\/kocaelisaglik.edu.tr\/saglik\/wp-json\/wp\/v2\/comments?post=9212"}],"version-history":[{"count":2,"href":"https:\/\/kocaelisaglik.edu.tr\/saglik\/wp-json\/wp\/v2\/pages\/9212\/revisions"}],"predecessor-version":[{"id":9221,"href":"https:\/\/kocaelisaglik.edu.tr\/saglik\/wp-json\/wp\/v2\/pages\/9212\/revisions\/9221"}],"wp:attachment":[{"href":"https:\/\/kocaelisaglik.edu.tr\/saglik\/wp-json\/wp\/v2\/media?parent=9212"}],"curies":[{"name":"wp","href":"https:\/\/api.w.org\/{rel}","templated":true}]}}