
{"id":9206,"date":"2025-11-11T14:31:57","date_gmt":"2025-11-11T11:31:57","guid":{"rendered":"https:\/\/kocaelisaglik.edu.tr\/saglik\/?page_id=9206"},"modified":"2025-11-11T14:34:06","modified_gmt":"2025-11-11T11:34:06","slug":"advisory-services-2","status":"publish","type":"page","link":"https:\/\/kocaelisaglik.edu.tr\/saglik\/en\/advisory-services-2\/","title":{"rendered":"Advisory Services"},"content":{"rendered":"<div class=\"wpb-content-wrapper\"><p>[vc_row][vc_column width=&#8221;1\/4&#8243;][vc_single_image image=&#8221;9129&#8243; alignment=&#8221;center&#8221; style=&#8221;vc_box_outline&#8221;][vc_column_text]<\/p>\n<p style=\"text-align: center;\"><a href=\"#\"><strong>Asst. Prof.\u00a0<\/strong><\/a><\/p>\n<p style=\"text-align: center;\"><a href=\"#\"><strong>G\u00f6n\u00fcl ERTUN\u00c7 G\u00dcL\u00c7EL\u0130K<\/strong><\/a><\/p>\n<p style=\"text-align: center;\"><span class=\"YPkS7KbdpWfGdYKd3QB9\" data-src-align=\"0:2\">1.<\/span> <span class=\"YPkS7KbdpWfGdYKd3QB9\" data-src-align=\"3:5\">Class<\/span> <span class=\"YPkS7KbdpWfGdYKd3QB9\" data-src-align=\"9:8\">Advisor<\/span> <span class=\"YPkS7KbdpWfGdYKd3QB9\" data-src-align=\"18:6\">Teacher<\/span><\/p>\n<p style=\"text-align: center;\"><span class=\"YPkS7KbdpWfGdYKd3QB9\" data-src-align=\"0:4\">Tuesday<\/span>\u00a0: 09<span class=\"YPkS7KbdpWfGdYKd3QB9\" data-src-align=\"7:5\">.00 &#8211; 11.00<\/span><\/p>\n<p>&nbsp;<\/p>\n<p style=\"text-align: center;\"><a href=\"mailto:gonul.ertunc@kocaelisaglik.edu.tr\"><strong>gonul.ertunc@kocaelisaglik.edu.tr<\/strong><\/a><\/p>\n<p>[\/vc_column_text][\/vc_column][vc_column width=&#8221;1\/4&#8243;][vc_single_image image=&#8221;9140&#8243; alignment=&#8221;center&#8221; style=&#8221;vc_box_outline&#8221;][vc_column_text]<\/p>\n<p style=\"text-align: center;\"><a href=\"#\"><strong>Asst. Prof.\u00a0<\/strong><\/a><\/p>\n<p style=\"text-align: center;\"><a href=\"#\"><strong>Hatice Sena \u00c7INARLI<\/strong><\/a><\/p>\n<p style=\"text-align: center;\"><span class=\"YPkS7KbdpWfGdYKd3QB9\" data-src-align=\"0:2\">2.<\/span> <span class=\"YPkS7KbdpWfGdYKd3QB9\" data-src-align=\"3:5\">Class<\/span> <span class=\"YPkS7KbdpWfGdYKd3QB9\" data-src-align=\"9:8\">Advisor<\/span> <span class=\"YPkS7KbdpWfGdYKd3QB9\" data-src-align=\"18:6\">Teacher<\/span><\/p>\n<p style=\"text-align: center;\"><span class=\"YPkS7KbdpWfGdYKd3QB9\" data-src-align=\"0:4\">Monday<\/span> : 15<span class=\"YPkS7KbdpWfGdYKd3QB9\" data-src-align=\"7:5\">.00 &#8211; 17.00<\/span><\/p>\n<p>&nbsp;<\/p>\n<p style=\"text-align: center;\"><a href=\"mailto:haticesena.cinarli@kocaelisaglik.edu.tr\"><strong>haticesena.cinarli@kocaelisaglik.edu.tr<\/strong><\/a><\/p>\n<p>[\/vc_column_text][\/vc_column][vc_column width=&#8221;1\/4&#8243;][vc_single_image image=&#8221;9128&#8243; alignment=&#8221;center&#8221; style=&#8221;vc_box_outline&#8221;][vc_column_text]<\/p>\n<p style=\"text-align: center;\"><a href=\"#\"><strong>Lecturer<\/strong><\/a><\/p>\n<p style=\"text-align: center;\"><a href=\"#\"><strong>Ebru SEVER<\/strong><\/a><\/p>\n<p style=\"text-align: center;\"><span class=\"YPkS7KbdpWfGdYKd3QB9\" data-src-align=\"0:2\">3.<\/span> <span class=\"YPkS7KbdpWfGdYKd3QB9\" data-src-align=\"3:5\">Class<\/span> <span class=\"YPkS7KbdpWfGdYKd3QB9\" data-src-align=\"9:8\">Advisor<\/span> <span class=\"YPkS7KbdpWfGdYKd3QB9\" data-src-align=\"18:6\">Teacher<\/span><\/p>\n<p style=\"text-align: center;\">Wednesday : 13<span class=\"YPkS7KbdpWfGdYKd3QB9\" data-src-align=\"7:5\">.00 &#8211; 15.00<\/span><\/p>\n<p>&nbsp;<\/p>\n<p style=\"text-align: center;\"><a href=\"mailto:ebru.sever@kocaelisaglik.edu.tr\"><strong>ebru.sever@kocaelisaglik.edu.tr<\/strong><\/a><\/p>\n<p>[\/vc_column_text][\/vc_column][vc_column width=&#8221;1\/4&#8243;][vc_single_image image=&#8221;9139&#8243; alignment=&#8221;center&#8221; style=&#8221;vc_box_outline&#8221;][vc_column_text]<\/p>\n<p style=\"text-align: center;\"><a href=\"#\"><strong>Lecturer<\/strong><\/a><\/p>\n<p style=\"text-align: center;\"><a href=\"#\"><strong>Gamze AYDO\u011eAN<\/strong><\/a><\/p>\n<p style=\"text-align: center;\"><span class=\"YPkS7KbdpWfGdYKd3QB9\" data-src-align=\"0:2\">4.<\/span> <span class=\"YPkS7KbdpWfGdYKd3QB9\" data-src-align=\"3:5\">Class<\/span> <span class=\"YPkS7KbdpWfGdYKd3QB9\" data-src-align=\"9:8\">Advisor<\/span> <span class=\"YPkS7KbdpWfGdYKd3QB9\" data-src-align=\"18:6\">Teacher<\/span><\/p>\n<p style=\"text-align: center;\">Monday : 15<span class=\"YPkS7KbdpWfGdYKd3QB9\" data-src-align=\"7:5\">.00 &#8211; 17.00<\/span><\/p>\n<p>&nbsp;<\/p>\n<p style=\"text-align: center;\"><a href=\"mailto:gamze.aydogan@kocaelisaglik.edu.tr\"><strong>gamze.aydogan@kocaelisaglik.edu.tr<\/strong><\/a><\/p>\n<p>[\/vc_column_text][\/vc_column][\/vc_row][vc_row][vc_column][vc_empty_space][\/vc_column][\/vc_row][vc_row][vc_column][vc_toggle title=&#8221;2024 \/ 2025 Advisory&#8221;]<img loading=\"lazy\" decoding=\"async\" class=\"wp-image-9105 aligncenter\" src=\"https:\/\/kocaelisaglik.edu.tr\/saglik\/wp-content\/uploads\/sites\/8\/2025\/10\/ftr_danismanlik_saatleri_eski-300x86.jpg\" alt=\"\" width=\"607\" height=\"174\" srcset=\"https:\/\/kocaelisaglik.edu.tr\/saglik\/wp-content\/uploads\/sites\/8\/2025\/10\/ftr_danismanlik_saatleri_eski-300x86.jpg 300w, https:\/\/kocaelisaglik.edu.tr\/saglik\/wp-content\/uploads\/sites\/8\/2025\/10\/ftr_danismanlik_saatleri_eski-1024x292.jpg 1024w, https:\/\/kocaelisaglik.edu.tr\/saglik\/wp-content\/uploads\/sites\/8\/2025\/10\/ftr_danismanlik_saatleri_eski-768x219.jpg 768w, https:\/\/kocaelisaglik.edu.tr\/saglik\/wp-content\/uploads\/sites\/8\/2025\/10\/ftr_danismanlik_saatleri_eski.jpg 1112w\" sizes=\"(max-width: 607px) 100vw, 607px\" \/>[\/vc_toggle][\/vc_column][\/vc_row]<\/p>\n<\/div>","protected":false},"excerpt":{"rendered":"<p>[vc_row][vc_column width=&#8221;1\/4&#8243;][vc_single_image image=&#8221;9129&#8243; alignment=&#8221;center&#8221; style=&#8221;vc_box_outline&#8221;][vc_column_text] Asst. Prof.\u00a0 G\u00f6n\u00fcl ERTUN\u00c7 G\u00dcL\u00c7EL\u0130K 1. Class Advisor Teacher Tuesday\u00a0: 09.00 &#8211; 11.00 &nbsp; gonul.ertunc@kocaelisaglik.edu.tr [\/vc_column_text][\/vc_column][vc_column width=&#8221;1\/4&#8243;][vc_single_image image=&#8221;9140&#8243; alignment=&#8221;center&#8221; style=&#8221;vc_box_outline&#8221;][vc_column_text] Asst. Prof.\u00a0 Hatice Sena \u00c7INARLI 2. Class Advisor Teacher Monday : 15.00 &#8211; 17.00 &nbsp; &hellip; <\/p>\n","protected":false},"author":12,"featured_media":0,"parent":0,"menu_order":0,"comment_status":"closed","ping_status":"closed","template":"","meta":{"footnotes":""},"_links":{"self":[{"href":"https:\/\/kocaelisaglik.edu.tr\/saglik\/wp-json\/wp\/v2\/pages\/9206"}],"collection":[{"href":"https:\/\/kocaelisaglik.edu.tr\/saglik\/wp-json\/wp\/v2\/pages"}],"about":[{"href":"https:\/\/kocaelisaglik.edu.tr\/saglik\/wp-json\/wp\/v2\/types\/page"}],"author":[{"embeddable":true,"href":"https:\/\/kocaelisaglik.edu.tr\/saglik\/wp-json\/wp\/v2\/users\/12"}],"replies":[{"embeddable":true,"href":"https:\/\/kocaelisaglik.edu.tr\/saglik\/wp-json\/wp\/v2\/comments?post=9206"}],"version-history":[{"count":3,"href":"https:\/\/kocaelisaglik.edu.tr\/saglik\/wp-json\/wp\/v2\/pages\/9206\/revisions"}],"predecessor-version":[{"id":9209,"href":"https:\/\/kocaelisaglik.edu.tr\/saglik\/wp-json\/wp\/v2\/pages\/9206\/revisions\/9209"}],"wp:attachment":[{"href":"https:\/\/kocaelisaglik.edu.tr\/saglik\/wp-json\/wp\/v2\/media?parent=9206"}],"curies":[{"name":"wp","href":"https:\/\/api.w.org\/{rel}","templated":true}]}}