
{"id":9204,"date":"2025-11-11T14:17:55","date_gmt":"2025-11-11T11:17:55","guid":{"rendered":"https:\/\/kocaelisaglik.edu.tr\/saglik\/?page_id=9204"},"modified":"2025-11-11T14:17:55","modified_gmt":"2025-11-11T11:17:55","slug":"academic-staff-3","status":"publish","type":"page","link":"https:\/\/kocaelisaglik.edu.tr\/saglik\/en\/academic-staff-3\/","title":{"rendered":"Academic Staff"},"content":{"rendered":"<div class=\"wpb-content-wrapper\"><p>[vc_row][vc_column width=&#8221;1\/3&#8243;][vc_single_image image=&#8221;9129&#8243; alignment=&#8221;center&#8221; style=&#8221;vc_box_outline&#8221;][vc_column_text]<\/p>\n<p style=\"text-align: center;\"><a href=\"#\"><strong>Asst. Prof.\u00a0<\/strong><\/a><\/p>\n<p style=\"text-align: center;\"><a href=\"#\"><strong>G\u00f6n\u00fcl ERTUN\u00c7 G\u00dcL\u00c7EL\u0130K<\/strong><\/a><\/p>\n<p style=\"text-align: center;\"><span class=\"YPkS7KbdpWfGdYKd3QB9\" data-src-align=\"6:7\">Head<\/span> <span class=\"YPkS7KbdpWfGdYKd3QB9\" data-src-align=\"0:5\">of Department<\/span><\/p>\n<p>&nbsp;<\/p>\n<p style=\"text-align: center;\"><a href=\"mailto:gonul.ertunc@kocaelisaglik.edu.tr\"><strong>gonul.ertunc@kocaelisaglik.edu.tr<\/strong><\/a><\/p>\n<p>[\/vc_column_text][\/vc_column][vc_column width=&#8221;1\/3&#8243;][vc_single_image image=&#8221;9140&#8243; alignment=&#8221;center&#8221; style=&#8221;vc_box_outline&#8221;][vc_column_text]<\/p>\n<p style=\"text-align: center;\"><a href=\"#\"><strong>Asst. Prof.\u00a0<\/strong><\/a><\/p>\n<p style=\"text-align: center;\"><a href=\"#\"><strong>Hatice Sena \u00c7INARLI<\/strong><\/a><\/p>\n<p>&nbsp;<\/p>\n<p style=\"text-align: center;\"><a href=\"mailto:haticesena.cinarli@kocaelisaglik.edu.tr\"><strong>haticesena.cinarli@kocaelisaglik.edu.tr<\/strong><\/a><\/p>\n<p>\u00a0[\/vc_column_text][\/vc_column][vc_column width=&#8221;1\/3&#8243;][vc_single_image image=&#8221;9139&#8243; alignment=&#8221;center&#8221; style=&#8221;vc_box_outline&#8221;][vc_column_text]<\/p>\n<p style=\"text-align: center;\"><a href=\"#\"><b>Lecturer<\/b><\/a><\/p>\n<p style=\"text-align: center;\"><a href=\"#\"><b>Gamze AYDO\u011eAN<\/b><\/a><\/p>\n<p>&nbsp;<\/p>\n<p style=\"text-align: center;\"><a href=\"mailto:gamze.aydogan@kocaelisaglik.edu.tr\"><strong>gamze.aydogan@kocaelisaglik.edu.tr<\/strong><\/a><\/p>\n<p>[\/vc_column_text][\/vc_column][\/vc_row][vc_row][vc_column][vc_separator][\/vc_column][\/vc_row][vc_row][vc_column width=&#8221;1\/2&#8243;][vc_single_image image=&#8221;9128&#8243; alignment=&#8221;center&#8221; style=&#8221;vc_box_outline&#8221;][vc_column_text]<\/p>\n<p style=\"text-align: center;\"><a href=\"#\"><b>Lecturer<\/b><\/a><\/p>\n<p style=\"text-align: center;\"><a href=\"#\"><b>Ebru SEVER<\/b><\/a><\/p>\n<p>&nbsp;<\/p>\n<p style=\"text-align: center;\"><a href=\"mailto:ebru.sever@kocaelisaglik.edu.tr\"><strong>ebru.sever@kocaelisaglik.edu.tr<\/strong><\/a><\/p>\n<p>[\/vc_column_text][\/vc_column][vc_column width=&#8221;1\/2&#8243;][vc_single_image image=&#8221;8647&#8243; alignment=&#8221;center&#8221; style=&#8221;vc_box_outline&#8221;][vc_column_text]<\/p>\n<p style=\"text-align: center;\"><a href=\"#\"><b>Research Assistant<\/b><\/a><\/p>\n<p style=\"text-align: center;\"><a href=\"#\"><b>Gizem \u015eEKERCAN<\/b><\/a><\/p>\n<p>&nbsp;<\/p>\n<p style=\"text-align: center;\"><a href=\"https:\/\/kocaelisaglik.edu.tr\/saglik\/akademik-kadro-2\/#\"><strong>gizem.sekercan@kocaelisaglik.edu.tr<\/strong><\/a><\/p>\n<p>[\/vc_column_text][\/vc_column][\/vc_row]<\/p>\n<\/div>","protected":false},"excerpt":{"rendered":"<p>[vc_row][vc_column width=&#8221;1\/3&#8243;][vc_single_image image=&#8221;9129&#8243; alignment=&#8221;center&#8221; style=&#8221;vc_box_outline&#8221;][vc_column_text] Asst. Prof.\u00a0 G\u00f6n\u00fcl ERTUN\u00c7 G\u00dcL\u00c7EL\u0130K Head of Department &nbsp; gonul.ertunc@kocaelisaglik.edu.tr [\/vc_column_text][\/vc_column][vc_column width=&#8221;1\/3&#8243;][vc_single_image image=&#8221;9140&#8243; alignment=&#8221;center&#8221; style=&#8221;vc_box_outline&#8221;][vc_column_text] Asst. Prof.\u00a0 Hatice Sena \u00c7INARLI &nbsp; haticesena.cinarli@kocaelisaglik.edu.tr \u00a0[\/vc_column_text][\/vc_column][vc_column width=&#8221;1\/3&#8243;][vc_single_image image=&#8221;9139&#8243; alignment=&#8221;center&#8221; style=&#8221;vc_box_outline&#8221;][vc_column_text] Lecturer Gamze AYDO\u011eAN &nbsp; gamze.aydogan@kocaelisaglik.edu.tr [\/vc_column_text][\/vc_column][\/vc_row][vc_row][vc_column][vc_separator][\/vc_column][\/vc_row][vc_row][vc_column width=&#8221;1\/2&#8243;][vc_single_image image=&#8221;9128&#8243; &hellip; <\/p>\n","protected":false},"author":12,"featured_media":0,"parent":0,"menu_order":0,"comment_status":"closed","ping_status":"closed","template":"","meta":{"footnotes":""},"_links":{"self":[{"href":"https:\/\/kocaelisaglik.edu.tr\/saglik\/wp-json\/wp\/v2\/pages\/9204"}],"collection":[{"href":"https:\/\/kocaelisaglik.edu.tr\/saglik\/wp-json\/wp\/v2\/pages"}],"about":[{"href":"https:\/\/kocaelisaglik.edu.tr\/saglik\/wp-json\/wp\/v2\/types\/page"}],"author":[{"embeddable":true,"href":"https:\/\/kocaelisaglik.edu.tr\/saglik\/wp-json\/wp\/v2\/users\/12"}],"replies":[{"embeddable":true,"href":"https:\/\/kocaelisaglik.edu.tr\/saglik\/wp-json\/wp\/v2\/comments?post=9204"}],"version-history":[{"count":1,"href":"https:\/\/kocaelisaglik.edu.tr\/saglik\/wp-json\/wp\/v2\/pages\/9204\/revisions"}],"predecessor-version":[{"id":9205,"href":"https:\/\/kocaelisaglik.edu.tr\/saglik\/wp-json\/wp\/v2\/pages\/9204\/revisions\/9205"}],"wp:attachment":[{"href":"https:\/\/kocaelisaglik.edu.tr\/saglik\/wp-json\/wp\/v2\/media?parent=9204"}],"curies":[{"name":"wp","href":"https:\/\/api.w.org\/{rel}","templated":true}]}}