{"id":9172,"date":"2025-11-05T13:08:02","date_gmt":"2025-11-05T10:08:02","guid":{"rendered":"https:\/\/kocaelisaglik.edu.tr\/saglik\/?page_id=9172"},"modified":"2025-11-05T13:08:02","modified_gmt":"2025-11-05T10:08:02","slug":"ebru-caliskan","status":"publish","type":"page","link":"https:\/\/kocaelisaglik.edu.tr\/saglik\/ebru-caliskan\/","title":{"rendered":"Ebru \u00c7ALI\u015eKAN"},"content":{"rendered":"<div class=\"wpb-content-wrapper\"><p>[vc_row][vc_column width=&#8221;1\/3&#8243;][vc_single_image image=&#8221;9120&#8243; img_size=&#8221;large&#8221; alignment=&#8221;center&#8221; style=&#8221;vc_box_outline&#8221;][\/vc_column][vc_column width=&#8221;1\/3&#8243;][vc_column_text]<\/p>\n<h4 style=\"text-align: center;\">Dr. \u00d6\u011fr. \u00dcyesi<\/h4>\n<h4 style=\"text-align: center;\">Ebru \u00c7ALI\u015eKAN<\/h4>\n<p>&nbsp;<\/p>\n<h5 style=\"text-align: center;\">Sa\u011fl\u0131k Bilimleri Fak\u00fcltesi<\/h5>\n<p>&nbsp;<\/p>\n<p>&nbsp;<\/p>\n<p>&nbsp;<\/p>\n<p><a href=\"https:\/\/akademik.yok.gov.tr\/AkademikArama\/AkademisyenGorevOgrenimBilgileri?islem=direct&amp;authorId=271FCC59D413E2BB\"><img loading=\"lazy\" decoding=\"async\" class=\"aligncenter wp-image-8326 size-full\" src=\"https:\/\/kocaelisaglik.edu.tr\/saglik\/wp-content\/uploads\/sites\/8\/2023\/10\/akademik_yok_foto.jpg\" alt=\"\" width=\"300\" height=\"108\" \/><\/a>[\/vc_column_text][\/vc_column][vc_column width=&#8221;1\/3&#8243;][vc_message message_box_color=&#8221;success&#8221; icon_fontawesome=&#8221;far fa-address-book&#8221;]<\/p>\n<p style=\"text-align: center;\"><strong>\u0130leti\u015fim Bilgileri<\/strong><\/p>\n<p>[\/vc_message][vc_column_text]<\/p>\n<p style=\"text-align: center;\"><a href=\"mailto:ebru.caliskan@kocaelisaglik.edu.tr\"><strong>ebru.caliskan@kocaelisaglik.edu.tr<\/strong><\/a><\/p>\n<h6 style=\"text-align: center;\"><a href=\"#\">0(262) 999 80 85<\/a><\/h6>\n<p>[\/vc_column_text][\/vc_column][\/vc_row]<\/p>\n<\/div>","protected":false},"excerpt":{"rendered":"<p>[vc_row][vc_column width=&#8221;1\/3&#8243;][vc_single_image image=&#8221;9120&#8243; img_size=&#8221;large&#8221; alignment=&#8221;center&#8221; style=&#8221;vc_box_outline&#8221;][\/vc_column][vc_column width=&#8221;1\/3&#8243;][vc_column_text] Dr. \u00d6\u011fr. \u00dcyesi Ebru \u00c7ALI\u015eKAN &nbsp; Sa\u011fl\u0131k Bilimleri Fak\u00fcltesi &nbsp; &nbsp; &nbsp; [\/vc_column_text][\/vc_column][vc_column width=&#8221;1\/3&#8243;][vc_message message_box_color=&#8221;success&#8221; icon_fontawesome=&#8221;far fa-address-book&#8221;] \u0130leti\u015fim Bilgileri [\/vc_message][vc_column_text] ebru.caliskan@kocaelisaglik.edu.tr 0(262) 999 80 85 [\/vc_column_text][\/vc_column][\/vc_row]<\/p>\n","protected":false},"author":12,"featured_media":0,"parent":0,"menu_order":0,"comment_status":"closed","ping_status":"closed","template":"","meta":{"footnotes":""},"_links":{"self":[{"href":"https:\/\/kocaelisaglik.edu.tr\/saglik\/wp-json\/wp\/v2\/pages\/9172"}],"collection":[{"href":"https:\/\/kocaelisaglik.edu.tr\/saglik\/wp-json\/wp\/v2\/pages"}],"about":[{"href":"https:\/\/kocaelisaglik.edu.tr\/saglik\/wp-json\/wp\/v2\/types\/page"}],"author":[{"embeddable":true,"href":"https:\/\/kocaelisaglik.edu.tr\/saglik\/wp-json\/wp\/v2\/users\/12"}],"replies":[{"embeddable":true,"href":"https:\/\/kocaelisaglik.edu.tr\/saglik\/wp-json\/wp\/v2\/comments?post=9172"}],"version-history":[{"count":1,"href":"https:\/\/kocaelisaglik.edu.tr\/saglik\/wp-json\/wp\/v2\/pages\/9172\/revisions"}],"predecessor-version":[{"id":9173,"href":"https:\/\/kocaelisaglik.edu.tr\/saglik\/wp-json\/wp\/v2\/pages\/9172\/revisions\/9173"}],"wp:attachment":[{"href":"https:\/\/kocaelisaglik.edu.tr\/saglik\/wp-json\/wp\/v2\/media?parent=9172"}],"curies":[{"name":"wp","href":"https:\/\/api.w.org\/{rel}","templated":true}]}}