{"id":9153,"date":"2025-10-23T16:01:00","date_gmt":"2025-10-23T13:01:00","guid":{"rendered":"https:\/\/kocaelisaglik.edu.tr\/saglik\/?page_id=9153"},"modified":"2026-03-23T15:38:28","modified_gmt":"2026-03-23T12:38:28","slug":"danisma-kurulu-dis-paydaslar","status":"publish","type":"page","link":"https:\/\/kocaelisaglik.edu.tr\/saglik\/danisma-kurulu-dis-paydaslar\/","title":{"rendered":"Dan\u0131\u015fma Kurulu \/ D\u0131\u015f Payda\u015flar"},"content":{"rendered":"<div class=\"wpb-content-wrapper\"><p>[vc_row][vc_column][vc_column_text]<\/p>\n<table class=\"item\" style=\"table-layout: fixed; width: 100%; border: 2px solid black; border-collapse: collapse;\">\n<tbody><!-- Ba\u015fl\u0131k --><\/p>\n<tr>\n<td style=\"border: 1px solid black; text-align: center;\" colspan=\"9\"><strong><span style=\"font-size: small;\">KOCAEL\u0130 SA\u011eLIK VE TEKNOLOJ\u0130 \u00dcN\u0130VERS\u0130TES\u0130<br \/>\nSA\u011eLIK B\u0130L\u0130MLER\u0130 FAK\u00dcLTES\u0130\u00a0 DANI\u015eMA KURULU<\/span><\/strong><\/td>\n<\/tr>\n<tr>\n<td style=\"border: 1px solid black; text-align: center;\" colspan=\"3\"><strong><span style=\"font-size: small;\">Ad\u0131 &#8211; Soyad\u0131\u00a0<\/span><\/strong><\/td>\n<td style=\"border: 1px solid black; text-align: center;\" colspan=\"3\"><span style=\"font-size: small;\"><strong>G\u00f6revi<\/strong><br \/>\n<\/span><\/td>\n<td style=\"border: 1px solid black; text-align: center;\" colspan=\"3\"><span style=\"font-size: small;\"><strong>Kurumu<\/strong><\/span><\/td>\n<\/tr>\n<tr>\n<td style=\"border: 1px solid black; text-align: left;\" colspan=\"3\"><span style=\"font-size: small;\">Prof. Dr. Yurdanur D\u0130KMEN<\/span><\/td>\n<td style=\"border: 1px solid black; text-align: left;\" colspan=\"3\"><span style=\"font-size: small;\">Dekan \/ Ba\u015fkan<\/span><\/td>\n<td style=\"border: 1px solid black; text-align: left;\" colspan=\"3\"><span style=\"font-size: small;\">Kocaeli Sa\u011fl\u0131k ve Teknoloji \u00dcniversitesi Sa\u011fl\u0131k Bilimleri Fak\u00fcltesi<\/span><\/td>\n<\/tr>\n<tr>\n<td style=\"border: 1px solid black; text-align: left;\" colspan=\"3\"><span style=\"font-size: small;\">Do\u00e7. Dr. Suna UYSAL YAL\u00c7IN<\/span><\/td>\n<td style=\"border: 1px solid black; text-align: left;\" colspan=\"3\"><span style=\"font-size: small;\">Dekan Yard\u0131mc\u0131s\u0131\/ Ba\u015fkan Yard\u0131mc\u0131s\u0131<\/span><\/td>\n<td style=\"border: 1px solid black; text-align: left;\" colspan=\"3\"><span style=\"font-size: small;\">Kocaeli Sa\u011fl\u0131k ve Teknoloji \u00dcniversitesi Sa\u011fl\u0131k Bilimleri Fak\u00fcltesi<\/span><\/td>\n<\/tr>\n<tr>\n<td style=\"border: 1px solid black; text-align: left;\" colspan=\"3\"><span style=\"font-size: small;\">S\u0131la BAYRAM<\/span><\/td>\n<td style=\"border: 1px solid black; text-align: left;\" colspan=\"3\"><span style=\"font-size: small;\">\u00d6\u011frenci Temsilcisi<\/span><\/td>\n<td style=\"border: 1px solid black; text-align: left;\" colspan=\"3\"><span style=\"font-size: small;\">Kocaeli Sa\u011fl\u0131k ve Teknoloji \u00dcniversitesi Hem\u015firelik B\u00f6l\u00fcm\u00fc \u00d6\u011frencisi<\/span><\/td>\n<\/tr>\n<tr>\n<td style=\"border: 1px solid black; text-align: left;\" colspan=\"3\"><span style=\"font-size: small;\">Zeynep Sena G\u00d6N\u00dcL<\/span><\/td>\n<td style=\"border: 1px solid black; text-align: left;\" colspan=\"3\"><span style=\"font-size: small;\">\u00d6\u011frenci Temsilcisi<\/span><\/td>\n<td style=\"border: 1px solid black; text-align: left;\" colspan=\"3\"><span style=\"font-size: small;\">Kocaeli Sa\u011fl\u0131k ve Teknoloji \u00dcniversitesi Hem\u015firelik B\u00f6l\u00fcm\u00fc \u00d6\u011frencisi<\/span><\/td>\n<\/tr>\n<tr>\n<td style=\"border: 1px solid black; text-align: left;\" colspan=\"3\"><span style=\"font-size: small;\">\u0130rem \u00c7OKGEZER<\/span><\/td>\n<td style=\"border: 1px solid black; text-align: left;\" colspan=\"3\"><span style=\"font-size: small;\">\u00d6\u011frenci Temsilcisi<\/span><\/td>\n<td style=\"border: 1px solid black; text-align: left;\" colspan=\"3\"><span style=\"font-size: small;\">Kocaeli Sa\u011fl\u0131k ve Teknoloji \u00dcniversitesi FTR B\u00f6l\u00fcm\u00fc \u00d6\u011frencisi<\/span><\/td>\n<\/tr>\n<tr>\n<td style=\"border: 1px solid black; text-align: left;\" colspan=\"3\"><span style=\"font-size: small;\">Zeynep KANPARA<\/span><\/td>\n<td style=\"border: 1px solid black; text-align: left;\" colspan=\"3\"><span style=\"font-size: small;\">\u00d6\u011frenci Temsilcisi<\/span><\/td>\n<td style=\"border: 1px solid black; text-align: left;\" colspan=\"3\"><span style=\"font-size: small;\">Kocaeli Sa\u011fl\u0131k ve Teknoloji \u00dcniversitesi FTR B\u00f6l\u00fcm\u00fc \u00d6\u011frencisi<\/span><\/td>\n<\/tr>\n<tr>\n<td style=\"border: 1px solid black; text-align: left;\" colspan=\"3\"><span style=\"font-size: small;\">Prof. Dr. Yavuz YAKUT<\/span><\/td>\n<td style=\"border: 1px solid black; text-align: left;\" colspan=\"3\"><span style=\"font-size: small;\">FTR \u00d6\u011fretim \u00dcyesi<\/span><\/td>\n<td style=\"border: 1px solid black; text-align: left;\" colspan=\"3\"><span style=\"font-size: small;\">Hasan Kalyoncu \u00dcniversitesi Sa\u011fl\u0131k Bilimleri Fak\u00fcltesi FTR B\u00f6l\u00fcm\u00fc<\/span><\/td>\n<\/tr>\n<tr>\n<td style=\"border: 1px solid black; text-align: left;\" colspan=\"3\"><span style=\"font-size: small;\">Prof. Dr. Aysel YILDIZ \u00d6ZER<\/span><\/td>\n<td style=\"border: 1px solid black; text-align: left;\" colspan=\"3\"><span style=\"font-size: small;\">FTR \u00d6\u011fretim \u00dcyesi<\/span><\/td>\n<td style=\"border: 1px solid black; text-align: left;\" colspan=\"3\"><span style=\"font-size: small;\">Marmara \u00dcniversitesi Sa\u011fl\u0131k Bilimleri Fak\u00fcltesi FTR B\u00f6l\u00fcm\u00fc<\/span><\/td>\n<\/tr>\n<tr>\n<td style=\"border: 1px solid black; text-align: left;\" colspan=\"3\"><span style=\"font-size: small;\">Prof. Dr. Nuriye \u00d6ZENG\u0130N<\/span><\/td>\n<td style=\"border: 1px solid black; text-align: left;\" colspan=\"3\"><span style=\"font-size: small;\">FTR \u00d6\u011fretim \u00dcyesi<\/span><\/td>\n<td style=\"border: 1px solid black; text-align: left;\" colspan=\"3\"><span style=\"font-size: small;\">Abant \u0130zzet Baysal \u00dcniversitesi Sa\u011fl\u0131k Bilimleri Fak\u00fcltesi FTR B\u00f6l\u00fcm\u00fc<\/span><\/td>\n<\/tr>\n<tr>\n<td style=\"border: 1px solid black; text-align: left;\" colspan=\"3\"><span style=\"font-size: small;\">Do\u00e7. Dr. Esra ATILGAN<\/span><\/td>\n<td style=\"border: 1px solid black; text-align: left;\" colspan=\"3\"><span style=\"font-size: small;\">FTR \u00d6\u011fretim \u00dcyesi<\/span><\/td>\n<td style=\"border: 1px solid black; text-align: left;\" colspan=\"3\"><span style=\"font-size: small;\">Medipol \u00dcniversitesi Sa\u011fl\u0131k Bilimleri Fak\u00fcltesi FTR B\u00f6l\u00fcm\u00fc<\/span><\/td>\n<\/tr>\n<tr>\n<td style=\"border: 1px solid black; text-align: left;\" colspan=\"3\"><span style=\"font-size: small;\">Do\u00e7. Dr. Nil\u00fcfer KABLAN<\/span><\/td>\n<td style=\"border: 1px solid black; text-align: left;\" colspan=\"3\"><span style=\"font-size: small;\">FTR \u00d6\u011fretim \u00dcyesi<\/span><\/td>\n<td style=\"border: 1px solid black; text-align: left;\" colspan=\"3\"><span style=\"font-size: small;\">Medeniyet \u00dcniversitesi Sa\u011fl\u0131k Bilimleri Fak\u00fcltesi FTR B\u00f6l\u00fcm\u00fc<\/span><\/td>\n<\/tr>\n<tr>\n<td style=\"border: 1px solid black; text-align: left;\" colspan=\"3\"><span style=\"font-size: small;\">Filiz ALTINTA\u015e<\/span><\/td>\n<td style=\"border: 1px solid black; text-align: left;\" colspan=\"3\"><span style=\"font-size: small;\">\u0130l Sa\u011fl\u0131k M\u00fcd. E\u011fitim \u015eube Uzm.<\/span><\/td>\n<td style=\"border: 1px solid black; text-align: left;\" colspan=\"3\"><span style=\"font-size: small;\">Kocaeli \u0130l Sa\u011fl\u0131k M\u00fcd\u00fcrl\u00fc\u011f\u00fc<\/span><\/td>\n<\/tr>\n<tr>\n<td style=\"border: 1px solid black; text-align: left;\" colspan=\"3\"><span style=\"font-size: small;\">Halil KA\u00c7AR<\/span><\/td>\n<td style=\"border: 1px solid black; text-align: left;\" colspan=\"3\"><span style=\"font-size: small;\">Sa\u011fl\u0131k Bak\u0131m Hizm. M\u00fcd.<\/span><\/td>\n<td style=\"border: 1px solid black; text-align: left;\" colspan=\"3\"><span style=\"font-size: small;\">Kocaeli \u015eehir Hastanesi<\/span><\/td>\n<\/tr>\n<tr>\n<td style=\"border: 1px solid black; text-align: left;\" colspan=\"3\"><span style=\"font-size: small;\">Zuhal CANBAZO\u011eLU<\/span><\/td>\n<td style=\"border: 1px solid black; text-align: left;\" colspan=\"3\"><span style=\"font-size: small;\">Acil Bak\u0131m Hizmetleri Birimi<\/span><\/td>\n<td style=\"border: 1px solid black; text-align: left;\" colspan=\"3\"><span style=\"font-size: small;\">Kocaeli \u0130l Sa\u011fl\u0131k M\u00fcd\u00fcrl\u00fc\u011f\u00fc<\/span><\/td>\n<\/tr>\n<tr>\n<td style=\"border: 1px solid black; text-align: left;\" colspan=\"3\"><span style=\"font-size: small;\">Gamze Ekrem \u00c7EB\u0130<\/span><\/td>\n<td style=\"border: 1px solid black; text-align: left;\" colspan=\"3\"><span style=\"font-size: small;\">Acil Bak\u0131m Hizmetleri Birimi<\/span><\/td>\n<td style=\"border: 1px solid black; text-align: left;\" colspan=\"3\"><span style=\"font-size: small;\">Kocaeli \u0130l Sa\u011fl\u0131k M\u00fcd\u00fcrl\u00fc\u011f\u00fc<\/span><\/td>\n<\/tr>\n<tr>\n<td style=\"border: 1px solid black; text-align: left;\" colspan=\"3\"><span style=\"font-size: small;\">Elif DALGI\u00c7 KAYNARCA<\/span><\/td>\n<td style=\"border: 1px solid black; text-align: left;\" colspan=\"3\"><span style=\"font-size: small;\">Acil Bak\u0131m Hizmetleri Birimi<\/span><\/td>\n<td style=\"border: 1px solid black; text-align: left;\" colspan=\"3\"><span style=\"font-size: small;\">Kocaeli \u0130l Sa\u011fl\u0131k M\u00fcd\u00fcrl\u00fc\u011f\u00fc<\/span><\/td>\n<\/tr>\n<tr>\n<td style=\"border: 1px solid black; text-align: left;\" colspan=\"3\"><span style=\"font-size: small;\">Nermin SARIO\u011eLU<\/span><\/td>\n<td style=\"border: 1px solid black; text-align: left;\" colspan=\"3\"><span style=\"font-size: small;\">E\u011fitim Hem\u015firesi \/ E\u011fitim Birim Sorumlusu<\/span><\/td>\n<td style=\"border: 1px solid black; text-align: left;\" colspan=\"3\"><span style=\"font-size: small;\">Kocaeli \u015eehir Hastanesi<\/span><\/td>\n<\/tr>\n<tr>\n<td style=\"border: 1px solid black; text-align: left;\" colspan=\"3\"><span style=\"font-size: small;\">Hediye YURTTA\u015e<\/span><\/td>\n<td style=\"border: 1px solid black; text-align: left;\" colspan=\"3\"><span style=\"font-size: small;\">Sa\u011fl\u0131k Bak\u0131m Hizm. M\u00fcd.<\/span><\/td>\n<td style=\"border: 1px solid black; text-align: left;\" colspan=\"3\"><span style=\"font-size: small;\">G\u00f6lc\u00fck Necati \u00c7elik Devlet Hastanesi<\/span><\/td>\n<\/tr>\n<tr>\n<td style=\"border: 1px solid black; text-align: left;\" colspan=\"3\"><span style=\"font-size: small;\">Semra G\u00dcRB\u00dcZ<\/span><\/td>\n<td style=\"border: 1px solid black; text-align: left;\" colspan=\"3\"><span style=\"font-size: small;\">E\u011fitim Hem\u015firesi<\/span><\/td>\n<td style=\"border: 1px solid black; text-align: left;\" colspan=\"3\"><span style=\"font-size: small;\">G\u00f6lc\u00fck Necati \u00c7elik Devlet Hastanesi<\/span><\/td>\n<\/tr>\n<tr>\n<td style=\"border: 1px solid black; text-align: left;\" colspan=\"3\"><span style=\"font-size: small;\">Serap AYHAN<\/span><\/td>\n<td style=\"border: 1px solid black; text-align: left;\" colspan=\"3\"><span style=\"font-size: small;\">Sa\u011fl\u0131k Bak\u0131m Hizm. M\u00fcd.<\/span><\/td>\n<td style=\"border: 1px solid black; text-align: left;\" colspan=\"3\"><span style=\"font-size: small;\">Derince E\u011fitim Ara\u015ft\u0131rma Hastanesi<\/span><\/td>\n<\/tr>\n<tr>\n<td style=\"border: 1px solid black; text-align: left;\" colspan=\"3\"><span style=\"font-size: small;\">Ye\u015fim KILI\u00c7ASLAN<\/span><\/td>\n<td style=\"border: 1px solid black; text-align: left;\" colspan=\"3\"><span style=\"font-size: small;\">E\u011fitim Hem\u015firesi<\/span><\/td>\n<td style=\"border: 1px solid black; text-align: left;\" colspan=\"3\"><span style=\"font-size: small;\">Derince E\u011fitim Ara\u015ft\u0131rma Hastanesi<\/span><\/td>\n<\/tr>\n<tr>\n<td style=\"border: 1px solid black; text-align: left;\" colspan=\"3\"><span style=\"font-size: small;\">Emine ATAMAN<\/span><\/td>\n<td style=\"border: 1px solid black; text-align: left;\" colspan=\"3\"><span style=\"font-size: small;\">Sa\u011fl\u0131k Bak\u0131m Hizm. M\u00fcd.<\/span><\/td>\n<td style=\"border: 1px solid black; text-align: left;\" colspan=\"3\"><span style=\"font-size: small;\">Kocaeli Devlet Hastanesi<\/span><\/td>\n<\/tr>\n<tr>\n<td style=\"border: 1px solid black; text-align: left;\" colspan=\"3\"><span style=\"font-size: small;\">Ye\u015fim SERBAS<\/span><\/td>\n<td style=\"border: 1px solid black; text-align: left;\" colspan=\"3\"><span style=\"font-size: small;\">E\u011fitim Hem\u015firesi<\/span><\/td>\n<td style=\"border: 1px solid black; text-align: left;\" colspan=\"3\"><span style=\"font-size: small;\">Kocaeli Devlet Hastanesi<\/span><\/td>\n<\/tr>\n<tr>\n<td style=\"border: 1px solid black; text-align: left;\" colspan=\"3\"><span style=\"font-size: small;\">Serap AKKAYA EFE<\/span><\/td>\n<td style=\"border: 1px solid black; text-align: left;\" colspan=\"3\"><span style=\"font-size: small;\">Sa\u011fl\u0131k Bak\u0131m Hizm. M\u00fcd.<\/span><\/td>\n<td style=\"border: 1px solid black; text-align: left;\" colspan=\"3\"><span style=\"font-size: small;\">Seka Devlet Hastanesi<\/span><\/td>\n<\/tr>\n<tr>\n<td style=\"border: 1px solid black; text-align: left;\" colspan=\"3\"><span style=\"font-size: small;\">Meryem YILDIRIM \u00c7ALI\u015eKAN<\/span><\/td>\n<td style=\"border: 1px solid black; text-align: left;\" colspan=\"3\"><span style=\"font-size: small;\">E\u011fitim Hem\u015firesi<\/span><\/td>\n<td style=\"border: 1px solid black; text-align: left;\" colspan=\"3\"><span style=\"font-size: small;\">Seka Devlet Hastanesi<\/span><\/td>\n<\/tr>\n<tr>\n<td style=\"border: 1px solid black; text-align: left;\" colspan=\"3\"><span style=\"font-size: small;\">G\u00fcls\u00fcm \u015eAH\u0130N<\/span><\/td>\n<td style=\"border: 1px solid black; text-align: left;\" colspan=\"3\"><span style=\"font-size: small;\">Hem\u015firelik Hizm. M\u00fcd\u00fcr\u00fc<\/span><\/td>\n<td style=\"border: 1px solid black; text-align: left;\" colspan=\"3\"><span style=\"font-size: small;\">Medicalpark Hastanesi<\/span><\/td>\n<\/tr>\n<tr>\n<td style=\"border: 1px solid black; text-align: left;\" colspan=\"3\"><span style=\"font-size: small;\">\u015eaduman KESK\u0130N<\/span><\/td>\n<td style=\"border: 1px solid black; text-align: left;\" colspan=\"3\"><span style=\"font-size: small;\">Hem\u015firelik Hizm. M\u00fcd\u00fcr Yard\u0131mc\u0131s\u0131<\/span><\/td>\n<td style=\"border: 1px solid black; text-align: left;\" colspan=\"3\"><span style=\"font-size: small;\">Medicalpark Hastanesi<\/span><\/td>\n<\/tr>\n<tr>\n<td style=\"border: 1px solid black; text-align: left;\" colspan=\"3\"><span style=\"font-size: small;\">Bet\u00fcl \u00d6ZKAN \u015eIVGIN<\/span><\/td>\n<td style=\"border: 1px solid black; text-align: left;\" colspan=\"3\"><span style=\"font-size: small;\">Hem\u015firelik Hizm. M\u00fcd\u00fcr\u00fc<\/span><\/td>\n<td style=\"border: 1px solid black; text-align: left;\" colspan=\"3\"><span style=\"font-size: small;\">\u00d6zel Akademi Hastanesi<\/span><\/td>\n<\/tr>\n<tr>\n<td style=\"border: 1px solid black; text-align: left;\" colspan=\"3\"><span style=\"font-size: small;\">B\u00fc\u015fra Nur \u00c7ENGELC\u0130K<\/span><\/td>\n<td style=\"border: 1px solid black; text-align: left;\" colspan=\"3\"><span style=\"font-size: small;\">Psikolog<\/span><\/td>\n<td style=\"border: 1px solid black; text-align: left;\" colspan=\"3\"><span style=\"font-size: small;\">G\u00f6lc\u00fck Huzur Evi<\/span><\/td>\n<\/tr>\n<tr>\n<td style=\"border: 1px solid black; text-align: left;\" colspan=\"3\"><span style=\"font-size: small;\">Kamil T\u00dcYL\u00dcO\u011eLU<\/span><\/td>\n<td style=\"border: 1px solid black; text-align: left;\" colspan=\"3\"><span style=\"font-size: small;\">Kocaeli \u0130l M\u00fcd\u00fcr\u00fc<\/span><\/td>\n<td style=\"border: 1px solid black; text-align: left;\" colspan=\"3\"><span style=\"font-size: small;\">Kocaeli Aile \u00c7al\u0131\u015fma ve Sosyal Hizmetler<\/span><\/td>\n<\/tr>\n<tr>\n<td style=\"border: 1px solid black; text-align: left;\" colspan=\"3\"><span style=\"font-size: small;\">\u00d6mer SAYMA<\/span><\/td>\n<td style=\"border: 1px solid black; text-align: left;\" colspan=\"3\"><span style=\"font-size: small;\">Fizyoterapist \/ TFD Kocaeli Temsilcisi<\/span><\/td>\n<td style=\"border: 1px solid black; text-align: left;\" colspan=\"3\"><span style=\"font-size: small;\">T\u00fcrkiye Fizyoterapistler Derne\u011fi<\/span><\/td>\n<\/tr>\n<tr>\n<td style=\"border: 1px solid black; text-align: left;\" colspan=\"3\"><span style=\"font-size: small;\">Volkan \u0130PAR<\/span><\/td>\n<td style=\"border: 1px solid black; text-align: left;\" colspan=\"3\"><span style=\"font-size: small;\">Fizyoterapist<\/span><\/td>\n<td style=\"border: 1px solid black; text-align: left;\" colspan=\"3\"><span style=\"font-size: small;\">\u00d6zel Bilge Eller \u00d6zel E\u011fitim Merkezi<\/span><\/td>\n<\/tr>\n<tr>\n<td style=\"border: 1px solid black; text-align: left;\" colspan=\"3\"><span style=\"font-size: small;\">Didem U\u011eUR<\/span><\/td>\n<td style=\"border: 1px solid black; text-align: left;\" colspan=\"3\"><span style=\"font-size: small;\">Fizyoterapist<\/span><\/td>\n<td style=\"border: 1px solid black; text-align: left;\" colspan=\"3\"><span style=\"font-size: small;\">Kocaeli VM Medicalpark FTR \u00dcnite Koordinat\u00f6r\u00fc<\/span><\/td>\n<\/tr>\n<tr>\n<td style=\"border: 1px solid black; text-align: left;\" colspan=\"3\"><span style=\"font-size: small;\">Nurg\u00fcl KUMEK<\/span><\/td>\n<td style=\"border: 1px solid black; text-align: left;\" colspan=\"3\"><span style=\"font-size: small;\">Fizyoterapist<\/span><\/td>\n<td style=\"border: 1px solid black; text-align: left;\" colspan=\"3\"><span style=\"font-size: small;\">G\u00f6lc\u00fck Necati \u00c7elik Devlet Hastanesi FTR \u00dcnite Sorumlusu<\/span><\/td>\n<\/tr>\n<tr>\n<td style=\"border: 1px solid black; text-align: left;\" colspan=\"3\"><span style=\"font-size: small;\">Berna BULUT<\/span><\/td>\n<td style=\"border: 1px solid black; text-align: left;\" colspan=\"3\"><span style=\"font-size: small;\">Fizyoterapist<\/span><\/td>\n<td style=\"border: 1px solid black; text-align: left;\" colspan=\"3\"><span style=\"font-size: small;\">Sa\u011fl\u0131k Bakanl\u0131\u011f\u0131 Kocaeli \u015eehir Hastanesi FTR Hastanesi Sorumlu Fizyoterapist<\/span><\/td>\n<\/tr>\n<tr>\n<td style=\"border: 1px solid black; text-align: left;\" colspan=\"3\"><span style=\"font-size: small;\">Prof. Dr. \u00d6zg\u00fcl EROL<\/span><\/td>\n<td style=\"border: 1px solid black; text-align: left;\" colspan=\"3\"><span style=\"font-size: small;\">Hem\u015firelik , \u00d6\u011fretim \u00dcyesi<\/span><\/td>\n<td style=\"border: 1px solid black; text-align: left;\" colspan=\"3\"><span style=\"font-size: small;\">Trakya \u00dcniversitesi Sa\u011fl\u0131k Bilimleri Fak\u00fcltesi Hem\u015firelik B\u00f6l\u00fcm\u00fc<\/span><\/td>\n<\/tr>\n<tr>\n<td style=\"border: 1px solid black; text-align: left;\" colspan=\"3\"><span style=\"font-size: small;\">Prof. Dr. Dilek \u00d6ZDEN<\/span><\/td>\n<td style=\"border: 1px solid black; text-align: left;\" colspan=\"3\"><span style=\"font-size: small;\">Hem\u015firelik , \u00d6\u011fretim \u00dcyesi<\/span><\/td>\n<td style=\"border: 1px solid black; text-align: left;\" colspan=\"3\"><span style=\"font-size: small;\">Dokuz Eyl\u00fcl \u00dcniversitesi Hem\u015firelik Fak\u00fcltesi\u00a0<\/span><\/td>\n<\/tr>\n<tr>\n<td style=\"border: 1px solid black; text-align: left;\" colspan=\"3\"><span style=\"font-size: small;\">Do\u00e7. Dr. Havva SERT<\/span><\/td>\n<td style=\"border: 1px solid black; text-align: left;\" colspan=\"3\"><span style=\"font-size: small;\">Hem\u015firelik , \u00d6\u011fretim \u00dcyesi<\/span><\/td>\n<td style=\"border: 1px solid black; text-align: left;\" colspan=\"3\"><span style=\"font-size: small;\">Sakarya \u00dcniversitesi Sa\u011fl\u0131k Bilimleri Fak\u00fcltesi Hem\u015firelik B\u00f6l\u00fcm\u00fc<\/span><\/td>\n<\/tr>\n<tr>\n<td style=\"border: 1px solid black; text-align: left;\" colspan=\"3\"><span style=\"font-size: small;\">Dr. \u00d6\u011fr. \u00dcyesi Sermin D\u0130N\u00c7<\/span><\/td>\n<td style=\"border: 1px solid black; text-align: left;\" colspan=\"3\"><span style=\"font-size: small;\">Hem\u015firelik , \u00d6\u011fretim \u00dcyesi<\/span><\/td>\n<td style=\"border: 1px solid black; text-align: left;\" colspan=\"3\"><span style=\"font-size: small;\">Atlas \u00dcniversitesi Sa\u011fl\u0131k Bilimleri Fak\u00fcltesi Hem\u015firelik B\u00f6l\u00fcm\u00fc<\/span><\/td>\n<\/tr>\n<tr>\n<td style=\"border: 1px solid black; text-align: left;\" colspan=\"3\"><span style=\"font-size: small;\">Prof. Dr. Semra KARACA<\/span><\/td>\n<td style=\"border: 1px solid black; text-align: left;\" colspan=\"3\"><span style=\"font-size: small;\">Hem\u015firelik , \u00d6\u011fretim \u00dcyesi<\/span><\/td>\n<td style=\"border: 1px solid black; text-align: left;\" colspan=\"3\"><span style=\"font-size: small;\">Marmara \u00dcniversitesi Sa\u011fl\u0131k Bilimleri Fak\u00fcltesi Hem\u015firelik B\u00f6l\u00fcm\u00fc<\/span><\/td>\n<\/tr>\n<tr>\n<td style=\"border: 1px solid black; text-align: left;\" colspan=\"3\"><span style=\"font-size: small;\">Do\u00e7. Dr. Nurhan \u00d6ZPANCAR \u015eOLPAN<\/span><\/td>\n<td style=\"border: 1px solid black; text-align: left;\" colspan=\"3\"><span style=\"font-size: small;\">Hem\u015firelik , \u00d6\u011fretim \u00dcyesi<\/span><\/td>\n<td style=\"border: 1px solid black; text-align: left;\" colspan=\"3\"><span style=\"font-size: small;\">Nam\u0131k Kemal \u00dcniversitesi Sa\u011fl\u0131k Bilimleri Fak\u00fcltesi Hem\u015firelik B\u00f6l\u00fcm\u00fc<\/span><\/td>\n<\/tr>\n<\/tbody>\n<\/table>\n<p>[\/vc_column_text][\/vc_column][\/vc_row]<\/p>\n<\/div>","protected":false},"excerpt":{"rendered":"<p>[vc_row][vc_column][vc_column_text] KOCAEL\u0130 SA\u011eLIK VE TEKNOLOJ\u0130 \u00dcN\u0130VERS\u0130TES\u0130 SA\u011eLIK B\u0130L\u0130MLER\u0130 FAK\u00dcLTES\u0130\u00a0 DANI\u015eMA KURULU Ad\u0131 &#8211; Soyad\u0131\u00a0 G\u00f6revi Kurumu Prof. Dr. Yurdanur D\u0130KMEN Dekan \/ Ba\u015fkan Kocaeli Sa\u011fl\u0131k ve Teknoloji \u00dcniversitesi Sa\u011fl\u0131k Bilimleri Fak\u00fcltesi Do\u00e7. Dr. Suna UYSAL YAL\u00c7IN Dekan Yard\u0131mc\u0131s\u0131\/ Ba\u015fkan Yard\u0131mc\u0131s\u0131 &hellip; <\/p>\n","protected":false},"author":12,"featured_media":0,"parent":0,"menu_order":0,"comment_status":"closed","ping_status":"closed","template":"","meta":{"footnotes":""},"_links":{"self":[{"href":"https:\/\/kocaelisaglik.edu.tr\/saglik\/wp-json\/wp\/v2\/pages\/9153"}],"collection":[{"href":"https:\/\/kocaelisaglik.edu.tr\/saglik\/wp-json\/wp\/v2\/pages"}],"about":[{"href":"https:\/\/kocaelisaglik.edu.tr\/saglik\/wp-json\/wp\/v2\/types\/page"}],"author":[{"embeddable":true,"href":"https:\/\/kocaelisaglik.edu.tr\/saglik\/wp-json\/wp\/v2\/users\/12"}],"replies":[{"embeddable":true,"href":"https:\/\/kocaelisaglik.edu.tr\/saglik\/wp-json\/wp\/v2\/comments?post=9153"}],"version-history":[{"count":6,"href":"https:\/\/kocaelisaglik.edu.tr\/saglik\/wp-json\/wp\/v2\/pages\/9153\/revisions"}],"predecessor-version":[{"id":9673,"href":"https:\/\/kocaelisaglik.edu.tr\/saglik\/wp-json\/wp\/v2\/pages\/9153\/revisions\/9673"}],"wp:attachment":[{"href":"https:\/\/kocaelisaglik.edu.tr\/saglik\/wp-json\/wp\/v2\/media?parent=9153"}],"curies":[{"name":"wp","href":"https:\/\/api.w.org\/{rel}","templated":true}]}}