{"id":8974,"date":"2025-03-18T11:56:49","date_gmt":"2025-03-18T08:56:49","guid":{"rendered":"https:\/\/kocaelisaglik.edu.tr\/saglik\/?page_id=8974"},"modified":"2026-04-21T14:01:47","modified_gmt":"2026-04-21T11:01:47","slug":"akademik-kadro-3","status":"publish","type":"page","link":"https:\/\/kocaelisaglik.edu.tr\/saglik\/akademik-kadro-3\/","title":{"rendered":"Akademik Kadro"},"content":{"rendered":"<div class=\"wpb-content-wrapper\"><p>[vc_row][vc_column width=&#8221;1\/4&#8243;][vc_single_image image=&#8221;8449&#8243; alignment=&#8221;center&#8221; style=&#8221;vc_box_outline&#8221;][vc_column_text]<\/p>\n<p style=\"text-align: center;\"><a href=\"https:\/\/kocaelisaglik.edu.tr\/saglik\/yurdanur-dikmen\/\"><strong>Prof. Dr.<\/strong><\/a><\/p>\n<p style=\"text-align: center;\"><a href=\"https:\/\/kocaelisaglik.edu.tr\/saglik\/yurdanur-dikmen\/\"><strong>Yurdanur D\u0130KMEN<\/strong><\/a><\/p>\n<p>&nbsp;<\/p>\n<p style=\"text-align: center;\"><a href=\"mailto:yurdanur.dikmen@kocaelisaglik.edu.tr\"><strong>yurdanur.dikmen@kocaelisaglik.edu.tr<\/strong><\/a><\/p>\n<p>[\/vc_column_text][\/vc_column][vc_column width=&#8221;1\/4&#8243;][vc_single_image image=&#8221;9147&#8243; alignment=&#8221;center&#8221; style=&#8221;vc_box_outline&#8221;][vc_column_text]<\/p>\n<p style=\"text-align: center;\"><a href=\"https:\/\/kocaelisaglik.edu.tr\/suna-uysal-yalcin\/\"><strong>Do\u00e7. Dr.<\/strong><\/a><\/p>\n<p style=\"text-align: center;\"><a href=\"https:\/\/kocaelisaglik.edu.tr\/suna-uysal-yalcin\/\"><strong>Suna UYSAL YAL\u00c7IN<\/strong><\/a><\/p>\n<p>&nbsp;<\/p>\n<p style=\"text-align: center;\"><a href=\"mailto:suna.yalcin@kocaelisaglik.edu.tr\"><strong>suna.yalcin@kocaelisaglik.edu.tr<\/strong><\/a><\/p>\n<p>[\/vc_column_text][\/vc_column][vc_column width=&#8221;1\/4&#8243;][vc_single_image image=&#8221;8655&#8243; alignment=&#8221;center&#8221; style=&#8221;vc_box_outline&#8221;][vc_column_text]<\/p>\n<p style=\"text-align: center;\"><a href=\"https:\/\/kocaelisaglik.edu.tr\/saglik\/ayse-eminov\/\"><strong>Dr. \u00d6\u011fr. \u00dcyesi<\/strong><\/a><\/p>\n<p style=\"text-align: center;\"><a href=\"https:\/\/kocaelisaglik.edu.tr\/saglik\/ayse-eminov\/\"><strong>Ay\u015fe EM\u0130NOV<\/strong><\/a><\/p>\n<p>&nbsp;<\/p>\n<p style=\"text-align: center;\"><a href=\"mailto:ayse.eminov@kocaelisaglik.edu.tr\"><strong>ayse.eminov@kocaelisaglik.edu.tr<\/strong><\/a><\/p>\n<p>[\/vc_column_text][\/vc_column][vc_column width=&#8221;1\/4&#8243;][vc_single_image image=&#8221;8656&#8243; alignment=&#8221;center&#8221; style=&#8221;vc_box_outline&#8221;][vc_column_text]<\/p>\n<p style=\"text-align: center;\"><a href=\"https:\/\/kocaelisaglik.edu.tr\/saglik\/aysel-incedere\/\"><strong>Dr. \u00d6\u011fr. \u00dcyesi<\/strong><\/a><\/p>\n<p style=\"text-align: center;\"><strong><a href=\"https:\/\/kocaelisaglik.edu.tr\/saglik\/aysel-incedere\/\">Aysel \u0130NCEDERE<\/a><\/strong><\/p>\n<p>&nbsp;<\/p>\n<p style=\"text-align: center;\"><a href=\"mailto:aysel.incedere@kocaelisaglik.edu.tr\"><strong>aysel.incedere@kocaelisaglik.edu.tr<\/strong><\/a><\/p>\n<p>[\/vc_column_text][\/vc_column][vc_column][vc_empty_space][\/vc_column][\/vc_row][vc_row][vc_column width=&#8221;1\/3&#8243;][vc_single_image image=&#8221;9157&#8243; alignment=&#8221;center&#8221; style=&#8221;vc_box_outline&#8221;][vc_column_text]<\/p>\n<p style=\"text-align: center;\"><a href=\"https:\/\/kocaelisaglik.edu.tr\/azzet-yuksel\/\"><strong>Dr. \u00d6\u011fr. \u00dcyesi<\/strong><\/a><\/p>\n<p style=\"text-align: center;\"><a href=\"https:\/\/kocaelisaglik.edu.tr\/azzet-yuksel\/\"><strong>Azzet Y\u00dcKSEL<\/strong><\/a><\/p>\n<p>&nbsp;<\/p>\n<p style=\"text-align: center;\"><a href=\"mailto:azzet.yuksel@kocaelisaglik.edu.tr\"><strong>azzet.yuksel@kocaelisaglik.edu.tr<\/strong><\/a><\/p>\n<p>[\/vc_column_text][\/vc_column][vc_column width=&#8221;1\/3&#8243;][vc_single_image image=&#8221;8445&#8243; alignment=&#8221;center&#8221; style=&#8221;vc_box_outline&#8221;][vc_column_text]<\/p>\n<p style=\"text-align: center;\"><a href=\"https:\/\/kocaelisaglik.edu.tr\/mehtap-akkoc\/\"><b>Dr. \u00d6\u011fr. \u00dcyesi<\/b><\/a><\/p>\n<p style=\"text-align: center;\"><a href=\"https:\/\/kocaelisaglik.edu.tr\/mehtap-akkoc\/\"><strong>Mehtap AKKO\u00c7<\/strong><\/a><\/p>\n<p>&nbsp;<\/p>\n<p style=\"text-align: center;\"><a href=\"mailto:mehtap.akkoc@kocaelisaglik.edu.tr\"><strong>mehtap.akkoc@kocaelisaglik.edu.tr<\/strong><\/a><\/p>\n<p>[\/vc_column_text][\/vc_column][vc_column width=&#8221;1\/3&#8243;][vc_single_image image=&#8221;9162&#8243; alignment=&#8221;center&#8221; style=&#8221;vc_box_outline&#8221;][vc_column_text]<\/p>\n<p style=\"text-align: center;\"><a href=\"#\"><strong>Dr. \u00d6\u011fr. \u00dcyesi<\/strong><\/a><\/p>\n<p style=\"text-align: center;\"><a href=\"#\"><strong>Nida EFET\u00dcRK<\/strong><\/a><\/p>\n<p>&nbsp;<\/p>\n<p style=\"text-align: center;\"><a href=\"mailto:nida.efeturk@kocaelisaglik.edu.tr\"><strong>nida.efeturk@kocaelisaglik.edu.tr<\/strong><\/a><\/p>\n<p>[\/vc_column_text][\/vc_column][\/vc_row]<\/p>\n<\/div>","protected":false},"excerpt":{"rendered":"<p>[vc_row][vc_column width=&#8221;1\/4&#8243;][vc_single_image image=&#8221;8449&#8243; alignment=&#8221;center&#8221; style=&#8221;vc_box_outline&#8221;][vc_column_text] Prof. Dr. Yurdanur D\u0130KMEN &nbsp; yurdanur.dikmen@kocaelisaglik.edu.tr [\/vc_column_text][\/vc_column][vc_column width=&#8221;1\/4&#8243;][vc_single_image image=&#8221;9147&#8243; alignment=&#8221;center&#8221; style=&#8221;vc_box_outline&#8221;][vc_column_text] Do\u00e7. Dr. Suna UYSAL YAL\u00c7IN &nbsp; suna.yalcin@kocaelisaglik.edu.tr [\/vc_column_text][\/vc_column][vc_column width=&#8221;1\/4&#8243;][vc_single_image image=&#8221;8655&#8243; alignment=&#8221;center&#8221; style=&#8221;vc_box_outline&#8221;][vc_column_text] Dr. \u00d6\u011fr. \u00dcyesi Ay\u015fe EM\u0130NOV &nbsp; ayse.eminov@kocaelisaglik.edu.tr [\/vc_column_text][\/vc_column][vc_column width=&#8221;1\/4&#8243;][vc_single_image image=&#8221;8656&#8243; alignment=&#8221;center&#8221; style=&#8221;vc_box_outline&#8221;][vc_column_text] &hellip; <\/p>\n","protected":false},"author":12,"featured_media":0,"parent":0,"menu_order":0,"comment_status":"closed","ping_status":"closed","template":"","meta":{"footnotes":""},"_links":{"self":[{"href":"https:\/\/kocaelisaglik.edu.tr\/saglik\/wp-json\/wp\/v2\/pages\/8974"}],"collection":[{"href":"https:\/\/kocaelisaglik.edu.tr\/saglik\/wp-json\/wp\/v2\/pages"}],"about":[{"href":"https:\/\/kocaelisaglik.edu.tr\/saglik\/wp-json\/wp\/v2\/types\/page"}],"author":[{"embeddable":true,"href":"https:\/\/kocaelisaglik.edu.tr\/saglik\/wp-json\/wp\/v2\/users\/12"}],"replies":[{"embeddable":true,"href":"https:\/\/kocaelisaglik.edu.tr\/saglik\/wp-json\/wp\/v2\/comments?post=8974"}],"version-history":[{"count":11,"href":"https:\/\/kocaelisaglik.edu.tr\/saglik\/wp-json\/wp\/v2\/pages\/8974\/revisions"}],"predecessor-version":[{"id":9707,"href":"https:\/\/kocaelisaglik.edu.tr\/saglik\/wp-json\/wp\/v2\/pages\/8974\/revisions\/9707"}],"wp:attachment":[{"href":"https:\/\/kocaelisaglik.edu.tr\/saglik\/wp-json\/wp\/v2\/media?parent=8974"}],"curies":[{"name":"wp","href":"https:\/\/api.w.org\/{rel}","templated":true}]}}