{"id":8972,"date":"2025-03-18T11:24:57","date_gmt":"2025-03-18T08:24:57","guid":{"rendered":"https:\/\/kocaelisaglik.edu.tr\/saglik\/?page_id=8972"},"modified":"2025-04-28T14:08:53","modified_gmt":"2025-04-28T11:08:53","slug":"bolum-baskaninin-mesaji-2","status":"publish","type":"page","link":"https:\/\/kocaelisaglik.edu.tr\/saglik\/bolum-baskaninin-mesaji-2\/","title":{"rendered":"B\u00f6l\u00fcm Ba\u015fkan\u0131n\u0131n Mesaj\u0131"},"content":{"rendered":"<div class=\"wpb-content-wrapper\"><p>[vc_row][vc_column width=&#8221;1\/3&#8243;][vc_single_image image=&#8221;8655&#8243; img_size=&#8221;medium&#8221;][\/vc_column][vc_column width=&#8221;2\/3&#8243;][vc_column_text]Sevgili \u00d6\u011frenciler,<br \/>\nHem\u015firelik, bireyin, ailenin ve toplumun mevcut ve olas\u0131 sa\u011fl\u0131k sorunlar\u0131na ya da gereksinimlerine b\u00fct\u00fcnc\u00fcl ve insanc\u0131l bir yakla\u015f\u0131mla \u00e7\u00f6z\u00fcm bulmay\u0131 hedefleyen, bilimsel bilgi temeline dayal\u0131 profesyonel bir sa\u011fl\u0131k disiplinidir. Hem\u015fire, bireyin do\u011fumundan ya\u015fam\u0131n\u0131n sonlanmas\u0131na kadar olan s\u00fcre\u00e7te, sa\u011fl\u0131k d\u00fczeyinin y\u00fckseltilmesi, hastal\u0131klar\u0131n \u00f6nlenmesi, hastal\u0131k halinde bak\u0131m ve rehabilitasyon s\u00fcre\u00e7leri i\u00e7in gerekli bak\u0131m\u0131 planlama, uygulama ve de\u011ferlendirme yetisine sahip olan sa\u011fl\u0131k ekibi \u00fcyesidir. Hem\u015firelerin &#8221;bak\u0131m verme&#8221; ve &#8221;tedavi plan\u0131na kat\u0131lma&#8221; rolleri yan\u0131 s\u0131ra, &#8221;g\u00fcvenli ve sa\u011fl\u0131kl\u0131 bir \u00e7evre olu\u015fturma&#8221;, &#8221;e\u011fitim&#8221;, &#8221;dan\u0131\u015fmanl\u0131k&#8221;, &#8221;ara\u015ft\u0131rma&#8221;, &#8221;y\u00f6netim&#8221;, &#8221;kalite geli\u015ftirme&#8221;, &#8221;;i\u015fbirli\u011fi yapma&#8221; ve &#8221;ileti\u015fimi sa\u011flama&#8221; gibi \u00e7ok y\u00f6nl\u00fc roller \u00fcstlendi\u011fi unutulmamal\u0131d\u0131r. Geli\u015fen teknoloji ve de\u011fi\u015fen toplumsal yap\u0131, sa\u011fl\u0131k sorunlar\u0131n\u0131n artmas\u0131na ve \u00e7e\u015fitlenmesine neden olmaktad\u0131r. Artan ve de\u011fi\u015fen sa\u011fl\u0131k sorunlar\u0131na kar\u015f\u0131n hem\u015firelik bak\u0131m\u0131n\u0131n da de\u011fi\u015fmesi ve geli\u015fmesi gerekmektedir.<\/p>\n<p>Kocaeli Sa\u011fl\u0131k ve Teknoloji \u00dcniversitesi Hem\u015firelik B\u00f6l\u00fcm\u00fc olarak amac\u0131m\u0131z; kan\u0131ta dayal\u0131 hem\u015firelik bak\u0131m\u0131 uygulayabilen, yapay zeka uygulamalar\u0131n\u0131 bak\u0131ma yans\u0131tan, ekip \u00e7al\u0131\u015fmas\u0131na yatk\u0131n, insan onuruna sayg\u0131l\u0131 ve g\u00fcvenli sa\u011fl\u0131k hizmeti sunan hem\u015fireler yeti\u015ftirmektir. B\u00f6l\u00fcm\u00fcm\u00fczde ulusal ve uluslararas\u0131 d\u00fczeyde yetkin, mesleki de\u011ferlerinin fark\u0131nda olan, bilimsel geli\u015fmeleri yak\u0131ndan takip eden, ele\u015ftirel d\u00fc\u015f\u00fcnme ve problem \u00e7\u00f6zme becerileri geli\u015fmi\u015f, etik ilkeleri benimsemi\u015f, mesleki sorumluluklar\u0131n\u0131 en iyi \u015fekilde yerine getiren hem\u015fireler yeti\u015ftirmek en temel hedefimizdir.<\/p>\n<p>Kocaeli Sa\u011fl\u0131k ve Teknoloji \u00dcniversitesi Hem\u015firelik B\u00f6l\u00fcm\u00fc mezunlar\u0131m\u0131z; koruyucu ve tedavi edici sa\u011fl\u0131k hizmeti sunan kamu ve \u00f6zel sa\u011fl\u0131k kurumlar\u0131nda, hastanelerde, ayakta te\u015fhis ve tedavi hizmeti veren sa\u011fl\u0131k merkezlerinde, okullarda, i\u015f yeri sa\u011fl\u0131k birimlerinde, evde bak\u0131m hizmeti sunan kurulu\u015flarda, ya\u015fl\u0131 bak\u0131mevlerinde ve rehabilitasyon merkezlerinde klinisyen, y\u00f6netici ve e\u011fitici olarak hem\u015fire \u00fcnvan\u0131yla \u00e7al\u0131\u015fabilmektedir. Ayr\u0131ca, lisans\u00fcst\u00fc e\u011fitim programlar\u0131na kat\u0131larak bilim uzman\u0131 ve doktora derecesi alarak akademik kariyer yapma f\u0131rsat\u0131na da sahiptirler.<br \/>\nTopluma faydal\u0131 olma bilinciyle hareket eden Kocaeli Sa\u011fl\u0131k ve Teknoloji \u00dcniversitesi, g\u00fc\u00e7l\u00fc, deneyimli ve \u00f6zverili akademik kadrosu ile sizleri bekliyor.<\/p>\n<p style=\"text-align: right;\"><strong>Kocaeli Sa\u011fl\u0131k ve Teknoloji \u00dcniversitesi Hem\u015firelik B\u00f6l\u00fcm Ba\u015fkan\u0131<\/strong><\/p>\n<p style=\"text-align: right;\">Dr. \u00d6\u011fr. \u00dcyesi Ay\u015fe EM\u0130NOV<\/p>\n<p>[\/vc_column_text][\/vc_column][\/vc_row]<\/p>\n<\/div>","protected":false},"excerpt":{"rendered":"<p>[vc_row][vc_column width=&#8221;1\/3&#8243;][vc_single_image image=&#8221;8655&#8243; img_size=&#8221;medium&#8221;][\/vc_column][vc_column width=&#8221;2\/3&#8243;][vc_column_text]Sevgili \u00d6\u011frenciler, Hem\u015firelik, bireyin, ailenin ve toplumun mevcut ve olas\u0131 sa\u011fl\u0131k sorunlar\u0131na ya da gereksinimlerine b\u00fct\u00fcnc\u00fcl ve insanc\u0131l bir yakla\u015f\u0131mla \u00e7\u00f6z\u00fcm bulmay\u0131 hedefleyen, bilimsel bilgi temeline dayal\u0131 profesyonel bir sa\u011fl\u0131k disiplinidir. Hem\u015fire, bireyin do\u011fumundan ya\u015fam\u0131n\u0131n sonlanmas\u0131na &hellip; <\/p>\n","protected":false},"author":12,"featured_media":0,"parent":0,"menu_order":0,"comment_status":"closed","ping_status":"closed","template":"","meta":{"footnotes":""},"_links":{"self":[{"href":"https:\/\/kocaelisaglik.edu.tr\/saglik\/wp-json\/wp\/v2\/pages\/8972"}],"collection":[{"href":"https:\/\/kocaelisaglik.edu.tr\/saglik\/wp-json\/wp\/v2\/pages"}],"about":[{"href":"https:\/\/kocaelisaglik.edu.tr\/saglik\/wp-json\/wp\/v2\/types\/page"}],"author":[{"embeddable":true,"href":"https:\/\/kocaelisaglik.edu.tr\/saglik\/wp-json\/wp\/v2\/users\/12"}],"replies":[{"embeddable":true,"href":"https:\/\/kocaelisaglik.edu.tr\/saglik\/wp-json\/wp\/v2\/comments?post=8972"}],"version-history":[{"count":3,"href":"https:\/\/kocaelisaglik.edu.tr\/saglik\/wp-json\/wp\/v2\/pages\/8972\/revisions"}],"predecessor-version":[{"id":8996,"href":"https:\/\/kocaelisaglik.edu.tr\/saglik\/wp-json\/wp\/v2\/pages\/8972\/revisions\/8996"}],"wp:attachment":[{"href":"https:\/\/kocaelisaglik.edu.tr\/saglik\/wp-json\/wp\/v2\/media?parent=8972"}],"curies":[{"name":"wp","href":"https:\/\/api.w.org\/{rel}","templated":true}]}}