{"id":8724,"date":"2024-11-14T14:18:00","date_gmt":"2024-11-14T11:18:00","guid":{"rendered":"https:\/\/kocaelisaglik.edu.tr\/saglik\/?page_id=8724"},"modified":"2025-11-20T11:55:26","modified_gmt":"2025-11-20T08:55:26","slug":"arastirmalar-ve-projeler","status":"publish","type":"page","link":"https:\/\/kocaelisaglik.edu.tr\/saglik\/arastirmalar-ve-projeler\/","title":{"rendered":"Ara\u015ft\u0131rmalar ve Projeler"},"content":{"rendered":"<div class=\"wpb-content-wrapper\"><p>[vc_row][vc_column][vc_toggle title=&#8221;Fizyoterapi ve Rehabilitasyon B\u00f6l\u00fcm\u00fc 2209\/A 2024 2.D\u00f6nem Ba\u015fvurular\u0131 Kabul Edilen \u00d6\u011frenci Projeleri&#8221;]<strong>Proje Ba\u015fl\u0131\u011f\u0131<\/strong>: \u00d6zel gereksinimli \u00e7ocuklar\u0131n ailelerine yapay zek\u00e2 destekli verilen e\u011fitimin a\u011fr\u0131, fiziksel aktivite ve yorgunluk \u00fczerine etkisi<br \/>\n<strong>Proje Dan\u0131\u015fman\u0131<\/strong>: Dr. \u00d6\u011fr. \u00dcyesi Hatice Sena \u00c7INARLI<br \/>\n<strong>Y\u00fcr\u00fct\u00fcc\u00fc<\/strong>: Ecem PALAZ, \u00d6zlem AKAN<\/p>\n<p>&nbsp;<\/p>\n<p><strong>Proje Ba\u015fl\u0131\u011f\u0131<\/strong>: Kronik Boyun A\u011fr\u0131s\u0131 Olan Bireylerde Dinamik N\u00f6romuskuler Stabilizasyon Egzersizlerinin Denge, A\u011fr\u0131, \u00d6z\u00fcrl\u00fcl\u00fck D\u00fczeyi Ve Ya\u015fam Kalitesi \u00dczerine Etkisi<br \/>\n<strong>Proje Dan\u0131\u015fman\u0131<\/strong>: Dr. \u00d6\u011fr. \u00dcyesi Hatice Sena \u00c7INARLI<br \/>\n<strong>Y\u00fcr\u00fct\u00fcc\u00fc<\/strong>: Z\u00fcmranur KABA, Zelal D\u0130NLER<\/p>\n<p>&nbsp;<\/p>\n<p><strong>Proje Ba\u015fl\u0131\u011f\u0131<\/strong>: Kronik Obstr\u00fcktif Akci\u011fer Hastal\u0131\u011f\u0131 Olan Bireylerde Farkl\u0131 Ev Temelli Telerehabilitasyon Programlar\u0131n\u0131n Egzersiz Kapasitesi ve Ya\u015fam Kalitesi \u00dczerine Etkisi<br \/>\n<strong>Proje Dan\u0131\u015fman\u0131<\/strong>: Dr. \u00d6\u011fr. \u00dcyesi Hatice Sena \u00c7INARLI<br \/>\n<strong>Y\u00fcr\u00fct\u00fcc\u00fc<\/strong>: Asude AKAL, Aynur OSMANOVA<\/p>\n<p>&nbsp;<\/p>\n<p><strong>Proje Ba\u015fl\u0131\u011f\u0131<\/strong>: Kinezyofobisi olan geriatrik bireylerde yapay zek\u00e2 destekli ve telerehabilitasyon temelli e\u011fitimlerin etkinli\u011fi<br \/>\n<strong>Proje Dan\u0131\u015fman\u0131<\/strong>: \u00d6\u011fr. G\u00f6r. Ebru SEVER<br \/>\n<strong>Y\u00fcr\u00fct\u00fcc\u00fc<\/strong>: Z\u00fclfikar MEYDANO\u011eULLARI, Hamza YILDIZ<\/p>\n<p>&nbsp;<\/p>\n<p><strong>Proje Ba\u015fl\u0131\u011f\u0131<\/strong>: \u00c7ocuk Futbolcularda \u0130mgeleme \u00c7al\u0131\u015fmalar\u0131n\u0131n Non-Dominant Bacak Sportif Becerilerine ve Zihinsel Dayan\u0131kl\u0131l\u0131\u011fa Etkisinin Ara\u015ft\u0131r\u0131lmas\u0131<br \/>\n<strong>Proje Dan\u0131\u015fman\u0131<\/strong>: \u00d6\u011fr. G\u00f6r. Gamze AYDO\u011eAN<br \/>\n<strong>Y\u00fcr\u00fct\u00fcc\u00fc<\/strong>: Azra TUTKUN, Muhammet Furkan TURAN, Tolgahan DO\u011eANAY<\/p>\n<p>&nbsp;<\/p>\n<p><strong>Proje Ba\u015fl\u0131\u011f\u0131<\/strong>: Geriatrik Bireylerde Yapay Zek\u00e2 Destekli Solunum Egzersiz E\u011fitiminin Solunum Fonksiyonlar\u0131 \u00dczerine Etkisinin \u0130ncelenmesi<br \/>\n<strong>Proje Dan\u0131\u015fman\u0131<\/strong>: Ar\u015f. G\u00f6r. Gizem \u015eEKERCAN<br \/>\n<strong>Y\u00fcr\u00fct\u00fcc\u00fc<\/strong>: \u00d6znur ZEREY, Eslem G\u00dcNER<\/p>\n<p>&nbsp;<\/p>\n<p><strong>Proje Ba\u015fl\u0131\u011f\u0131<\/strong>: Parkinson Hastalar\u0131nda Yapay Zek\u00e2 Destekli Olu\u015fturulan Post\u00fcral Stabilite E\u011fitiminin Y\u00fcr\u00fcy\u00fc\u015f ve Denge \u00dczerine Etkisinin \u0130ncelenmesi<br \/>\n<strong>Proje Dan\u0131\u015fman\u0131<\/strong>: Ar\u015f. G\u00f6r. Gizem \u015eEKERCAN<br \/>\n<strong>Y\u00fcr\u00fct\u00fcc\u00fc<\/strong>: \u0130clal Erva BA\u015eO\u011eLU, Nida KARDA\u015e<\/p>\n<p>&nbsp;<\/p>\n<p><strong>Proje Ba\u015fl\u0131\u011f\u0131<\/strong>: Geriatrik bireylerde ayak intrinsik kas e\u011fitiminin denge ve y\u00fcr\u00fcy\u00fc\u015f \u00fczerine etkisinin incelenmesi<br \/>\n<strong>Proje Dan\u0131\u015fman\u0131<\/strong>: Ar\u015f. G\u00f6r. Gizem \u015eEKERCAN<br \/>\n<strong>Y\u00fcr\u00fct\u00fcc\u00fc<\/strong>: Sudenur TOZS\u0130N, Yalda ZAMANI[\/vc_toggle][vc_toggle title=&#8221;2209-A- \u00dcniversite \u00d6\u011frencileri Ara\u015ft\u0131rma Projeleri Destekleme Program\u0131 Kabul Alan Projeler&#8221;]<\/p>\n<ul>\n<li>Primer Dismenore Tan\u0131l\u0131 Bireylerde Telerehabilitasyon ile Uygulanan Mindfullness Etkinli\u011fi<\/li>\n<\/ul>\n<p><strong>Dan\u0131\u015fman:<\/strong> \u00d6\u011fr. G\u00f6r. Ebru SEVER<\/p>\n<p><strong>Y\u00fcr\u00fct\u00fcc\u00fc:<\/strong> B\u00fc\u015fra NAMLI, Ya\u011fmur BAT<\/p>\n<p>&nbsp;<\/p>\n<ul>\n<li>Geriatrik Bireylerde Uygulanan Bapne Metodunun Reaksiyon Zaman\u0131 \u00dczerine Etkisinin Ara\u015ft\u0131r\u0131lmas\u0131<\/li>\n<\/ul>\n<p><strong>Dan\u0131\u015fman:<\/strong> \u00d6\u011fr. G\u00f6r. Ebru SEVER<\/p>\n<p><strong>Y\u00fcr\u00fct\u00fcc\u00fc: <\/strong>Duygu C\u00d6MERT, Hayal BURLA, Tala HAN\u0130YA, Fatma Rana G\u00dcZELLER<\/p>\n<p>&nbsp;<\/p>\n<ul>\n<li>Ofis \u00c7al\u0131\u015fanlar\u0131nda Ok\u00fclomotor Egzersizlerinin Etkinli\u011finin \u0130ncelenmesi<\/li>\n<\/ul>\n<p><strong>Dan\u0131\u015fman:<\/strong> \u00d6\u011fr. G\u00f6r. Ebru SEVER<\/p>\n<p><strong>Y\u00fcr\u00fct\u00fcc\u00fc:<\/strong> Zeynep KANPARA, Simay YAL\u00c7INSOY<\/p>\n<p>&nbsp;<\/p>\n<ul>\n<li>Down Sendromlu \u00c7ocuklarda Tai Chi Temelli Grup Eegzersizlerinin Etkinli\u011fi<\/li>\n<\/ul>\n<p><strong>Dan\u0131\u015fman:<\/strong> \u00d6\u011fr. G\u00f6r. Ebru SEVER<\/p>\n<p><strong>Y\u00fcr\u00fct\u00fcc\u00fc:<\/strong> Mahdi BARADARAN\u0130<\/p>\n<p>&nbsp;<\/p>\n<ul>\n<li>Geriatrik Bireylerde Bale Temelli Grup Egzersizinin Denge ve Y\u00fcr\u00fcme H\u0131z\u0131na Etkisi<\/li>\n<\/ul>\n<p><strong>Dan\u0131\u015fman:<\/strong> \u00d6\u011fr. G\u00f6r. Gamze AYDO\u011eAN<\/p>\n<p><strong>Y\u00fcr\u00fct\u00fcc\u00fc: <\/strong>\u0130rem \u00c7OKGEZER, Buse SA\u011e, Ecrin G\u00d6KMEN<\/p>\n<p>&nbsp;<\/p>\n<ul>\n<li>Ofis \u00c7al\u0131\u015fanlar\u0131nda Sakroiliak Eklem Mobilizasyonun Oturma Dengesi ve V\u00fccut Fark\u0131ndal\u0131\u011f\u0131 \u00dczerine Etkisinin Ara\u015ft\u0131r\u0131lmas\u0131<\/li>\n<\/ul>\n<p><strong>Dan\u0131\u015fman:<\/strong> \u00d6\u011fr. G\u00f6r. Gamze AYDO\u011eAN<\/p>\n<p><strong>Y\u00fcr\u00fct\u00fcc\u00fc:<\/strong> Mahdi FALLAHAHALGHALANDIS, Hananeh GHASEM\u0130 GHAZANCHEI<\/p>\n<p>&nbsp;<\/p>\n<ul>\n<li>Hayvanlarda Alt Ekstremite Cerrahi Tedavilerinden Sonra Kinezyobant Uygulamalar\u0131n\u0131n Y\u00fcr\u00fcme \u00dczerine Etkisi<\/li>\n<\/ul>\n<p><strong>Dan\u0131\u015fman:<\/strong> Dr. \u00d6\u011fr. \u00dcyesi G\u00f6n\u00fcl ERTUN\u00c7 G\u00dcL\u00c7EL\u0130K<\/p>\n<p><strong>Y\u00fcr\u00fct\u00fcc\u00fc:<\/strong> Duygu CAN, Rukiye ARSLAN<\/p>\n<p>&nbsp;<\/p>\n<ul>\n<li>Parkinson Hastalar\u0131nda Sanal Ger\u00e7eklik Sistemleri \u0130le Uygulanan Grup Egzersizlerinin Denge, Y\u00fcr\u00fcme Ve Psikolojik Durum \u00dczerine Etkinli\u011finin Ara\u015ft\u0131r\u0131lmas\u0131<\/li>\n<\/ul>\n<p><strong>Dan\u0131\u015fman:<\/strong> Dr. \u00d6\u011fr. \u00dcyesi G\u00f6n\u00fcl ERTUN\u00c7 G\u00dcL\u00c7EL\u0130K,<\/p>\n<p><strong>Y\u00fcr\u00fct\u00fcc\u00fc:<\/strong> \u00c7a\u011fla SOYCAN, Hatice \u015eAH\u0130N[\/vc_toggle][\/vc_column][\/vc_row]<\/p>\n<\/div>","protected":false},"excerpt":{"rendered":"<p>[vc_row][vc_column][vc_toggle title=&#8221;Fizyoterapi ve Rehabilitasyon B\u00f6l\u00fcm\u00fc 2209\/A 2024 2.D\u00f6nem Ba\u015fvurular\u0131 Kabul Edilen \u00d6\u011frenci Projeleri&#8221;]Proje Ba\u015fl\u0131\u011f\u0131: \u00d6zel gereksinimli \u00e7ocuklar\u0131n ailelerine yapay zek\u00e2 destekli verilen e\u011fitimin a\u011fr\u0131, fiziksel aktivite ve yorgunluk \u00fczerine etkisi Proje Dan\u0131\u015fman\u0131: Dr. \u00d6\u011fr. \u00dcyesi Hatice Sena \u00c7INARLI Y\u00fcr\u00fct\u00fcc\u00fc: Ecem &hellip; <\/p>\n","protected":false},"author":12,"featured_media":0,"parent":0,"menu_order":0,"comment_status":"closed","ping_status":"closed","template":"","meta":{"footnotes":""},"_links":{"self":[{"href":"https:\/\/kocaelisaglik.edu.tr\/saglik\/wp-json\/wp\/v2\/pages\/8724"}],"collection":[{"href":"https:\/\/kocaelisaglik.edu.tr\/saglik\/wp-json\/wp\/v2\/pages"}],"about":[{"href":"https:\/\/kocaelisaglik.edu.tr\/saglik\/wp-json\/wp\/v2\/types\/page"}],"author":[{"embeddable":true,"href":"https:\/\/kocaelisaglik.edu.tr\/saglik\/wp-json\/wp\/v2\/users\/12"}],"replies":[{"embeddable":true,"href":"https:\/\/kocaelisaglik.edu.tr\/saglik\/wp-json\/wp\/v2\/comments?post=8724"}],"version-history":[{"count":3,"href":"https:\/\/kocaelisaglik.edu.tr\/saglik\/wp-json\/wp\/v2\/pages\/8724\/revisions"}],"predecessor-version":[{"id":9334,"href":"https:\/\/kocaelisaglik.edu.tr\/saglik\/wp-json\/wp\/v2\/pages\/8724\/revisions\/9334"}],"wp:attachment":[{"href":"https:\/\/kocaelisaglik.edu.tr\/saglik\/wp-json\/wp\/v2\/media?parent=8724"}],"curies":[{"name":"wp","href":"https:\/\/api.w.org\/{rel}","templated":true}]}}