{"id":8681,"date":"2024-11-01T14:53:57","date_gmt":"2024-11-01T11:53:57","guid":{"rendered":"https:\/\/kocaelisaglik.edu.tr\/saglik\/?page_id=8681"},"modified":"2025-12-05T18:59:20","modified_gmt":"2025-12-05T15:59:20","slug":"hemsirelik-ders-plani-3","status":"publish","type":"page","link":"https:\/\/kocaelisaglik.edu.tr\/saglik\/hemsirelik-ders-plani-3\/","title":{"rendered":"Hem\u015firelik Ders Plan\u0131"},"content":{"rendered":"<div class=\"wpb-content-wrapper\"><p>[vc_row][vc_column][vc_column_text]Hem\u015firelik B\u00f6l\u00fcm\u00fc U\u00c7EP Uyum Matrisi i\u00e7in <a href=\"https:\/\/kocaelisaglik.edu.tr\/saglik\/wp-content\/uploads\/sites\/8\/2025\/12\/hemsirelik_ucep_uyum_matrisi_05_12.pdf\">TIKLAYINIZ.<\/a>[\/vc_column_text][vc_column_text]\n<!-- iframe plugin v.4.9 wordpress.org\/plugins\/iframe\/ -->\n<iframe loading=\"lazy\" src=\"https:\/\/ebs.kocaelisaglik.edu.tr\/Pages\/CoursePlan.aspx?lang=tr-TR&#038;academicYear=2025&#038;facultyId=3&#038;programId=1&#038;menuType=unit\" width=\"1600\" height=\"900\" allow=\"fullscreen\" scrolling=\"yes\" class=\"iframe-class\" frameborder=\"0\"><\/iframe>\n[\/vc_column_text][\/vc_column][\/vc_row]<\/p>\n<\/div>","protected":false},"excerpt":{"rendered":"<p>[vc_row][vc_column][vc_column_text]Hem\u015firelik B\u00f6l\u00fcm\u00fc U\u00c7EP Uyum Matrisi i\u00e7in TIKLAYINIZ.[\/vc_column_text][vc_column_text][\/vc_column_text][\/vc_column][\/vc_row]<\/p>\n","protected":false},"author":12,"featured_media":0,"parent":0,"menu_order":0,"comment_status":"closed","ping_status":"closed","template":"","meta":{"footnotes":""},"_links":{"self":[{"href":"https:\/\/kocaelisaglik.edu.tr\/saglik\/wp-json\/wp\/v2\/pages\/8681"}],"collection":[{"href":"https:\/\/kocaelisaglik.edu.tr\/saglik\/wp-json\/wp\/v2\/pages"}],"about":[{"href":"https:\/\/kocaelisaglik.edu.tr\/saglik\/wp-json\/wp\/v2\/types\/page"}],"author":[{"embeddable":true,"href":"https:\/\/kocaelisaglik.edu.tr\/saglik\/wp-json\/wp\/v2\/users\/12"}],"replies":[{"embeddable":true,"href":"https:\/\/kocaelisaglik.edu.tr\/saglik\/wp-json\/wp\/v2\/comments?post=8681"}],"version-history":[{"count":4,"href":"https:\/\/kocaelisaglik.edu.tr\/saglik\/wp-json\/wp\/v2\/pages\/8681\/revisions"}],"predecessor-version":[{"id":9462,"href":"https:\/\/kocaelisaglik.edu.tr\/saglik\/wp-json\/wp\/v2\/pages\/8681\/revisions\/9462"}],"wp:attachment":[{"href":"https:\/\/kocaelisaglik.edu.tr\/saglik\/wp-json\/wp\/v2\/media?parent=8681"}],"curies":[{"name":"wp","href":"https:\/\/api.w.org\/{rel}","templated":true}]}}