{"id":8677,"date":"2024-11-01T14:50:23","date_gmt":"2024-11-01T11:50:23","guid":{"rendered":"https:\/\/kocaelisaglik.edu.tr\/saglik\/?page_id=8677"},"modified":"2026-04-21T14:10:46","modified_gmt":"2026-04-21T11:10:46","slug":"hemsirelik-bolumu-akreditasyon-ust-kurulu-komisyonlar-birimler","status":"publish","type":"page","link":"https:\/\/kocaelisaglik.edu.tr\/saglik\/hemsirelik-bolumu-akreditasyon-ust-kurulu-komisyonlar-birimler\/","title":{"rendered":"Hem\u015firelik B\u00f6l\u00fcm\u00fc Akreditasyon \u00dcst Kurulu- <br> Komisyonlar &#8211; Birimler"},"content":{"rendered":"<div class=\"wpb-content-wrapper\"><p>[vc_row][vc_column][vc_toggle title=&#8221;Akreditasyon \u00dcst Kurul&#8221;]<\/p>\n<table style=\"height: 234px;\" width=\"540\">\n<tbody>\n<tr>\n<td width=\"78\">Ba\u015fkan<\/td>\n<td width=\"222\"><\/td>\n<\/tr>\n<tr>\n<td width=\"78\">\u00dcye<\/td>\n<td width=\"222\">Prof. Dr. Yurdanur D\u0130KMEN<\/td>\n<\/tr>\n<tr>\n<td width=\"78\">\u00dcye<\/td>\n<td width=\"222\">Do\u00e7. Dr. Suna UYSAL YAL\u00c7IN<\/td>\n<\/tr>\n<tr>\n<td width=\"78\">\u00dcye<\/td>\n<td width=\"222\">Dr. \u00d6\u011fr. \u00dcyesi Aysel \u0130NCEDERE<\/td>\n<\/tr>\n<tr>\n<td width=\"78\">\u00dcye<\/td>\n<td width=\"222\">Dr. \u00d6\u011fr. \u00dcyesi Ay\u015fe EM\u0130NOV<\/td>\n<\/tr>\n<tr>\n<td width=\"78\">\u00dcye<\/td>\n<td width=\"222\">Dr. \u00d6\u011fr. \u00dcyesi Mehtap AKKO\u00c7<\/td>\n<\/tr>\n<tr>\n<td width=\"78\">\u00dcye<\/td>\n<td width=\"222\">Dr. \u00d6\u011fr. \u00dcyesi Azzet Y\u00dcKSEL<\/td>\n<\/tr>\n<\/tbody>\n<\/table>\n<p>[\/vc_toggle][vc_toggle title=&#8221;E\u011fitim ve M\u00fcfredat Komisyonu&#8221;]<\/p>\n<table style=\"height: 234px;\" width=\"540\">\n<tbody>\n<tr>\n<td width=\"78\">Ba\u015fkan<\/td>\n<td width=\"222\"><\/td>\n<\/tr>\n<tr>\n<td width=\"78\">Ba\u015fkan Yard\u0131mc\u0131s\u0131<\/td>\n<td width=\"222\">Dr. \u00d6\u011fr. \u00dcyesi Aysel \u0130NCEDERE<\/td>\n<\/tr>\n<tr>\n<td width=\"78\">\u00dcye<\/td>\n<td width=\"222\">Prof. Dr. Yurdanur D\u0130KMEN<\/td>\n<\/tr>\n<tr>\n<td width=\"78\">\u00dcye<\/td>\n<td width=\"222\">Do\u00e7. Dr. Suna UYSAL YAL\u00c7IN<\/td>\n<\/tr>\n<tr>\n<td width=\"78\">\u00dcye<\/td>\n<td width=\"222\">Dr. \u00d6\u011fr. \u00dcyesi Ay\u015fe EM\u0130NOV<\/td>\n<\/tr>\n<tr>\n<td width=\"78\">\u00dcye<\/td>\n<td width=\"222\">Dr. \u00d6\u011fr. \u00dcyesi Azzet Y\u00dcKSEL<\/td>\n<\/tr>\n<tr>\n<td width=\"78\">\u00dcye<\/td>\n<td width=\"222\">Dr. \u00d6\u011fr. \u00dcyesi Mehtap AKKO\u00c7<\/td>\n<\/tr>\n<\/tbody>\n<\/table>\n<p>[\/vc_toggle][vc_toggle title=&#8221;\u00d6l\u00e7me ve De\u011ferlendirme Komisyonu&#8221;]<\/p>\n<table style=\"height: 234px;\" width=\"540\">\n<tbody>\n<tr>\n<td width=\"78\">Ba\u015fkan<\/td>\n<td width=\"222\">Dr. \u00d6\u011fr. \u00dcyesi Ay\u015fe EM\u0130NOV<\/td>\n<\/tr>\n<tr>\n<td width=\"78\">Ba\u015fkan Yard\u0131mc\u0131s\u0131<\/td>\n<td width=\"222\">Dr. \u00d6\u011fr. \u00dcyesi Azzet Y\u00dcKSEL<\/td>\n<\/tr>\n<tr>\n<td width=\"78\">\u00dcye<\/td>\n<td width=\"222\">Prof. Dr. Yurdanur D\u0130KMEN<\/td>\n<\/tr>\n<tr>\n<td width=\"78\">\u00dcye<\/td>\n<td width=\"222\">Do\u00e7. Dr. Suna UYSAL YAL\u00c7IN<\/td>\n<\/tr>\n<tr>\n<td width=\"78\">\u00dcye<\/td>\n<td width=\"222\">Dr. \u00d6\u011fr. \u00dcyesi Aysel \u0130NCEDERE<\/td>\n<\/tr>\n<tr>\n<td width=\"78\">\u00dcye<\/td>\n<td width=\"222\">Dr. \u00d6\u011fr. \u00dcyesi Mehtap AKKO\u00c7<\/td>\n<\/tr>\n<\/tbody>\n<\/table>\n<p>[\/vc_toggle][vc_toggle title=&#8221;Risk De\u011ferlendirme ve Altyap\u0131 Komisyonu&#8221;]<\/p>\n<table style=\"height: 234px;\" width=\"540\">\n<tbody>\n<tr>\n<td width=\"78\">Ba\u015fkan<\/td>\n<td width=\"222\">Do\u00e7. Dr. Suna UYSAL YAL\u00c7IN<\/td>\n<\/tr>\n<tr>\n<td width=\"78\">Ba\u015fkan Yard\u0131mc\u0131s\u0131<\/td>\n<td width=\"222\">Dr. \u00d6\u011fr. \u00dcyesi Mehtap AKKO\u00c7<\/td>\n<\/tr>\n<tr>\n<td width=\"78\">\u00dcye<\/td>\n<td width=\"222\">Dr. \u00d6\u011fr. \u00dcyesi Azzet Y\u00dcKSEL<\/td>\n<\/tr>\n<\/tbody>\n<\/table>\n<p>[\/vc_toggle][vc_toggle title=&#8221;Akademik Kariyer ve Dan\u0131\u015fmanl\u0131k Birimi&#8221;]<\/p>\n<table style=\"height: 234px;\" width=\"540\">\n<tbody>\n<tr>\n<td width=\"78\">Ba\u015fkan<\/td>\n<td width=\"222\">Dr. \u00d6\u011fr. \u00dcyesi Aysel \u0130NCEDERE<\/td>\n<\/tr>\n<tr>\n<td width=\"78\">\u00dcye<\/td>\n<td width=\"222\">Dr. \u00d6\u011fr. \u00dcyesi Ay\u015fe EM\u0130NOV<\/td>\n<\/tr>\n<\/tbody>\n<\/table>\n<p>[\/vc_toggle][vc_toggle title=&#8221;Psikososyal Dan\u0131\u015fmanl\u0131k Birimi&#8221;]<\/p>\n<table style=\"height: 234px;\" width=\"540\">\n<tbody>\n<tr>\n<td width=\"78\">Ba\u015fkan<\/td>\n<td width=\"222\">Dr. \u00d6\u011fr. \u00dcyesi Aysel \u0130NCEDERE<\/td>\n<\/tr>\n<tr>\n<td width=\"78\">Ba\u015fkan Yard\u0131mc\u0131s\u0131<\/td>\n<td width=\"222\">Dr. \u00d6\u011fr. \u00dcyesi Mehtap AKKO\u00c7<\/td>\n<\/tr>\n<tr>\n<td width=\"78\">\u00dcye<\/td>\n<td width=\"222\">Do\u00e7. Dr. Suna UYSAL YAL\u00c7IN<\/td>\n<\/tr>\n<\/tbody>\n<\/table>\n<p>[\/vc_toggle][vc_toggle title=&#8221;Sosyo &#8211; K\u00fclt\u00fcrel E\u011fitimler ve Faaliyetler Birimi&#8221;]<\/p>\n<table style=\"height: 234px;\" width=\"540\">\n<tbody>\n<tr>\n<td width=\"78\">Ba\u015fkan<\/td>\n<td width=\"222\">Dr. \u00d6\u011fr. \u00dcyesi Mehtap AKKO\u00c7<\/td>\n<\/tr>\n<tr>\n<td width=\"78\">Ba\u015fkan Yard\u0131mc\u0131s\u0131<\/td>\n<td width=\"222\">Dr. \u00d6\u011fr. \u00dcyesi Azzet Y\u00dcKSEL<\/td>\n<\/tr>\n<tr>\n<td width=\"78\">\u00dcye<\/td>\n<td width=\"222\">Prof. Dr. Yurdanur D\u0130KMEN<\/td>\n<\/tr>\n<\/tbody>\n<\/table>\n<p>[\/vc_toggle][vc_toggle title=&#8221;Mezunlar ile \u0130leti\u015fim Birimi&#8221;]<\/p>\n<table style=\"height: 234px;\" width=\"540\">\n<tbody>\n<tr>\n<td width=\"78\">Ba\u015fkan<\/td>\n<td width=\"222\">Do\u00e7. Dr. Suna UYSAL YAL\u00c7IN<\/td>\n<\/tr>\n<tr>\n<td width=\"78\">Ba\u015fkan Yard\u0131mc\u0131s\u0131<\/td>\n<td width=\"222\">Dr. \u00d6\u011fr. \u00dcyesi Mehtap AKKO\u00c7<\/td>\n<\/tr>\n<\/tbody>\n<\/table>\n<p>[\/vc_toggle][vc_toggle title=&#8221;Uluslararas\u0131 \u0130li\u015fkiler Birimi&#8221;]<\/p>\n<table style=\"height: 234px;\" width=\"540\">\n<tbody>\n<tr>\n<td width=\"78\">Ba\u015fkan<\/td>\n<td width=\"222\"><\/td>\n<\/tr>\n<tr>\n<td width=\"78\">Ba\u015fkan Yard\u0131mc\u0131s\u0131<\/td>\n<td width=\"222\">Dr. \u00d6\u011fr. \u00dcyesi Aysel \u0130NCEDERE<\/td>\n<\/tr>\n<tr>\n<td width=\"78\">\u00dcye<\/td>\n<td width=\"222\">Do\u00e7. Dr. Suna UYSAL YAL\u00c7IN<\/td>\n<\/tr>\n<\/tbody>\n<\/table>\n<p>[\/vc_toggle][vc_toggle title=&#8221;Akran Y\u00f6nderlik Birimi&#8221;]<\/p>\n<table style=\"height: 234px;\" width=\"540\">\n<tbody>\n<tr>\n<td width=\"78\">Ba\u015fkan<\/td>\n<td width=\"222\">Prof. Dr. Yurdanur D\u0130KMEN<\/td>\n<\/tr>\n<tr>\n<td width=\"78\">Ba\u015fkan Yard\u0131mc\u0131s\u0131<\/td>\n<td width=\"222\">Dr. \u00d6\u011fr. \u00dcyesi Aysel \u0130NCEDERE<\/td>\n<\/tr>\n<tr>\n<td width=\"78\">\u00dcye<\/td>\n<td width=\"222\">Dr. \u00d6\u011fr. \u00dcyesi Ay\u015fe EM\u0130NOV<\/td>\n<\/tr>\n<\/tbody>\n<\/table>\n<p>[\/vc_toggle][\/vc_column][\/vc_row]<\/p>\n<\/div>","protected":false},"excerpt":{"rendered":"<p>[vc_row][vc_column][vc_toggle title=&#8221;Akreditasyon \u00dcst Kurul&#8221;] Ba\u015fkan \u00dcye Prof. Dr. Yurdanur D\u0130KMEN \u00dcye Do\u00e7. Dr. Suna UYSAL YAL\u00c7IN \u00dcye Dr. \u00d6\u011fr. \u00dcyesi Aysel \u0130NCEDERE \u00dcye Dr. \u00d6\u011fr. \u00dcyesi Ay\u015fe EM\u0130NOV \u00dcye Dr. \u00d6\u011fr. \u00dcyesi Mehtap AKKO\u00c7 \u00dcye Dr. \u00d6\u011fr. \u00dcyesi Azzet Y\u00dcKSEL &hellip; <\/p>\n","protected":false},"author":12,"featured_media":0,"parent":0,"menu_order":0,"comment_status":"closed","ping_status":"closed","template":"","meta":{"footnotes":""},"_links":{"self":[{"href":"https:\/\/kocaelisaglik.edu.tr\/saglik\/wp-json\/wp\/v2\/pages\/8677"}],"collection":[{"href":"https:\/\/kocaelisaglik.edu.tr\/saglik\/wp-json\/wp\/v2\/pages"}],"about":[{"href":"https:\/\/kocaelisaglik.edu.tr\/saglik\/wp-json\/wp\/v2\/types\/page"}],"author":[{"embeddable":true,"href":"https:\/\/kocaelisaglik.edu.tr\/saglik\/wp-json\/wp\/v2\/users\/12"}],"replies":[{"embeddable":true,"href":"https:\/\/kocaelisaglik.edu.tr\/saglik\/wp-json\/wp\/v2\/comments?post=8677"}],"version-history":[{"count":6,"href":"https:\/\/kocaelisaglik.edu.tr\/saglik\/wp-json\/wp\/v2\/pages\/8677\/revisions"}],"predecessor-version":[{"id":9710,"href":"https:\/\/kocaelisaglik.edu.tr\/saglik\/wp-json\/wp\/v2\/pages\/8677\/revisions\/9710"}],"wp:attachment":[{"href":"https:\/\/kocaelisaglik.edu.tr\/saglik\/wp-json\/wp\/v2\/media?parent=8677"}],"curies":[{"name":"wp","href":"https:\/\/api.w.org\/{rel}","templated":true}]}}