{"id":8673,"date":"2024-11-01T14:20:46","date_gmt":"2024-11-01T11:20:46","guid":{"rendered":"https:\/\/kocaelisaglik.edu.tr\/saglik\/?page_id=8673"},"modified":"2026-04-21T14:04:37","modified_gmt":"2026-04-21T11:04:37","slug":"danismanliklar-2","status":"publish","type":"page","link":"https:\/\/kocaelisaglik.edu.tr\/saglik\/danismanliklar-2\/","title":{"rendered":"Dan\u0131\u015fmanl\u0131klar"},"content":{"rendered":"<div class=\"wpb-content-wrapper\"><p>[vc_row][vc_column width=&#8221;1\/3&#8243;][vc_single_image image=&#8221;8445&#8243; alignment=&#8221;center&#8221; style=&#8221;vc_box_outline&#8221;][vc_column_text]<\/p>\n<h4 style=\"text-align: center;\"><a href=\"https:\/\/kocaelisaglik.edu.tr\/mehtap-akkoc\/\">Dr. \u00d6\u011fr. \u00dcyesi<\/a><\/h4>\n<h4 style=\"text-align: center;\"><a href=\"https:\/\/kocaelisaglik.edu.tr\/mehtap-akkoc\/\">Mehtap AKKO\u00c7<\/a><\/h4>\n<p style=\"text-align: center;\">1.S\u0131n\u0131f Dan\u0131\u015fman Hocas\u0131<\/p>\n<p style=\"text-align: center;\">Pazartesi : 11.00 &#8211; 12.00<\/p>\n<p style=\"text-align: center;\">Per\u015fembe : 13.00 &#8211; 14.00<\/p>\n<p>[\/vc_column_text][\/vc_column][vc_column width=&#8221;1\/3&#8243;][vc_single_image image=&#8221;8655&#8243; alignment=&#8221;center&#8221; style=&#8221;vc_box_outline&#8221;][vc_column_text]<\/p>\n<h4 style=\"text-align: center;\"><a href=\"#\">Dr. \u00d6\u011fr. \u00dcyesi\u00a0<\/a><\/h4>\n<h4 style=\"text-align: center;\"><a href=\"#\">Ay\u015fe EM\u0130NOV<\/a><\/h4>\n<p style=\"text-align: center;\">2.S\u0131n\u0131f Dan\u0131\u015fman Hocas\u0131<\/p>\n<p style=\"text-align: center;\">Pazartesi : 12.00 &#8211; 13.00<\/p>\n<p style=\"text-align: center;\">Per\u015fembe : 10.00 &#8211; 11.00<\/p>\n<p>[\/vc_column_text][\/vc_column][vc_column width=&#8221;1\/3&#8243;][vc_single_image image=&#8221;9147&#8243; alignment=&#8221;center&#8221; style=&#8221;vc_box_outline&#8221;][vc_column_text]<\/p>\n<h4 style=\"text-align: center;\"><a href=\"https:\/\/kocaelisaglik.edu.tr\/suna-uysal-yalcin\/\">Do\u00e7. Dr.\u00a0<\/a><\/h4>\n<h4 style=\"text-align: center;\"><a href=\"https:\/\/kocaelisaglik.edu.tr\/suna-uysal-yalcin\/\">Suna UYSAL YAL\u00c7IN<\/a><\/h4>\n<p style=\"text-align: center;\">2.S\u0131n\u0131f Dan\u0131\u015fman Hocas\u0131<\/p>\n<p style=\"text-align: center;\">Pazartesi : 12.00 &#8211; 13.00<\/p>\n<p style=\"text-align: center;\">Per\u015fembe : 10.00 &#8211; 11.00<\/p>\n<p>[\/vc_column_text][\/vc_column][\/vc_row][vc_row][vc_column][vc_empty_space][\/vc_column][\/vc_row][vc_row][vc_column width=&#8221;1\/2&#8243;][vc_single_image image=&#8221;8656&#8243; alignment=&#8221;center&#8221; style=&#8221;vc_box_outline&#8221;][vc_column_text]<\/p>\n<h4 style=\"text-align: center;\"><a href=\"#\">Dr. \u00d6\u011fr. \u00dcyesi\u00a0<\/a><\/h4>\n<h4 style=\"text-align: center;\"><a href=\"#\">Aysel \u0130NCEDERE<\/a><\/h4>\n<p style=\"text-align: center;\">4.S\u0131n\u0131f Dan\u0131\u015fman Hocas\u0131<\/p>\n<p style=\"text-align: center;\">\u00c7ar\u015famba : 10.00 &#8211; 11.00<\/p>\n<p style=\"text-align: center;\">Cuma : 13.00 &#8211; 14.00<\/p>\n<p>[\/vc_column_text][\/vc_column][vc_column width=&#8221;1\/2&#8243;][vc_single_image image=&#8221;9157&#8243; alignment=&#8221;center&#8221; style=&#8221;vc_box_outline&#8221;][vc_column_text]<\/p>\n<h4 style=\"text-align: center;\"><a href=\"https:\/\/kocaelisaglik.edu.tr\/azzet-yuksel\/\">Dr. \u00d6\u011fr. \u00dcyesi<\/a><\/h4>\n<h4 style=\"text-align: center;\"><a href=\"https:\/\/kocaelisaglik.edu.tr\/azzet-yuksel\/\">Azzet Y\u00dcKSEL<\/a><\/h4>\n<p style=\"text-align: center;\">4.S\u0131n\u0131f Dan\u0131\u015fman Hocas\u0131<\/p>\n<p style=\"text-align: center;\">\u00c7ar\u015famba : 10.00 &#8211; 11.00<\/p>\n<p style=\"text-align: center;\">Cuma : 13.00 &#8211; 14.00<\/p>\n<p>[\/vc_column_text][\/vc_column][\/vc_row]<\/p>\n<\/div>","protected":false},"excerpt":{"rendered":"<p>[vc_row][vc_column width=&#8221;1\/3&#8243;][vc_single_image image=&#8221;8445&#8243; alignment=&#8221;center&#8221; style=&#8221;vc_box_outline&#8221;][vc_column_text] Dr. \u00d6\u011fr. \u00dcyesi Mehtap AKKO\u00c7 1.S\u0131n\u0131f Dan\u0131\u015fman Hocas\u0131 Pazartesi : 11.00 &#8211; 12.00 Per\u015fembe : 13.00 &#8211; 14.00 [\/vc_column_text][\/vc_column][vc_column width=&#8221;1\/3&#8243;][vc_single_image image=&#8221;8655&#8243; alignment=&#8221;center&#8221; style=&#8221;vc_box_outline&#8221;][vc_column_text] Dr. \u00d6\u011fr. \u00dcyesi\u00a0 Ay\u015fe EM\u0130NOV 2.S\u0131n\u0131f Dan\u0131\u015fman Hocas\u0131 Pazartesi : 12.00 &#8211; &hellip; <\/p>\n","protected":false},"author":12,"featured_media":0,"parent":0,"menu_order":0,"comment_status":"closed","ping_status":"closed","template":"","meta":{"footnotes":""},"_links":{"self":[{"href":"https:\/\/kocaelisaglik.edu.tr\/saglik\/wp-json\/wp\/v2\/pages\/8673"}],"collection":[{"href":"https:\/\/kocaelisaglik.edu.tr\/saglik\/wp-json\/wp\/v2\/pages"}],"about":[{"href":"https:\/\/kocaelisaglik.edu.tr\/saglik\/wp-json\/wp\/v2\/types\/page"}],"author":[{"embeddable":true,"href":"https:\/\/kocaelisaglik.edu.tr\/saglik\/wp-json\/wp\/v2\/users\/12"}],"replies":[{"embeddable":true,"href":"https:\/\/kocaelisaglik.edu.tr\/saglik\/wp-json\/wp\/v2\/comments?post=8673"}],"version-history":[{"count":8,"href":"https:\/\/kocaelisaglik.edu.tr\/saglik\/wp-json\/wp\/v2\/pages\/8673\/revisions"}],"predecessor-version":[{"id":9709,"href":"https:\/\/kocaelisaglik.edu.tr\/saglik\/wp-json\/wp\/v2\/pages\/8673\/revisions\/9709"}],"wp:attachment":[{"href":"https:\/\/kocaelisaglik.edu.tr\/saglik\/wp-json\/wp\/v2\/media?parent=8673"}],"curies":[{"name":"wp","href":"https:\/\/api.w.org\/{rel}","templated":true}]}}