{"id":8670,"date":"2024-11-01T11:48:58","date_gmt":"2024-11-01T08:48:58","guid":{"rendered":"https:\/\/kocaelisaglik.edu.tr\/saglik\/?page_id=8670"},"modified":"2024-11-01T11:48:58","modified_gmt":"2024-11-01T08:48:58","slug":"bolum-hakkinda-2","status":"publish","type":"page","link":"https:\/\/kocaelisaglik.edu.tr\/saglik\/bolum-hakkinda-2\/","title":{"rendered":"B\u00f6l\u00fcm Hakk\u0131nda"},"content":{"rendered":"<p><strong>Hem\u015firelik Mesle\u011fi , <\/strong>sa\u011fl\u0131\u011f\u0131n en \u00fcst d\u00fczeyde tutulmas\u0131, korunmas\u0131 ve geli\u015ftirilmesine odaklanarak bilimi ve bak\u0131m sanat\u0131n\u0131 b\u00fct\u00fcnle\u015ftirir. Hastal\u0131k ve yaralanmalar\u0131n \u00f6nlenmesi; iyile\u015fmenin kolayla\u015ft\u0131r\u0131lmas\u0131 ve \u015fefkatli bak\u0131m verme yoluyla \u0131st\u0131rab\u0131n hafifletilmesi. bireylerin, ailelerin, gruplar\u0131n ve topluluklar\u0131n yani\u00a0 t\u00fcm insanl\u0131\u011f\u0131n b\u00fct\u00fcnc\u00fcl ve optimal bak\u0131m hizmeti almas\u0131na odaklanan sa\u011fl\u0131k bak\u0131m hizmetlerinde savunuculu\u011fu i\u00e7eren profesyonel bir meslektir. Hem\u015firelik, Avrupa\u2019da serbest dola\u015f\u0131m hakk\u0131na sahip alt\u0131 meslek grubundan birisi olmas\u0131n\u0131n yan\u0131 s\u0131ra d\u00fcnyada ve \u00fclkemizde en \u00e7ok ihtiya\u00e7 duyulan sa\u011fl\u0131k profesyonelidir.\u00a0 Amerika\u2019da \u201cD\u00fcr\u00fcstl\u00fck ve Etik Standartlar A\u00e7\u0131s\u0131ndan En G\u00fcvenilen Meslek\u2026\u201d olarak halen birinci s\u0131ray\u0131 korumaktad\u0131r. Bilimi ve teknolojiyi bak\u0131m verme sanat\u0131yla birle\u015ftiren\u00a0 hem\u015firelik mesle\u011finde; hem t\u00fcm potansiyelinizi ortaya koyarak kendinizi ke\u015ffetmenize hem de ileti\u015fim, yarat\u0131c\u0131 d\u00fc\u015f\u00fcnme, problem \u00e7\u00f6zme becerilerinize de geli\u015ftirerek sizleri gelece\u011fe haz\u0131rlayacak ve gelecekteki sa\u011fl\u0131k hizmetlerini y\u00f6nlendirmenizde liderlik ve \u00f6nc\u00fcl\u00fck etmenizde rol oynayacakt\u0131r.<\/p>\n<p>&nbsp;<\/p>\n<p><strong>Misyonumuz<\/strong><\/p>\n<p>Hem\u015firelik B\u00f6l\u00fcm\u00fc \u00f6\u011frencilerimizin kendi potansiyellerini ortaya koymalar\u0131na f\u0131rsat verecek e\u011fitim ve \u00f6\u011frenim ortam\u0131nda, en \u00fcst d\u00fczeyde lisans ve lisans\u00fcst\u00fc e\u011fitimi verilmesini sa\u011flayarak, yarat\u0131c\u0131 ve evrensel bilime katk\u0131 yapan, ara\u015ft\u0131ran, bilimsel d\u00fc\u015f\u00fcnmeyi, etik ve ahlaki davranmay\u0131 ve bilimsel uygulamay\u0131 prensip edinmi\u015f, \u00f6ne \u00e7\u0131kan, fark yaratan hem\u015firelik mesle\u011fi profesyonelleri yeti\u015ftirmektir.<\/p>\n<p>&nbsp;<\/p>\n<p><strong>\u00c7al\u0131\u015fma Alanlar\u0131<\/strong><\/p>\n<p>Hastaneler: Servisler, Yo\u011fun Bak\u0131m \u00dcniteleri, Diyaliz \u00dcniteleri, Ameliyathaneler, Poliklinikler, Dispanserler, Ana \u00c7ocuk Sa\u011fl\u0131\u011f\u0131 ve Aile Planlama Merkezleri (A\u00c7SAP), Toplum Sa\u011fl\u0131\u011f\u0131 Merkezleri (TSM), Kanser Erken Te\u015fhis- Tarama Merkezleri (KETEM), Toplum Ruh Sa\u011fl\u0131 Merkezleri (TRSM), \u00c7ocuk \u0130zlem Merkezleri (\u00c7\u0130M), \u0130\u015f yeri Hem\u015fireli\u011fi, Okul Hem\u015fireli\u011fi, Cezaevleri, ,Huzurevleri, Evde Bak\u0131m Merkezleri, Askeri Kurumlar, \u00dcniversitedeki t\u0131bbi merkezler, \u00d6zel klinikler (g\u00f6z, estetik, a\u011f\u0131z ve di\u015f sa\u011fl\u0131\u011f\u0131 vb.), \u00dcniversiteler.<\/p>\n","protected":false},"excerpt":{"rendered":"<p>Hem\u015firelik Mesle\u011fi , sa\u011fl\u0131\u011f\u0131n en \u00fcst d\u00fczeyde tutulmas\u0131, korunmas\u0131 ve geli\u015ftirilmesine odaklanarak bilimi ve bak\u0131m sanat\u0131n\u0131 b\u00fct\u00fcnle\u015ftirir. Hastal\u0131k ve yaralanmalar\u0131n \u00f6nlenmesi; iyile\u015fmenin kolayla\u015ft\u0131r\u0131lmas\u0131 ve \u015fefkatli bak\u0131m verme yoluyla \u0131st\u0131rab\u0131n hafifletilmesi. bireylerin, ailelerin, gruplar\u0131n ve topluluklar\u0131n yani\u00a0 t\u00fcm insanl\u0131\u011f\u0131n b\u00fct\u00fcnc\u00fcl ve &hellip; <\/p>\n","protected":false},"author":12,"featured_media":0,"parent":0,"menu_order":0,"comment_status":"closed","ping_status":"closed","template":"","meta":{"footnotes":""},"_links":{"self":[{"href":"https:\/\/kocaelisaglik.edu.tr\/saglik\/wp-json\/wp\/v2\/pages\/8670"}],"collection":[{"href":"https:\/\/kocaelisaglik.edu.tr\/saglik\/wp-json\/wp\/v2\/pages"}],"about":[{"href":"https:\/\/kocaelisaglik.edu.tr\/saglik\/wp-json\/wp\/v2\/types\/page"}],"author":[{"embeddable":true,"href":"https:\/\/kocaelisaglik.edu.tr\/saglik\/wp-json\/wp\/v2\/users\/12"}],"replies":[{"embeddable":true,"href":"https:\/\/kocaelisaglik.edu.tr\/saglik\/wp-json\/wp\/v2\/comments?post=8670"}],"version-history":[{"count":1,"href":"https:\/\/kocaelisaglik.edu.tr\/saglik\/wp-json\/wp\/v2\/pages\/8670\/revisions"}],"predecessor-version":[{"id":8671,"href":"https:\/\/kocaelisaglik.edu.tr\/saglik\/wp-json\/wp\/v2\/pages\/8670\/revisions\/8671"}],"wp:attachment":[{"href":"https:\/\/kocaelisaglik.edu.tr\/saglik\/wp-json\/wp\/v2\/media?parent=8670"}],"curies":[{"name":"wp","href":"https:\/\/api.w.org\/{rel}","templated":true}]}}