{"id":8290,"date":"2023-10-13T17:09:28","date_gmt":"2023-10-13T14:09:28","guid":{"rendered":"https:\/\/kocaelisaglik.edu.tr\/saglik\/?page_id=8290"},"modified":"2025-12-05T18:50:44","modified_gmt":"2025-12-05T15:50:44","slug":"bolum-komisyonlari","status":"publish","type":"page","link":"https:\/\/kocaelisaglik.edu.tr\/saglik\/bolum-komisyonlari\/","title":{"rendered":"B\u00f6l\u00fcm Komisyonlar\u0131"},"content":{"rendered":"<div class=\"wpb-content-wrapper\"><p>[vc_row][vc_column][vc_toggle title=&#8221;Bilimsel Ara\u015ft\u0131rma Projeleri Komisyonu&#8221;]<\/p>\n<table style=\"height: 127px;\" width=\"517\">\n<tbody>\n<tr>\n<td width=\"78\">Ba\u015fkan<\/td>\n<td width=\"222\">Dr. \u00d6\u011fr. \u00dcyesi G\u00f6n\u00fcl ERTUN\u00c7 G\u00dcL\u00c7EL\u0130K<\/td>\n<\/tr>\n<tr>\n<td width=\"78\">\u00dcye<\/td>\n<td width=\"222\">Dr. \u00d6\u011fr. \u00dcyesi Hatice Sena \u00c7INARLI<\/td>\n<\/tr>\n<tr>\n<td width=\"78\">\u00dcye<\/td>\n<td width=\"222\">\u00d6\u011fr. G\u00f6r. Gamze AYDO\u011eAN<\/td>\n<\/tr>\n<tr>\n<td width=\"78\">\u00dcye<\/td>\n<td width=\"222\">\u00d6\u011fr. G\u00f6r. Ebru SEVER<\/td>\n<\/tr>\n<tr>\n<td width=\"78\">\u00dcye<\/td>\n<td width=\"222\">\u00d6\u011frenci \u0130rem \u00c7OKGEZER<\/td>\n<\/tr>\n<\/tbody>\n<\/table>\n<p>[\/vc_toggle][vc_toggle title=&#8221;ERASMUS Komisyonu&#8221;]<\/p>\n<table style=\"height: 127px;\" width=\"517\">\n<tbody>\n<tr>\n<td width=\"78\">Ba\u015fkan<\/td>\n<td width=\"222\">Dr. \u00d6\u011fr. \u00dcyesi G\u00f6n\u00fcl ERTUN\u00c7 G\u00dcL\u00c7EL\u0130K<\/td>\n<\/tr>\n<tr>\n<td width=\"78\">\u00dcye<\/td>\n<td width=\"222\">Dr. \u00d6\u011fr. \u00dcyesi Hatice Sena \u00c7INARLI<\/td>\n<\/tr>\n<tr>\n<td width=\"78\">\u00dcye<\/td>\n<td width=\"222\">\u00d6\u011fr. G\u00f6r. Ebru SEVER<\/td>\n<\/tr>\n<tr>\n<td width=\"78\">\u00dcye<\/td>\n<td width=\"222\">Ar\u015f. G\u00f6r. Gizem \u015eEKERCAN<\/td>\n<\/tr>\n<tr>\n<td width=\"78\">\u00dcye<\/td>\n<td width=\"222\">\u00d6\u011frenci Zeynep KANPARA<\/td>\n<\/tr>\n<\/tbody>\n<\/table>\n<p>[\/vc_toggle][vc_toggle title=&#8221;E\u011fitim Komisyonu&#8221;]<\/p>\n<table style=\"height: 127px;\" width=\"517\">\n<tbody>\n<tr>\n<td width=\"78\">Ba\u015fkan<\/td>\n<td width=\"222\">Dr. \u00d6\u011fr. \u00dcyesi G\u00f6n\u00fcl ERTUN\u00c7 G\u00dcL\u00c7EL\u0130K<\/td>\n<\/tr>\n<tr>\n<td width=\"78\">\u00dcye<\/td>\n<td width=\"222\">Dr. \u00d6\u011fr. \u00dcyesi Hatice Sena \u00c7INARLI<\/td>\n<\/tr>\n<tr>\n<td width=\"78\">\u00dcye<\/td>\n<td width=\"222\">\u00d6\u011fr. G\u00f6r. Gamze AYDO\u011eAN<\/td>\n<\/tr>\n<tr>\n<td width=\"78\">\u00dcye<\/td>\n<td width=\"222\">\u00d6\u011fr. G\u00f6r. Ebru SEVER<\/td>\n<\/tr>\n<tr>\n<td width=\"78\">\u00dcye<\/td>\n<td width=\"222\">\u00d6\u011frenci Yusuf Emir ERDO\u011eAN<\/td>\n<\/tr>\n<\/tbody>\n<\/table>\n<p>[\/vc_toggle][vc_toggle title=&#8221;Mesleki E\u011fitim Komisyonu&#8221;]<\/p>\n<table style=\"height: 127px;\" width=\"517\">\n<tbody>\n<tr>\n<td width=\"78\">Ba\u015fkan<\/td>\n<td width=\"222\">Dr. \u00d6\u011fr. \u00dcyesi G\u00f6n\u00fcl ERTUN\u00c7 G\u00dcL\u00c7EL\u0130K<\/td>\n<\/tr>\n<tr>\n<td width=\"78\">\u00dcye<\/td>\n<td width=\"222\">Dr. \u00d6\u011fr. \u00dcyesi Hatice Sena \u00c7INARLI<\/td>\n<\/tr>\n<tr>\n<td width=\"78\">\u00dcye<\/td>\n<td width=\"222\">\u00d6\u011fr. G\u00f6r. Ebru SEVER<\/td>\n<\/tr>\n<tr>\n<td width=\"78\">\u00dcye<\/td>\n<td width=\"222\">\u00d6\u011fr. G\u00f6r. Gamze AYDO\u011eAN<\/td>\n<\/tr>\n<tr>\n<td width=\"78\">\u00dcye<\/td>\n<td width=\"222\">\u00d6\u011frenci \u0130rem \u00c7OKGEZER<\/td>\n<\/tr>\n<\/tbody>\n<\/table>\n<p>[\/vc_toggle][vc_toggle title=&#8221;\u00d6\u011frenci Topluluklar\u0131 Komisyonu&#8221;]<\/p>\n<table style=\"height: 127px;\" width=\"517\">\n<tbody>\n<tr>\n<td width=\"78\">Ba\u015fkan<\/td>\n<td width=\"222\">Dr. \u00d6\u011fr. \u00dcyesi Alim NURAYDIN<\/td>\n<\/tr>\n<tr>\n<td width=\"78\">\u00dcye<\/td>\n<td width=\"222\">\u00d6\u011fr. G\u00f6r. Ebru SEVER<\/td>\n<\/tr>\n<tr>\n<td width=\"78\">\u00dcye<\/td>\n<td width=\"222\">Ar\u015f. G\u00f6r. Gizem \u015eEKERCAN<\/td>\n<\/tr>\n<tr>\n<td width=\"78\">\u00dcye<\/td>\n<td width=\"222\">\u00d6\u011frenci \u0130rem \u00c7OKGEZER<\/td>\n<\/tr>\n<\/tbody>\n<\/table>\n<p>[\/vc_toggle][vc_toggle title=&#8221;Yurtd\u0131\u015f\u0131ndan \u00d6\u011frenci Kabul Komisyonu&#8221;]<\/p>\n<table style=\"height: 127px;\" width=\"517\">\n<tbody>\n<tr>\n<td width=\"78\">Ba\u015fkan<\/td>\n<td width=\"222\">Dr. \u00d6\u011fr. \u00dcyesi Hatice Sena \u00c7INARLI<\/td>\n<\/tr>\n<tr>\n<td width=\"78\">\u00dcye<\/td>\n<td width=\"222\">Dr. \u00d6\u011fr. \u00dcyesi G\u00f6n\u00fcl ERTUN\u00c7 G\u00dcL\u00c7EL\u0130K<\/td>\n<\/tr>\n<tr>\n<td width=\"78\">\u00dcye<\/td>\n<td width=\"222\">Dr. \u00d6\u011fr. \u00dcyesi Alim NURAYDIN<\/td>\n<\/tr>\n<tr>\n<td width=\"78\">\u00dcye<\/td>\n<td width=\"222\">\u00d6\u011fr. G\u00f6r. Gamze AYDO\u011eAN<\/td>\n<\/tr>\n<tr>\n<td width=\"78\">\u00dcye<\/td>\n<td width=\"222\">\u00d6\u011frenci Zeynep KANPARA<\/td>\n<\/tr>\n<\/tbody>\n<\/table>\n<p>[\/vc_toggle][vc_toggle title=&#8221;Kalite ve Strateji Geli\u015ftirme Komisyonu&#8221;]<\/p>\n<table style=\"height: 127px;\" width=\"517\">\n<tbody>\n<tr>\n<td width=\"78\">Ba\u015fkan<\/td>\n<td width=\"222\">Dr. \u00d6\u011fr. \u00dcyesi G\u00f6n\u00fcl ERTUN\u00c7 G\u00dcL\u00c7EL\u0130K<\/td>\n<\/tr>\n<tr>\n<td width=\"78\">\u00dcye<\/td>\n<td width=\"222\">Dr. \u00d6\u011fr. \u00dcyesi Hatice Sena \u00c7INARLI<\/td>\n<\/tr>\n<tr>\n<td width=\"78\">\u00dcye<\/td>\n<td width=\"222\">\u00d6\u011fr. G\u00f6r. Ebru SEVER<\/td>\n<\/tr>\n<tr>\n<td width=\"78\">\u00dcye<\/td>\n<td width=\"222\">Ar\u015f. G\u00f6r. Gizem \u015eEKERCAN<\/td>\n<\/tr>\n<tr>\n<td width=\"78\">\u00dcye<\/td>\n<td width=\"222\">\u00d6\u011frenci Yusuf Emir ERDO\u011eAN<\/td>\n<\/tr>\n<\/tbody>\n<\/table>\n<p>[\/vc_toggle][vc_toggle title=&#8221;Ar-Ge ve Sekt\u00f6rel \u0130\u015f Birli\u011fi Komisyonu&#8221;]<\/p>\n<table style=\"height: 127px;\" width=\"517\">\n<tbody>\n<tr>\n<td width=\"78\">Ba\u015fkan<\/td>\n<td width=\"222\">Dr. \u00d6\u011fr. \u00dcyesi G\u00f6n\u00fcl ERTUN\u00c7 G\u00dcL\u00c7EL\u0130K<\/td>\n<\/tr>\n<tr>\n<td width=\"78\">\u00dcye<\/td>\n<td width=\"222\">Dr. \u00d6\u011fr. \u00dcyesi Hatice Sena \u00c7INARLI<\/td>\n<\/tr>\n<tr>\n<td width=\"78\">\u00dcye<\/td>\n<td width=\"222\">\u00d6\u011fr. G\u00f6r. Ebru SEVER<\/td>\n<\/tr>\n<tr>\n<td width=\"78\">\u00dcye<\/td>\n<td width=\"222\">\u00d6\u011fr. G\u00f6r. Gamze AYDO\u011eAN<\/td>\n<\/tr>\n<tr>\n<td width=\"78\">\u00dcye<\/td>\n<td width=\"222\">\u00d6\u011frenci Celal Mert HAZNEDARO\u011eLU<\/td>\n<\/tr>\n<\/tbody>\n<\/table>\n<p>[\/vc_toggle][vc_toggle title=&#8221;Ba\u011f\u0131ml\u0131l\u0131kla M\u00fccadele Komisyonu&#8221;]<\/p>\n<table style=\"height: 127px;\" width=\"517\">\n<tbody>\n<tr>\n<td width=\"78\">Ba\u015fkan<\/td>\n<td width=\"222\">Dr. \u00d6\u011fr. \u00dcyesi Hatice Sena \u00c7INARLI<\/td>\n<\/tr>\n<tr>\n<td width=\"78\">\u00dcye<\/td>\n<td width=\"222\">Dr. \u00d6\u011fr. \u00dcyesi G\u00f6n\u00fcl ERTUN\u00c7 G\u00dcL\u00c7EL\u0130K<\/td>\n<\/tr>\n<tr>\n<td width=\"78\">\u00dcye<\/td>\n<td width=\"222\">\u00d6\u011fr. G\u00f6r. Ebru SEVER<\/td>\n<\/tr>\n<tr>\n<td width=\"78\">\u00dcye<\/td>\n<td width=\"222\">\u00d6\u011fr. G\u00f6r. Gamze AYDO\u011eAN<\/td>\n<\/tr>\n<tr>\n<td width=\"78\">\u00dcye<\/td>\n<td width=\"222\">\u00d6\u011frenci Celal Mert HAZNEDARO\u011eLU<\/td>\n<\/tr>\n<\/tbody>\n<\/table>\n<p>[\/vc_toggle][vc_toggle title=&#8221;Yatay Ge\u00e7i\u015f \/ \u0130ntibak Komisyonu&#8221;]<\/p>\n<table style=\"height: 127px;\" width=\"517\">\n<tbody>\n<tr>\n<td width=\"78\">Ba\u015fkan<\/td>\n<td width=\"222\">Dr. \u00d6\u011fr. \u00dcyesi G\u00f6n\u00fcl ERTUN\u00c7 G\u00dcL\u00c7EL\u0130K<\/td>\n<\/tr>\n<tr>\n<td width=\"78\">\u00dcye<\/td>\n<td width=\"222\">Dr. \u00d6\u011fr. \u00dcyesi Hatice Sena \u00c7INARLI<\/td>\n<\/tr>\n<tr>\n<td width=\"78\">\u00dcye<\/td>\n<td width=\"222\">\u00d6\u011fr. G\u00f6r. Gamze AYDO\u011eAN<\/td>\n<\/tr>\n<tr>\n<td width=\"78\">\u00dcye<\/td>\n<td width=\"222\">Ar\u015f. G\u00f6r. Gizem \u015eEKERCAN<\/td>\n<\/tr>\n<tr>\n<td width=\"78\">\u00dcye<\/td>\n<td width=\"222\">\u00d6\u011frenci Yusuf Emir ERDO\u011eAN<\/td>\n<\/tr>\n<\/tbody>\n<\/table>\n<p>[\/vc_toggle][vc_toggle title=&#8221;Sosyal Medya, Bas\u0131n, Tan\u0131t\u0131m Faaliyetleri ve Organizasyon Komisyonu&#8221;]<\/p>\n<table style=\"height: 127px;\" width=\"517\">\n<tbody>\n<tr>\n<td width=\"78\">Ba\u015fkan<\/td>\n<td width=\"222\">Dr. \u00d6\u011fr. \u00dcyesi Hatice Sena \u00c7INARLI<\/td>\n<\/tr>\n<tr>\n<td width=\"78\">\u00dcye<\/td>\n<td width=\"222\">\u00d6\u011fr. G\u00f6r. Ebru SEVER<\/td>\n<\/tr>\n<tr>\n<td width=\"78\">\u00dcye<\/td>\n<td width=\"222\">Dr. \u00d6\u011fr. \u00dcyesi G\u00f6n\u00fcl ERTUN\u00c7 G\u00dcL\u00c7EL\u0130K<\/td>\n<\/tr>\n<tr>\n<td width=\"78\">\u00dcye<\/td>\n<td width=\"222\">Ar\u015f. G\u00f6r. Gizem \u015eEKERCAN<\/td>\n<\/tr>\n<tr>\n<td width=\"78\">\u00dcye<\/td>\n<td width=\"222\">\u00d6\u011frenci \u0130rem \u00c7OKGEZER<\/td>\n<\/tr>\n<\/tbody>\n<\/table>\n<p>[\/vc_toggle][vc_toggle title=&#8221;Topluma Katk\u0131 ve S\u00fcrd\u00fcr\u00fclebilirlik Komisyonu&#8221;]<\/p>\n<table style=\"height: 127px;\" width=\"517\">\n<tbody>\n<tr>\n<td width=\"78\">Ba\u015fkan<\/td>\n<td width=\"222\">Dr. \u00d6\u011fr. \u00dcyesi G\u00f6n\u00fcl ERTUN\u00c7 G\u00dcL\u00c7EL\u0130K<\/td>\n<\/tr>\n<tr>\n<td width=\"78\">\u00dcye<\/td>\n<td width=\"222\">Dr. \u00d6\u011fr. \u00dcyesi Hatice Sena \u00c7INARLI<\/td>\n<\/tr>\n<tr>\n<td width=\"78\">\u00dcye<\/td>\n<td width=\"222\">\u00d6\u011fr. G\u00f6r. Gamze AYDO\u011eAN<\/td>\n<\/tr>\n<tr>\n<td width=\"78\">\u00dcye<\/td>\n<td width=\"222\">Ar\u015f. G\u00f6r. Gizem \u015eEKERCAN<\/td>\n<\/tr>\n<tr>\n<td width=\"78\">\u00dcye<\/td>\n<td width=\"222\">\u00d6\u011frenci Celal Mert HAZNEDARO\u011eLU<\/td>\n<\/tr>\n<\/tbody>\n<\/table>\n<p>[\/vc_toggle][\/vc_column][\/vc_row]<\/p>\n<\/div>","protected":false},"excerpt":{"rendered":"<p>[vc_row][vc_column][vc_toggle title=&#8221;Bilimsel Ara\u015ft\u0131rma Projeleri Komisyonu&#8221;] Ba\u015fkan Dr. \u00d6\u011fr. \u00dcyesi G\u00f6n\u00fcl ERTUN\u00c7 G\u00dcL\u00c7EL\u0130K \u00dcye Dr. \u00d6\u011fr. \u00dcyesi Hatice Sena \u00c7INARLI \u00dcye \u00d6\u011fr. G\u00f6r. Gamze AYDO\u011eAN \u00dcye \u00d6\u011fr. G\u00f6r. Ebru SEVER \u00dcye \u00d6\u011frenci \u0130rem \u00c7OKGEZER [\/vc_toggle][vc_toggle title=&#8221;ERASMUS Komisyonu&#8221;] Ba\u015fkan Dr. \u00d6\u011fr. \u00dcyesi &hellip; <\/p>\n","protected":false},"author":12,"featured_media":0,"parent":0,"menu_order":0,"comment_status":"closed","ping_status":"closed","template":"","meta":{"footnotes":""},"_links":{"self":[{"href":"https:\/\/kocaelisaglik.edu.tr\/saglik\/wp-json\/wp\/v2\/pages\/8290"}],"collection":[{"href":"https:\/\/kocaelisaglik.edu.tr\/saglik\/wp-json\/wp\/v2\/pages"}],"about":[{"href":"https:\/\/kocaelisaglik.edu.tr\/saglik\/wp-json\/wp\/v2\/types\/page"}],"author":[{"embeddable":true,"href":"https:\/\/kocaelisaglik.edu.tr\/saglik\/wp-json\/wp\/v2\/users\/12"}],"replies":[{"embeddable":true,"href":"https:\/\/kocaelisaglik.edu.tr\/saglik\/wp-json\/wp\/v2\/comments?post=8290"}],"version-history":[{"count":5,"href":"https:\/\/kocaelisaglik.edu.tr\/saglik\/wp-json\/wp\/v2\/pages\/8290\/revisions"}],"predecessor-version":[{"id":9458,"href":"https:\/\/kocaelisaglik.edu.tr\/saglik\/wp-json\/wp\/v2\/pages\/8290\/revisions\/9458"}],"wp:attachment":[{"href":"https:\/\/kocaelisaglik.edu.tr\/saglik\/wp-json\/wp\/v2\/media?parent=8290"}],"curies":[{"name":"wp","href":"https:\/\/api.w.org\/{rel}","templated":true}]}}