{"id":8280,"date":"2023-10-13T16:17:36","date_gmt":"2023-10-13T13:17:36","guid":{"rendered":"https:\/\/kocaelisaglik.edu.tr\/saglik\/?page_id=8280"},"modified":"2025-10-20T15:56:30","modified_gmt":"2025-10-20T12:56:30","slug":"bolum-baskaninin-mesaji","status":"publish","type":"page","link":"https:\/\/kocaelisaglik.edu.tr\/saglik\/bolum-baskaninin-mesaji\/","title":{"rendered":"B\u00f6l\u00fcm Ba\u015fkan\u0131n\u0131n Mesaj\u0131"},"content":{"rendered":"<div class=\"wpb-content-wrapper\"><p>[vc_row][vc_column width=&#8221;1\/3&#8243;][vc_single_image image=&#8221;9129&#8243; img_size=&#8221;medium&#8221;][\/vc_column][vc_column width=&#8221;2\/3&#8243;][vc_column_text]Fizyoterapistler; hareket bozuklu\u011funa yol a\u00e7an t\u00fcm hastal\u0131klar sonucunda fonksiyonelli\u011fin kazan\u0131lmas\u0131, ya\u015fam kalitesinin artt\u0131r\u0131lmas\u0131 ve engellili\u011fin azalt\u0131lmas\u0131 amac\u0131 ile fizyoterapi de\u011ferlendirme y\u00f6ntemlerini kullanan, rehabilitasyon yakla\u015f\u0131mlar\u0131 ve aktivite modifikasyonlar\u0131nda yer alan sa\u011fl\u0131k profesyonelleridir.<\/p>\n<p>Kocaeli Sa\u011fl\u0131k ve Teknoloji \u00dcniversitesi Fizyoterapi ve Rehabilitasyon B\u00f6l\u00fcm\u00fc olarak amac\u0131m\u0131z, g\u00fcncel bilgilerle desteklenmi\u015f, evrensel seviyede bilgi, beceri ve yeterlilikleri ile fizyoterapistlik mesle\u011finin etik de\u011ferlerini benimsemi\u015f, hareket ve fonksiyon bozukluklar\u0131n\u0131 belirlemek, \u00f6nlemek, tedavi etmek ve sa\u011fl\u0131kla ilgili ya\u015fam kalitesini art\u0131rmak i\u00e7in gerekli fizyoterapi ve rehabilitasyon, toplum yarar\u0131n\u0131 g\u00f6zeten, sa\u011fl\u0131\u011f\u0131n geli\u015ftirilmesi kavram\u0131n\u0131 ilke edinmi\u015f, ara\u015ft\u0131rman\u0131n de\u011ferini kavram\u0131\u015f, ya\u015fam boyu \u00f6\u011frenme ve kan\u0131ta dayal\u0131 uygulama becerisine sahip, interdisipliner \u00e7al\u0131\u015fma anlay\u0131\u015f\u0131n\u0131 kazanm\u0131\u015f, alan\u0131nda yetkin ve donan\u0131ml\u0131 profesyonel fizyoterapistler yeti\u015ftirmektir.<\/p>\n<p>Siz de\u011ferli \u00f6\u011frencilerimizle mesle\u011finize att\u0131\u011f\u0131n\u0131z ad\u0131mlar\u0131n\u0131zda beraber y\u00fcr\u00fcmekten mutluluk duyuyor, hepinize ba\u015far\u0131lar diliyorum.<\/p>\n<p>&nbsp;<\/p>\n<p style=\"text-align: right;\"><strong>\u00a0\u00a0\u00a0\u00a0\u00a0\u00a0\u00a0\u00a0\u00a0\u00a0\u00a0\u00a0\u00a0\u00a0\u00a0\u00a0\u00a0\u00a0\u00a0\u00a0\u00a0\u00a0\u00a0\u00a0\u00a0\u00a0\u00a0\u00a0\u00a0\u00a0\u00a0\u00a0\u00a0\u00a0\u00a0\u00a0\u00a0\u00a0\u00a0\u00a0\u00a0\u00a0\u00a0\u00a0\u00a0\u00a0\u00a0\u00a0\u00a0\u00a0\u00a0\u00a0\u00a0\u00a0\u00a0\u00a0\u00a0\u00a0\u00a0\u00a0\u00a0\u00a0\u00a0\u00a0\u00a0\u00a0\u00a0\u00a0\u00a0\u00a0 Fizyoterapi ve Rehabilitasyon B\u00f6l\u00fcm Ba\u015fkan\u0131<\/strong><\/p>\n<p style=\"text-align: right;\">Dr. \u00d6\u011fr. \u00dcyesi G\u00f6n\u00fcl ERTUN\u00c7 G\u00dcL\u00c7EL\u0130K<\/p>\n<p>[\/vc_column_text][\/vc_column][\/vc_row]<\/p>\n<\/div>","protected":false},"excerpt":{"rendered":"<p>[vc_row][vc_column width=&#8221;1\/3&#8243;][vc_single_image image=&#8221;9129&#8243; img_size=&#8221;medium&#8221;][\/vc_column][vc_column width=&#8221;2\/3&#8243;][vc_column_text]Fizyoterapistler; hareket bozuklu\u011funa yol a\u00e7an t\u00fcm hastal\u0131klar sonucunda fonksiyonelli\u011fin kazan\u0131lmas\u0131, ya\u015fam kalitesinin artt\u0131r\u0131lmas\u0131 ve engellili\u011fin azalt\u0131lmas\u0131 amac\u0131 ile fizyoterapi de\u011ferlendirme y\u00f6ntemlerini kullanan, rehabilitasyon yakla\u015f\u0131mlar\u0131 ve aktivite modifikasyonlar\u0131nda yer alan sa\u011fl\u0131k profesyonelleridir. Kocaeli Sa\u011fl\u0131k ve Teknoloji \u00dcniversitesi &hellip; <\/p>\n","protected":false},"author":12,"featured_media":0,"parent":0,"menu_order":0,"comment_status":"closed","ping_status":"closed","template":"","meta":{"footnotes":""},"_links":{"self":[{"href":"https:\/\/kocaelisaglik.edu.tr\/saglik\/wp-json\/wp\/v2\/pages\/8280"}],"collection":[{"href":"https:\/\/kocaelisaglik.edu.tr\/saglik\/wp-json\/wp\/v2\/pages"}],"about":[{"href":"https:\/\/kocaelisaglik.edu.tr\/saglik\/wp-json\/wp\/v2\/types\/page"}],"author":[{"embeddable":true,"href":"https:\/\/kocaelisaglik.edu.tr\/saglik\/wp-json\/wp\/v2\/users\/12"}],"replies":[{"embeddable":true,"href":"https:\/\/kocaelisaglik.edu.tr\/saglik\/wp-json\/wp\/v2\/comments?post=8280"}],"version-history":[{"count":3,"href":"https:\/\/kocaelisaglik.edu.tr\/saglik\/wp-json\/wp\/v2\/pages\/8280\/revisions"}],"predecessor-version":[{"id":9132,"href":"https:\/\/kocaelisaglik.edu.tr\/saglik\/wp-json\/wp\/v2\/pages\/8280\/revisions\/9132"}],"wp:attachment":[{"href":"https:\/\/kocaelisaglik.edu.tr\/saglik\/wp-json\/wp\/v2\/media?parent=8280"}],"curies":[{"name":"wp","href":"https:\/\/api.w.org\/{rel}","templated":true}]}}