{"id":8221,"date":"2023-09-13T16:40:31","date_gmt":"2023-09-13T13:40:31","guid":{"rendered":"https:\/\/kocaelisaglik.edu.tr\/saglik\/?page_id=8221"},"modified":"2026-03-11T15:49:33","modified_gmt":"2026-03-11T12:49:33","slug":"fizyoterapi-ve-rehabilitasyon","status":"publish","type":"page","link":"https:\/\/kocaelisaglik.edu.tr\/saglik\/fizyoterapi-ve-rehabilitasyon\/","title":{"rendered":"Fizyoterapi ve Rehabilitasyon"},"content":{"rendered":"<div class=\"wpb-content-wrapper\"><p>[vc_row][vc_column width=&#8221;1\/3&#8243;][vc_message message_box_color=&#8221;white&#8221; icon_type=&#8221;typicons&#8221;]<\/p>\n<p style=\"text-align: left;\"><a href=\"https:\/\/kocaelisaglik.edu.tr\/saglik\/bolum-hakkinda\/\"><strong>B\u00f6l\u00fcm Hakk\u0131nda<\/strong><\/a><\/p>\n<p>[\/vc_message][vc_message message_box_color=&#8221;white&#8221; icon_type=&#8221;typicons&#8221;]<\/p>\n<p style=\"text-align: left;\"><a href=\"https:\/\/kocaelisaglik.edu.tr\/saglik\/bolum-baskaninin-mesaji\/\"><strong>B\u00f6l\u00fcm Ba\u015fkan\u0131n\u0131n Mesaj\u0131<\/strong><\/a><\/p>\n<p>[\/vc_message][vc_message message_box_color=&#8221;white&#8221; icon_type=&#8221;typicons&#8221;]<\/p>\n<p style=\"text-align: left;\"><a href=\"https:\/\/kocaelisaglik.edu.tr\/saglik\/akademik-kadro-2\/\"><strong>Akademik Kadro<\/strong><\/a><\/p>\n<p>[\/vc_message][vc_message message_box_color=&#8221;white&#8221; icon_type=&#8221;typicons&#8221;]<\/p>\n<p style=\"text-align: left;\"><a href=\"https:\/\/kocaelisaglik.edu.tr\/saglik\/danismanliklar\/\"><strong>Dan\u0131\u015fmanl\u0131klar<\/strong><\/a><\/p>\n<p>[\/vc_message][vc_message message_box_color=&#8221;white&#8221; icon_type=&#8221;typicons&#8221;]<\/p>\n<p style=\"text-align: left;\"><a href=\"https:\/\/kocaelisaglik.edu.tr\/saglik\/ders-plani-2\/\"><strong>Ders Plan\u0131<\/strong><\/a><\/p>\n<p>[\/vc_message][vc_message message_box_color=&#8221;white&#8221; icon_type=&#8221;typicons&#8221; icon_typicons=&#8221;&#8221;]<\/p>\n<p style=\"text-align: left;\"><a href=\"https:\/\/kocaelisaglik.edu.tr\/saglik\/ftr-ders-programi\/\"><strong>Ders Program\u0131<\/strong><\/a><\/p>\n<p>[\/vc_message][vc_message message_box_color=&#8221;white&#8221; icon_type=&#8221;typicons&#8221;]<\/p>\n<p style=\"text-align: left;\"><a href=\"https:\/\/kocaelisaglik.edu.tr\/saglik\/bolum-komisyonlari\/\"><strong>B\u00f6l\u00fcm Komisyonlar\u0131<\/strong><\/a><\/p>\n<p>[\/vc_message][vc_message message_box_color=&#8221;white&#8221; icon_type=&#8221;typicons&#8221;]<\/p>\n<p style=\"text-align: left;\"><a href=\"https:\/\/kocaelisaglik.edu.tr\/saglik\/ftr-ogrenci-formlari\/\"><b>\u00d6\u011frenci Formlar\u0131<\/b><\/a><\/p>\n<p>[\/vc_message][vc_message message_box_color=&#8221;white&#8221; icon_type=&#8221;typicons&#8221;]<\/p>\n<p style=\"text-align: left;\"><a href=\"https:\/\/kocaelisaglik.edu.tr\/saglik\/arastirmalar-ve-projeler\/\"><strong>Ara\u015ft\u0131rmalar ve Projeler<\/strong><\/a><\/p>\n<p>[\/vc_message][vc_message message_box_color=&#8221;white&#8221; icon_type=&#8221;typicons&#8221;]<\/p>\n<p style=\"text-align: left;\"><a href=\"https:\/\/kocaelisaglik.edu.tr\/saglik\/haberler-ve-etkinlikler\/\"><strong>Haberler ve Etkinlikler<\/strong><\/a><\/p>\n<p>[\/vc_message][vc_message message_box_color=&#8221;white&#8221; icon_type=&#8221;typicons&#8221;]<\/p>\n<p style=\"text-align: left;\"><a href=\"https:\/\/kocaelisaglik.edu.tr\/saglik\/klinik-uygulama-egitimi-dis-paydaslar\/\"><strong>Klinik Uygulama E\u011fitimi D\u0131\u015f Payda\u015flar<\/strong><\/a><\/p>\n<p>[\/vc_message][vc_message message_box_color=&#8221;white&#8221; icon_type=&#8221;typicons&#8221;]<\/p>\n<p style=\"text-align: left;\"><a href=\"https:\/\/kocaelisaglik.edu.tr\/saglik\/laboratuvarlar\/\"><b>Laboratuvarlar<\/b><\/a><\/p>\n<p>[\/vc_message][vc_message message_box_color=&#8221;white&#8221; icon_type=&#8221;typicons&#8221;]<\/p>\n<p style=\"text-align: left;\"><a href=\"https:\/\/kocaelisaglik.edu.tr\/saglik\/ogrenci-kulupleri\/\"><b>\u00d6\u011frenci Kul\u00fcpleri<\/b><\/a><\/p>\n<p>[\/vc_message][vc_message message_box_color=&#8221;white&#8221; icon_type=&#8221;typicons&#8221;]<\/p>\n<p style=\"text-align: left;\"><a href=\"https:\/\/kocaelisaglik.edu.tr\/saglik\/ogrenci-kulubu-etkinlikleri\/\"><b>\u00d6\u011frenci Kul\u00fcb\u00fc Etkinlikleri<\/b><\/a><\/p>\n<p>[\/vc_message][vc_message message_box_color=&#8221;white&#8221; icon_type=&#8221;typicons&#8221;]<\/p>\n<p style=\"text-align: left;\"><a href=\"#\"><b>Mezunlar\u0131m\u0131z<\/b><\/a><\/p>\n<p>[\/vc_message][vc_message message_box_color=&#8221;white&#8221; icon_type=&#8221;typicons&#8221;]<\/p>\n<p style=\"text-align: left;\"><a href=\"https:\/\/kocaelisaglik.edu.tr\/saglik\/ftr-iletisim\/\"><b>\u0130leti\u015fim<\/b><\/a><\/p>\n<p>[\/vc_message][\/vc_column][vc_column width=&#8221;2\/3&#8243;][vc_gallery interval=&#8221;3&#8243; images=&#8221;8346,8342,8192,8344,8189,8352,8348,8350,8349,8343,8345,8347&#8243; img_size=&#8221;1024&#215;1024&#8243;][\/vc_column][\/vc_row]<\/p>\n<\/div>","protected":false},"excerpt":{"rendered":"<p>[vc_row][vc_column width=&#8221;1\/3&#8243;][vc_message message_box_color=&#8221;white&#8221; icon_type=&#8221;typicons&#8221;] B\u00f6l\u00fcm Hakk\u0131nda [\/vc_message][vc_message message_box_color=&#8221;white&#8221; icon_type=&#8221;typicons&#8221;] B\u00f6l\u00fcm Ba\u015fkan\u0131n\u0131n Mesaj\u0131 [\/vc_message][vc_message message_box_color=&#8221;white&#8221; icon_type=&#8221;typicons&#8221;] Akademik Kadro [\/vc_message][vc_message message_box_color=&#8221;white&#8221; icon_type=&#8221;typicons&#8221;] Dan\u0131\u015fmanl\u0131klar [\/vc_message][vc_message message_box_color=&#8221;white&#8221; icon_type=&#8221;typicons&#8221;] Ders Plan\u0131 [\/vc_message][vc_message message_box_color=&#8221;white&#8221; icon_type=&#8221;typicons&#8221; icon_typicons=&#8221;&#8221;] Ders Program\u0131 [\/vc_message][vc_message message_box_color=&#8221;white&#8221; icon_type=&#8221;typicons&#8221;] B\u00f6l\u00fcm Komisyonlar\u0131 [\/vc_message][vc_message message_box_color=&#8221;white&#8221; icon_type=&#8221;typicons&#8221;] &hellip; <\/p>\n","protected":false},"author":12,"featured_media":0,"parent":0,"menu_order":0,"comment_status":"closed","ping_status":"closed","template":"","meta":{"footnotes":""},"_links":{"self":[{"href":"https:\/\/kocaelisaglik.edu.tr\/saglik\/wp-json\/wp\/v2\/pages\/8221"}],"collection":[{"href":"https:\/\/kocaelisaglik.edu.tr\/saglik\/wp-json\/wp\/v2\/pages"}],"about":[{"href":"https:\/\/kocaelisaglik.edu.tr\/saglik\/wp-json\/wp\/v2\/types\/page"}],"author":[{"embeddable":true,"href":"https:\/\/kocaelisaglik.edu.tr\/saglik\/wp-json\/wp\/v2\/users\/12"}],"replies":[{"embeddable":true,"href":"https:\/\/kocaelisaglik.edu.tr\/saglik\/wp-json\/wp\/v2\/comments?post=8221"}],"version-history":[{"count":24,"href":"https:\/\/kocaelisaglik.edu.tr\/saglik\/wp-json\/wp\/v2\/pages\/8221\/revisions"}],"predecessor-version":[{"id":9663,"href":"https:\/\/kocaelisaglik.edu.tr\/saglik\/wp-json\/wp\/v2\/pages\/8221\/revisions\/9663"}],"wp:attachment":[{"href":"https:\/\/kocaelisaglik.edu.tr\/saglik\/wp-json\/wp\/v2\/media?parent=8221"}],"curies":[{"name":"wp","href":"https:\/\/api.w.org\/{rel}","templated":true}]}}