{"id":8120,"date":"2023-03-30T09:27:18","date_gmt":"2023-03-30T06:27:18","guid":{"rendered":"https:\/\/kocaelisaglik.edu.tr\/saglik\/?page_id=8120"},"modified":"2026-03-23T15:40:16","modified_gmt":"2026-03-23T12:40:16","slug":"dekanlik","status":"publish","type":"page","link":"https:\/\/kocaelisaglik.edu.tr\/saglik\/dekanlik\/","title":{"rendered":"Dekanl\u0131k"},"content":{"rendered":"<div class=\"wpb-content-wrapper\"><p>[vc_row][vc_column width=&#8221;1\/3&#8243;][vc_single_image image=&#8221;8449&#8243; img_size=&#8221;large&#8221; alignment=&#8221;center&#8221;][\/vc_column][vc_column width=&#8221;2\/3&#8243;][vc_column_text]<strong>Prof. Dr. Yurdanur D\u0130KMEN<\/strong><\/p>\n<p>Dekan<\/p>\n<p><a href=\"mailto:yurdanur.dikmen@kocaelisaglik.edu.tr\">yurdanur.dikmen@kocaelisaglik.edu.tr<\/a>[\/vc_column_text][\/vc_column][\/vc_row][vc_row][vc_column width=&#8221;1\/3&#8243;][vc_single_image image=&#8221;9147&#8243; img_size=&#8221;large&#8221; alignment=&#8221;center&#8221;][\/vc_column][vc_column width=&#8221;2\/3&#8243;][vc_column_text]<b>Do\u00e7. Dr. Suna UYSAL YAL\u00c7IN<\/b><\/p>\n<p>Dekan Yard\u0131mc\u0131s\u0131<\/p>\n<p><a href=\"mailto:suna.yalcin@kocaelisaglik.edu.tr\">suna.yalcin@kocaelisaglik.edu.tr<\/a>[\/vc_column_text][\/vc_column][\/vc_row][vc_row][vc_column width=&#8221;1\/3&#8243;][vc_single_image image=&#8221;8121&#8243; img_size=&#8221;large&#8221; alignment=&#8221;center&#8221;][\/vc_column][vc_column width=&#8221;2\/3&#8243;][vc_column_text]<b>P\u0131nar KENEK<\/b><\/p>\n<p>Fak\u00fclte Sekreteri V.<\/p>\n<p><a href=\"mailto:pinar.kenek@kocaelisaglik.edu.tr\">pinar.kenek@kocaelisaglik.edu.tr<\/a>[\/vc_column_text][\/vc_column][\/vc_row]<\/p>\n<\/div>","protected":false},"excerpt":{"rendered":"<p>[vc_row][vc_column width=&#8221;1\/3&#8243;][vc_single_image image=&#8221;8449&#8243; img_size=&#8221;large&#8221; alignment=&#8221;center&#8221;][\/vc_column][vc_column width=&#8221;2\/3&#8243;][vc_column_text]Prof. Dr. Yurdanur D\u0130KMEN Dekan yurdanur.dikmen@kocaelisaglik.edu.tr[\/vc_column_text][\/vc_column][\/vc_row][vc_row][vc_column width=&#8221;1\/3&#8243;][vc_single_image image=&#8221;9147&#8243; img_size=&#8221;large&#8221; alignment=&#8221;center&#8221;][\/vc_column][vc_column width=&#8221;2\/3&#8243;][vc_column_text]Do\u00e7. Dr. Suna UYSAL YAL\u00c7IN Dekan Yard\u0131mc\u0131s\u0131 suna.yalcin@kocaelisaglik.edu.tr[\/vc_column_text][\/vc_column][\/vc_row][vc_row][vc_column width=&#8221;1\/3&#8243;][vc_single_image image=&#8221;8121&#8243; img_size=&#8221;large&#8221; alignment=&#8221;center&#8221;][\/vc_column][vc_column width=&#8221;2\/3&#8243;][vc_column_text]P\u0131nar KENEK Fak\u00fclte Sekreteri V. pinar.kenek@kocaelisaglik.edu.tr[\/vc_column_text][\/vc_column][\/vc_row]<\/p>\n","protected":false},"author":12,"featured_media":0,"parent":0,"menu_order":0,"comment_status":"closed","ping_status":"closed","template":"","meta":{"footnotes":""},"_links":{"self":[{"href":"https:\/\/kocaelisaglik.edu.tr\/saglik\/wp-json\/wp\/v2\/pages\/8120"}],"collection":[{"href":"https:\/\/kocaelisaglik.edu.tr\/saglik\/wp-json\/wp\/v2\/pages"}],"about":[{"href":"https:\/\/kocaelisaglik.edu.tr\/saglik\/wp-json\/wp\/v2\/types\/page"}],"author":[{"embeddable":true,"href":"https:\/\/kocaelisaglik.edu.tr\/saglik\/wp-json\/wp\/v2\/users\/12"}],"replies":[{"embeddable":true,"href":"https:\/\/kocaelisaglik.edu.tr\/saglik\/wp-json\/wp\/v2\/comments?post=8120"}],"version-history":[{"count":9,"href":"https:\/\/kocaelisaglik.edu.tr\/saglik\/wp-json\/wp\/v2\/pages\/8120\/revisions"}],"predecessor-version":[{"id":9675,"href":"https:\/\/kocaelisaglik.edu.tr\/saglik\/wp-json\/wp\/v2\/pages\/8120\/revisions\/9675"}],"wp:attachment":[{"href":"https:\/\/kocaelisaglik.edu.tr\/saglik\/wp-json\/wp\/v2\/media?parent=8120"}],"curies":[{"name":"wp","href":"https:\/\/api.w.org\/{rel}","templated":true}]}}