{"id":7755,"date":"2022-04-29T11:54:54","date_gmt":"2022-04-29T08:54:54","guid":{"rendered":"https:\/\/kocaelisaglik.edu.tr\/saglik\/?page_id=7755"},"modified":"2026-03-23T15:55:07","modified_gmt":"2026-03-23T12:55:07","slug":"komisyonlar","status":"publish","type":"page","link":"https:\/\/kocaelisaglik.edu.tr\/saglik\/komisyonlar\/","title":{"rendered":"Komisyonlar"},"content":{"rendered":"<div class=\"wpb-content-wrapper\"><p>[vc_row][vc_column][\/vc_column][\/vc_row][vc_row][vc_column][vc_tta_tour shape=&#8221;square&#8221; color=&#8221;white&#8221; gap=&#8221;1&#8243; controls_size=&#8221;md&#8221; active_section=&#8221;1&#8243;][vc_tta_section title=&#8221;Komisyonlar&#8221; tab_id=&#8221;1651221594961-d9b6d1d4-7fb4&#8243;][\/vc_tta_section][vc_tta_section title=&#8221;Ar &#8211; Ge ve Sekt\u00f6rel \u0130\u015fbirli\u011fi Komisyonu&#8221; tab_id=&#8221;1651221594973-1a597a24-9a08&#8243;][vc_column_text]<\/p>\n<table style=\"height: 127px;\" width=\"517\">\n<tbody>\n<tr>\n<td width=\"78\">Ba\u015fkan<\/td>\n<td width=\"222\">Prof. Dr. Yurdanur D\u0130KMEN<\/td>\n<\/tr>\n<tr>\n<td width=\"78\">\u00dcye<\/td>\n<td width=\"222\">Dr. \u00d6\u011fr. \u00dcyesi Aysel \u0130NCEDERE<\/td>\n<\/tr>\n<tr>\n<td width=\"78\">\u00dcye<\/td>\n<td width=\"222\">Dr. \u00d6\u011fr. \u00dcyesi G\u00f6n\u00fcl ERTUN\u00c7 G\u00dcL\u00c7EL\u0130K<\/td>\n<\/tr>\n<tr>\n<td width=\"78\">\u00dcye<\/td>\n<td width=\"222\">Dr. \u00d6\u011fr. \u00dcyesi Hatice Sena \u00c7INARLI<\/td>\n<\/tr>\n<tr>\n<td width=\"78\">\u00dcye<\/td>\n<td width=\"222\">\u00d6\u011fr. G\u00f6r. Ebru SEVER<\/td>\n<\/tr>\n<tr>\n<td width=\"78\">\u00dcye<\/td>\n<td width=\"222\">Dr. \u00d6\u011fr. \u00dcyesi Azzet Y\u00dcKSEL<\/td>\n<\/tr>\n<\/tbody>\n<\/table>\n<p>[\/vc_column_text][\/vc_tta_section][vc_tta_section title=&#8221;E\u011fitim Komisyonu&#8221; tab_id=&#8221;1651221746535-36adc6a2-f750&#8243;][vc_column_text]<\/p>\n<table style=\"height: 127px;\" width=\"517\">\n<tbody>\n<tr>\n<td width=\"78\">Ba\u015fkan<\/td>\n<td width=\"222\">Prof. Dr. Yurdanur D\u0130KMEN<\/td>\n<\/tr>\n<tr>\n<td width=\"78\">\u00dcye<\/td>\n<td width=\"222\">Do\u00e7. Dr. Suna UYSAL YAL\u00c7IN<\/td>\n<\/tr>\n<tr>\n<td width=\"78\">\u00dcye<\/td>\n<td width=\"222\">Dr. \u00d6\u011fr. \u00dcyesi G\u00f6n\u00fcl ERTUN\u00c7 G\u00dcL\u00c7EL\u0130K<\/td>\n<\/tr>\n<tr>\n<td width=\"78\">\u00dcye<\/td>\n<td width=\"222\">Dr. \u00d6\u011fr. \u00dcyesi Aysel \u0130NCEDERE<\/td>\n<\/tr>\n<tr>\n<td width=\"78\">\u00dcye<\/td>\n<td width=\"222\">Dr. \u00d6\u011fr. \u00dcyesi Ay\u015fe EM\u0130NOV<\/td>\n<\/tr>\n<tr>\n<td width=\"78\">\u00dcye<\/td>\n<td width=\"222\">Dr. \u00d6\u011fr. \u00dcyesi Hatice Sena \u00c7INARLI<\/td>\n<\/tr>\n<\/tbody>\n<\/table>\n<p>[\/vc_column_text][\/vc_tta_section][vc_tta_section title=&#8221;Klinik Uygulama Komisyonu ( Fizyoterapi ve Rehabilitasyon )&#8221; tab_id=&#8221;1677503960186-972a6511-b3c7&#8243;][vc_column_text]<\/p>\n<table style=\"height: 127px;\" width=\"517\">\n<tbody>\n<tr>\n<td width=\"78\">Ba\u015fkan<\/td>\n<td width=\"222\">Dr. \u00d6\u011fr. \u00dcyesi G\u00f6n\u00fcl ERTUN\u00c7 G\u00dcL\u00c7EL\u0130K<\/td>\n<\/tr>\n<tr>\n<td width=\"78\">\u00dcye<\/td>\n<td width=\"222\">Dr. \u00d6\u011fr. \u00dcyesi Hatice Sena \u00c7INARLI<\/td>\n<\/tr>\n<tr>\n<td width=\"78\">\u00dcye<\/td>\n<td width=\"222\">\u00d6\u011fr. G\u00f6r. Gamze AYDO\u011eAN<\/td>\n<\/tr>\n<tr>\n<td width=\"78\">\u00dcye<\/td>\n<td width=\"222\">\u00d6\u011fr. G\u00f6r. Ebru SEVER<\/td>\n<\/tr>\n<tr>\n<td width=\"78\">\u00dcye<\/td>\n<td width=\"222\">Ar\u015f. G\u00f6r. Gizem \u015eEKERCAN<\/td>\n<\/tr>\n<\/tbody>\n<\/table>\n<p>[\/vc_column_text][\/vc_tta_section][vc_tta_section title=&#8221;Mesleki Uygulama Komisyonu ( Hem\u015firelik )&#8221; tab_id=&#8221;1651221756135-a0f08b4d-af62&#8243;][vc_column_text]<\/p>\n<table style=\"height: 127px;\" width=\"517\">\n<tbody>\n<tr>\n<td width=\"78\">Ba\u015fkan<\/td>\n<td width=\"222\"><\/td>\n<\/tr>\n<tr>\n<td width=\"78\">\u00dcye<\/td>\n<td width=\"222\">Dr. \u00d6\u011fr. \u00dcyesi Suna UYSAL YAL\u00c7IN<\/td>\n<\/tr>\n<tr>\n<td width=\"78\">\u00dcye<\/td>\n<td width=\"222\">Dr. \u00d6\u011fr. \u00dcyesi Aysel \u0130NCEDERE<\/td>\n<\/tr>\n<tr>\n<td width=\"78\">\u00dcye<\/td>\n<td width=\"222\">Dr. \u00d6\u011fr. \u00dcyesi Azzet Y\u00dcKSEL<\/td>\n<\/tr>\n<\/tbody>\n<\/table>\n<p>[\/vc_column_text][\/vc_tta_section][vc_tta_section title=&#8221;Mezuniyet Komisyonu ( Fizyoterapi ve Rehabilitasyon )&#8221; tab_id=&#8221;1677504259257-a3d45140-cb07&#8243;][vc_column_text]<\/p>\n<table style=\"height: 127px;\" width=\"517\">\n<tbody>\n<tr>\n<td width=\"78\">Ba\u015fkan<\/td>\n<td width=\"222\">Dr. \u00d6\u011fr. \u00dcyesi G\u00f6n\u00fcl ERTUN\u00c7 G\u00dcL\u00c7EL\u0130K<\/td>\n<\/tr>\n<tr>\n<td width=\"78\">\u00dcye<\/td>\n<td width=\"222\">Dr. \u00d6\u011fr. \u00dcyesi Hatice Sena \u00c7INARLI<\/td>\n<\/tr>\n<tr>\n<td width=\"78\">\u00dcye<\/td>\n<td width=\"222\">\u00d6\u011fr. G\u00f6r. Gamze AYDO\u011eAN<\/td>\n<\/tr>\n<tr>\n<td width=\"78\">\u00dcye<\/td>\n<td width=\"222\">\u00d6\u011fr. G\u00f6r. Ebru SEVER<\/td>\n<\/tr>\n<tr>\n<td width=\"78\">\u00dcye<\/td>\n<td width=\"222\">Ar\u015f. G\u00f6r. Gizem \u015eEKERCAN<\/td>\n<\/tr>\n<\/tbody>\n<\/table>\n<p>[\/vc_column_text][\/vc_tta_section][vc_tta_section title=&#8221;Mezuniyet Komisyonu ( Hem\u015firelik )&#8221; tab_id=&#8221;1677503761695-8bfa9dce-6f23&#8243;][vc_column_text]<\/p>\n<table style=\"height: 127px;\" width=\"517\">\n<tbody>\n<tr>\n<td width=\"78\">Ba\u015fkan<\/td>\n<td width=\"222\"><\/td>\n<\/tr>\n<tr>\n<td width=\"78\">\u00dcye<\/td>\n<td width=\"222\">Prof. Dr. Yurdanur D\u0130KMEN<\/td>\n<\/tr>\n<tr>\n<td width=\"78\">\u00dcye<\/td>\n<td width=\"222\">Do\u00e7. Dr. Suna UYSAL YAL\u00c7IN<\/td>\n<\/tr>\n<tr>\n<td width=\"78\">\u00dcye<\/td>\n<td width=\"222\">Dr. \u00d6\u011fr. \u00dcyesi Aysel \u0130NCEDERE<\/td>\n<\/tr>\n<tr>\n<td width=\"78\">\u00dcye<\/td>\n<td width=\"222\">Dr. \u00d6\u011fr. \u00dcyesi Ay\u015fe EM\u0130NOV<\/td>\n<\/tr>\n<tr>\n<td width=\"78\">\u00dcye<\/td>\n<td width=\"222\">Dr. \u00d6\u011fr. \u00dcyesi Azzet Y\u00dcKSEL<\/td>\n<\/tr>\n<tr>\n<td width=\"78\">\u00dcye<\/td>\n<td width=\"222\">Dr. \u00d6\u011fr. \u00dcyesi Mehtap AKKO\u00c7<\/td>\n<\/tr>\n<tr>\n<td width=\"78\">\u00dcye<\/td>\n<td width=\"222\">\u00d6\u011fr. G\u00f6r. Merve Zehra T\u00dcRKAY<\/td>\n<\/tr>\n<\/tbody>\n<\/table>\n<p>[\/vc_column_text][\/vc_tta_section][vc_tta_section title=&#8221;Uluslararas\u0131 \u0130li\u015fkiler Komisyonu ( Erasmus, Farabi, Mevlana )&#8221; tab_id=&#8221;1677503695488-89835d54-2d62&#8243;][vc_column_text]<\/p>\n<table style=\"height: 127px;\" width=\"517\">\n<tbody>\n<tr>\n<td width=\"78\">Ba\u015fkan<\/td>\n<td width=\"222\">Prof. Dr. Yurdanur D\u0130KMEN<\/td>\n<\/tr>\n<tr>\n<td width=\"78\">\u00dcye<\/td>\n<td width=\"222\">Do\u00e7. Dr. Suna UYSAL YAL\u00c7IN<\/td>\n<\/tr>\n<tr>\n<td width=\"78\">\u00dcye<\/td>\n<td width=\"222\">Dr. \u00d6\u011fr. \u00dcyesi Ay\u015fe EM\u0130NOV<\/td>\n<\/tr>\n<tr>\n<td width=\"78\">\u00dcye<\/td>\n<td width=\"222\">Dr. \u00d6\u011fr. \u00dcyesi G\u00f6n\u00fcl ERTUN\u00c7 G\u00dcL\u00c7EL\u0130K<\/td>\n<\/tr>\n<tr>\n<td width=\"78\">\u00dcye<\/td>\n<td width=\"222\">Dr. \u00d6\u011fr. \u00dcyesi Hatice Sena \u00c7INARLI<\/td>\n<\/tr>\n<tr>\n<td width=\"78\">\u00dcye<\/td>\n<td width=\"222\">Ar\u015f. G\u00f6r. Gizem \u015eEKERCAN<\/td>\n<\/tr>\n<tr>\n<td width=\"78\">\u00dcye<\/td>\n<td width=\"222\">Ar\u015f. G\u00f6r. Zehra Merve T\u00dcRKAY<\/td>\n<\/tr>\n<\/tbody>\n<\/table>\n<p>[\/vc_column_text][\/vc_tta_section][vc_tta_section title=&#8221;Yatay Ge\u00e7i\u015f ve \u0130ntibak Komisyonu ( Fizyoterapi ve Rehabilitasyon )&#8221; tab_id=&#8221;1677504334496-dd6aa780-7f88&#8243;][vc_column_text]<\/p>\n<table style=\"height: 127px;\" width=\"517\">\n<tbody>\n<tr>\n<td width=\"78\">Ba\u015fkan<\/td>\n<td width=\"222\">Dr. \u00d6\u011fr. \u00dcyesi G\u00f6n\u00fcl ERTUN\u00c7 G\u00dcL\u00c7EL\u0130K<\/td>\n<\/tr>\n<tr>\n<td width=\"78\">\u00dcye<\/td>\n<td width=\"222\">Dr. \u00d6\u011fr. \u00dcyesi Hatice Sena \u00c7INARLI<\/td>\n<\/tr>\n<tr>\n<td width=\"78\">\u00dcye<\/td>\n<td width=\"222\">\u00d6\u011fr. G\u00f6r. Gamze AYDO\u011eAN<\/td>\n<\/tr>\n<tr>\n<td width=\"78\">\u00dcye<\/td>\n<td width=\"222\">Ar\u015f. G\u00f6r. Gizem \u015eEKERCAN<\/td>\n<\/tr>\n<\/tbody>\n<\/table>\n<p>[\/vc_column_text][\/vc_tta_section][vc_tta_section title=&#8221;Yatay Ge\u00e7i\u015f ve \u0130ntibak Komisyonu ( Hem\u015firelik )&#8221; tab_id=&#8221;1651221771495-1f4ac09e-00b8&#8243;][vc_column_text]<\/p>\n<table style=\"height: 127px;\" width=\"517\">\n<tbody>\n<tr>\n<td width=\"78\">Ba\u015fkan<\/td>\n<td width=\"222\">Do\u00e7. Dr. Suna UYSAL YAL\u00c7IN<\/td>\n<\/tr>\n<tr>\n<td width=\"78\">\u00dcye<\/td>\n<td width=\"222\">Dr. \u00d6\u011fr. \u00dcyesi Aysel \u0130NCEDERE<\/td>\n<\/tr>\n<tr>\n<td width=\"78\">\u00dcye<\/td>\n<td width=\"222\">Dr. \u00d6\u011fr. \u00dcyesi Mehtap AKKO\u00c7<\/td>\n<\/tr>\n<tr>\n<td width=\"78\">\u00dcye<\/td>\n<td width=\"222\">Dr. \u00d6\u011fr. \u00dcyesi Azzet Y\u00dcKSEL<\/td>\n<\/tr>\n<tr>\n<td width=\"78\">\u00dcye<\/td>\n<td width=\"222\">Ar\u015f. G\u00f6r. Zehra Merve T\u00dcRKAY<\/td>\n<\/tr>\n<\/tbody>\n<\/table>\n<p>[\/vc_column_text][\/vc_tta_section][vc_tta_section title=&#8221;Kalite Kurulu&#8221; tab_id=&#8221;1733735013813-567371c4-adf1&#8243;][vc_column_text]<\/p>\n<table style=\"height: 127px;\" width=\"517\">\n<tbody>\n<tr>\n<td width=\"78\">\u00dcye<\/td>\n<td width=\"222\">Do\u00e7. Dr. Suna UYSAL YAL\u00c7IN<\/td>\n<\/tr>\n<tr>\n<td width=\"78\">\u00dcye<\/td>\n<td width=\"222\">Dr. \u00d6\u011fr. \u00dcyesi G\u00f6n\u00fcl ERTUN\u00c7 G\u00dcL\u00c7EL\u0130K<\/td>\n<\/tr>\n<tr>\n<td width=\"78\">\u00dcye<\/td>\n<td width=\"222\">Dr. \u00d6\u011fr. \u00dcyesi Hatice Sena \u00c7INARLI<\/td>\n<\/tr>\n<\/tbody>\n<\/table>\n<p>[\/vc_column_text][\/vc_tta_section][\/vc_tta_tour][\/vc_column][\/vc_row]<\/p>\n<\/div>","protected":false},"excerpt":{"rendered":"<p>[vc_row][vc_column][\/vc_column][\/vc_row][vc_row][vc_column][vc_tta_tour shape=&#8221;square&#8221; color=&#8221;white&#8221; gap=&#8221;1&#8243; controls_size=&#8221;md&#8221; active_section=&#8221;1&#8243;][vc_tta_section title=&#8221;Komisyonlar&#8221; tab_id=&#8221;1651221594961-d9b6d1d4-7fb4&#8243;][\/vc_tta_section][vc_tta_section title=&#8221;Ar &#8211; Ge ve Sekt\u00f6rel \u0130\u015fbirli\u011fi Komisyonu&#8221; tab_id=&#8221;1651221594973-1a597a24-9a08&#8243;][vc_column_text] Ba\u015fkan Prof. Dr. Yurdanur D\u0130KMEN \u00dcye Dr. \u00d6\u011fr. \u00dcyesi Aysel \u0130NCEDERE \u00dcye Dr. \u00d6\u011fr. \u00dcyesi G\u00f6n\u00fcl ERTUN\u00c7 G\u00dcL\u00c7EL\u0130K \u00dcye Dr. \u00d6\u011fr. \u00dcyesi Hatice Sena &hellip; <\/p>\n","protected":false},"author":12,"featured_media":0,"parent":0,"menu_order":0,"comment_status":"closed","ping_status":"closed","template":"","meta":{"footnotes":""},"_links":{"self":[{"href":"https:\/\/kocaelisaglik.edu.tr\/saglik\/wp-json\/wp\/v2\/pages\/7755"}],"collection":[{"href":"https:\/\/kocaelisaglik.edu.tr\/saglik\/wp-json\/wp\/v2\/pages"}],"about":[{"href":"https:\/\/kocaelisaglik.edu.tr\/saglik\/wp-json\/wp\/v2\/types\/page"}],"author":[{"embeddable":true,"href":"https:\/\/kocaelisaglik.edu.tr\/saglik\/wp-json\/wp\/v2\/users\/12"}],"replies":[{"embeddable":true,"href":"https:\/\/kocaelisaglik.edu.tr\/saglik\/wp-json\/wp\/v2\/comments?post=7755"}],"version-history":[{"count":10,"href":"https:\/\/kocaelisaglik.edu.tr\/saglik\/wp-json\/wp\/v2\/pages\/7755\/revisions"}],"predecessor-version":[{"id":9680,"href":"https:\/\/kocaelisaglik.edu.tr\/saglik\/wp-json\/wp\/v2\/pages\/7755\/revisions\/9680"}],"wp:attachment":[{"href":"https:\/\/kocaelisaglik.edu.tr\/saglik\/wp-json\/wp\/v2\/media?parent=7755"}],"curies":[{"name":"wp","href":"https:\/\/api.w.org\/{rel}","templated":true}]}}