{"id":6913,"date":"2020-12-08T01:11:32","date_gmt":"2020-12-07T22:11:32","guid":{"rendered":"https:\/\/kocaelisaglik.edu.tr\/saglik\/?page_id=6913"},"modified":"2026-03-26T16:38:10","modified_gmt":"2026-03-26T13:38:10","slug":"hemsirelik","status":"publish","type":"page","link":"https:\/\/kocaelisaglik.edu.tr\/saglik\/hemsirelik\/","title":{"rendered":"Hem\u015firelik"},"content":{"rendered":"<div class=\"wpb-content-wrapper\"><p>[vc_row][vc_column][\/vc_column][\/vc_row][vc_row][vc_column width=&#8221;1\/3&#8243;][vc_message message_box_color=&#8221;white&#8221; icon_type=&#8221;typicons&#8221;]<a href=\"https:\/\/kocaelisaglik.edu.tr\/saglik\/bolum-hakkinda-2\/\"><strong>B\u00f6l\u00fcm Hakk\u0131nda<\/strong><\/a>[\/vc_message][vc_message message_box_color=&#8221;white&#8221; icon_type=&#8221;typicons&#8221;]<a href=\"https:\/\/kocaelisaglik.edu.tr\/saglik\/bolum-baskaninin-mesaji-2\/\"><strong>B\u00f6l\u00fcm Ba\u015fkan\u0131n\u0131n Mesaj\u0131<\/strong><\/a>[\/vc_message][vc_message message_box_color=&#8221;white&#8221; icon_type=&#8221;typicons&#8221;]<a href=\"https:\/\/kocaelisaglik.edu.tr\/saglik\/akademik-kadro-3\/\"><strong>Akademik Kadro<\/strong><\/a>[\/vc_message][vc_message message_box_color=&#8221;white&#8221; icon_type=&#8221;typicons&#8221;]<a href=\"https:\/\/kocaelisaglik.edu.tr\/saglik\/danismanliklar-2\/\"><strong>Dan\u0131\u015fmanl\u0131klar<\/strong><\/a>[\/vc_message][vc_message message_box_color=&#8221;white&#8221; icon_type=&#8221;typicons&#8221;]<a href=\"https:\/\/kocaelisaglik.edu.tr\/saglik\/hemsirelik-ders-plani-3\/\"><strong>Ders Plan\u0131<\/strong><\/a>[\/vc_message][vc_message message_box_color=&#8221;white&#8221; icon_type=&#8221;typicons&#8221;]<a href=\"https:\/\/kocaelisaglik.edu.tr\/saglik\/hemsirelik-ders-programi\/\"><strong>Ders Program\u0131<\/strong><\/a>[\/vc_message][vc_message message_box_color=&#8221;white&#8221; icon_type=&#8221;typicons&#8221;]<a href=\"https:\/\/kocaelisaglik.edu.tr\/saglik\/bolum-komisyonlari-2\/\"><strong>B\u00f6l\u00fcm Komisyonlar\u0131<\/strong><\/a>[\/vc_message][vc_message message_box_color=&#8221;white&#8221; icon_type=&#8221;typicons&#8221;]<a href=\"https:\/\/kocaelisaglik.edu.tr\/saglik\/hemsirelik-ogrenci-formlari\/\"><strong>\u00d6\u011frenci Formlar\u0131<\/strong><\/a>[\/vc_message][vc_message message_box_color=&#8221;white&#8221; icon_type=&#8221;typicons&#8221;]<a href=\"https:\/\/kocaelisaglik.edu.tr\/saglik\/hemsirelik-bolumu-akreditasyon-ust-kurulu-komisyonlar-birimler\/\"><strong>Akreditasyon \u00dcst Kurulu &#8211; Komisyon &#8211; Birimler<\/strong><\/a>[\/vc_message][vc_message message_box_color=&#8221;white&#8221; icon_type=&#8221;typicons&#8221;]<a href=\"https:\/\/kocaelisaglik.edu.tr\/saglik\/arastirmalar-ve-projeler-2\/\"><strong>Ara\u015ft\u0131rmalar ve Projeler<\/strong><\/a>[\/vc_message][vc_message message_box_color=&#8221;white&#8221; icon_type=&#8221;typicons&#8221; icon_typicons=&#8221;&#8221;]<a href=\"https:\/\/kocaelisaglik.edu.tr\/saglik\/hemsirelik-haberler-ve-etkinlikler\/\"><strong>Haberler ve Etkinlikler<\/strong><\/a>[\/vc_message][vc_message message_box_color=&#8221;white&#8221; icon_type=&#8221;typicons&#8221;]<a href=\"https:\/\/kocaelisaglik.edu.tr\/saglik\/klinik-uygulama-egitimi-dis-paydaslar-2\/\"><strong>Klinik Uygulama D\u0131\u015f Payda\u015flar\u0131<\/strong><\/a>[\/vc_message][vc_message message_box_color=&#8221;white&#8221; icon_type=&#8221;typicons&#8221;]<a href=\"#\"><strong>\u0130leti\u015fim<\/strong><\/a>[\/vc_message][\/vc_column][vc_column width=&#8221;2\/3&#8243;][vc_gallery interval=&#8221;3&#8243; images=&#8221;8458,8420,8625,8434,8623,8421,8435,8440,8624,8439,8622,8626&#8243; img_size=&#8221;750&#215;500&#8243;][\/vc_column][\/vc_row]<\/p>\n<\/div>","protected":false},"excerpt":{"rendered":"<p>[vc_row][vc_column][\/vc_column][\/vc_row][vc_row][vc_column width=&#8221;1\/3&#8243;][vc_message message_box_color=&#8221;white&#8221; icon_type=&#8221;typicons&#8221;]B\u00f6l\u00fcm Hakk\u0131nda[\/vc_message][vc_message message_box_color=&#8221;white&#8221; icon_type=&#8221;typicons&#8221;]B\u00f6l\u00fcm Ba\u015fkan\u0131n\u0131n Mesaj\u0131[\/vc_message][vc_message message_box_color=&#8221;white&#8221; icon_type=&#8221;typicons&#8221;]Akademik Kadro[\/vc_message][vc_message message_box_color=&#8221;white&#8221; icon_type=&#8221;typicons&#8221;]Dan\u0131\u015fmanl\u0131klar[\/vc_message][vc_message message_box_color=&#8221;white&#8221; icon_type=&#8221;typicons&#8221;]Ders Plan\u0131[\/vc_message][vc_message message_box_color=&#8221;white&#8221; icon_type=&#8221;typicons&#8221;]Ders Program\u0131[\/vc_message][vc_message message_box_color=&#8221;white&#8221; icon_type=&#8221;typicons&#8221;]B\u00f6l\u00fcm Komisyonlar\u0131[\/vc_message][vc_message message_box_color=&#8221;white&#8221; icon_type=&#8221;typicons&#8221;]\u00d6\u011frenci Formlar\u0131[\/vc_message][vc_message message_box_color=&#8221;white&#8221; icon_type=&#8221;typicons&#8221;]Akreditasyon \u00dcst Kurulu &#8211; Komisyon &#8211; Birimler[\/vc_message][vc_message message_box_color=&#8221;white&#8221; icon_type=&#8221;typicons&#8221;]Ara\u015ft\u0131rmalar ve Projeler[\/vc_message][vc_message message_box_color=&#8221;white&#8221; icon_type=&#8221;typicons&#8221; &hellip; <\/p>\n","protected":false},"author":11,"featured_media":0,"parent":0,"menu_order":0,"comment_status":"closed","ping_status":"closed","template":"","meta":{"footnotes":""},"_links":{"self":[{"href":"https:\/\/kocaelisaglik.edu.tr\/saglik\/wp-json\/wp\/v2\/pages\/6913"}],"collection":[{"href":"https:\/\/kocaelisaglik.edu.tr\/saglik\/wp-json\/wp\/v2\/pages"}],"about":[{"href":"https:\/\/kocaelisaglik.edu.tr\/saglik\/wp-json\/wp\/v2\/types\/page"}],"author":[{"embeddable":true,"href":"https:\/\/kocaelisaglik.edu.tr\/saglik\/wp-json\/wp\/v2\/users\/11"}],"replies":[{"embeddable":true,"href":"https:\/\/kocaelisaglik.edu.tr\/saglik\/wp-json\/wp\/v2\/comments?post=6913"}],"version-history":[{"count":102,"href":"https:\/\/kocaelisaglik.edu.tr\/saglik\/wp-json\/wp\/v2\/pages\/6913\/revisions"}],"predecessor-version":[{"id":9695,"href":"https:\/\/kocaelisaglik.edu.tr\/saglik\/wp-json\/wp\/v2\/pages\/6913\/revisions\/9695"}],"wp:attachment":[{"href":"https:\/\/kocaelisaglik.edu.tr\/saglik\/wp-json\/wp\/v2\/media?parent=6913"}],"curies":[{"name":"wp","href":"https:\/\/api.w.org\/{rel}","templated":true}]}}