{"id":6908,"date":"2020-12-06T23:41:58","date_gmt":"2020-12-06T20:41:58","guid":{"rendered":"https:\/\/kocaelisaglik.edu.tr\/dishekimligi\/?page_id=6908"},"modified":"2023-10-23T13:54:19","modified_gmt":"2023-10-23T10:54:19","slug":"misyon-vizyon","status":"publish","type":"page","link":"https:\/\/kocaelisaglik.edu.tr\/saglik\/misyon-vizyon\/","title":{"rendered":"Misyon ve Vizyon"},"content":{"rendered":"<div class=\"wpb-content-wrapper\"><p>[vc_row][vc_column][vc_column_text]<\/p>\n<p><strong>Misyonumuz<\/strong><\/p>\n<p>Mesleki ve bilimsel alanda yetkin, etik kurallara ba\u011fl\u0131, kan\u0131ta dayal\u0131 uygulamalar\u0131 ve ya\u015fam boyu \u00f6\u011frenmeyi benimsemi\u015f, \u00e7a\u011f\u0131n gerektirdi\u011fi ko\u015fullarda bilgi ve beceri ile donat\u0131lm\u0131\u015f sa\u011fl\u0131k profesyonelleri ve akademisyenler yeti\u015ftirmek, bilimsel \u00e7al\u0131\u015fmalar ve e\u011fitim faaliyetleriyle bilime katk\u0131lar sa\u011flamakt\u0131r.<\/p>\n<p>&nbsp;<\/p>\n<p><strong>Vizyonumuz<\/strong><\/p>\n<p>Sa\u011fl\u0131k alan\u0131nda \u00f6\u011frencilerin ve akademisyenlerin en \u00e7ok tercih etti\u011fi, bilimsel anlamda uluslararas\u0131 platformda ad\u0131ndan s\u00f6z ettiren, \u00f6rnek g\u00f6sterilen, uluslararas\u0131 kalitede hizmet veren bir fak\u00fclte olabilmek ve toplum sa\u011fl\u0131\u011f\u0131n\u0131n her alan\u0131nda b\u00f6l\u00fcmlerimizi daha etkin hale getirebilmektir.[\/vc_column_text][\/vc_column][\/vc_row]<\/p>\n<\/div>","protected":false},"excerpt":{"rendered":"<p>[vc_row][vc_column][vc_column_text] Misyonumuz Mesleki ve bilimsel alanda yetkin, etik kurallara ba\u011fl\u0131, kan\u0131ta dayal\u0131 uygulamalar\u0131 ve ya\u015fam boyu \u00f6\u011frenmeyi benimsemi\u015f, \u00e7a\u011f\u0131n gerektirdi\u011fi ko\u015fullarda bilgi ve beceri ile donat\u0131lm\u0131\u015f sa\u011fl\u0131k profesyonelleri ve akademisyenler yeti\u015ftirmek, bilimsel \u00e7al\u0131\u015fmalar ve e\u011fitim faaliyetleriyle bilime katk\u0131lar sa\u011flamakt\u0131r. &nbsp; &hellip; <\/p>\n","protected":false},"author":11,"featured_media":0,"parent":0,"menu_order":0,"comment_status":"closed","ping_status":"closed","template":"","meta":{"footnotes":""},"_links":{"self":[{"href":"https:\/\/kocaelisaglik.edu.tr\/saglik\/wp-json\/wp\/v2\/pages\/6908"}],"collection":[{"href":"https:\/\/kocaelisaglik.edu.tr\/saglik\/wp-json\/wp\/v2\/pages"}],"about":[{"href":"https:\/\/kocaelisaglik.edu.tr\/saglik\/wp-json\/wp\/v2\/types\/page"}],"author":[{"embeddable":true,"href":"https:\/\/kocaelisaglik.edu.tr\/saglik\/wp-json\/wp\/v2\/users\/11"}],"replies":[{"embeddable":true,"href":"https:\/\/kocaelisaglik.edu.tr\/saglik\/wp-json\/wp\/v2\/comments?post=6908"}],"version-history":[{"count":6,"href":"https:\/\/kocaelisaglik.edu.tr\/saglik\/wp-json\/wp\/v2\/pages\/6908\/revisions"}],"predecessor-version":[{"id":8373,"href":"https:\/\/kocaelisaglik.edu.tr\/saglik\/wp-json\/wp\/v2\/pages\/6908\/revisions\/8373"}],"wp:attachment":[{"href":"https:\/\/kocaelisaglik.edu.tr\/saglik\/wp-json\/wp\/v2\/media?parent=6908"}],"curies":[{"name":"wp","href":"https:\/\/api.w.org\/{rel}","templated":true}]}}