{"id":6905,"date":"2020-12-06T23:40:52","date_gmt":"2020-12-06T20:40:52","guid":{"rendered":"https:\/\/kocaelisaglik.edu.tr\/dishekimligi\/?page_id=6904"},"modified":"2024-08-26T15:49:02","modified_gmt":"2024-08-26T12:49:02","slug":"fakulte-tanitimi","status":"publish","type":"page","link":"https:\/\/kocaelisaglik.edu.tr\/saglik\/fakulte-tanitimi\/","title":{"rendered":"Fak\u00fclte Tan\u0131t\u0131m\u0131"},"content":{"rendered":"<div class=\"wpb-content-wrapper\"><p>[vc_row][vc_column width=&#8221;1\/2&#8243;][vc_gallery interval=&#8221;3&#8243; images=&#8221;8177,8346,8352,8175,8022,8171,8021,8343,8172,8344,8173,8349,8174,8176,8350,8348,8345,8342,8265,8264,8262&#8243; img_size=&#8221;1024&#215;1024&#8243;][\/vc_column][vc_column width=&#8221;1\/2&#8243;][vc_column_text]Sa\u011fl\u0131k bilimleri fak\u00fcltesi 2020 y\u0131l\u0131nda e\u011fitim ve \u00f6\u011fretim faaliyetlerine ba\u015flam\u0131\u015f bir fak\u00fcltedir.<\/p>\n<p>Hem\u015firelik ile Fizyoterapi ve Rehabilitasyon b\u00f6l\u00fcmleri ile akademik faaliyetlerine devam etmektedir. Amac\u0131m\u0131z mesleki anlamda donan\u0131ml\u0131, iyi uygulama becerisine sahip, etkili ileti\u015fim kurabilen, giri\u015fimci, yenilik\u00e7i, sa\u011fl\u0131\u011f\u0131 teknoloji ile birle\u015ftiren, teknolojik de\u011fi\u015fime ayak uydurabilen, teknolojik dili anlayan ve kullanan sa\u011fl\u0131k\u00e7\u0131lar yeti\u015ftirmektir.<\/p>\n<p>[\/vc_column_text][\/vc_column][\/vc_row][vc_row][vc_column][vc_empty_space height=&#8221;64px&#8221;][\/vc_column][\/vc_row][vc_row][vc_column width=&#8221;1\/4&#8243;][\/vc_column][vc_column width=&#8221;1\/2&#8243;][vc_video link=&#8221;https:\/\/www.youtube.com\/watch?v=5NW5DOHjVuU&#8221; el_width=&#8221;90&#8243; align=&#8221;center&#8221;][vc_column_text]<\/p>\n<p style=\"text-align: center;\"><strong>Fak\u00fclte Tan\u0131t\u0131m\u0131<\/strong><\/p>\n<p>[\/vc_column_text][\/vc_column][vc_column width=&#8221;1\/4&#8243;][vc_separator][\/vc_column][\/vc_row][vc_row][vc_column][vc_empty_space height=&#8221;64px&#8221;][\/vc_column][\/vc_row][vc_row][vc_column width=&#8221;1\/2&#8243;][vc_video link=&#8221;https:\/\/www.youtube.com\/watch?v=qoZUh1C-0qc&#8221; el_width=&#8221;80&#8243; align=&#8221;center&#8221;][vc_column_text]<\/p>\n<p style=\"text-align: center;\"><strong>Fizyoterapi ve Rehabilitasyon B\u00f6l\u00fcm Tan\u0131t\u0131m\u0131<\/strong><\/p>\n<p>[\/vc_column_text][\/vc_column][vc_column width=&#8221;1\/2&#8243;][vc_video link=&#8221;https:\/\/www.youtube.com\/watch?v=3-Lc2MfDe4g&#8221; el_width=&#8221;80&#8243; align=&#8221;center&#8221;][vc_column_text]<\/p>\n<p style=\"text-align: center;\"><strong>Hem\u015firelik B\u00f6l\u00fcm Tan\u0131t\u0131m\u0131<\/strong><\/p>\n<p>[\/vc_column_text][\/vc_column][\/vc_row][vc_row][vc_column][vc_empty_space height=&#8221;64px&#8221;][\/vc_column][\/vc_row][vc_row][vc_column width=&#8221;1\/2&#8243;][vc_video link=&#8221;https:\/\/www.youtube.com\/watch?v=xm6ZuaVEDlw&#8221; el_width=&#8221;80&#8243; align=&#8221;center&#8221;][\/vc_column][vc_column width=&#8221;1\/2&#8243;][vc_video link=&#8221;https:\/\/www.youtube.com\/watch?v=9rewwhWGrzg&#8221; el_width=&#8221;80&#8243; align=&#8221;center&#8221;][\/vc_column][vc_column][vc_separator][\/vc_column][\/vc_row][vc_row][vc_column width=&#8221;1\/2&#8243;][vc_video link=&#8221;https:\/\/www.youtube.com\/watch?v=96ggfuYc4so&#8221; el_width=&#8221;80&#8243; align=&#8221;center&#8221;][\/vc_column][vc_column width=&#8221;1\/2&#8243;][vc_video link=&#8221;https:\/\/www.youtube.com\/watch?v=E8vbys14UIs&#8221; el_width=&#8221;80&#8243; align=&#8221;center&#8221;][\/vc_column][\/vc_row]<\/p>\n<\/div>","protected":false},"excerpt":{"rendered":"<p>[vc_row][vc_column width=&#8221;1\/2&#8243;][vc_gallery interval=&#8221;3&#8243; images=&#8221;8177,8346,8352,8175,8022,8171,8021,8343,8172,8344,8173,8349,8174,8176,8350,8348,8345,8342,8265,8264,8262&#8243; img_size=&#8221;1024&#215;1024&#8243;][\/vc_column][vc_column width=&#8221;1\/2&#8243;][vc_column_text]Sa\u011fl\u0131k bilimleri fak\u00fcltesi 2020 y\u0131l\u0131nda e\u011fitim ve \u00f6\u011fretim faaliyetlerine ba\u015flam\u0131\u015f bir fak\u00fcltedir. Hem\u015firelik ile Fizyoterapi ve Rehabilitasyon b\u00f6l\u00fcmleri ile akademik faaliyetlerine devam etmektedir. Amac\u0131m\u0131z mesleki anlamda donan\u0131ml\u0131, iyi uygulama becerisine sahip, etkili ileti\u015fim kurabilen, giri\u015fimci, &hellip; <\/p>\n","protected":false},"author":11,"featured_media":0,"parent":0,"menu_order":0,"comment_status":"closed","ping_status":"closed","template":"","meta":{"footnotes":""},"_links":{"self":[{"href":"https:\/\/kocaelisaglik.edu.tr\/saglik\/wp-json\/wp\/v2\/pages\/6905"}],"collection":[{"href":"https:\/\/kocaelisaglik.edu.tr\/saglik\/wp-json\/wp\/v2\/pages"}],"about":[{"href":"https:\/\/kocaelisaglik.edu.tr\/saglik\/wp-json\/wp\/v2\/types\/page"}],"author":[{"embeddable":true,"href":"https:\/\/kocaelisaglik.edu.tr\/saglik\/wp-json\/wp\/v2\/users\/11"}],"replies":[{"embeddable":true,"href":"https:\/\/kocaelisaglik.edu.tr\/saglik\/wp-json\/wp\/v2\/comments?post=6905"}],"version-history":[{"count":21,"href":"https:\/\/kocaelisaglik.edu.tr\/saglik\/wp-json\/wp\/v2\/pages\/6905\/revisions"}],"predecessor-version":[{"id":8635,"href":"https:\/\/kocaelisaglik.edu.tr\/saglik\/wp-json\/wp\/v2\/pages\/6905\/revisions\/8635"}],"wp:attachment":[{"href":"https:\/\/kocaelisaglik.edu.tr\/saglik\/wp-json\/wp\/v2\/media?parent=6905"}],"curies":[{"name":"wp","href":"https:\/\/api.w.org\/{rel}","templated":true}]}}