{"id":6902,"date":"2020-12-06T23:38:23","date_gmt":"2020-12-06T20:38:23","guid":{"rendered":"https:\/\/kocaelisaglik.edu.tr\/dishekimligi\/?page_id=6898"},"modified":"2025-12-05T14:44:26","modified_gmt":"2025-12-05T11:44:26","slug":"dekanin-mesaji","status":"publish","type":"page","link":"https:\/\/kocaelisaglik.edu.tr\/saglik\/dekanin-mesaji\/","title":{"rendered":"Dekan\u0131n Mesaj\u0131"},"content":{"rendered":"<div class=\"wpb-content-wrapper\"><p>[vc_row][vc_column width=&#8221;1\/2&#8243;][vc_single_image image=&#8221;8449&#8243; img_size=&#8221;large&#8221; alignment=&#8221;center&#8221; style=&#8221;vc_box_outline&#8221;][\/vc_column][vc_column width=&#8221;1\/2&#8243;][vc_column_text]G\u00fcn\u00fcm\u00fczde n\u00fcfus art\u0131\u015f\u0131, salg\u0131n hastal\u0131klar, \u00e7evre kirlili\u011fi ve sa\u011fl\u0131ks\u0131z beslenmenin getirdi\u011fi yayg\u0131n sa\u011fl\u0131k sorunlar\u0131 ile insanlar\u0131n uzun s\u00fcre sa\u011fl\u0131kl\u0131 ya\u015fama istekleri; sa\u011fl\u0131k hizmetlerine olan ihtiyac\u0131 her ge\u00e7en g\u00fcn artt\u0131rmaktad\u0131r. Kaliteli sa\u011fl\u0131k hizmetine ula\u015fmak, toplumlar\u0131n temel gereksinimlerindendir. \u00dclkemizde artan ihtiya\u00e7 nedeni ile sa\u011fl\u0131k alan\u0131ndaki yat\u0131r\u0131mlar artarak devam etmektedir. Sa\u011fl\u0131k hizmetinin sunumunda alan\u0131nda bilgili, donan\u0131ml\u0131, etik ve ahlaki de\u011ferlere sahip sa\u011fl\u0131k\u00e7\u0131lara ihtiya\u00e7 vard\u0131r.<\/p>\n<p>Sa\u011fl\u0131k Bilimleri Fak\u00fcltemizin temel amac\u0131; pozitif bilimin \u0131\u015f\u0131\u011f\u0131nda, akademik, donan\u0131ml\u0131 ve etik de\u011ferlere sayg\u0131l\u0131, sa\u011fl\u0131k hizmetleri alanlar\u0131nda ba\u015far\u0131l\u0131 meslek insanlar\u0131 yeti\u015ftirmektir.<\/p>\n<p>\u00dcniversitemizin ad\u0131na yak\u0131\u015f\u0131r bir bi\u00e7imde sa\u011fl\u0131k ile teknolojinin birle\u015fti\u011fi uluslararas\u0131 standartlara uygun e\u011fitim modeli ile hizmet vermek temel hedefimizdir.<\/p>\n<p>Fak\u00fcltemizde, Fizyoterapi ve Rehabilitasyon, Hem\u015firelik lisans programlar\u0131 ile bu b\u00f6l\u00fcmlere ait y\u00fcksek lisans programlar\u0131 bulunmaktad\u0131r. Lisans\u00fcst\u00fc programlar\u0131m\u0131z ile birlikte mesle\u011finde yetkin sa\u011fl\u0131k profesyonelleri yeti\u015ftirmenin yan\u0131nda, bilimsel d\u00fc\u015f\u00fcnceye ba\u011fl\u0131 bilim insan\u0131 ve akademisyenler yeti\u015ftirmekteyiz.<\/p>\n<p>De\u011ferli\u00a0 \u00f6\u011frencilerimiz; \u00fcniversite y\u0131llar\u0131n\u0131n insan hayat\u0131nda yeri \u00e7ok de\u011ferlidir. \u00d6ncelikle akademik, sosyal ve k\u00fclt\u00fcrel y\u00f6nden iyi bir \u00fcniversite hayat\u0131 ge\u00e7irmenizi, g\u00fczel an\u0131lar biriktirmenizi y\u00fcrekten istiyorum. Gelecekte sizleri KOST\u00dc ailesinin bir \u00fcyesi olarak, kariyerinde fark yaratan, \u00fclkemize katma de\u011feri y\u00fcksek i\u015flerle katk\u0131 sunan bireyler olarak g\u00f6rece\u011fime\u00a0 inan\u0131yorum. Bu s\u00fcre\u00e7te alanlar\u0131nda klinik ve akademik deneyimi olan \u00f6\u011fretim \u00fcyelerimiz\u00a0 ile\u00a0 \u00e7\u00f6z\u00fcm odakl\u0131 ve ba\u015far\u0131l\u0131 idari kadromuz sizlerin her zaman destek\u00e7iniz olacakt\u0131r.<\/p>\n<p>Sa\u011fl\u0131kl\u0131, huzurlu ve ba\u015far\u0131l\u0131 bir e\u011fitim \u00f6\u011fretim y\u0131l\u0131 diliyorum.<\/p>\n<p>&nbsp;<\/p>\n<p><strong>Prof. Dr. Yurdanur D\u0130KMEN<\/strong><\/p>\n<p><strong>Sa\u011fl\u0131k Bilimleri Fak\u00fcltesi Dekan\u0131<\/strong>[\/vc_column_text][\/vc_column][\/vc_row]<\/p>\n<\/div>","protected":false},"excerpt":{"rendered":"<p>[vc_row][vc_column width=&#8221;1\/2&#8243;][vc_single_image image=&#8221;8449&#8243; img_size=&#8221;large&#8221; alignment=&#8221;center&#8221; style=&#8221;vc_box_outline&#8221;][\/vc_column][vc_column width=&#8221;1\/2&#8243;][vc_column_text]G\u00fcn\u00fcm\u00fczde n\u00fcfus art\u0131\u015f\u0131, salg\u0131n hastal\u0131klar, \u00e7evre kirlili\u011fi ve sa\u011fl\u0131ks\u0131z beslenmenin getirdi\u011fi yayg\u0131n sa\u011fl\u0131k sorunlar\u0131 ile insanlar\u0131n uzun s\u00fcre sa\u011fl\u0131kl\u0131 ya\u015fama istekleri; sa\u011fl\u0131k hizmetlerine olan ihtiyac\u0131 her ge\u00e7en g\u00fcn artt\u0131rmaktad\u0131r. Kaliteli sa\u011fl\u0131k hizmetine ula\u015fmak, toplumlar\u0131n &hellip; <\/p>\n","protected":false},"author":11,"featured_media":0,"parent":0,"menu_order":0,"comment_status":"closed","ping_status":"closed","template":"","meta":{"footnotes":""},"_links":{"self":[{"href":"https:\/\/kocaelisaglik.edu.tr\/saglik\/wp-json\/wp\/v2\/pages\/6902"}],"collection":[{"href":"https:\/\/kocaelisaglik.edu.tr\/saglik\/wp-json\/wp\/v2\/pages"}],"about":[{"href":"https:\/\/kocaelisaglik.edu.tr\/saglik\/wp-json\/wp\/v2\/types\/page"}],"author":[{"embeddable":true,"href":"https:\/\/kocaelisaglik.edu.tr\/saglik\/wp-json\/wp\/v2\/users\/11"}],"replies":[{"embeddable":true,"href":"https:\/\/kocaelisaglik.edu.tr\/saglik\/wp-json\/wp\/v2\/comments?post=6902"}],"version-history":[{"count":13,"href":"https:\/\/kocaelisaglik.edu.tr\/saglik\/wp-json\/wp\/v2\/pages\/6902\/revisions"}],"predecessor-version":[{"id":9455,"href":"https:\/\/kocaelisaglik.edu.tr\/saglik\/wp-json\/wp\/v2\/pages\/6902\/revisions\/9455"}],"wp:attachment":[{"href":"https:\/\/kocaelisaglik.edu.tr\/saglik\/wp-json\/wp\/v2\/media?parent=6902"}],"curies":[{"name":"wp","href":"https:\/\/api.w.org\/{rel}","templated":true}]}}