{"id":9288,"date":"2024-10-07T15:35:50","date_gmt":"2024-10-07T12:35:50","guid":{"rendered":"https:\/\/kocaelisaglik.edu.tr\/muhendislik\/?page_id=9288"},"modified":"2026-02-17T10:23:53","modified_gmt":"2026-02-17T07:23:53","slug":"classroom-kodlari","status":"publish","type":"page","link":"https:\/\/kocaelisaglik.edu.tr\/muhendislik\/classroom-kodlari\/","title":{"rendered":"Classroom Kodlar\u0131"},"content":{"rendered":"\n<p><a href=\"https:\/\/kocaelisaglik.edu.tr\/muhendislik\/wp-content\/uploads\/sites\/3\/2026\/02\/CLASSROOM-KODLARI-1.pdf\">2025-2026 Bahar D\u00f6nemi Classroom S\u0131n\u0131f Kodlar\u0131<\/a> (G\u00fcncelleme 17.02.2026)<\/p>\n","protected":false},"excerpt":{"rendered":"<p>2025-2026 Bahar D\u00f6nemi Classroom S\u0131n\u0131f Kodlar\u0131 (G\u00fcncelleme 17.02.2026)<\/p>\n","protected":false},"author":15,"featured_media":0,"parent":0,"menu_order":0,"comment_status":"closed","ping_status":"closed","template":"","meta":{"footnotes":""},"_links":{"self":[{"href":"https:\/\/kocaelisaglik.edu.tr\/muhendislik\/wp-json\/wp\/v2\/pages\/9288"}],"collection":[{"href":"https:\/\/kocaelisaglik.edu.tr\/muhendislik\/wp-json\/wp\/v2\/pages"}],"about":[{"href":"https:\/\/kocaelisaglik.edu.tr\/muhendislik\/wp-json\/wp\/v2\/types\/page"}],"author":[{"embeddable":true,"href":"https:\/\/kocaelisaglik.edu.tr\/muhendislik\/wp-json\/wp\/v2\/users\/15"}],"replies":[{"embeddable":true,"href":"https:\/\/kocaelisaglik.edu.tr\/muhendislik\/wp-json\/wp\/v2\/comments?post=9288"}],"version-history":[{"count":7,"href":"https:\/\/kocaelisaglik.edu.tr\/muhendislik\/wp-json\/wp\/v2\/pages\/9288\/revisions"}],"predecessor-version":[{"id":11063,"href":"https:\/\/kocaelisaglik.edu.tr\/muhendislik\/wp-json\/wp\/v2\/pages\/9288\/revisions\/11063"}],"wp:attachment":[{"href":"https:\/\/kocaelisaglik.edu.tr\/muhendislik\/wp-json\/wp\/v2\/media?parent=9288"}],"curies":[{"name":"wp","href":"https:\/\/api.w.org\/{rel}","templated":true}]}}