{"id":8317,"date":"2023-07-12T14:15:37","date_gmt":"2023-07-12T11:15:37","guid":{"rendered":"https:\/\/kocaelisaglik.edu.tr\/muhendislik\/?page_id=8317"},"modified":"2025-12-06T17:40:06","modified_gmt":"2025-12-06T14:40:06","slug":"projeler","status":"publish","type":"page","link":"https:\/\/kocaelisaglik.edu.tr\/muhendislik\/projeler\/","title":{"rendered":"Projeler"},"content":{"rendered":"<div class=\"wpb-content-wrapper\"><p>[vc_row][vc_column][vc_tta_accordion active_section=&#8221;0&#8243; collapsible_all=&#8221;true&#8221;][vc_tta_section title=&#8221;Bap Projeleri&#8221; tab_id=&#8221;1689162179693-073cd56f-96c9&#8243;][vc_column_text]<\/p>\n<ul>\n<li>Yapay Zeka Destekli Beyin Kaymas\u0131 Hesaplama Mod\u00fcl\u00fc (2023 &#8211; Prof. Dr. Nevcihan DURU)<\/li>\n<li>Tele-Patoloji \u0130\u00e7in T\u00fcm Kesit Taray\u0131c\u0131 Sistemin Geli\u015ftirilmesi (2023 &#8211; Dr. \u00d6\u011fr. \u00dcyesi Ula\u015f VURAL)<\/li>\n<li>Fizik Tedavi ve Rehabilitasyon E\u011fitiminde Oyunla\u015ft\u0131r\u0131lm\u0131\u015f \u0130nsan Anatomisi Uygulamalar\u0131 (2023 &#8211; Dr. \u00d6\u011fr. \u00dcyesi Mehmet KARA)<\/li>\n<li>Sonlu Eleman Modeli Kullan\u0131larak MR G\u00f6r\u00fcnt\u00fclerinden Ki\u015fiye \u00d6zel Beyin Modeli Olu\u015fturulmas\u0131 (2023 &#8211; Dr. \u00d6\u011fr. \u00dcyesi Nur Banu ALBAYRAK)<\/li>\n<li>Say\u0131sal Tasar\u0131m ve Uygulamalar\u0131 Dersi Laboratuvar Altyap\u0131s\u0131n\u0131n Olu\u015fturulmas\u0131 (2023 &#8211; Prof. Dr. H. Tar\u0131k DURU)<\/li>\n<li>\u0130nsan Eli Anatomisinin Yapay Zek\u00e2 ile Alg\u0131lanmas\u0131 ve Robotik Sim\u00fclasyonu (2023 &#8211; Dr. \u00d6\u011fr. \u00dcyesi \u0130smet KARADUMAN)<\/li>\n<li>Biharmonik Denklem i\u00e7in S\u0131n\u0131r De\u011fer Probleminin Hermite Baz Fonksiyonlar\u0131yla Say\u0131sal \u00c7\u00f6z\u00fcm\u00fc (2023 &#8211; Dr. \u00d6\u011fr. \u00dcyesi Vildan YAZICI)<\/li>\n<li>UAV G\u00f6m\u00fcl\u00fc Sistem Siber G\u00fcvenlik Analizi (2022 &#8211; Dr. \u00d6\u011fr. \u00dcyesi Mehmet KARA)<\/li>\n<li>Demir \u00c7ekirdeksiz Lineer Servo Motor Tasar\u0131m\u0131 (2022 &#8211; Prof. Dr. H. Tar\u0131k DURU)<\/li>\n<li>Psikologlar i\u00e7in Ses Analizi Tabanl\u0131 Duygu Durumu \u0130zleme Platformu (2025 &#8211; Dr. \u00d6\u011fr. \u00dcyesi Fulya AKDEN\u0130Z)<\/li>\n<li>Mikrocerrahide Video Teleskopik Kamera Sisteminin Geli\u015ftirilmesi (2024 &#8211; Dr. \u00d6\u011fr. \u00dcyesi Ercan \u00d6L\u00c7ER)<\/li>\n<li>Y\u00fcz Tan\u0131ma Destekli Devaml\u0131l\u0131k Takibi (2024 &#8211; Dr. \u00d6\u011fr. \u00dcyesi Ercan \u00d6L\u00c7ER)<\/li>\n<li>Hem\u015firelik Beceri E\u011fitiminde Sanal Ger\u00e7eklik Destekli Video Laboratuvar\u0131 Kurulmas\u0131 (2024 &#8211; Dr. \u00d6\u011fr. \u00dcyesi Ercan \u00d6L\u00c7ER)<\/li>\n<\/ul>\n<p>[\/vc_column_text][\/vc_tta_section][vc_tta_section title=&#8221;T\u00fcbitak 1501 Projeleri&#8221; tab_id=&#8221;1689162288927-c00cfb84-e9f6&#8243;][vc_column_text]<\/p>\n<ul>\n<li><span style=\"font-weight: 400\">Yapay Zek\u00e2 Destekli A\u011f\u0131z ve Di\u015f Sa\u011fl\u0131\u011f\u0131 Triyaj \u00d6zelli\u011fine Sahip <\/span><span style=\"font-weight: 400\">Hastane Bilgi Y\u00f6netim Sisteminin Geli\u015ftirilmesi (2023 &#8211; Dr. \u00d6\u011fr. \u00dcyesi Ula\u015f VURAL)<\/span><\/li>\n<li><span style=\"font-weight: 400\">\u0130\u015f Sa\u011fl\u0131\u011f\u0131 Taramalar\u0131 \u0130\u00e7in T\u0131bbi G\u00f6r\u00fcnt\u00fc Analizi Temelli Karar Destek Sistemi (2023 &#8211; Dr. \u00d6\u011fr. \u00dcyesi Ula\u015f VURAL)<\/span><\/li>\n<li><span style=\"font-weight: 400\">Kurumlardaki Ula\u015f\u0131m \u0130htiya\u00e7lar\u0131n\u0131n Farkl\u0131 Alternatifler \u00dczerinden Verimli Y\u00f6netimi \u0130\u00e7in B\u00fct\u00fcnle\u015fik Planlama ve Ak\u0131ll\u0131 Ula\u015ft\u0131rma Sisteminin Geli\u015ftirilmesi (2023 &#8211; Dr. \u00d6\u011fr. \u00dcyesi Ula\u015f VURAL)<\/span><\/li>\n<li><span style=\"font-weight: 400\">Ara\u00e7 Payla\u015f\u0131m Platformlar\u0131 \u0130\u00e7in Yapay Zeka Destekli Kaza Riski Tahminleme ve Y\u00f6netim Sistemi (2023 &#8211; Dr. \u00d6\u011fr. \u00dcyesi Ula\u015f VURAL)<\/span><\/li>\n<li><span style=\"font-weight: 400\">\u00c7ok Kriterli Tahminleme ve Risk Analizi Sim\u00fclasyonu Destekli Geni\u015f \u00d6l\u00e7ekli Kullan\u0131ma Haz\u0131r Finansal Planlama ve Analitik Platformu Geli\u015ftirilmesi (2023 &#8211; Dr. \u00d6\u011fr. \u00dcyesi Ula\u015f VURAL)<\/span><\/li>\n<li>Serbest-Dola\u015f\u0131ml\u0131 Ara\u00e7 Payla\u015f\u0131m Platformlar\u0131 i\u00e7in Ki\u015fiselle\u015ftirilmi\u015f Dinamik \u00dccretlendirme Sisteminin Geli\u015ftirilmesi (<span style=\"font-weight: 400\">2023 &#8211; Dr. \u00d6\u011fr. \u00dcyesi Ula\u015f VURAL)<\/span><\/li>\n<li>Bizigo Masraf AI:Ak\u0131ll\u0131 Masraf Y\u00f6netimi ve Finansal Analiz Uygulamalar\u0131n\u0131n Geli\u015ftirilmesi (<span style=\"font-weight: 400\">2023 &#8211; Dr. \u00d6\u011fr. \u00dcyesi Ula\u015f VURAL)<\/span><\/li>\n<li>Ameliyat Esnas\u0131nda Kullan\u0131lacak, Yapay Zeka Tabanl\u0131 G\u00f6r\u00fcnt\u00fcleme Sistemleri ile Beyin T\u00fcm\u00f6rlerinin Ger\u00e7ek Zamanl\u0131 Analizi ve Doku S\u0131n\u0131fland\u0131rmas\u0131 (2024 &#8211; Dr. \u00d6\u011fr. \u00dcyesi Ercan \u00d6L\u00c7ER, Dr. \u00d6\u011fr. \u00dcyesi \u0130smet KARADUMAN)<\/li>\n<\/ul>\n<p>[\/vc_column_text][\/vc_tta_section][vc_tta_section title=&#8221;T\u00fcbitak 1507 Projeleri&#8221; tab_id=&#8221;1689162179698-75dce8bb-7721&#8243;][vc_column_text]<\/p>\n<ul>\n<li>Beyin Ameliyatlar\u0131nda Hastaya \u00d6zg\u00fc Optimal Cerrahi Yol Hesaplama Sistemi (2023 &#8211; Prof. Dr. Nevcihan DURU, Dr. \u00d6\u011fr. \u00dcyesi Nur Banu ALBAYRAK)<\/li>\n<li><span style=\"font-weight: 400\">Tele-Patoloji i\u00e7in Mikroskop Ba\u011f\u0131ms\u0131z \u00c7ok Eksenli <\/span><span style=\"font-weight: 400\">Kesit Taray\u0131c\u0131 Sistemin Geli\u015ftirilmesi (2023 &#8211; Dr. \u00d6\u011fr. \u00dcyesi Ula\u015f VURAL)<\/span><\/li>\n<li><span style=\"font-weight: 400\">Al\u00e7ak Gerilim Trafo \u0130zleme ve Ar\u0131za Kestirimi Sistemi (2023 &#8211; Dr. \u00d6\u011fr. \u00dcyesi Ula\u015f VURAL)<\/span><\/li>\n<li><span style=\"font-weight: 400\">Teknik Olmayan Kay\u0131plar\u0131n Trafo ve Abone Bazl\u0131 Kestirimi ve Uyar\u0131 Sistemi (2023 &#8211; Dr. \u00d6\u011fr. \u00dcyesi Ula\u015f VURAL)<\/span><\/li>\n<li>\u00c7ocuk G\u00fcvenli\u011finin Sa\u011flanmas\u0131 Amac\u0131yla Konum Takip ve Ak\u0131ll\u0131 Telefon Kullan\u0131m Al\u0131\u015fkanl\u0131klar\u0131n\u0131n \u0130zlenmesine Y\u00f6nelik Mobil Uygulaman\u0131n Geli\u015ftirilmesi (<span style=\"font-weight: 400\">2023 &#8211; Dr. \u00d6\u011fr. \u00dcyesi Ula\u015f VURAL)<\/span><\/li>\n<li>Yapay Zeka Destekli N\u00f6ronavigasyon Sistemi Geli\u015ftirilmesi (2024 &#8211; Dr.\u00d6\u011fr. \u00dcyesi Nur Banu ALBAYRAK)<\/li>\n<\/ul>\n<p>[\/vc_column_text][\/vc_tta_section][vc_tta_section title=&#8221;T\u00fcbitak 2209 Projeleri&#8221; tab_id=&#8221;1689162242079-bd4dfda4-fd78&#8243;][vc_column_text]<\/p>\n<ul>\n<li><span style=\"font-weight: 400\">Havadan Al\u0131nan G\u00f6r\u00fcnt\u00fclerle Etkinlik Alanlar\u0131ndaki \u0130nsan Yo\u011funlu\u011funun Analizi ve Uyar\u0131 Sisteminin Geli\u015ftirilmesi (2023 1. D\u00f6nem &#8211; Dr. \u00d6\u011fr. \u00dcyesi Ula\u015f VURAL)<\/span><\/li>\n<li>Organ Ta\u015f\u0131ma \u00c7antas\u0131 S\u0131cakl\u0131k ve Konum Takip Sistemi (2023 2.D\u00f6nem &#8211; Dr. \u00d6\u011fr. \u00dcyesi Mehmet KARA)<\/li>\n<li>Drone G\u00f6m\u00fcl\u00fc Sistem ve Haberle\u015fme Altyap\u0131s\u0131 Siber G\u00fcvenlik Analizi (2024 1.D\u00f6nem -Dr. \u00d6\u011fr. \u00dcyesi Mehmet KARA)<\/li>\n<li><span data-sheets-root=\"1\" data-sheets-value=\"{&quot;1&quot;:2,&quot;2&quot;:&quot;EKG Verisi ile Yapay Zeka Tabanl\u0131 Kalp Hastal\u0131\u011f\u0131 Analizi&quot;}\" data-sheets-userformat=\"{&quot;2&quot;:14899,&quot;3&quot;:{&quot;1&quot;:0},&quot;4&quot;:{&quot;1&quot;:3,&quot;3&quot;:2},&quot;7&quot;:{&quot;1&quot;:[{&quot;1&quot;:2,&quot;2&quot;:0,&quot;5&quot;:{&quot;1&quot;:2,&quot;2&quot;:0}},{&quot;1&quot;:0,&quot;2&quot;:0,&quot;3&quot;:3},{&quot;1&quot;:1,&quot;2&quot;:0,&quot;4&quot;:1}]},&quot;8&quot;:{&quot;1&quot;:[{&quot;1&quot;:2,&quot;2&quot;:0,&quot;5&quot;:{&quot;1&quot;:2,&quot;2&quot;:0}},{&quot;1&quot;:0,&quot;2&quot;:0,&quot;3&quot;:3},{&quot;1&quot;:1,&quot;2&quot;:0,&quot;4&quot;:1}]},&quot;12&quot;:0,&quot;14&quot;:{&quot;1&quot;:3,&quot;3&quot;:1},&quot;15&quot;:&quot;Calibri&quot;,&quot;16&quot;:11}\">EKG Verisi ile Yapay Zeka Tabanl\u0131 Kalp Hastal\u0131\u011f\u0131 Analizi (2024 &#8211; Dr. \u00d6\u011fr. \u00dcyesi Nur Banu ALBAYRAK)<\/span><\/li>\n<li>Engelliler \u0130\u00e7in Acil Durum Bildirim Cihaz\u0131 (2025 &#8211; Dr. \u00d6\u011fr. \u00dcyesi \u0130smet KARADUMAN)<\/li>\n<li>Yapay Zek\u00e2 Destekli Sanal Hasta Sim\u00fclasyonu ile Sa\u011fl\u0131k \u00d6\u011frencilerinin \u0130leti\u015fim Becerilerinin Geli\u015ftirilmesi (2025 &#8211; Dr. \u00d6\u011fr. \u00dcyesi \u0130smet KARADUMAN)<\/li>\n<li>Dijital Patoloji G\u00f6r\u00fcnt\u00fclerinde Yapay Zek\u00e2 Destekli Metastaz \u00d6n Tespit Prototipi (2025 &#8211; Dr. \u00d6\u011fr. \u00dcyesi \u0130smet KARADUMAN)<\/li>\n<li>Zaman Serisi ve Duygu Analizi Yakla\u015f\u0131m\u0131yla T\u00fcrk Hava Yollar\u0131 (THYAO) Hisse Senedi Fiyat Tahmini (2025 &#8211; Dr. \u00d6\u011fr. \u00dcyesi \u0130smet KARADUMAN)<\/li>\n<li>Derin \u00d6\u011frenme Tabanl\u0131 \u0130nsans\u0131z Hava Arac\u0131 Alg\u0131lama Sistemi (2025 &#8211; Dr. \u00d6\u011fr. \u00dcyesi \u0130smet KARADUMAN)<\/li>\n<li>Cerrahi Operasyonlar i\u00e7in Stereoskopik G\u00f6r\u00fcnt\u00fcleme ve Robotik Kontrol Sistemi (2025 &#8211; Dr. \u00d6\u011fr. \u00dcyesi Ercan \u00d6L\u00c7ER)<\/li>\n<li>Dental Panoramik R\u00f6ntgen Analizinde Yapay Zeka Kullan\u0131m\u0131n\u0131n Hekim Verimlili\u011fi ve Tan\u0131sal Do\u011fruluk (2025 &#8211; Dr. \u00d6\u011fr. \u00dcyesi Ercan \u00d6L\u00c7ER)<\/li>\n<li>Mobil Hayat Planlay\u0131c\u0131\u00a0(2025 &#8211; Dr. \u00d6\u011fr. \u00dcyesi Ercan \u00d6L\u00c7ER)<\/li>\n<li>Kripto Para Sinyal Platformu (2025 &#8211; Dr. \u00d6\u011fr. \u00dcyesi Ercan \u00d6L\u00c7ER)<\/li>\n<li>Yapay Zeka Destekli Finans \u00d6neri Botu\u00a0(2025 &#8211; Dr. \u00d6\u011fr. \u00dcyesi Ercan \u00d6L\u00c7ER)<\/li>\n<\/ul>\n<p>[\/vc_column_text][\/vc_tta_section][vc_tta_section title=&#8221;T\u00fcbitak 2237 Projeleri&#8221; tab_id=&#8221;1762933250051-9223eb76-641f&#8221;][vc_column_text]<\/p>\n<ul>\n<li>G\u00f6m\u00fcl\u00fc Sistem Uygulamalar\u0131 ve G\u00fcvenli\u011fi (2025 &#8211; Dr. \u00d6\u011fr. \u00dcyesi Mehmet Kara, Dr. \u00d6\u011fr. \u00dcyesi Fulya Akdeniz)<\/li>\n<\/ul>\n<p>[\/vc_column_text][\/vc_tta_section][vc_tta_section title=&#8221;EUREKA Projeleri&#8221; tab_id=&#8221;1689162269735-bef76fea-b0df&#8221;][vc_column_text]<\/p>\n<ul>\n<li><span style=\"font-weight: 400\">Multi-modal Next Generation Contact Center CRM (2023 &#8211; Dr. \u00d6\u011fr. \u00dcyesi Ula\u015f VURAL)<\/span><\/li>\n<\/ul>\n<p>[\/vc_column_text][\/vc_tta_section][vc_tta_section title=&#8221;Teknofest Projeleri&#8221; tab_id=&#8221;1689162318113-70bf611e-d570&#8243;][vc_column_text]<\/p>\n<ul>\n<li>2023 Teknofest Finalisti : <span style=\"font-weight: 400\">Beyin T\u00fcm\u00f6r\u00fc Ameliyatlar\u0131 i\u00e7in Optimal Yol Hesaplayan Web Tabanl\u0131 Karar Destek <\/span><span style=\"font-weight: 400\">Uygulamas\u0131 (2023 &#8211; Prof. Dr. Nevcihan DURU, Dr. \u00d6\u011fr. \u00dcyesi Nur Banu ALBAYRAK)<\/span><\/li>\n<\/ul>\n<p>[\/vc_column_text][\/vc_tta_section][vc_tta_section title=&#8221;UBMK 2025&#8243; tab_id=&#8221;1765030039413-17b58d55-b3e4&#8243;][vc_column_text]<\/p>\n<ul>\n<li>Evri\u015fimsel Sinir A\u011flar\u0131 Kullan\u0131larak Hiperspektral G\u00f6r\u00fcnt\u00fcler \u00dczerinden Beyin Doku S\u0131n\u0131fland\u0131rma (2025 &#8211; Dr. \u00d6\u011fr. \u00dcyesi \u0130smet KARADUMAN)<\/li>\n<\/ul>\n<p>[\/vc_column_text][\/vc_tta_section][vc_tta_section title=&#8221;MDST2024&#8243; tab_id=&#8221;1765030502501-214747b4-60b5&#8243;][vc_column_text]<\/p>\n<ul>\n<li>Seasonal Capacity and Resource Forecasting in Transportation Management Systems with Artificial Intelligence Techniques (2024 &#8211; Prof. Dr. Nevcihan DURU)<\/li>\n<li>Yapay Zeka Y\u00f6ntemleri ile Beyin Dokular\u0131n\u0131n Segmentasyonu ve S\u0131n\u0131fland\u0131r\u0131lmas\u0131 (2024 &#8211; Dr. \u00d6\u011fr. \u00dcyesi \u0130smet KARADUMAN)<\/li>\n<li>Drone Haberle\u015fme G\u00fcvenlik Analizi ve Haberle\u015fme Ataklar\u0131 Uygulamas\u0131 (2024 &#8211; Dr. \u00d6\u011fr. \u00dcyesi Mehmet KARA)<\/li>\n<li>Organ Ta\u015f\u0131ma \u00c7antas\u0131 S\u0131cakl\u0131k ve Konum Takip Sistemi (2024 &#8211; Dr. \u00d6\u011fr. \u00dcyesi Mehmet KARA)<\/li>\n<li>Yapay Zeka G\u00fcvenli mi? (2024 &#8211; Dr. \u00d6\u011fr. \u00dcyesi Ercan \u00d6L\u00c7ER)<\/li>\n<li>Bilgi Teknolojileri Yard\u0131m Masas\u0131 Sistemlerinde Kelime G\u00f6mme Y\u00f6ntemi ile Verilerin S\u0131n\u0131fland\u0131r\u0131lmas\u0131 Y\u00f6ntemlerinin Kar\u015f\u0131la\u015ft\u0131r\u0131lmas\u0131 (2024 &#8211; Dr. \u00d6\u011fr. \u00dcyesi Ercan \u00d6L\u00c7ER)<\/li>\n<li>SEM \u0130le Beyin Modellemesi Sim\u00fclasyonlar\u0131n\u0131n Kullan\u0131m\u0131 ve Etkileri \u00dczerine Bir Derleme (2024 &#8211; Ar\u015f. G\u00f6r. Eray DURSUN)<\/li>\n<li>Yapay Zeka Yard\u0131m\u0131 \u0130le Kemik Ya\u015f\u0131 Tespiti (2024 &#8211; Ar\u015f. G\u00f6r. Candide \u00d6ZT\u00dcRK)<\/li>\n<\/ul>\n<p>[\/vc_column_text][\/vc_tta_section][vc_tta_section title=&#8221;IDAP&#8217;24&#8221; tab_id=&#8221;1765031326881-2a62495d-ddb9&#8243;][vc_column_text]<\/p>\n<ul>\n<li>BERT ve GPT \u00dczerine Derinlemesine \u0130ncelemeTransformer Tabanl\u0131 Modellerin NLP&#8217;deki Etkisi (2024 &#8211; Dr. \u00d6\u011fr. \u00dcyesi Ercan \u00d6L\u00c7ER)<\/li>\n<\/ul>\n<p>[\/vc_column_text][\/vc_tta_section][vc_tta_section title=&#8221;EurasianSciEnTech2024&#8243; tab_id=&#8221;1765031454660-7c25897f-350a&#8221;][vc_column_text]<\/p>\n<ul>\n<li>Practical Comparison of Nessus, Qualys and OpenVAS Vulnerability Scanner Tools (2024 &#8211; Dr. \u00d6\u011fr. \u00dcyesi Mehmet KARA)<\/li>\n<\/ul>\n<p>[\/vc_column_text][\/vc_tta_section][vc_tta_section title=&#8221;Bilgisayar Bilimleri ve M\u00fchendisli\u011fi Dergisi&#8221; tab_id=&#8221;1765031168515-218b3f0b-14b5&#8243;][vc_column_text]<\/p>\n<ul>\n<li>Makine \u00d6\u011frenmesi Temelli Obezite Durum Tahminlemesi (2024 &#8211; Dr. \u00d6\u011fr. \u00dcyesi Ercan \u00d6L\u00c7ER)<\/li>\n<\/ul>\n<p>[\/vc_column_text][\/vc_tta_section][\/vc_tta_accordion][\/vc_column][\/vc_row]<\/p>\n<\/div>","protected":false},"excerpt":{"rendered":"<p>[vc_row][vc_column][vc_tta_accordion active_section=&#8221;0&#8243; collapsible_all=&#8221;true&#8221;][vc_tta_section title=&#8221;Bap Projeleri&#8221; tab_id=&#8221;1689162179693-073cd56f-96c9&#8243;][vc_column_text] Yapay Zeka Destekli Beyin Kaymas\u0131 Hesaplama Mod\u00fcl\u00fc (2023 &#8211; Prof. Dr. Nevcihan DURU) Tele-Patoloji \u0130\u00e7in T\u00fcm Kesit Taray\u0131c\u0131 Sistemin Geli\u015ftirilmesi (2023 &#8211; Dr. \u00d6\u011fr. \u00dcyesi Ula\u015f VURAL) Fizik Tedavi ve Rehabilitasyon E\u011fitiminde Oyunla\u015ft\u0131r\u0131lm\u0131\u015f \u0130nsan &hellip; <\/p>\n","protected":false},"author":15,"featured_media":0,"parent":0,"menu_order":0,"comment_status":"closed","ping_status":"closed","template":"","meta":{"footnotes":""},"_links":{"self":[{"href":"https:\/\/kocaelisaglik.edu.tr\/muhendislik\/wp-json\/wp\/v2\/pages\/8317"}],"collection":[{"href":"https:\/\/kocaelisaglik.edu.tr\/muhendislik\/wp-json\/wp\/v2\/pages"}],"about":[{"href":"https:\/\/kocaelisaglik.edu.tr\/muhendislik\/wp-json\/wp\/v2\/types\/page"}],"author":[{"embeddable":true,"href":"https:\/\/kocaelisaglik.edu.tr\/muhendislik\/wp-json\/wp\/v2\/users\/15"}],"replies":[{"embeddable":true,"href":"https:\/\/kocaelisaglik.edu.tr\/muhendislik\/wp-json\/wp\/v2\/comments?post=8317"}],"version-history":[{"count":18,"href":"https:\/\/kocaelisaglik.edu.tr\/muhendislik\/wp-json\/wp\/v2\/pages\/8317\/revisions"}],"predecessor-version":[{"id":10933,"href":"https:\/\/kocaelisaglik.edu.tr\/muhendislik\/wp-json\/wp\/v2\/pages\/8317\/revisions\/10933"}],"wp:attachment":[{"href":"https:\/\/kocaelisaglik.edu.tr\/muhendislik\/wp-json\/wp\/v2\/media?parent=8317"}],"curies":[{"name":"wp","href":"https:\/\/api.w.org\/{rel}","templated":true}]}}