{"id":8179,"date":"2023-03-27T16:49:59","date_gmt":"2023-03-27T13:49:59","guid":{"rendered":"https:\/\/kocaelisaglik.edu.tr\/muhendislik\/?page_id=8179"},"modified":"2026-04-21T15:38:48","modified_gmt":"2026-04-21T12:38:48","slug":"dekanlik","status":"publish","type":"page","link":"https:\/\/kocaelisaglik.edu.tr\/muhendislik\/dekanlik\/","title":{"rendered":"Dekanl\u0131k"},"content":{"rendered":"<div class=\"wpb-content-wrapper\"><p>[vc_row][vc_column width=&#8221;1\/3&#8243;][vc_single_image image=&#8221;9981&#8243; img_size=&#8221;large&#8221; alignment=&#8221;center&#8221; style=&#8221;vc_box_outline&#8221;][\/vc_column][vc_column width=&#8221;2\/3&#8243;][vc_column_text]<strong>Prof. Dr. Muzaffer ELMAS<\/strong><\/p>\n<p>Dekan V.<\/p>\n<p><a href=\"mailto:muzaffer.elmas@kocaelisaglik.edu.tr\">muzaffer.elmas@kocaelisaglik.edu.tr<\/a>[\/vc_column_text][\/vc_column][\/vc_row][vc_row][vc_column width=&#8221;1\/3&#8243;][vc_single_image image=&#8221;9316&#8243; img_size=&#8221;large&#8221; alignment=&#8221;center&#8221; style=&#8221;vc_box_outline&#8221;][\/vc_column][vc_column width=&#8221;2\/3&#8243;][vc_column_text]<strong>Dr. \u00d6\u011fr. \u00dcyesi Elif P\u0131nar HACIBEYO\u011eLU<\/strong><\/p>\n<p>Dekan Yard\u0131mc\u0131s\u0131<\/p>\n<p><a href=\"mailto:elifpinar.hacibeyoglu@kocaelisaglik.edu.tr\">elifpinar.hacibeyoglu@kocaelisaglik.edu.tr<\/a>[\/vc_column_text][\/vc_column][\/vc_row][vc_row][vc_column width=&#8221;1\/3&#8243;][vc_single_image image=&#8221;11098&#8243; img_size=&#8221;large&#8221; alignment=&#8221;center&#8221; style=&#8221;vc_box_outline&#8221;][\/vc_column][vc_column width=&#8221;2\/3&#8243;][vc_column_text]<strong>Seval TURAN<\/strong><\/p>\n<p>Fak\u00fclte Sekreteri V.<\/p>\n<p><a href=\"mailto:seval.turan@kocaelisaglik.edu.tr\">seval.turan@kocaelisaglik.edu.tr<\/a>[\/vc_column_text][\/vc_column][\/vc_row]<\/p>\n<\/div>","protected":false},"excerpt":{"rendered":"<p>[vc_row][vc_column width=&#8221;1\/3&#8243;][vc_single_image image=&#8221;9981&#8243; img_size=&#8221;large&#8221; alignment=&#8221;center&#8221; style=&#8221;vc_box_outline&#8221;][\/vc_column][vc_column width=&#8221;2\/3&#8243;][vc_column_text]Prof. Dr. Muzaffer ELMAS Dekan V. muzaffer.elmas@kocaelisaglik.edu.tr[\/vc_column_text][\/vc_column][\/vc_row][vc_row][vc_column width=&#8221;1\/3&#8243;][vc_single_image image=&#8221;9316&#8243; img_size=&#8221;large&#8221; alignment=&#8221;center&#8221; style=&#8221;vc_box_outline&#8221;][\/vc_column][vc_column width=&#8221;2\/3&#8243;][vc_column_text]Dr. \u00d6\u011fr. \u00dcyesi Elif P\u0131nar HACIBEYO\u011eLU Dekan Yard\u0131mc\u0131s\u0131 elifpinar.hacibeyoglu@kocaelisaglik.edu.tr[\/vc_column_text][\/vc_column][\/vc_row][vc_row][vc_column width=&#8221;1\/3&#8243;][vc_single_image image=&#8221;11098&#8243; img_size=&#8221;large&#8221; alignment=&#8221;center&#8221; style=&#8221;vc_box_outline&#8221;][\/vc_column][vc_column width=&#8221;2\/3&#8243;][vc_column_text]Seval TURAN Fak\u00fclte Sekreteri V. seval.turan@kocaelisaglik.edu.tr[\/vc_column_text][\/vc_column][\/vc_row]<\/p>\n","protected":false},"author":12,"featured_media":0,"parent":0,"menu_order":0,"comment_status":"closed","ping_status":"closed","template":"","meta":{"footnotes":""},"_links":{"self":[{"href":"https:\/\/kocaelisaglik.edu.tr\/muhendislik\/wp-json\/wp\/v2\/pages\/8179"}],"collection":[{"href":"https:\/\/kocaelisaglik.edu.tr\/muhendislik\/wp-json\/wp\/v2\/pages"}],"about":[{"href":"https:\/\/kocaelisaglik.edu.tr\/muhendislik\/wp-json\/wp\/v2\/types\/page"}],"author":[{"embeddable":true,"href":"https:\/\/kocaelisaglik.edu.tr\/muhendislik\/wp-json\/wp\/v2\/users\/12"}],"replies":[{"embeddable":true,"href":"https:\/\/kocaelisaglik.edu.tr\/muhendislik\/wp-json\/wp\/v2\/comments?post=8179"}],"version-history":[{"count":8,"href":"https:\/\/kocaelisaglik.edu.tr\/muhendislik\/wp-json\/wp\/v2\/pages\/8179\/revisions"}],"predecessor-version":[{"id":11099,"href":"https:\/\/kocaelisaglik.edu.tr\/muhendislik\/wp-json\/wp\/v2\/pages\/8179\/revisions\/11099"}],"wp:attachment":[{"href":"https:\/\/kocaelisaglik.edu.tr\/muhendislik\/wp-json\/wp\/v2\/media?parent=8179"}],"curies":[{"name":"wp","href":"https:\/\/api.w.org\/{rel}","templated":true}]}}