{"id":7452,"date":"2022-02-01T11:01:43","date_gmt":"2022-02-01T08:01:43","guid":{"rendered":"https:\/\/kocaelisaglik.edu.tr\/muhendislik\/?page_id=7452"},"modified":"2025-08-12T16:57:09","modified_gmt":"2025-08-12T13:57:09","slug":"komisyonlar","status":"publish","type":"page","link":"https:\/\/kocaelisaglik.edu.tr\/muhendislik\/komisyonlar\/","title":{"rendered":"Komisyonlar"},"content":{"rendered":"<div class=\"wpb-content-wrapper\"><p>[vc_row][vc_column][\/vc_column][\/vc_row][vc_row][vc_column][vc_tta_tour shape=&#8221;square&#8221; color=&#8221;white&#8221; gap=&#8221;1&#8243; controls_size=&#8221;md&#8221; active_section=&#8221;1&#8243;][vc_tta_section title=&#8221;Komisyonlar&#8221; tab_id=&#8221;1651131859908-ef28b59f-5d43&#8243;][\/vc_tta_section][vc_tta_section title=&#8221;Ar &#8211; Ge ve Sekt\u00f6rel \u0130\u015fbirli\u011fi Komisyonu&#8221; tab_id=&#8221;1651132052196-b4c9d5cc-8e56&#8243;][vc_column_text]<\/p>\n<table style=\"height: 127px;\" width=\"517\">\n<tbody>\n<tr>\n<td width=\"78\">Ba\u015fkan<\/td>\n<td width=\"222\">Dr. \u00d6\u011fr. \u00dcyesi Mehmet KARA<\/td>\n<\/tr>\n<tr>\n<td width=\"78\">\u00dcye<\/td>\n<td width=\"222\">Dr. \u00d6\u011fr. \u00dcyesi Ercan \u00d6L\u00c7ER<\/td>\n<\/tr>\n<tr>\n<td width=\"78\">\u00dcye<\/td>\n<td width=\"222\">Dr. \u00d6\u011fr. \u00dcyesi \u0130smet KARADUMAN<\/td>\n<\/tr>\n<tr>\n<td width=\"78\">\u00dcye<\/td>\n<td width=\"222\">Dr. \u00d6\u011fr. \u00dcyesi Fulya AKDEN\u0130Z<\/td>\n<\/tr>\n<\/tbody>\n<\/table>\n<p>[\/vc_column_text][\/vc_tta_section][vc_tta_section title=&#8221;E\u011fitim Komisyonu&#8221; tab_id=&#8221;1651132089385-b1fd22ec-7cc8&#8243;][vc_column_text]<\/p>\n<table style=\"height: 127px;\" width=\"517\">\n<tbody>\n<tr>\n<td width=\"78\">Ba\u015fkan<\/td>\n<td width=\"222\">Dr. \u00d6\u011fr. \u00dcyesi Vildan YAZICI<\/td>\n<\/tr>\n<tr>\n<td width=\"78\">\u00dcye<\/td>\n<td width=\"222\">Dr. \u00d6\u011fr. \u00dcyesi Elif P\u0131nar HACIBEYO\u011eLU<\/td>\n<\/tr>\n<tr>\n<td width=\"78\">\u00dcye<\/td>\n<td width=\"222\">Ar\u015f. G\u00f6r. Candide \u00d6ZT\u00dcRK<\/td>\n<\/tr>\n<\/tbody>\n<\/table>\n<p>[\/vc_column_text][\/vc_tta_section][vc_tta_section title=&#8221;Mesleki Uygulama Komisyonu( \u0130ME, Staj)&#8221; tab_id=&#8221;1651132129995-26e71411-545e&#8221;][vc_column_text]<\/p>\n<table style=\"height: 127px;\" width=\"517\">\n<tbody>\n<tr>\n<td width=\"78\">Ba\u015fkan<\/td>\n<td width=\"222\">Dr. \u00d6\u011fr. \u00dcyesi Mehmet KARA<\/td>\n<\/tr>\n<tr>\n<td width=\"78\">\u00dcye<\/td>\n<td width=\"222\">Dr. \u00d6\u011fr. \u00dcyesi Ercan \u00d6L\u00c7ER<\/td>\n<\/tr>\n<tr>\n<td width=\"78\">\u00dcye<\/td>\n<td width=\"222\">Dr. \u00d6\u011fr. \u00dcyesi \u0130smet KARADUMAN<\/td>\n<\/tr>\n<tr>\n<td width=\"78\">\u00dcye<\/td>\n<td width=\"222\">Ar\u015f. G\u00f6r. Eray DURSUN<\/td>\n<\/tr>\n<\/tbody>\n<\/table>\n<p>[\/vc_column_text][\/vc_tta_section][vc_tta_section title=&#8221;Uluslararas\u0131 \u0130li\u015fkiler Komisyonu( Erasmus, Farabi, Mevlana)&#8221; tab_id=&#8221;1651132170623-1254b08b-2ebe&#8221;][vc_column_text]<\/p>\n<table style=\"height: 127px;\" width=\"517\">\n<tbody>\n<tr>\n<td width=\"78\">Ba\u015fkan<\/td>\n<td width=\"222\">Dr. \u00d6\u011fr. \u00dcyesi\u00a0 Vildan YAZICI<\/td>\n<\/tr>\n<tr>\n<td width=\"78\">\u00dcye<\/td>\n<td width=\"222\">Dr. \u00d6\u011fr. \u00dcyesi Elif P\u0131nar HACIBEYO\u011eLU<\/td>\n<\/tr>\n<tr>\n<td width=\"78\">\u00dcye<\/td>\n<td width=\"222\">Ar\u015f. G\u00f6r. Candide \u00d6ZT\u00dcRK<\/td>\n<\/tr>\n<\/tbody>\n<\/table>\n<p>[\/vc_column_text][\/vc_tta_section][vc_tta_section title=&#8221;Yatay Ge\u00e7i\u015f \/ \u0130ntibak Komisyonu&#8221; tab_id=&#8221;1651132700860-d9baac52-455b&#8221;][vc_column_text]<\/p>\n<table style=\"height: 127px;\" width=\"517\">\n<tbody>\n<tr>\n<td width=\"78\">Ba\u015fkan<\/td>\n<td width=\"222\">Dr. \u00d6\u011fr. \u00dcyesi Fulya AKDEN\u0130Z<\/td>\n<\/tr>\n<tr>\n<td width=\"78\">\u00dcye<\/td>\n<td width=\"222\">Dr. \u00d6\u011fr. \u00dcyesi Elif P\u0131nar HACIBEYO\u011eLU<\/td>\n<\/tr>\n<tr>\n<td width=\"78\">\u00dcye<\/td>\n<td width=\"222\">Ar\u015f. G\u00f6r. Candide \u00d6ZT\u00dcRK<\/td>\n<\/tr>\n<tr>\n<td width=\"78\">\u00dcye<\/td>\n<td width=\"222\">Ar\u015f. G\u00f6r. Eray DURSUN<\/td>\n<\/tr>\n<\/tbody>\n<\/table>\n<p>[\/vc_column_text][\/vc_tta_section][\/vc_tta_tour][\/vc_column][\/vc_row][vc_row][vc_column][\/vc_column][\/vc_row]<\/p>\n<\/div>","protected":false},"excerpt":{"rendered":"<p>[vc_row][vc_column][\/vc_column][\/vc_row][vc_row][vc_column][vc_tta_tour shape=&#8221;square&#8221; color=&#8221;white&#8221; gap=&#8221;1&#8243; controls_size=&#8221;md&#8221; active_section=&#8221;1&#8243;][vc_tta_section title=&#8221;Komisyonlar&#8221; tab_id=&#8221;1651131859908-ef28b59f-5d43&#8243;][\/vc_tta_section][vc_tta_section title=&#8221;Ar &#8211; Ge ve Sekt\u00f6rel \u0130\u015fbirli\u011fi Komisyonu&#8221; tab_id=&#8221;1651132052196-b4c9d5cc-8e56&#8243;][vc_column_text] Ba\u015fkan Dr. \u00d6\u011fr. \u00dcyesi Mehmet KARA \u00dcye Dr. \u00d6\u011fr. \u00dcyesi Ercan \u00d6L\u00c7ER \u00dcye Dr. \u00d6\u011fr. \u00dcyesi \u0130smet KARADUMAN \u00dcye Dr. \u00d6\u011fr. \u00dcyesi Fulya AKDEN\u0130Z &hellip; <\/p>\n","protected":false},"author":11,"featured_media":0,"parent":0,"menu_order":0,"comment_status":"closed","ping_status":"closed","template":"","meta":{"footnotes":""},"_links":{"self":[{"href":"https:\/\/kocaelisaglik.edu.tr\/muhendislik\/wp-json\/wp\/v2\/pages\/7452"}],"collection":[{"href":"https:\/\/kocaelisaglik.edu.tr\/muhendislik\/wp-json\/wp\/v2\/pages"}],"about":[{"href":"https:\/\/kocaelisaglik.edu.tr\/muhendislik\/wp-json\/wp\/v2\/types\/page"}],"author":[{"embeddable":true,"href":"https:\/\/kocaelisaglik.edu.tr\/muhendislik\/wp-json\/wp\/v2\/users\/11"}],"replies":[{"embeddable":true,"href":"https:\/\/kocaelisaglik.edu.tr\/muhendislik\/wp-json\/wp\/v2\/comments?post=7452"}],"version-history":[{"count":20,"href":"https:\/\/kocaelisaglik.edu.tr\/muhendislik\/wp-json\/wp\/v2\/pages\/7452\/revisions"}],"predecessor-version":[{"id":9991,"href":"https:\/\/kocaelisaglik.edu.tr\/muhendislik\/wp-json\/wp\/v2\/pages\/7452\/revisions\/9991"}],"wp:attachment":[{"href":"https:\/\/kocaelisaglik.edu.tr\/muhendislik\/wp-json\/wp\/v2\/media?parent=7452"}],"curies":[{"name":"wp","href":"https:\/\/api.w.org\/{rel}","templated":true}]}}