{"id":6913,"date":"2020-12-08T00:22:35","date_gmt":"2020-12-07T21:22:35","guid":{"rendered":"https:\/\/kocaelisaglik.edu.tr\/muhendislik\/?page_id=6913"},"modified":"2026-02-09T10:38:24","modified_gmt":"2026-02-09T07:38:24","slug":"bilgisayar-muhendisligi","status":"publish","type":"page","link":"https:\/\/kocaelisaglik.edu.tr\/muhendislik\/bilgisayar-muhendisligi\/","title":{"rendered":"Bilgisayar M\u00fchendisli\u011fi"},"content":{"rendered":"<div class=\"wpb-content-wrapper\"><p>[vc_row][vc_column][\/vc_column][\/vc_row][vc_row css=&#8221;.vc_custom_1608850768194{margin-top: -50px !important;}&#8221;][vc_column][vc_tta_tabs color=&#8221;white&#8221; alignment=&#8221;center&#8221; active_section=&#8221;1&#8243; css=&#8221;.vc_custom_1680691490555{margin-top: 0px !important;}&#8221;][vc_tta_section i_icon_fontawesome=&#8221;far fa-address-card&#8221; add_icon=&#8221;true&#8221; title=&#8221;Program Hakk\u0131nda&#8221; tab_id=&#8221;1665647959707-9035a623-d300&#8243;][vc_row_inner][vc_column_inner width=&#8221;1\/2&#8243;][vc_gallery interval=&#8221;3&#8243; images=&#8221;7093,7092&#8243; img_size=&#8221;large&#8221;][\/vc_column_inner][vc_column_inner width=&#8221;1\/2&#8243;][vc_column_text]<strong>Bilgisayar M\u00fchendisli\u011fi B\u00f6l\u00fcm\u00fc<\/strong><\/p>\n<p>Donan\u0131m ve yaz\u0131l\u0131mlar\u0131n sistemsel yap\u0131s\u0131, geli\u015ftirilmesi ve etkin bir bi\u00e7imde kullan\u0131lmas\u0131n\u0131 ama\u00e7layan, m\u00fchendisli\u011fi ve matemati\u011fi b\u00fct\u00fcnle\u015ftirip teknolojiye y\u00f6n veren bir disiplindir. B\u00f6l\u00fcm olarak amac\u0131m\u0131z, bilgisayar sistemlerinin tasarlanmas\u0131, geli\u015ftirilmesi ve etkin bir bi\u00e7imde kullan\u0131lmas\u0131n\u0131 sa\u011flayan, yeni teknolojilerin geli\u015ftirilmesinde \u00f6nc\u00fc rol oynayacak donan\u0131ml\u0131 m\u00fchendisler yeti\u015ftirmektir.<\/p>\n<p><strong>Misyonumuz<\/strong><\/p>\n<p>Bilgisayar M\u00fchendisli\u011fi e\u011fitimimizle\u00a0 alan\u0131ndaki g\u00fcncel teknolojileri ve geli\u015fmeleri izleyebilecek, gerekti\u011finde \u00f6\u011frendiklerini geli\u015ftirerek insanl\u0131k i\u00e7in faydal\u0131 akademik \u00e7\u0131kt\u0131lar, yeni \u00fcr\u00fcn ve \u00e7\u00f6z\u00fcmler \u00fcretebilecek, \u00e7evreye duyarl\u0131,\u00a0 meslek eti\u011fine ve insani de\u011ferlere sahip ara\u015ft\u0131rmac\u0131 m\u00fchendisler yeti\u015ftirerek \u00fclkemizin ve insanl\u0131\u011f\u0131n geli\u015fimine katk\u0131da bulunmakt\u0131r.<\/p>\n<p><strong>Vizyonumuz<\/strong><\/p>\n<p>Kaliteli e\u011fitimimizin yan\u0131 s\u0131ra, g\u00fcn\u00fcm\u00fcz\u00fcn gereksinimleri do\u011frultusunda geli\u015fen ve \u00e7e\u015fitlenen bili\u015fim sistemlerini tasarlay\u0131p ger\u00e7ekle\u015ftiren, \u00fcst\u00fcn nitelikli ve sosyal sorumluluk sahibi, ayd\u0131n d\u00fc\u015f\u00fcnceli m\u00fchendisler yeti\u015ftirmek, \u00a0ulusal ve uluslararas\u0131 d\u00fczeyde sayg\u0131n bir b\u00f6l\u00fcm olmakt\u0131r.<\/p>\n<p><strong>\u00c7al\u0131\u015fma Alanlar\u0131<\/strong><\/p>\n<p>B\u00f6l\u00fcm\u00fcm\u00fczden mezun olacak \u00a0\u00f6\u011frencilerimiz; kendi alanlar\u0131nda i\u015f giri\u015fimlerinde bulunabilmenin\u00a0 yan\u0131nda, kamu kurulu\u015flar\u0131nda veya ulusal\/uluslararas\u0131 \u00f6l\u00e7ekli i\u015fletmelerde i\u015f olanaklar\u0131na sahip olacaklard\u0131r.<\/p>\n<p>Yaz\u0131l\u0131m Geli\u015ftirme, \u00dcretim Sistemleri,\u00a0Web ve Uygulama Platformlar\u0131,\u00a0Yapay Zeka ve Veri Analizi,\u00a0Dijital D\u00f6n\u00fc\u015f\u00fcm,\u00a0Bulut Bili\u015fim,\u00a0Otonom Ara\u00e7lar,\u00a0Bilgisayar Oyunu Geli\u015ftirme,\u00a0Siber G\u00fcvenlik,\u00a0Robotik, E\u011fitim,\u00a0Bioinformatik,\u00a0Finans Bili\u015fimi gibi \u00e7ok say\u0131da faaliyet \u00a0alan\u0131ndaki\u00a0 sekt\u00f6rlerde \u00e7al\u0131\u015fma imk\u00e2n\u0131 bulabilirler.[\/vc_column_text][\/vc_column_inner][\/vc_row_inner][\/vc_tta_section][vc_tta_section i_icon_fontawesome=&#8221;fas fa-user-tag&#8221; add_icon=&#8221;true&#8221; title=&#8221;Ders Plan\u0131&#8221; tab_id=&#8221;1608833802580-937bab03-ca7d72cb-12e32363-4bc3&#8243;][vc_column_text]\n<!-- iframe plugin v.4.9 wordpress.org\/plugins\/iframe\/ -->\n<iframe loading=\"lazy\" src=\"https:\/\/ebs.kocaelisaglik.edu.tr\/Pages\/CoursePlan.aspx?lang=tr-TR&#038;academicYear=2025&#038;facultyId=5&#038;programId=1&#038;menuType=unit\" width=\"1600\" height=\"900\" allow=\"fullscreen\" scrolling=\"yes\" class=\"iframe-class\" frameborder=\"0\"><\/iframe>\n[\/vc_column_text][\/vc_tta_section][vc_tta_section i_icon_fontawesome=&#8221;fas fa-book-open&#8221; add_icon=&#8221;true&#8221; title=&#8221;Haftal\u0131k Ders Program\u0131&#8221; tab_id=&#8221;1608835987477-64138a0d-f10672cb-12e32363-4bc3&#8243;][\/vc_tta_section][\/vc_tta_tabs][\/vc_column][\/vc_row]<\/p>\n<\/div>","protected":false},"excerpt":{"rendered":"<p>[vc_row][vc_column][\/vc_column][\/vc_row][vc_row css=&#8221;.vc_custom_1608850768194{margin-top: -50px !important;}&#8221;][vc_column][vc_tta_tabs color=&#8221;white&#8221; alignment=&#8221;center&#8221; active_section=&#8221;1&#8243; css=&#8221;.vc_custom_1680691490555{margin-top: 0px !important;}&#8221;][vc_tta_section i_icon_fontawesome=&#8221;far fa-address-card&#8221; add_icon=&#8221;true&#8221; title=&#8221;Program Hakk\u0131nda&#8221; tab_id=&#8221;1665647959707-9035a623-d300&#8243;][vc_row_inner][vc_column_inner width=&#8221;1\/2&#8243;][vc_gallery interval=&#8221;3&#8243; images=&#8221;7093,7092&#8243; img_size=&#8221;large&#8221;][\/vc_column_inner][vc_column_inner width=&#8221;1\/2&#8243;][vc_column_text]Bilgisayar M\u00fchendisli\u011fi B\u00f6l\u00fcm\u00fc Donan\u0131m ve yaz\u0131l\u0131mlar\u0131n sistemsel yap\u0131s\u0131, geli\u015ftirilmesi ve etkin bir bi\u00e7imde kullan\u0131lmas\u0131n\u0131 ama\u00e7layan, m\u00fchendisli\u011fi ve matemati\u011fi b\u00fct\u00fcnle\u015ftirip teknolojiye &hellip; <\/p>\n","protected":false},"author":11,"featured_media":0,"parent":0,"menu_order":0,"comment_status":"closed","ping_status":"closed","template":"","meta":{"footnotes":""},"_links":{"self":[{"href":"https:\/\/kocaelisaglik.edu.tr\/muhendislik\/wp-json\/wp\/v2\/pages\/6913"}],"collection":[{"href":"https:\/\/kocaelisaglik.edu.tr\/muhendislik\/wp-json\/wp\/v2\/pages"}],"about":[{"href":"https:\/\/kocaelisaglik.edu.tr\/muhendislik\/wp-json\/wp\/v2\/types\/page"}],"author":[{"embeddable":true,"href":"https:\/\/kocaelisaglik.edu.tr\/muhendislik\/wp-json\/wp\/v2\/users\/11"}],"replies":[{"embeddable":true,"href":"https:\/\/kocaelisaglik.edu.tr\/muhendislik\/wp-json\/wp\/v2\/comments?post=6913"}],"version-history":[{"count":104,"href":"https:\/\/kocaelisaglik.edu.tr\/muhendislik\/wp-json\/wp\/v2\/pages\/6913\/revisions"}],"predecessor-version":[{"id":11051,"href":"https:\/\/kocaelisaglik.edu.tr\/muhendislik\/wp-json\/wp\/v2\/pages\/6913\/revisions\/11051"}],"wp:attachment":[{"href":"https:\/\/kocaelisaglik.edu.tr\/muhendislik\/wp-json\/wp\/v2\/media?parent=6913"}],"curies":[{"name":"wp","href":"https:\/\/api.w.org\/{rel}","templated":true}]}}