{"id":6912,"date":"2020-12-06T23:42:30","date_gmt":"2020-12-06T20:42:30","guid":{"rendered":"https:\/\/kocaelisaglik.edu.tr\/dishekimligi\/?page_id=6912"},"modified":"2025-11-07T16:25:57","modified_gmt":"2025-11-07T13:25:57","slug":"yonetim-semasi","status":"publish","type":"page","link":"https:\/\/kocaelisaglik.edu.tr\/muhendislik\/yonetim-semasi\/","title":{"rendered":"Y\u00f6netim \u015eemas\u0131"},"content":{"rendered":"<div class=\"wpb-content-wrapper\"><p>[vc_row][vc_column][vc_column_text]<span style=\"color: #000000;\">Kocaeli Sa\u011fl\u0131k ve Teknoloji \u00dcniversitesi M\u00fchendislik ve Do\u011fa Bilimleri Fak\u00fcltesi Y\u00f6netim \u015eemas\u0131na ula\u015fmak i\u00e7in\u00a0 <a href=\"https:\/\/kocaelisaglik.edu.tr\/muhendislik\/wp-content\/uploads\/sites\/3\/2025\/11\/muhendislik_ve_doga_bilimleri_fakultesi_yonetim_semasi_07_11.pdf\">t\u0131klay\u0131n\u0131z.<\/a><\/span><\/p>\n<h1 class=\"kostu-title-overflow\"><\/h1>\n<p>[\/vc_column_text][\/vc_column][\/vc_row]<\/p>\n<\/div>","protected":false},"excerpt":{"rendered":"<p>[vc_row][vc_column][vc_column_text]Kocaeli Sa\u011fl\u0131k ve Teknoloji \u00dcniversitesi M\u00fchendislik ve Do\u011fa Bilimleri Fak\u00fcltesi Y\u00f6netim \u015eemas\u0131na ula\u015fmak i\u00e7in\u00a0 t\u0131klay\u0131n\u0131z. [\/vc_column_text][\/vc_column][\/vc_row]<\/p>\n","protected":false},"author":15,"featured_media":0,"parent":0,"menu_order":0,"comment_status":"closed","ping_status":"closed","template":"","meta":{"footnotes":""},"_links":{"self":[{"href":"https:\/\/kocaelisaglik.edu.tr\/muhendislik\/wp-json\/wp\/v2\/pages\/6912"}],"collection":[{"href":"https:\/\/kocaelisaglik.edu.tr\/muhendislik\/wp-json\/wp\/v2\/pages"}],"about":[{"href":"https:\/\/kocaelisaglik.edu.tr\/muhendislik\/wp-json\/wp\/v2\/types\/page"}],"author":[{"embeddable":true,"href":"https:\/\/kocaelisaglik.edu.tr\/muhendislik\/wp-json\/wp\/v2\/users\/15"}],"replies":[{"embeddable":true,"href":"https:\/\/kocaelisaglik.edu.tr\/muhendislik\/wp-json\/wp\/v2\/comments?post=6912"}],"version-history":[{"count":4,"href":"https:\/\/kocaelisaglik.edu.tr\/muhendislik\/wp-json\/wp\/v2\/pages\/6912\/revisions"}],"predecessor-version":[{"id":10867,"href":"https:\/\/kocaelisaglik.edu.tr\/muhendislik\/wp-json\/wp\/v2\/pages\/6912\/revisions\/10867"}],"wp:attachment":[{"href":"https:\/\/kocaelisaglik.edu.tr\/muhendislik\/wp-json\/wp\/v2\/media?parent=6912"}],"curies":[{"name":"wp","href":"https:\/\/api.w.org\/{rel}","templated":true}]}}