{"id":6908,"date":"2020-12-06T23:41:58","date_gmt":"2020-12-06T20:41:58","guid":{"rendered":"https:\/\/kocaelisaglik.edu.tr\/dishekimligi\/?page_id=6908"},"modified":"2026-05-07T16:44:53","modified_gmt":"2026-05-07T13:44:53","slug":"misyon-vizyon","status":"publish","type":"page","link":"https:\/\/kocaelisaglik.edu.tr\/muhendislik\/misyon-vizyon\/","title":{"rendered":"Misyon ve Vizyon"},"content":{"rendered":"<div class=\"wpb-content-wrapper\"><p>[vc_row][vc_column][vc_column_text]<strong>Kocaeli Sa\u011fl\u0131k ve Teknoloji \u00dcniversitesi (KOST\u00dc) Bilgisayar M\u00fchendisli\u011fi Program\u0131<\/strong><\/p>\n<p>KOST\u00dc, e\u011fitim anlay\u0131\u015f\u0131nda bilgiyi edinmenin yerini yetenek geli\u015ftirmeye b\u0131rakaca\u011f\u0131 21. y\u00fczy\u0131l hedeflerini benimsemektedir. \u00dcniversitenin genel misyonu, teori ve prati\u011fin teknoloji ile sentezlendi\u011fi bir e\u011fitim-\u00f6\u011fretim iklimi olu\u015fturarak, \u00f6\u011frencilerin mesleki ve akademik geli\u015fimlerini \u00e7a\u011f\u0131n hedefledi\u011fi seviyeye \u00e7\u0131karmay\u0131 sa\u011flamakt\u0131r. Bu ba\u011flamda, Bilgisayar M\u00fchendisli\u011fi program\u0131n\u0131n \u00f6zel hedefleri \u015funlard\u0131r:<\/p>\n<p><strong>Misyonumuz<\/strong><\/p>\n<p>Bilgisayar M\u00fchendisli\u011fi e\u011fitimi arac\u0131l\u0131\u011f\u0131yla;<\/p>\n<ul type=\"disc\">\n<li><strong>Alan\u0131ndaki g\u00fcncel teknolojileri ve geli\u015fmeleri izleyebilecek<\/strong>\u00a0yetkinlikte bireyler yeti\u015ftirmek.<\/li>\n<li>Gerekti\u011finde \u00f6\u011frendiklerini geli\u015ftirerek\u00a0<strong>insanl\u0131k i\u00e7in faydal\u0131 akademik \u00e7\u0131kt\u0131lar, yeni \u00fcr\u00fcn ve \u00e7\u00f6z\u00fcmler \u00fcretebilecek<\/strong>.<\/li>\n<li>\u00c7evreye duyarl\u0131,\u00a0<strong>meslek eti\u011fine ve insani de\u011ferlere sahip ara\u015ft\u0131rmac\u0131 m\u00fchendisler yeti\u015ftirerek<\/strong>.<\/li>\n<li>\u00dclkemizin ve insanl\u0131\u011f\u0131n geli\u015fimine aktif olarak katk\u0131da bulunmakt\u0131r.<\/li>\n<\/ul>\n<p>Bu misyon, \u00fcniversitenin\u00a0<strong>karma\u015f\u0131k ve h\u0131zl\u0131 de\u011fi\u015fen d\u00fcnyaya ayak uydurabilen<\/strong>, \u00f6zg\u00fcn beceri ve yetkinliklere sahip, fark yaratan \u00f6\u011frenciler yeti\u015ftirme ve teknoloji ile sentezlenmi\u015f e\u011fitim sunma hedefleriyle uyumludur. Program, \u00f6\u011frencilerini ara\u015ft\u0131rma motivasyonu ve becerisi ile donatarak mezun etmeyi ama\u00e7lamaktad\u0131r.<\/p>\n<p><strong>Vizyonumuz<\/strong><\/p>\n<p><strong>Kaliteli e\u011fitimimizin<\/strong>\u00a0yan\u0131 s\u0131ra, g\u00fcn\u00fcm\u00fcz\u00fcn gereksinimleri do\u011frultusunda geli\u015fen ve \u00e7e\u015fitlenen\u00a0<strong>bili\u015fim sistemlerini tasarlay\u0131p ger\u00e7ekle\u015ftiren<\/strong>, mesleki geli\u015fimini\u00a0<strong>ya\u015fam boyu e\u011fitim yakla\u015f\u0131m\u0131yla<\/strong>\u00a0kurgulayabilen ve alan\u0131nda temel kuramsal referanslar\u0131 niteliksel a\u00e7\u0131dan alg\u0131lam\u0131\u015f meslek elemanlar\u0131 yeti\u015ftirmektir.<\/p>\n<p>Program\u0131n vizyonu ayr\u0131ca:<\/p>\n<ul type=\"disc\">\n<li><strong>\u00dcst\u00fcn nitelikli ve sosyal sorumluluk sahibi, ayd\u0131n d\u00fc\u015f\u00fcnceli m\u00fchendisler<\/strong>\u00a0yeti\u015ftirmeyi.<\/li>\n<li>Ulusal ve\u00a0<strong>uluslararas\u0131 d\u00fczeyde sayg\u0131n bir b\u00f6l\u00fcm olmay\u0131<\/strong>\u00a0hedeflemektedir.<\/li>\n<\/ul>\n<p>Bu vizyon, KOST\u00dc&#8217;n\u00fcn\u00a0<strong>bilgi, teknoloji ve hizmetlerin y\u00f6netilmesinde s\u00f6z sahibi olan<\/strong>, yarat\u0131c\u0131 uygulamalar yapabilen ve ulusal\/uluslararas\u0131 d\u00fczeyde tan\u0131nan ve tercih edilen bir \u00fcniversite olma genel hedefini desteklemektedir. \u00dcniversitenin dijitalle\u015fme vizyonu do\u011frultusunda yapay zek\u00e2 (AI) teknolojilerini bilgi sistemlerine entegre etmeye y\u00f6nelik \u00e7al\u0131\u015fmalar yapmas\u0131, program\u0131n teknoloji ve yenilik\u00e7ilik odakl\u0131l\u0131\u011f\u0131n\u0131 g\u00fc\u00e7lendirmektedir.[\/vc_column_text][\/vc_column][\/vc_row]<\/p>\n<\/div>","protected":false},"excerpt":{"rendered":"<p>[vc_row][vc_column][vc_column_text]Kocaeli Sa\u011fl\u0131k ve Teknoloji \u00dcniversitesi (KOST\u00dc) Bilgisayar M\u00fchendisli\u011fi Program\u0131 KOST\u00dc, e\u011fitim anlay\u0131\u015f\u0131nda bilgiyi edinmenin yerini yetenek geli\u015ftirmeye b\u0131rakaca\u011f\u0131 21. y\u00fczy\u0131l hedeflerini benimsemektedir. \u00dcniversitenin genel misyonu, teori ve prati\u011fin teknoloji ile sentezlendi\u011fi bir e\u011fitim-\u00f6\u011fretim iklimi olu\u015fturarak, \u00f6\u011frencilerin mesleki ve akademik geli\u015fimlerini &hellip; <\/p>\n","protected":false},"author":11,"featured_media":0,"parent":0,"menu_order":0,"comment_status":"closed","ping_status":"closed","template":"","meta":{"footnotes":""},"_links":{"self":[{"href":"https:\/\/kocaelisaglik.edu.tr\/muhendislik\/wp-json\/wp\/v2\/pages\/6908"}],"collection":[{"href":"https:\/\/kocaelisaglik.edu.tr\/muhendislik\/wp-json\/wp\/v2\/pages"}],"about":[{"href":"https:\/\/kocaelisaglik.edu.tr\/muhendislik\/wp-json\/wp\/v2\/types\/page"}],"author":[{"embeddable":true,"href":"https:\/\/kocaelisaglik.edu.tr\/muhendislik\/wp-json\/wp\/v2\/users\/11"}],"replies":[{"embeddable":true,"href":"https:\/\/kocaelisaglik.edu.tr\/muhendislik\/wp-json\/wp\/v2\/comments?post=6908"}],"version-history":[{"count":8,"href":"https:\/\/kocaelisaglik.edu.tr\/muhendislik\/wp-json\/wp\/v2\/pages\/6908\/revisions"}],"predecessor-version":[{"id":11143,"href":"https:\/\/kocaelisaglik.edu.tr\/muhendislik\/wp-json\/wp\/v2\/pages\/6908\/revisions\/11143"}],"wp:attachment":[{"href":"https:\/\/kocaelisaglik.edu.tr\/muhendislik\/wp-json\/wp\/v2\/media?parent=6908"}],"curies":[{"name":"wp","href":"https:\/\/api.w.org\/{rel}","templated":true}]}}