{"id":6905,"date":"2020-12-06T23:40:52","date_gmt":"2020-12-06T20:40:52","guid":{"rendered":"https:\/\/kocaelisaglik.edu.tr\/dishekimligi\/?page_id=6904"},"modified":"2024-08-26T15:46:48","modified_gmt":"2024-08-26T12:46:48","slug":"fakulte-tanitimi","status":"publish","type":"page","link":"https:\/\/kocaelisaglik.edu.tr\/muhendislik\/fakulte-tanitimi\/","title":{"rendered":"Fak\u00fclte Tan\u0131t\u0131m\u0131"},"content":{"rendered":"<div class=\"wpb-content-wrapper\"><p>[vc_row][vc_column width=&#8221;1\/2&#8243;][vc_gallery interval=&#8221;3&#8243; images=&#8221;7835,8280,8282,8278,7836,8279,7834&#8243; img_size=&#8221;800&#215;533&#8243;][\/vc_column][vc_column width=&#8221;1\/2&#8243;][vc_column_text]<strong>M\u00fchendislik ve Do\u011fa Bilimleri Fak\u00fcltesi<\/strong><\/p>\n<p>\u00dcniversitemizin ge\u00e7mi\u015ften gelen g\u00fc\u00e7l\u00fc e\u011fitim altyap\u0131s\u0131n\u0131 kullanarak teknoloji \u00fcniversitesi olma vizyonu \u00a0do\u011frultusunda 2021\u2019in ilk yar\u0131s\u0131nda kurulmu\u015ftur. \u00dclkemizin en yo\u011fun sanayi b\u00f6lgesinde yer alan fak\u00fcltemiz, end\u00fcstri ile yak\u0131n ba\u011flara \u00a0sahip \u00f6\u011fretim \u00fcyeleriyle ihtiya\u00e7 odakl\u0131, nitelikli bilimsel ve teknolojik \u00e7\u00f6z\u00fcmleri fak\u00fclte b\u00fcnyesinde geli\u015ftirilebilmektedir. Bu g\u00fc\u00e7l\u00fc \u00fcniversite-sanayi i\u015f birlikteli\u011fiyle, geli\u015ftirilen teknolojilerin do\u011frudan ekonomik de\u011fere d\u00f6n\u00fc\u015fmesinin yan\u0131nda mezunlar\u0131m\u0131z\u0131n \u00a0i\u015f olanaklar\u0131na h\u0131zl\u0131 bir \u015fekilde ula\u015fmas\u0131 da m\u00fcmk\u00fcn olacakt\u0131r.<\/p>\n<p>\u0130lk etapta Bilgisayar M\u00fchendisli\u011fi gibi en g\u00f6zde ve ge\u00e7erli b\u00f6l\u00fcmlerden biriyle e\u011fitim hayat\u0131na ba\u015flanm\u0131\u015ft\u0131r. G\u00fc\u00e7l\u00fc akademik kadro ve geli\u015fmi\u015f laboratuvar altyap\u0131s\u0131na sahip olan fak\u00fcltemizde di\u011fer m\u00fchendislik b\u00f6l\u00fcmlerinin a\u00e7\u0131lmas\u0131 i\u00e7in \u00e7al\u0131\u015fmalar\u0131m\u0131z s\u00fcrmektedir.<\/p>\n<p>&nbsp;<\/p>\n<p><strong>\u00c7al\u0131\u015fma Alanlar\u0131<\/strong><\/p>\n<p>Fak\u00fcltemizden mezun olacak \u00a0\u00f6\u011frencilerimiz; kendi alanlar\u0131nda i\u015f giri\u015fimlerinde bulunabilmenin\u00a0 yan\u0131nda, kamu kurulu\u015flar\u0131nda veya ulusal\/uluslararas\u0131 \u00f6l\u00e7ekli i\u015fletmelerde i\u015f olanaklar\u0131na sahip olacaklard\u0131r.<\/p>\n<p>Yaz\u0131l\u0131m Geli\u015ftirme, \u00dcretim Sistemleri, Web ve Uygulama Platformlar\u0131, Yapay Zeka ve Veri Analizi, Yaz\u0131l\u0131m Test ve Kalite De\u011ferlendirmesi, G\u00fcvenli Yaz\u0131l\u0131m Geli\u015ftirme, Dijital D\u00f6n\u00fc\u015f\u00fcm, Bulut Bili\u015fim, Otonom Ara\u00e7lar, Bilgisayar Oyunu Geli\u015ftirme, Siber G\u00fcvenlik, Robotik, E\u011fitim,\u00a0 Bioinformatik, Finans Bili\u015fimi gibi \u00e7ok say\u0131da faaliyet \u00a0alan\u0131ndaki \u00a0sekt\u00f6rlerde \u00e7al\u0131\u015fma imk\u00e2n\u0131 bulabilirler.[\/vc_column_text][\/vc_column][\/vc_row][vc_row][vc_column][vc_empty_space height=&#8221;64px&#8221;][\/vc_column][\/vc_row][vc_row][vc_column width=&#8221;1\/2&#8243;][vc_video link=&#8221;https:\/\/www.youtube.com\/watch?v=jVIqxwFqNRg&#8221; el_width=&#8221;60&#8243; align=&#8221;center&#8221;][\/vc_column][vc_column width=&#8221;1\/2&#8243;][vc_video link=&#8221;https:\/\/www.youtube.com\/watch?v=eX53VImIFzc&#8221; el_width=&#8221;60&#8243; align=&#8221;center&#8221;][\/vc_column][\/vc_row][vc_row][vc_column][vc_empty_space][\/vc_column][\/vc_row][vc_row][vc_column width=&#8221;1\/2&#8243;][vc_video link=&#8221;https:\/\/www.youtube.com\/watch?v=ml3CPwE2kPU&#8221; el_width=&#8221;60&#8243; align=&#8221;center&#8221;][\/vc_column][vc_column width=&#8221;1\/2&#8243;][vc_video link=&#8221;https:\/\/www.youtube.com\/watch?v=E8vbys14UIs&#8221; el_width=&#8221;60&#8243; align=&#8221;center&#8221;][\/vc_column][\/vc_row]<\/p>\n<\/div>","protected":false},"excerpt":{"rendered":"<p>[vc_row][vc_column width=&#8221;1\/2&#8243;][vc_gallery interval=&#8221;3&#8243; images=&#8221;7835,8280,8282,8278,7836,8279,7834&#8243; img_size=&#8221;800&#215;533&#8243;][\/vc_column][vc_column width=&#8221;1\/2&#8243;][vc_column_text]M\u00fchendislik ve Do\u011fa Bilimleri Fak\u00fcltesi \u00dcniversitemizin ge\u00e7mi\u015ften gelen g\u00fc\u00e7l\u00fc e\u011fitim altyap\u0131s\u0131n\u0131 kullanarak teknoloji \u00fcniversitesi olma vizyonu \u00a0do\u011frultusunda 2021\u2019in ilk yar\u0131s\u0131nda kurulmu\u015ftur. \u00dclkemizin en yo\u011fun sanayi b\u00f6lgesinde yer alan fak\u00fcltemiz, end\u00fcstri ile yak\u0131n ba\u011flara \u00a0sahip \u00f6\u011fretim &hellip; <\/p>\n","protected":false},"author":11,"featured_media":0,"parent":0,"menu_order":0,"comment_status":"closed","ping_status":"closed","template":"","meta":{"footnotes":""},"_links":{"self":[{"href":"https:\/\/kocaelisaglik.edu.tr\/muhendislik\/wp-json\/wp\/v2\/pages\/6905"}],"collection":[{"href":"https:\/\/kocaelisaglik.edu.tr\/muhendislik\/wp-json\/wp\/v2\/pages"}],"about":[{"href":"https:\/\/kocaelisaglik.edu.tr\/muhendislik\/wp-json\/wp\/v2\/types\/page"}],"author":[{"embeddable":true,"href":"https:\/\/kocaelisaglik.edu.tr\/muhendislik\/wp-json\/wp\/v2\/users\/11"}],"replies":[{"embeddable":true,"href":"https:\/\/kocaelisaglik.edu.tr\/muhendislik\/wp-json\/wp\/v2\/comments?post=6905"}],"version-history":[{"count":12,"href":"https:\/\/kocaelisaglik.edu.tr\/muhendislik\/wp-json\/wp\/v2\/pages\/6905\/revisions"}],"predecessor-version":[{"id":9116,"href":"https:\/\/kocaelisaglik.edu.tr\/muhendislik\/wp-json\/wp\/v2\/pages\/6905\/revisions\/9116"}],"wp:attachment":[{"href":"https:\/\/kocaelisaglik.edu.tr\/muhendislik\/wp-json\/wp\/v2\/media?parent=6905"}],"curies":[{"name":"wp","href":"https:\/\/api.w.org\/{rel}","templated":true}]}}