{"id":6904,"date":"2020-12-06T23:40:33","date_gmt":"2020-12-06T20:40:33","guid":{"rendered":"https:\/\/kocaelisaglik.edu.tr\/dishekimligi\/?page_id=6902"},"modified":"2025-10-06T10:08:05","modified_gmt":"2025-10-06T07:08:05","slug":"ders-programi","status":"publish","type":"page","link":"https:\/\/kocaelisaglik.edu.tr\/muhendislik\/ders-programi\/","title":{"rendered":"Ders Programlar\u0131"},"content":{"rendered":"<div class=\"wpb-content-wrapper\"><p>[vc_row][vc_column][vc_tta_accordion active_section=&#8221;0&#8243; collapsible_all=&#8221;true&#8221;][vc_tta_section title=&#8221;2025-2026 G\u00fcz D\u00f6nemi Ders Programlar\u0131&#8221; tab_id=&#8221;1759734103689-5cfe0e91-97d3&#8243; el_class=&#8221;Lisans &#8211; Bilgisayar M\u00fchendisli\u011fi Ders Program\u0131&#8221;][vc_column_text]<a href=\"https:\/\/kocaelisaglik.edu.tr\/muhendislik\/wp-content\/uploads\/sites\/3\/2025\/10\/BILGISYAR-BUTUNLESIK.pdf\">Lisans &#8211; Bilgisayar M\u00fchendisli\u011fi Ders Program\u0131<\/a><\/p>\n<p><a href=\"https:\/\/kocaelisaglik.edu.tr\/muhendislik\/wp-content\/uploads\/sites\/3\/2025\/10\/YAZILIM-BUTUNLESIK-1.pdf\">Lisans &#8211; Yaz\u0131l\u0131m M\u00fchendisli\u011fi Ders Program\u0131<\/a>[\/vc_column_text][\/vc_tta_section][vc_tta_section title=&#8221;2024-2025 Bahar D\u00f6nemi Ders Programlar\u0131&#8221; tab_id=&#8221;1740490122064-ae01881b-fa49&#8243;][vc_column_text]<a href=\"https:\/\/kocaelisaglik.edu.tr\/muhendislik\/wp-content\/uploads\/sites\/3\/2025\/02\/DERSLIKLER_24-25Bahar.xlsx-BILGISAYAR-MUH-2.pdf\">Lisans &#8211; Bilgisayar M\u00fchendisli\u011fi Ders Program\u0131<\/a><\/p>\n<p><a href=\"https:\/\/kocaelisaglik.edu.tr\/muhendislik\/wp-content\/uploads\/sites\/3\/2025\/02\/YAZILIM-MUH-DERS-PROGRAMI-BAHAR.pdf\">Lisans &#8211; Yaz\u0131l\u0131m M\u00fchendisli\u011fi Ders Program\u0131<\/a>[\/vc_column_text][\/vc_tta_section][vc_tta_section title=&#8221;2024-2025 G\u00fcz D\u00f6nemi Ders Programlar\u0131&#8221; tab_id=&#8221;1728289520720-e57cc991-5afc&#8221;][vc_column_text]<a href=\"https:\/\/kocaelisaglik.edu.tr\/muhendislik\/wp-content\/uploads\/sites\/3\/2024\/10\/BUTUNLESIK-IKI-BOLUM.pdf\">Lisans &#8211; T\u00fcm B\u00f6l\u00fcmler Ders Program\u0131<\/a> (G\u00fcncelleme 16.10.2024)[\/vc_column_text][\/vc_tta_section][vc_tta_section title=&#8221;2023-2024 Bahar D\u00f6nemi Ders Programlar\u0131&#8221; tab_id=&#8221;1708543379415-520dc315-019b&#8221;][vc_column_text]<a href=\"https:\/\/kocaelisaglik.edu.tr\/muhendislik\/wp-content\/uploads\/sites\/3\/2024\/02\/Butunlesik-Lisans.pdf\">Lisans &#8211; T\u00fcm B\u00f6l\u00fcmler Ders Program\u0131<\/a> (G\u00fcncelleme 21.02.2024)[\/vc_column_text][\/vc_tta_section][vc_tta_section title=&#8221;2023-2024 G\u00fcz D\u00f6nemi Ders Programlar\u0131&#8221; tab_id=&#8221;1696231757157-43cbaaca-1f40&#8243;][vc_column_text]<a href=\"https:\/\/kocaelisaglik.edu.tr\/muhendislik\/wp-content\/uploads\/sites\/3\/2023\/10\/BILGISAYAR-MUHENDISLIGI-2023-2024-GUZ-DONEMI-DERS-PROGRAMI.pdf\">Bilgisayar M\u00fchendisli\u011fi Ders Program\u0131<\/a> (G\u00fcncelleme 19.10.2023)<\/p>\n<p><a href=\"https:\/\/kocaelisaglik.edu.tr\/muhendislik\/wp-content\/uploads\/sites\/3\/2023\/10\/YAZILIM-MUHENDISLIGI-2023-2024-GUZ-DONEMI-DERS-PROGRAMI.pdf\">Yaz\u0131l\u0131m M\u00fchendisli\u011fi Ders Program\u0131<\/a> (G\u00fcncelleme 19.10.2023)<\/p>\n<p><a href=\"https:\/\/kocaelisaglik.edu.tr\/muhendislik\/wp-content\/uploads\/sites\/3\/2023\/10\/BILISIM-SISTEMLERI-MUHENDISLIGI-2023-2024-GUZ-DONEMI-DERS-PROGRAMI.pdf\">Bili\u015fim Sistemleri M\u00fchendisli\u011fi Y\u00fcksek Lisans Ders Program\u0131<\/a> (G\u00fcncelleme 19.10.2023)<\/p>\n<p><a href=\"https:\/\/kocaelisaglik.edu.tr\/muhendislik\/wp-content\/uploads\/sites\/3\/2023\/10\/2023-2024-MUHENDISLIK-FAKULTESI-BUTUN.pdf\">T\u00fcm B\u00f6l\u00fcmler Ders Program\u0131<\/a> (G\u00fcncelleme 19.10.2023)<\/p>\n<p><a href=\"https:\/\/kocaelisaglik.edu.tr\/muhendislik\/wp-content\/uploads\/sites\/3\/2023\/10\/MUHENDISLIK-FAKULTESI-SECMELI-DERSLER.pdf\">M\u00fchendislik Fak\u00fcltesi Se\u00e7meli Dersler<\/a> (G\u00fcncelleme 19.10.2023)<\/p>\n<p><a href=\"https:\/\/kocaelisaglik.edu.tr\/muhendislik\/wp-content\/uploads\/sites\/3\/2023\/11\/LAB-PROGRAMLARI-2023-2024-GUZ-DONEMI.pdf\">Laboratuvar Programlar\u0131<\/a> (G\u00fcncelleme 07.11.2023)[\/vc_column_text][\/vc_tta_section][vc_tta_section title=&#8221;2022-2023 Bahar D\u00f6nemi Ders Programlar\u0131&#8221; tab_id=&#8221;1689163670831-03c546e0-81d5&#8243;][vc_column_text]<a href=\"https:\/\/kocaelisaglik.edu.tr\/muhendislik\/wp-content\/uploads\/sites\/3\/2023\/07\/2022-2023_BAHAR_BILGISAYAR_DERS_PROGRAMI.pdf\">Bilgisayar M\u00fchendisli\u011fi Ders Program\u0131<\/a><\/p>\n<p><a href=\"https:\/\/kocaelisaglik.edu.tr\/muhendislik\/wp-content\/uploads\/sites\/3\/2023\/07\/2022-2023_BAHAR_YAZILIM_DERS_PROGRAMI.pdf\">Yaz\u0131l\u0131m M\u00fchendisli\u011fi Ders Program\u0131<\/a><\/p>\n<p><a href=\"https:\/\/kocaelisaglik.edu.tr\/muhendislik\/wp-content\/uploads\/sites\/3\/2023\/07\/2022-2023_BAHAR_BILISIM_DERS-PROGRAMI.pdf\">Bili\u015fim Sistemleri M\u00fchendisli\u011fi Y\u00fcksek Lisans Ders Program\u0131<\/a><\/p>\n<p><a href=\"https:\/\/kocaelisaglik.edu.tr\/muhendislik\/wp-content\/uploads\/sites\/3\/2023\/04\/2022-2023-bahar-do\u0308nemi-hibrit-ders-programi.pdf\">T\u00fcm B\u00f6l\u00fcmler Hibrit Ders Program\u0131<\/a>[\/vc_column_text][\/vc_tta_section][vc_tta_section title=&#8221;2022-2023 G\u00fcz D\u00f6nemi Ders Programlar\u0131&#8221; tab_id=&#8221;1689163832169-886720df-70e7&#8243;][vc_column_text]<a href=\"https:\/\/kocaelisaglik.edu.tr\/muhendislik\/wp-content\/uploads\/sites\/3\/2023\/07\/2022-2023_GUZ_BILGISAYAR_DERS_PROGRAMI.pdf\">Bilgisayar M\u00fchendisli\u011fi Ders Program\u0131<\/a><\/p>\n<p><a href=\"https:\/\/kocaelisaglik.edu.tr\/muhendislik\/wp-content\/uploads\/sites\/3\/2023\/07\/2022-2023_GUZ_YAZILIM_DERS_PROGRAMI.pdf\">Yaz\u0131l\u0131m M\u00fchendisli\u011fi Ders Program\u0131<\/a><\/p>\n<p><a href=\"https:\/\/kocaelisaglik.edu.tr\/muhendislik\/wp-content\/uploads\/sites\/3\/2023\/07\/2022-2023_GUZ_BILISIM_DERS_PROGRAMI.pdf\">Bili\u015fim Sistemleri M\u00fchendisli\u011fi Y\u00fcksek Lisans Ders Program\u0131<\/a><\/p>\n<p>T\u00fcm B\u00f6l\u00fcmler Hibrit Ders Program\u0131[\/vc_column_text][\/vc_tta_section][\/vc_tta_accordion][\/vc_column][vc_column][\/vc_column][\/vc_row]<\/p>\n<\/div>","protected":false},"excerpt":{"rendered":"<p>[vc_row][vc_column][vc_tta_accordion active_section=&#8221;0&#8243; collapsible_all=&#8221;true&#8221;][vc_tta_section title=&#8221;2025-2026 G\u00fcz D\u00f6nemi Ders Programlar\u0131&#8221; tab_id=&#8221;1759734103689-5cfe0e91-97d3&#8243; el_class=&#8221;Lisans &#8211; Bilgisayar M\u00fchendisli\u011fi Ders Program\u0131&#8221;][vc_column_text]Lisans &#8211; Bilgisayar M\u00fchendisli\u011fi Ders Program\u0131 Lisans &#8211; Yaz\u0131l\u0131m M\u00fchendisli\u011fi Ders Program\u0131[\/vc_column_text][\/vc_tta_section][vc_tta_section title=&#8221;2024-2025 Bahar D\u00f6nemi Ders Programlar\u0131&#8221; tab_id=&#8221;1740490122064-ae01881b-fa49&#8243;][vc_column_text]Lisans &#8211; Bilgisayar M\u00fchendisli\u011fi Ders Program\u0131 Lisans &#8211; Yaz\u0131l\u0131m &hellip; <\/p>\n","protected":false},"author":11,"featured_media":0,"parent":0,"menu_order":0,"comment_status":"closed","ping_status":"closed","template":"","meta":{"footnotes":""},"_links":{"self":[{"href":"https:\/\/kocaelisaglik.edu.tr\/muhendislik\/wp-json\/wp\/v2\/pages\/6904"}],"collection":[{"href":"https:\/\/kocaelisaglik.edu.tr\/muhendislik\/wp-json\/wp\/v2\/pages"}],"about":[{"href":"https:\/\/kocaelisaglik.edu.tr\/muhendislik\/wp-json\/wp\/v2\/types\/page"}],"author":[{"embeddable":true,"href":"https:\/\/kocaelisaglik.edu.tr\/muhendislik\/wp-json\/wp\/v2\/users\/11"}],"replies":[{"embeddable":true,"href":"https:\/\/kocaelisaglik.edu.tr\/muhendislik\/wp-json\/wp\/v2\/comments?post=6904"}],"version-history":[{"count":30,"href":"https:\/\/kocaelisaglik.edu.tr\/muhendislik\/wp-json\/wp\/v2\/pages\/6904\/revisions"}],"predecessor-version":[{"id":10828,"href":"https:\/\/kocaelisaglik.edu.tr\/muhendislik\/wp-json\/wp\/v2\/pages\/6904\/revisions\/10828"}],"wp:attachment":[{"href":"https:\/\/kocaelisaglik.edu.tr\/muhendislik\/wp-json\/wp\/v2\/media?parent=6904"}],"curies":[{"name":"wp","href":"https:\/\/api.w.org\/{rel}","templated":true}]}}