{"id":6903,"date":"2020-12-06T23:38:48","date_gmt":"2020-12-06T20:38:48","guid":{"rendered":"https:\/\/kocaelisaglik.edu.tr\/dishekimligi\/?page_id=6900"},"modified":"2025-09-22T18:14:02","modified_gmt":"2025-09-22T15:14:02","slug":"ders-plani","status":"publish","type":"page","link":"https:\/\/kocaelisaglik.edu.tr\/muhendislik\/ders-plani\/","title":{"rendered":"Ders Planlar\u0131"},"content":{"rendered":"<div class=\"wpb-content-wrapper\"><p>[vc_row][vc_column][vc_tta_accordion active_section=&#8221;0&#8243; collapsible_all=&#8221;true&#8221;][vc_tta_section title=&#8221;2025-2026 Ders Planlar\u0131&#8221; tab_id=&#8221;1758553800523-24d5868b-4864&#8243;][vc_column_text]<a href=\"https:\/\/kocaelisaglik.edu.tr\/muhendislik\/wp-content\/uploads\/sites\/3\/2025\/09\/blm-ders-plani-2026.xlsx\">Bilgisayar M\u00fchendisli\u011fi Ders Plan\u0131<\/a> (22.09.2025 tarihinde g\u00fcncellendi.)<\/p>\n<p><a href=\"https:\/\/kocaelisaglik.edu.tr\/muhendislik\/wp-content\/uploads\/sites\/3\/2025\/09\/yzm-ders-plani-2026.xlsx\">Yaz\u0131l\u0131m M\u00fchendisli\u011fi Ders Plan\u0131<\/a> (22.09.2025 tarihinde g\u00fcncellendi.)[\/vc_column_text][\/vc_tta_section][vc_tta_section title=&#8221;2024-2025 Ders Planlar\u0131&#8221; tab_id=&#8221;1727941181273-a4dbe438-b3a0&#8243;][vc_column_text]<a href=\"https:\/\/kocaelisaglik.edu.tr\/muhendislik\/wp-content\/uploads\/sites\/3\/2024\/10\/2024-2025-DERS-PLANI-BLM.pdf\">Bilgisayar M\u00fchendisli\u011fi Ders Plan\u0131 <\/a>(03.10.2024 tarihinde g\u00fcncellendi)<\/p>\n<p><a href=\"https:\/\/kocaelisaglik.edu.tr\/muhendislik\/wp-content\/uploads\/sites\/3\/2024\/10\/2024-2025-DERS-PLANI-YZM.pdf\">Yaz\u0131l\u0131m M\u00fchendisli\u011fi Ders Plan\u0131 <\/a>(03.10.2024 tarihinde g\u00fcncellendi)<\/p>\n<p>Y\u00fcksek Lisans Bili\u015fim Sistemleri M\u00fchendisli\u011fi Ders Plan\u0131[\/vc_column_text][\/vc_tta_section][vc_tta_section title=&#8221;2023-2024 Ders Planlar\u0131&#8221; tab_id=&#8221;1689164474716-45f6bbb3-6365&#8243;][vc_column_text]<a href=\"https:\/\/kocaelisaglik.edu.tr\/muhendislik\/wp-content\/uploads\/sites\/3\/2024\/06\/2023-2024-Bilgisayar-Ders-Plani.pdf\">Bilgisayar M\u00fchendisli\u011fi Ders Plan\u0131<\/a><\/p>\n<p><a href=\"https:\/\/kocaelisaglik.edu.tr\/muhendislik\/wp-content\/uploads\/sites\/3\/2023\/09\/2023-2024-Yazilim-Muh-Ders-Plani.pdf\">Yaz\u0131l\u0131m M\u00fchendisli\u011fi Ders Plan\u0131<\/a><\/p>\n<p>Y\u00fcksek Lisans Bili\u015fim Sistemleri M\u00fchendisli\u011fi Ders Plan\u0131[\/vc_column_text][\/vc_tta_section][vc_tta_section title=&#8221;2022-2023 Ders Planlar\u0131&#8221; tab_id=&#8221;1689164474713-4ca7a9bf-8550&#8243;][vc_column_text]<\/p>\n<p><a href=\"https:\/\/kocaelisaglik.edu.tr\/muhendislik\/wp-content\/uploads\/sites\/3\/2023\/07\/2022-2023-BILGISAYAR-MUHENDISLIGI-DERS-PLANI.pdf\">Bilgisayar M\u00fchendisli\u011fi Ders Plan\u0131<\/a><\/p>\n<p><a href=\"https:\/\/kocaelisaglik.edu.tr\/muhendislik\/wp-content\/uploads\/sites\/3\/2023\/07\/2022-2023-YAZILIM-MUHENDSILIGI-DERS-PLANI.pdf\">Yaz\u0131l\u0131m M\u00fchendisli\u011fi Ders Plan\u0131<\/a><\/p>\n<p><a href=\"https:\/\/kocaelisaglik.edu.tr\/muhendislik\/wp-content\/uploads\/sites\/3\/2023\/07\/2022-2023-BILISIM-SISTEMLERI-MUHENDISLIGI-TEZLI-DERS-PLANI.pdf\">Tezli Bili\u015fim Sistemleri M\u00fchendisli\u011fi Ders Plan\u0131<\/a><\/p>\n<p><a href=\"https:\/\/kocaelisaglik.edu.tr\/muhendislik\/wp-content\/uploads\/sites\/3\/2023\/07\/2022-2023-BILISIM-SISTEMLERI-MUHENDISLIGI-TEZSIZ-DERS-PLANI.pdf\">Tezsiz Bili\u015fim Sistemleri M\u00fchendisli\u011fi Ders Plan\u0131<\/a><\/p>\n<p>[\/vc_column_text][\/vc_tta_section][\/vc_tta_accordion][\/vc_column][\/vc_row]<\/p>\n<\/div>","protected":false},"excerpt":{"rendered":"<p>[vc_row][vc_column][vc_tta_accordion active_section=&#8221;0&#8243; collapsible_all=&#8221;true&#8221;][vc_tta_section title=&#8221;2025-2026 Ders Planlar\u0131&#8221; tab_id=&#8221;1758553800523-24d5868b-4864&#8243;][vc_column_text]Bilgisayar M\u00fchendisli\u011fi Ders Plan\u0131 (22.09.2025 tarihinde g\u00fcncellendi.) Yaz\u0131l\u0131m M\u00fchendisli\u011fi Ders Plan\u0131 (22.09.2025 tarihinde g\u00fcncellendi.)[\/vc_column_text][\/vc_tta_section][vc_tta_section title=&#8221;2024-2025 Ders Planlar\u0131&#8221; tab_id=&#8221;1727941181273-a4dbe438-b3a0&#8243;][vc_column_text]Bilgisayar M\u00fchendisli\u011fi Ders Plan\u0131 (03.10.2024 tarihinde g\u00fcncellendi) Yaz\u0131l\u0131m M\u00fchendisli\u011fi Ders Plan\u0131 (03.10.2024 tarihinde g\u00fcncellendi) Y\u00fcksek Lisans Bili\u015fim &hellip; <\/p>\n","protected":false},"author":15,"featured_media":0,"parent":0,"menu_order":0,"comment_status":"closed","ping_status":"closed","template":"","meta":{"footnotes":""},"_links":{"self":[{"href":"https:\/\/kocaelisaglik.edu.tr\/muhendislik\/wp-json\/wp\/v2\/pages\/6903"}],"collection":[{"href":"https:\/\/kocaelisaglik.edu.tr\/muhendislik\/wp-json\/wp\/v2\/pages"}],"about":[{"href":"https:\/\/kocaelisaglik.edu.tr\/muhendislik\/wp-json\/wp\/v2\/types\/page"}],"author":[{"embeddable":true,"href":"https:\/\/kocaelisaglik.edu.tr\/muhendislik\/wp-json\/wp\/v2\/users\/15"}],"replies":[{"embeddable":true,"href":"https:\/\/kocaelisaglik.edu.tr\/muhendislik\/wp-json\/wp\/v2\/comments?post=6903"}],"version-history":[{"count":15,"href":"https:\/\/kocaelisaglik.edu.tr\/muhendislik\/wp-json\/wp\/v2\/pages\/6903\/revisions"}],"predecessor-version":[{"id":10293,"href":"https:\/\/kocaelisaglik.edu.tr\/muhendislik\/wp-json\/wp\/v2\/pages\/6903\/revisions\/10293"}],"wp:attachment":[{"href":"https:\/\/kocaelisaglik.edu.tr\/muhendislik\/wp-json\/wp\/v2\/media?parent=6903"}],"curies":[{"name":"wp","href":"https:\/\/api.w.org\/{rel}","templated":true}]}}