{"id":11017,"date":"2026-01-13T15:06:16","date_gmt":"2026-01-13T12:06:16","guid":{"rendered":"https:\/\/kocaelisaglik.edu.tr\/muhendislik\/?page_id=11017"},"modified":"2026-02-11T16:54:16","modified_gmt":"2026-02-11T13:54:16","slug":"ime","status":"publish","type":"page","link":"https:\/\/kocaelisaglik.edu.tr\/muhendislik\/ime\/","title":{"rendered":"\u0130ME"},"content":{"rendered":"\n<p><strong>\u0130\u015fletmelerde Mesleki E\u011fitim (\u0130ME) Belgeleri<\/strong><\/p>\n\n\n\n<p><a href=\"https:\/\/kocaelisaglik.edu.tr\/muhendislik\/wp-content\/uploads\/sites\/3\/2026\/02\/ime_formu_13_02_2025-1-2.docx\">\u0130\u015fletmelerde Mesleki E\u011fitim (\u0130ME) Formu<\/a><\/p>\n\n\n\n<p><a href=\"https:\/\/kocaelisaglik.edu.tr\/muhendislik\/wp-content\/uploads\/sites\/3\/2025\/04\/ime_degerlendirmeformu.doc\">\u0130\u015fletmelerde Mesleki E\u011fitim (\u0130ME) De\u011ferlendirme Formu<\/a><\/p>\n\n\n\n<p><a href=\"https:\/\/kocaelisaglik.edu.tr\/muhendislik\/wp-content\/uploads\/sites\/3\/2025\/06\/20231114_0757d_imedenetim-formu-a11-1.doc\">\u0130\u015fletmelerde Mesleki E\u011fitim (\u0130ME) Denetim Formu<\/a><\/p>\n\n\n\n<p><a href=\"https:\/\/kocaelisaglik.edu.tr\/muhendislik\/wp-content\/uploads\/sites\/3\/2025\/04\/kostu_mesleki_uygulama_defteri_03_08-2.docx\">\u0130\u015fletmelerde Mesleki E\u011fitim (\u0130ME) Uygulama Defteri<\/a><\/p>\n\n\n\n<p><strong>S\u0131k\u00e7a Sorulan Sorular<\/strong><\/p>\n\n\n\n<p>1- Hangi tarihler aras\u0131nda \u0130ME yapabilirim?<br>    &#8211; 2 Mart\/22 May\u0131s 2026 tarihleri aras\u0131nda yap\u0131labilir.<br>    &#8211; 22 May\u0131s&#8217;tan ge\u00e7 bitemez, 2 Mart&#8217;tan \u00f6nce ba\u015flayabilir.<br>2- \u0130ME toplamda ne kadar yap\u0131lmal\u0131?<br>    &#8211; Toplam saat olarak minimum 360 saat olmal\u0131d\u0131r.<br>    &#8211; \u00d6\u011frenci ayda 20 g\u00fcnden fazla \u00e7al\u0131\u015famaz.<br>    &#8211; Resmi tatiller ve S\u0131nav haftalar\u0131 \u0130ME g\u00fcn\u00fcne dahil edilmemektedir.<br>3- \u0130ME&#8217;yi online yapabilir miyim?<br>    &#8211; Evet online yap\u0131labilir.<br>4- Staj defteri gibi bir defter haz\u0131rlamam gerekiyor mu?<br>    &#8211; Evet \u0130ME sonunda \u00f6\u011frencilerden bir sonu\u00e7 defteri beklenmektedir.<br>5- Hangi durumlardan \u0130ME&#8217;den muaf olabilirim?<br>    &#8211; Erasmus+ staj hareketlili\u011fi ile staj yapan \u00f6\u011frenciler (60 g\u00fcn).<br>    &#8211; Alan\u0131nda 12 ay k\u0131smi zamanl\u0131 veya 6 ay tam zamanl\u0131 \u00e7al\u0131\u015fm\u0131\u015f olan \u00f6\u011frenciler (Resmi evraklar\u0131n\u0131 tamamlama ko\u015fuluyla).<br>    &#8211; Daha \u00f6nce bir y\u00fcksek\u00f6\u011fretim kurumunda alan\u0131nda bir \u0130ME tamamlam\u0131\u015f olan \u00f6\u011frenciler muaf say\u0131labilir.<br>6- Daha \u00f6nce staj yapt\u0131\u011f\u0131m kurumda \u0130ME yapabilir miyim?<br>    &#8211; Bu durum \u00e7ok tercih edilmemekle birlikte yapman\u0131za engel yoktur.<br><\/p>\n\n\n\n<p><br><\/p>\n","protected":false},"excerpt":{"rendered":"<p>\u0130\u015fletmelerde Mesleki E\u011fitim (\u0130ME) Belgeleri \u0130\u015fletmelerde Mesleki E\u011fitim (\u0130ME) Formu \u0130\u015fletmelerde Mesleki E\u011fitim (\u0130ME) De\u011ferlendirme Formu \u0130\u015fletmelerde Mesleki E\u011fitim (\u0130ME) Denetim Formu \u0130\u015fletmelerde Mesleki E\u011fitim (\u0130ME) Uygulama Defteri S\u0131k\u00e7a Sorulan Sorular 1- Hangi tarihler aras\u0131nda \u0130ME yapabilirim? &#8211; 2 Mart\/22 &hellip; <\/p>\n","protected":false},"author":15,"featured_media":0,"parent":0,"menu_order":0,"comment_status":"closed","ping_status":"closed","template":"","meta":{"footnotes":""},"_links":{"self":[{"href":"https:\/\/kocaelisaglik.edu.tr\/muhendislik\/wp-json\/wp\/v2\/pages\/11017"}],"collection":[{"href":"https:\/\/kocaelisaglik.edu.tr\/muhendislik\/wp-json\/wp\/v2\/pages"}],"about":[{"href":"https:\/\/kocaelisaglik.edu.tr\/muhendislik\/wp-json\/wp\/v2\/types\/page"}],"author":[{"embeddable":true,"href":"https:\/\/kocaelisaglik.edu.tr\/muhendislik\/wp-json\/wp\/v2\/users\/15"}],"replies":[{"embeddable":true,"href":"https:\/\/kocaelisaglik.edu.tr\/muhendislik\/wp-json\/wp\/v2\/comments?post=11017"}],"version-history":[{"count":3,"href":"https:\/\/kocaelisaglik.edu.tr\/muhendislik\/wp-json\/wp\/v2\/pages\/11017\/revisions"}],"predecessor-version":[{"id":11057,"href":"https:\/\/kocaelisaglik.edu.tr\/muhendislik\/wp-json\/wp\/v2\/pages\/11017\/revisions\/11057"}],"wp:attachment":[{"href":"https:\/\/kocaelisaglik.edu.tr\/muhendislik\/wp-json\/wp\/v2\/media?parent=11017"}],"curies":[{"name":"wp","href":"https:\/\/api.w.org\/{rel}","templated":true}]}}