{"id":7697,"date":"2025-06-23T15:49:04","date_gmt":"2025-06-23T12:49:04","guid":{"rendered":"https:\/\/kocaelisaglik.edu.tr\/yabancidillertest\/?page_id=7697"},"modified":"2026-03-30T14:38:10","modified_gmt":"2026-03-30T11:38:10","slug":"bilgisayar-programciligi","status":"publish","type":"page","link":"https:\/\/kocaelisaglik.edu.tr\/gebzeosbmyo\/bilgisayar-programciligi\/","title":{"rendered":"Bilgisayar Programc\u0131l\u0131\u011f\u0131"},"content":{"rendered":"<div class=\"wpb-content-wrapper\"><p>[vc_row][vc_column][vc_tta_tabs][vc_tta_section title=&#8221;B\u00f6l\u00fcm Hakk\u0131nda&#8221; tab_id=&#8221;1753450029672-cd17b157-9247&#8243;][vc_column_text]<strong>B\u00f6l\u00fcm Ad\u0131<\/strong>:\u00a0 Bilgisayar Programc\u0131l\u0131\u011f\u0131<\/p>\n<p><strong>B\u00f6l\u00fcm D\u00fczeyi<\/strong>: \u00d6n Lisans<\/p>\n<p><strong>E\u011fitim Dili<\/strong>:\u00a0T\u00fcrk\u00e7e<\/p>\n<p><strong>B\u00f6l\u00fcm Kazan\u0131mlar\u0131<\/strong>:<\/p>\n<p style=\"text-align: justify;\">Bilgisayar Programc\u0131l\u0131\u011f\u0131 \u00f6n lisans program\u0131n\u0131n \u00f6\u011frenim kazan\u0131mlar\u0131 genel olarak a\u015fa\u011f\u0131daki gibi s\u0131ralanabilir. Bu program, Birle\u015fmi\u015f Milletler\u2019in S\u00fcrd\u00fcr\u00fclebilir Kalk\u0131nma Ama\u00e7lar\u0131 (SKA) do\u011frultusunda tasarlanm\u0131\u015f olup, ilgili hedeflere katk\u0131 sa\u011flamay\u0131 ama\u00e7lamaktad\u0131r. \u0130leri g\u00f6r\u00fc\u015fl\u00fc bir bak\u0131\u015f a\u00e7\u0131s\u0131yla, bu kazan\u0131mlar g\u00fcn\u00fcm\u00fcz ve gelece\u011fin teknoloji ihtiya\u00e7lar\u0131na cevap verecek \u015fekilde \u015fekillendirilmi\u015ftir :<\/p>\n<ul>\n<li><strong>Temel Programlama Becerileri<\/strong>: Farkl\u0131 programlama dillerini kullanarak, algoritma geli\u015ftirme ve yaz\u0131l\u0131m \u00fcretme yetkinli\u011fi kazanmak.<\/li>\n<li><strong>Problem \u00c7\u00f6zme Yetene\u011fi<\/strong>: Bilgisayar destekli problemleri analiz edip, uygun algoritmalar ve veri yap\u0131lar\u0131 kullanarak \u00e7\u00f6z\u00fcmler \u00fcretebilmek.<\/li>\n<li><strong>Yaz\u0131l\u0131m Geli\u015ftirme Ya\u015fam D\u00f6ng\u00fcs\u00fcn\u00fc Anlamak<\/strong>: Yaz\u0131l\u0131m tasar\u0131m\u0131, geli\u015ftirme, test etme, bak\u0131m ve dok\u00fcmantasyon s\u00fcre\u00e7lerini etkin \u015fekilde y\u00f6netmek.<\/li>\n<li><strong>Veritaban\u0131 Y\u00f6netimi<\/strong>: Veri modelleme, veritaban\u0131 tasar\u0131m\u0131 ve SQL gibi sorgulama dillerini kullanarak veri y\u00f6netimi yapabilmek.<\/li>\n<li><strong>Bilgisayar Sistemleri ve A\u011f Temelleri<\/strong>: Donan\u0131m ve i\u015fletim sistemleri hakk\u0131nda bilgi sahibi olmak, temel a\u011f kavramlar\u0131n\u0131 ve protokollerini kullanabilmek.<\/li>\n<li><strong>Mesleki Etik ve Sorumluluk Bilinci<\/strong>: Yaz\u0131l\u0131m geli\u015ftirme s\u00fcrecinde etik kurallara uygun davranmak, kullan\u0131c\u0131 g\u00fcvenli\u011fi ve gizlili\u011fini sa\u011flamak.<\/li>\n<li><strong>Tak\u0131m \u00c7al\u0131\u015fmas\u0131 ve \u0130leti\u015fim<\/strong>: Yaz\u0131l\u0131m projelerinde tak\u0131m i\u00e7inde etkili ileti\u015fim kurarak i\u015f birli\u011fi yapabilmek.<\/li>\n<li><strong>G\u00fcncel Teknolojilere Uyumluluk ve S\u00fcrekli \u00d6\u011frenme<\/strong>: Teknolojideki h\u0131zl\u0131 de\u011fi\u015fimlere adapte olarak yeni programlama dillerini, ara\u00e7lar\u0131 ve y\u00f6ntemleri \u00f6\u011frenme al\u0131\u015fkanl\u0131\u011f\u0131 kazanmak.<\/li>\n<li><strong>Yaz\u0131l\u0131m Test ve Kalite G\u00fcvencesi<\/strong>: Yaz\u0131l\u0131mlar\u0131n hatas\u0131z, g\u00fcvenilir ve verimli olmas\u0131n\u0131 sa\u011flamak i\u00e7in test tekniklerini uygulamak.<\/li>\n<li><strong>Projelerde Sorumluluk Alma ve Y\u00f6netim Becerileri<\/strong>: K\u00fc\u00e7\u00fck \u00f6l\u00e7ekli yaz\u0131l\u0131m projelerinde g\u00f6rev al\u0131p y\u00f6netebilme becerisi geli\u015ftirmek.<\/li>\n<\/ul>\n<p>&nbsp;<\/p>\n<p><strong>\u00c7al\u0131\u015fma Alanlar\u0131<\/strong>:<\/p>\n<p>Yaz\u0131l\u0131m geli\u015ftirme firmalar\u0131nda web, mobil, masa\u00fcst\u00fc ve g\u00f6m\u00fcl\u00fc sistemler i\u00e7in yaz\u0131l\u0131m geli\u015ftirme pozisyonlar\u0131; Bili\u015fim Teknolojileri (BT) departmanlar\u0131nda bankalar, kamu kurumlar\u0131, \u00f6zel sekt\u00f6r \u015firketlerinin BT birimlerinde programlama ve sistem deste\u011fi alan\u0131nda; Oyun ve multimedya sekt\u00f6r\u00fcnde oyun geli\u015ftirme st\u00fcdyolar\u0131, animasyon ve dijital medya \u015firketlerinde programc\u0131 pozisyonlar\u0131nda; Veri analizi ve y\u00f6netimi alan\u0131nda veri taban\u0131 y\u00f6neticili\u011fi, veri i\u015fleme ve raporlama pozisyonlar\u0131nda; Siber g\u00fcvenlik alan\u0131nda temel seviyede g\u00fcvenlik yaz\u0131l\u0131mlar\u0131 geli\u015ftirme, sistem g\u00fcvenli\u011fi alanlar\u0131nda destek; Teknoloji dan\u0131\u015fmanl\u0131\u011f\u0131 ve destek hizmetleri alan\u0131nda yaz\u0131l\u0131m dan\u0131\u015fmanl\u0131\u011f\u0131, teknik destek ve kullan\u0131c\u0131 e\u011fitimi pozisyonlar\u0131nda; Start-up ve KOB\u0130\u2019lerde yenilik\u00e7i teknolojiler geli\u015ftiren k\u00fc\u00e7\u00fck ve orta \u00f6l\u00e7ekli i\u015fletmelerde esnek roller; E-Ticaret ve Dijital Pazarlama alan\u0131nda web geli\u015ftirme, otomasyon sistemleri ve m\u00fc\u015fteri y\u00f6netim yaz\u0131l\u0131mlar\u0131 alanlar\u0131nda \u00e7al\u0131\u015fabilirler.[\/vc_column_text][\/vc_tta_section][vc_tta_section title=&#8221;Haftal\u0131k Ders Program\u0131&#8221; tab_id=&#8221;1753450029677-c994b006-95b8&#8243;][vc_column_text]<\/p>\n<table class=\"item\" style=\"table-layout: fixed; width: 100%; border: 2px solid black; border-collapse: collapse;\">\n<tbody>\n<tr>\n<td style=\"border: 1px solid black; text-align: center;\" colspan=\"8\"><strong><span style=\"font-size: small;\">\u00a02025 \/ 2026 BAHAR YARIYILI 1.SINIF<\/span><\/strong><\/td>\n<\/tr>\n<tr>\n<td style=\"border: 1px solid black;\"><span style=\"font-size: small;\"><span style=\"color: white;\">Pazartesi<\/span><\/span><\/td>\n<td style=\"border: 1px solid black; text-align: center;\"><strong><span style=\"font-size: small;\">09.00 &#8211; 11.00<\/span><\/strong><\/td>\n<td style=\"border: 1px solid black; text-align: center;\"><strong><span style=\"font-size: small;\">11.00 &#8211; 13.00<\/span><\/strong><\/td>\n<td style=\"border: 1px solid black; text-align: center;\"><strong><span style=\"font-size: small;\">13.00 &#8211; 15.00<\/span><\/strong><\/td>\n<td style=\"border: 1px solid black; text-align: center;\"><strong><span style=\"font-size: small;\">15.00 &#8211; 17.00<\/span><\/strong><\/td>\n<td style=\"border: 1px solid black; text-align: center;\"><strong><span style=\"font-size: small;\">17.00 &#8211; 19.00<\/span><\/strong><\/td>\n<td style=\"border: 1px solid black; text-align: center;\"><strong><span style=\"font-size: small;\">19.00 &#8211; 21.00<\/span><\/strong><\/td>\n<td style=\"border: 1px solid black; text-align: center;\"><strong><span style=\"font-size: small;\">21.00 &#8211; 23.00<\/span><\/strong><\/td>\n<\/tr>\n<\/tbody>\n<tbody>\n<tr>\n<td style=\"border: 1px solid black;\"><strong><span style=\"font-size: small;\">Pazartesi<\/span><\/strong><\/td>\n<td style=\"border: 1px solid black; text-align: center;\"><\/td>\n<td style=\"border: 1px solid black; text-align: center;\"><\/td>\n<td style=\"border: 1px solid black; text-align: center;\"><\/td>\n<td style=\"border: 1px solid black; text-align: center;\"><\/td>\n<td style=\"border: 1px solid black; text-align: center;\"><\/td>\n<td style=\"border: 1px solid black; text-align: center;\"><\/td>\n<td style=\"border: 1px solid black;\"><\/td>\n<\/tr>\n<\/tbody>\n<tbody>\n<tr>\n<td style=\"border: 1px solid black;\"><span style=\"font-size: small;\"><strong>Sal\u0131<\/strong><\/span><\/td>\n<td style=\"border: 1px solid black; text-align: center;\"><\/td>\n<td style=\"border: 1px solid black; text-align: center;\"><span style=\"font-size: small;\">Programlama Dilleri<br \/>\n\u00d6\u011fr. G\u00f6r.<br \/>\nNilay AKYIL<br \/>\nB\u00fcy\u00fck Bilg. Lab. 1<\/span><\/td>\n<td style=\"border: 1px solid black; text-align: center;\"><\/td>\n<td style=\"border: 1px solid black; text-align: center;\"><span style=\"font-size: small;\">Veritaban\u0131 II<br \/>\n\u00d6\u011fr. G\u00f6r.<br \/>\nSelin CANBULAT<br \/>\nD101<\/span><\/td>\n<td style=\"border: 1px solid black; text-align: center;\"><\/td>\n<td style=\"border: 1px solid black; text-align: center;\"><\/td>\n<td style=\"border: 1px solid black; text-align: center;\"><\/td>\n<\/tr>\n<\/tbody>\n<tbody>\n<tr>\n<td style=\"border: 1px solid black;\"><strong><span style=\"font-size: small;\">\u00c7ar\u015famba<\/span><\/strong><\/td>\n<td style=\"border: 1px solid black; text-align: center;\"><\/td>\n<td style=\"border: 1px solid black; text-align: center;\"><span style=\"font-size: small;\">Web Tasar\u0131m\u0131<br \/>\n\u00d6\u011fr. G\u00f6r.<br \/>\nG\u00f6zde Mihran KAYA<br \/>\nB\u00fcy\u00fck Bilg. Lab. 1<br \/>\n<\/span><\/td>\n<td style=\"border: 1px solid black; text-align: center;\" colspan=\"2\"><span style=\"font-size: small;\">Matematik II<br \/>\n\u00d6\u011fr. G\u00f6r.<br \/>\nNilay AKYIL<br \/>\nD201<\/span><\/td>\n<td style=\"border: 1px solid black; text-align: center;\"><\/td>\n<td style=\"border: 1px solid black; text-align: center;\"><\/td>\n<td style=\"border: 1px solid black; text-align: center;\"><\/td>\n<\/tr>\n<\/tbody>\n<tbody>\n<tr>\n<td style=\"border: 1px solid black;\"><span style=\"font-size: small;\"><strong>Per\u015fembe<\/strong><\/span><\/td>\n<td style=\"border: 1px solid black;\"><\/td>\n<td style=\"border: 1px solid black; text-align: center;\"><\/td>\n<td style=\"border: 1px solid black; text-align: center;\"><span style=\"font-size: small;\">Nesneye Y\u00f6nelik Programlama<br \/>\n\u00d6\u011fr. G\u00f6r.<br \/>\nG\u00f6zde Mihran KAYA<br \/>\nB\u00fcy\u00fck Bilg. Lab. 1<\/span><\/td>\n<td style=\"border: 1px solid black; text-align: center;\"><\/td>\n<td style=\"border: 1px solid black; text-align: center;\"><\/td>\n<td style=\"border: 1px solid black; text-align: center;\"><\/td>\n<td style=\"border: 1px solid black; text-align: center;\"><\/td>\n<\/tr>\n<\/tbody>\n<tbody>\n<tr>\n<td style=\"border: 1px solid black;\"><strong><span style=\"font-size: small;\">Cuma<\/span><\/strong><\/td>\n<td style=\"border: 1px solid black;\"><\/td>\n<td style=\"border: 1px solid black;\"><\/td>\n<td style=\"border: 1px solid black; text-align: center;\"><\/td>\n<td style=\"border: 1px solid black;\"><\/td>\n<td style=\"border: 1px solid black; text-align: center;\"><\/td>\n<td style=\"border: 1px solid black; text-align: center;\"><\/td>\n<td style=\"border: 1px solid black; text-align: center;\"><\/td>\n<\/tr>\n<\/tbody>\n<\/table>\n<p>[\/vc_column_text][\/vc_tta_section][vc_tta_section title=&#8221;Ders Plan\u0131&#8221; tab_id=&#8221;1753450486804-2bf85b10-ca9f&#8221;][vc_column_text]\n<!-- iframe plugin v.4.9 wordpress.org\/plugins\/iframe\/ -->\n<iframe loading=\"lazy\" src=\"https:\/\/ebs.kocaelisaglik.edu.tr\/Pages\/CoursePlan.aspx?lang=tr-TR&#038;academicYear=2025&#038;facultyId=8&#038;programId=1&#038;menuType=unit\" width=\"1600\" height=\"900\" allow=\"fullscreen\" scrolling=\"yes\" class=\"iframe-class\" frameborder=\"0\"><\/iframe>\n[\/vc_column_text][\/vc_tta_section][\/vc_tta_tabs][\/vc_column][\/vc_row]<\/p>\n<\/div>","protected":false},"excerpt":{"rendered":"<p>[vc_row][vc_column][vc_tta_tabs][vc_tta_section title=&#8221;B\u00f6l\u00fcm Hakk\u0131nda&#8221; tab_id=&#8221;1753450029672-cd17b157-9247&#8243;][vc_column_text]B\u00f6l\u00fcm Ad\u0131:\u00a0 Bilgisayar Programc\u0131l\u0131\u011f\u0131 B\u00f6l\u00fcm D\u00fczeyi: \u00d6n Lisans E\u011fitim Dili:\u00a0T\u00fcrk\u00e7e B\u00f6l\u00fcm Kazan\u0131mlar\u0131: Bilgisayar Programc\u0131l\u0131\u011f\u0131 \u00f6n lisans program\u0131n\u0131n \u00f6\u011frenim kazan\u0131mlar\u0131 genel olarak a\u015fa\u011f\u0131daki gibi s\u0131ralanabilir. Bu program, Birle\u015fmi\u015f Milletler\u2019in S\u00fcrd\u00fcr\u00fclebilir Kalk\u0131nma Ama\u00e7lar\u0131 (SKA) do\u011frultusunda tasarlanm\u0131\u015f olup, ilgili hedeflere &hellip; <\/p>\n","protected":false},"author":12,"featured_media":0,"parent":0,"menu_order":0,"comment_status":"closed","ping_status":"closed","template":"","meta":{"footnotes":""},"_links":{"self":[{"href":"https:\/\/kocaelisaglik.edu.tr\/gebzeosbmyo\/wp-json\/wp\/v2\/pages\/7697"}],"collection":[{"href":"https:\/\/kocaelisaglik.edu.tr\/gebzeosbmyo\/wp-json\/wp\/v2\/pages"}],"about":[{"href":"https:\/\/kocaelisaglik.edu.tr\/gebzeosbmyo\/wp-json\/wp\/v2\/types\/page"}],"author":[{"embeddable":true,"href":"https:\/\/kocaelisaglik.edu.tr\/gebzeosbmyo\/wp-json\/wp\/v2\/users\/12"}],"replies":[{"embeddable":true,"href":"https:\/\/kocaelisaglik.edu.tr\/gebzeosbmyo\/wp-json\/wp\/v2\/comments?post=7697"}],"version-history":[{"count":8,"href":"https:\/\/kocaelisaglik.edu.tr\/gebzeosbmyo\/wp-json\/wp\/v2\/pages\/7697\/revisions"}],"predecessor-version":[{"id":7854,"href":"https:\/\/kocaelisaglik.edu.tr\/gebzeosbmyo\/wp-json\/wp\/v2\/pages\/7697\/revisions\/7854"}],"wp:attachment":[{"href":"https:\/\/kocaelisaglik.edu.tr\/gebzeosbmyo\/wp-json\/wp\/v2\/media?parent=7697"}],"curies":[{"name":"wp","href":"https:\/\/api.w.org\/{rel}","templated":true}]}}